{"id":6741,"date":"2022-02-06T15:24:06","date_gmt":"2022-02-06T07:24:06","guid":{"rendered":"https:\/\/www.vape4wholesale.com\/?post_type=product&#038;p=6741"},"modified":"2026-01-26T13:43:48","modified_gmt":"2026-01-26T13:43:48","slug":"lavie-box-6000-puffs-ujratoltheto-eldobhato-vape-nagykereskedelmi","status":"publish","type":"product","link":"https:\/\/www.vape4wholesale.com\/hu\/product\/lavie-box-6000-puffs-rechargeable-disposable-vape-wholesale","title":{"rendered":"Lavie Box 6000 Puffs \u00fajrat\u00f6lthet\u0151 eldobhat\u00f3 Vape nagykereskedelem"},"content":{"rendered":"<p>a <strong><a href=\"https:\/\/www.vape4wholesale.com\/hu\/product_brand\/lavie\/\">Lavie<\/a> 6000-es doboz<\/strong> egy doboz t\u00edpus\u00fa sz\u00ednes, sz\u00e9p megjelen\u00e9s\u0171 eldobhat\u00f3 vape, \u00fajrat\u00f6lthet\u0151 funkci\u00f3val, 650mah be\u00e9p\u00edtett akkumul\u00e1tort haszn\u00e1l, \u00e9s 19 ml kapacit\u00e1s\u00fa eliquid, max 6000 puffot t\u00e1mogat.<\/p>\n<h2>Lavie Box 6000 \u00edzek list\u00e1ja<\/h2>\n<p>Vattacukor<br \/>\nsz\u0151l\u0151 narancs alma<br \/>\nbuja j\u00e9g<br \/>\nMang\u00f3 j\u00e9g<br \/>\nMix bogy\u00f3k<br \/>\nO.M.G.<br \/>\nBarack j\u00e9g<br \/>\nEper k\u00f3kusz anan\u00e1sz<\/p>\n<h2>S\u00faly \u00e9s csomagol\u00e1s<\/h2>\n<p>Testm\u00e9ret: 69 * 38.5 * 19.5mm<\/p>\n<p>Testt\u00f6meg: 67g<\/p>\n<p>10 db csomagonk\u00e9nt<\/p>\n<p>17 KG\/doboz 240 db-ot tartalmaz.<\/p>\n<h2>ODM\/OEM:<\/h2>\n<p>1000 PCS \u00edzenk\u00e9nt<\/p>\n<p>OEM\/ODM megrendel\u00e9shez v\u00e1laszthat\u00f3 nikotiner\u0151ss\u00e9g: 0%, 1%, 2%, 3%, 5%.<\/p>\n<figure id=\"attachment_13430\" aria-describedby=\"caption-attachment-13430\" style=\"width: 800px\" class=\"wp-caption alignnone\"><img loading=\"lazy\" decoding=\"async\" class=\"wp-image-13430 size-full\" title=\"LAVIE 6000 VAPE ELDOBHAT\u00d3 NAGYKERESKEDELEM (6)\" src=\"https:\/\/www.vape4wholesale.com\/wp-content\/uploads\/2022\/02\/LAVIE-6000-VAPE-DISPOSABLE-WHOLESALE-6.jpg\" alt=\"LAVIE 6000 VAPE ELDOBHAT\u00d3 NAGYKERESKEDELEM (6)\" width=\"800\" height=\"800\" srcset=\"https:\/\/www.vape4wholesale.com\/wp-content\/uploads\/2022\/02\/LAVIE-6000-VAPE-DISPOSABLE-WHOLESALE-6.jpg 800w, https:\/\/www.vape4wholesale.com\/wp-content\/uploads\/2022\/02\/LAVIE-6000-VAPE-DISPOSABLE-WHOLESALE-6-247x247.jpg 247w, https:\/\/www.vape4wholesale.com\/wp-content\/uploads\/2022\/02\/LAVIE-6000-VAPE-DISPOSABLE-WHOLESALE-6-100x100.jpg 100w, https:\/\/www.vape4wholesale.com\/wp-content\/uploads\/2022\/02\/LAVIE-6000-VAPE-DISPOSABLE-WHOLESALE-6-510x510.jpg 510w, https:\/\/www.vape4wholesale.com\/wp-content\/uploads\/2022\/02\/LAVIE-6000-VAPE-DISPOSABLE-WHOLESALE-6-64x64.jpg 64w, https:\/\/www.vape4wholesale.com\/wp-content\/uploads\/2022\/02\/LAVIE-6000-VAPE-DISPOSABLE-WHOLESALE-6-300x300.jpg 300w, https:\/\/www.vape4wholesale.com\/wp-content\/uploads\/2022\/02\/LAVIE-6000-VAPE-DISPOSABLE-WHOLESALE-6-150x150.jpg 150w, https:\/\/www.vape4wholesale.com\/wp-content\/uploads\/2022\/02\/LAVIE-6000-VAPE-DISPOSABLE-WHOLESALE-6-768x768.jpg 768w\" sizes=\"auto, (max-width: 800px) 100vw, 800px\" \/><figcaption id=\"caption-attachment-13430\" class=\"wp-caption-text\">LAVIE 6000 VAPE ELDOBHAT\u00d3 NAGYKERESKEDELMI<\/figcaption><\/figure>\n<h2>MI\u00c9RT MI?<\/h2>\r\n<ul>\r\n<li>Val\u00f3di, megb\u00edzhat\u00f3 \u00e9s professzion\u00e1lis vape forr\u00e1s.<\/li>\r\n<li>100% Eredeti garancia: Csak eredeti \u00e9s val\u00f3di term\u00e9keket biztos\u00edtunk, elutas\u00edtjuk a hamis\u00edt\u00e1st.<\/li>\r\n<li>100% Sz\u00e1ll\u00edt\u00e1si garancia: A legjobb sz\u00e1ll\u00edt\u00e1si m\u00f3dszerrel biztos\u00edtjuk, hogy \u00d6n megkapja a 100% megrendel\u00e9st.<\/li>\r\n<li>A sz\u00e1ll\u00edt\u00e1s ut\u00e1n megadjuk \u00d6nnek a nyomon k\u00f6vet\u00e9si sz\u00e1mot \u00e9s a sz\u00e1ll\u00edt\u00e1si c\u00edmk\u00e9t, \u00e9s nyomon k\u00f6vetj\u00fck az \u00e1rut az \u00d6n sz\u00e1m\u00e1ra, am\u00edg al\u00e1 nem \u00edrja azt.<\/li>\r\n<li>Nincsenek v\u00e1mprobl\u00e9m\u00e1k, nincsenek v\u00e1mok<\/li>\r\n<\/ul>\n<p>&nbsp;<\/p>\n<p>&nbsp;<\/p>","protected":false},"excerpt":{"rendered":"<div class=\"wsppc_div_block woocommerce_before_add_to_cart_form\">\r\n<p><strong><span style=\"color: #00a859;\">V\u00e1mvizsg\u00e1lat<\/span> sz\u00e1ll\u00edt\u00e1s el\u0151tt \u00e9s 100% Sz\u00e1ll\u00edt\u00e1si garancia, Sz\u00e1ll\u00edt\u00e1s kb. 19-25 napon bel\u00fcl.\u00a0<\/strong><\/p>\r\n<\/div>","protected":false},"featured_media":13432,"comment_status":"open","ping_status":"closed","template":"","meta":[],"pwb-brand":[1277],"product_cat":[869],"product_tag":[173,22,24,37,172],"class_list":{"0":"post-6741","1":"product","2":"type-product","3":"status-publish","4":"has-post-thumbnail","6":"pwb-brand-lavie","7":"product_cat-5000-8000-puffs","8":"product_tag-6000-puffs","9":"product_tag-disposable","10":"product_tag-wholesale","11":"product_tag-lavie","12":"product_tag-20-0ml","14":"first","15":"instock","16":"shipping-taxable","17":"purchasable","18":"product-type-variable"},"aioseo_notices":[],"brands":[{"id":1277,"name":"Lavie","slug":"lavie"}],"_links":{"self":[{"href":"https:\/\/www.vape4wholesale.com\/hu\/wp-json\/wp\/v2\/product\/6741","targetHints":{"allow":["GET"]}}],"collection":[{"href":"https:\/\/www.vape4wholesale.com\/hu\/wp-json\/wp\/v2\/product"}],"about":[{"href":"https:\/\/www.vape4wholesale.com\/hu\/wp-json\/wp\/v2\/types\/product"}],"replies":[{"embeddable":true,"href":"https:\/\/www.vape4wholesale.com\/hu\/wp-json\/wp\/v2\/comments?post=6741"}],"wp:featuredmedia":[{"embeddable":true,"href":"https:\/\/www.vape4wholesale.com\/hu\/wp-json\/wp\/v2\/media\/13432"}],"wp:attachment":[{"href":"https:\/\/www.vape4wholesale.com\/hu\/wp-json\/wp\/v2\/media?parent=6741"}],"wp:term":[{"taxonomy":"pwb-brand","embeddable":true,"href":"https:\/\/www.vape4wholesale.com\/hu\/wp-json\/wp\/v2\/pwb-brand?post=6741"},{"taxonomy":"product_cat","embeddable":true,"href":"https:\/\/www.vape4wholesale.com\/hu\/wp-json\/wp\/v2\/product_cat?post=6741"},{"taxonomy":"product_tag","embeddable":true,"href":"https:\/\/www.vape4wholesale.com\/hu\/wp-json\/wp\/v2\/product_tag?post=6741"}],"curies":[{"name":"wp","href":"https:\/\/api.w.org\/{rel}","templated":true}]}}