{"id":6041,"date":"2022-07-28T21:36:53","date_gmt":"2022-07-28T13:36:53","guid":{"rendered":"https:\/\/www.vape4wholesale.com\/?post_type=product&#038;p=6041"},"modified":"2026-01-26T13:43:27","modified_gmt":"2026-01-26T13:43:27","slug":"randm-dazzle-5000-puff-eldobhato-vape-nagykereskedes","status":"publish","type":"product","link":"https:\/\/www.vape4wholesale.com\/hu\/product\/randm-dazzle-5000-puffs-disposable-vape-wholesale","title":{"rendered":"RandM Dazzle 5000 Puffs eldobhat\u00f3 Vape nagykereskedelem"},"content":{"rendered":"<p><strong><a href=\"https:\/\/www.vape4wholesale.com\/hu\/product_brand\/randm\/\">RandM<\/a> Dazzle 5000<\/strong>\u00a0egy eldobhat\u00f3 vape eszk\u00f6z, n\u00e9pszer\u0171 \u00e1tl\u00e1tsz\u00f3 tart\u00e1llyal, sz\u00ednes RGB f\u00e9nnyel \u00e9s \u00fajrat\u00f6lthet\u0151. 10ml 0\/2\/3\/5% nikotinos s\u00f3 e-nedvet tartalmaz, \u00e9s ak\u00e1r 5000 puffot is sz\u00edvhat. 20 \u00edz k\u00f6z\u00fcl v\u00e1laszthatsz. Az RGB f\u00e9ny teszi a legmen\u0151bb eldobhat\u00f3 k\u00e9sz\u00fcl\u00e9ket, plusz a k\u00e9sz\u00fcl\u00e9k alj\u00e1n tal\u00e1lhat\u00f3 \u00fajrat\u00f6lthet\u0151 usb porttal rendelkezik, amely gurantte befejezi az utols\u00f3 csepp ejuice-t a tart\u00e1lyban \u00e9s a vil\u00e1g\u00edt\u00f3 f\u00e9ny vil\u00e1g\u00edt eg\u00e9sz id\u0151 alatt.<\/p>\n<h2><b data-stringify-type=\"bold\">RandM Dazzle 5000 eldobhat\u00f3 eszk\u00f6z Jellemz\u0151k:<\/b><\/h2>\n<p>\u26110\/2\/3\/5% Nikotin s\u00f3.<br \/>\n\u261110ML E-folyad\u00e9k.<br \/>\n\u26115000 puff per k\u00e9sz\u00fcl\u00e9k.<br \/>\n\u26116 sz\u00edn\u0171 RGB f\u00e9ny<br \/>\n\u2611 \u00dajrat\u00f6lthet\u0151 akkumul\u00e1tor<br \/>\n\u2611Tank Refillale<br \/>\n\u2611 Integr\u00e1lt 1000mAh akkumul\u00e1tor.<br \/>\n\u261112 el\u00e9rhet\u0151 \u00edzek.<br \/>\n\u261110db kijelz\u0151dobozban.<br \/>\n\u2611300db egy kartondobozban.<\/p>\n<h2><b data-stringify-type=\"bold\">\u00cdzek<\/b><\/h2>\n<p>1.Lush ICE<br \/>\n2.Strawberry yougurt<br \/>\n3.Ban\u00e1n j\u00e9g<br \/>\n4.Blue Razz Ice<br \/>\n5.Narancsos sz\u00f3da<br \/>\n6.Gummimaci<br \/>\n7.Stawberry g\u00f6r\u00f6gdinnye<br \/>\n8.Pamut k\u00f6rte<br \/>\n9.Gr\u00e1n\u00e1talma<br \/>\n10.Barack fagylalt<br \/>\n11.V\u00f6r\u00f6s alma Dinnye j\u00e9g<br \/>\n12.Mix bogy\u00f3k<br \/>\n13.G\u00f6r\u00f6gdinny\u00e9s sajttorta<br \/>\n14.Grape ice<br \/>\n15 Mang\u00f3 Guava<br \/>\n16 Tabacco<br \/>\n17 Kiwi bogy\u00f3<br \/>\n18 h\u0171v\u00f6s menta<br \/>\n19 Eper licsi<br \/>\n20 Aloe sz\u0151l\u0151<\/p>\n<p><img loading=\"lazy\" decoding=\"async\" class=\"alignnone size-full wp-image-12805\" title=\"RandM Dazzle 5000 Puffs eldobhat\u00f3 vape nagykereskedelem (1)\" src=\"https:\/\/www.vape4wholesale.com\/wp-content\/uploads\/2022\/07\/RandM-Dazzle-5000-Puffs-Disposable-Vape-Wholesale-1.png\" alt=\"RandM Dazzle 5000 Puffs eldobhat\u00f3 vape nagykereskedelem (1)\" width=\"590\" height=\"504\" srcset=\"https:\/\/www.vape4wholesale.com\/wp-content\/uploads\/2022\/07\/RandM-Dazzle-5000-Puffs-Disposable-Vape-Wholesale-1.png 590w, https:\/\/www.vape4wholesale.com\/wp-content\/uploads\/2022\/07\/RandM-Dazzle-5000-Puffs-Disposable-Vape-Wholesale-1-510x436.png 510w, https:\/\/www.vape4wholesale.com\/wp-content\/uploads\/2022\/07\/RandM-Dazzle-5000-Puffs-Disposable-Vape-Wholesale-1-64x55.png 64w, https:\/\/www.vape4wholesale.com\/wp-content\/uploads\/2022\/07\/RandM-Dazzle-5000-Puffs-Disposable-Vape-Wholesale-1-300x256.png 300w\" sizes=\"auto, (max-width: 590px) 100vw, 590px\" \/> <img loading=\"lazy\" decoding=\"async\" class=\"alignnone size-full wp-image-12804\" title=\"RandM Dazzle 5000 Puffs eldobhat\u00f3 vape nagykereskedelem (1)\" src=\"https:\/\/www.vape4wholesale.com\/wp-content\/uploads\/2022\/07\/RandM-Dazzle-5000-Puffs-Disposable-Vape-Wholesale-1.jpg\" alt=\"RandM Dazzle 5000 Puffs eldobhat\u00f3 vape nagykereskedelem (1)\" width=\"590\" height=\"613\" srcset=\"https:\/\/www.vape4wholesale.com\/wp-content\/uploads\/2022\/07\/RandM-Dazzle-5000-Puffs-Disposable-Vape-Wholesale-1.jpg 590w, https:\/\/www.vape4wholesale.com\/wp-content\/uploads\/2022\/07\/RandM-Dazzle-5000-Puffs-Disposable-Vape-Wholesale-1-510x530.jpg 510w, https:\/\/www.vape4wholesale.com\/wp-content\/uploads\/2022\/07\/RandM-Dazzle-5000-Puffs-Disposable-Vape-Wholesale-1-64x66.jpg 64w, https:\/\/www.vape4wholesale.com\/wp-content\/uploads\/2022\/07\/RandM-Dazzle-5000-Puffs-Disposable-Vape-Wholesale-1-289x300.jpg 289w\" sizes=\"auto, (max-width: 590px) 100vw, 590px\" \/> <img loading=\"lazy\" decoding=\"async\" class=\"alignnone size-full wp-image-12801\" title=\"RandM Dazzle 5000 Puffs eldobhat\u00f3 Vape nagykereskedelem (10)\" src=\"https:\/\/www.vape4wholesale.com\/wp-content\/uploads\/2022\/07\/RandM-Dazzle-5000-Puffs-Disposable-Vape-Wholesale-10.jpg\" alt=\"RandM Dazzle 5000 Puffs eldobhat\u00f3 Vape nagykereskedelem (10)\" width=\"590\" height=\"613\" srcset=\"https:\/\/www.vape4wholesale.com\/wp-content\/uploads\/2022\/07\/RandM-Dazzle-5000-Puffs-Disposable-Vape-Wholesale-10.jpg 590w, https:\/\/www.vape4wholesale.com\/wp-content\/uploads\/2022\/07\/RandM-Dazzle-5000-Puffs-Disposable-Vape-Wholesale-10-510x530.jpg 510w, https:\/\/www.vape4wholesale.com\/wp-content\/uploads\/2022\/07\/RandM-Dazzle-5000-Puffs-Disposable-Vape-Wholesale-10-64x66.jpg 64w, https:\/\/www.vape4wholesale.com\/wp-content\/uploads\/2022\/07\/RandM-Dazzle-5000-Puffs-Disposable-Vape-Wholesale-10-289x300.jpg 289w\" sizes=\"auto, (max-width: 590px) 100vw, 590px\" \/> <img loading=\"lazy\" decoding=\"async\" class=\"alignnone size-full wp-image-12800\" title=\"RandM Dazzle 5000 Puffs eldobhat\u00f3 Vape nagykereskedelem (9)\" src=\"https:\/\/www.vape4wholesale.com\/wp-content\/uploads\/2022\/07\/RandM-Dazzle-5000-Puffs-Disposable-Vape-Wholesale-9.jpg\" alt=\"RandM Dazzle 5000 Puffs eldobhat\u00f3 Vape nagykereskedelem (9)\" width=\"590\" height=\"613\" srcset=\"https:\/\/www.vape4wholesale.com\/wp-content\/uploads\/2022\/07\/RandM-Dazzle-5000-Puffs-Disposable-Vape-Wholesale-9.jpg 590w, https:\/\/www.vape4wholesale.com\/wp-content\/uploads\/2022\/07\/RandM-Dazzle-5000-Puffs-Disposable-Vape-Wholesale-9-510x530.jpg 510w, https:\/\/www.vape4wholesale.com\/wp-content\/uploads\/2022\/07\/RandM-Dazzle-5000-Puffs-Disposable-Vape-Wholesale-9-64x66.jpg 64w, https:\/\/www.vape4wholesale.com\/wp-content\/uploads\/2022\/07\/RandM-Dazzle-5000-Puffs-Disposable-Vape-Wholesale-9-289x300.jpg 289w\" sizes=\"auto, (max-width: 590px) 100vw, 590px\" \/> <img loading=\"lazy\" decoding=\"async\" class=\"alignnone size-full wp-image-12795\" title=\"RandM Dazzle 5000 Puffs eldobhat\u00f3 Vape nagykereskedelem (4)\" src=\"https:\/\/www.vape4wholesale.com\/wp-content\/uploads\/2022\/07\/RandM-Dazzle-5000-Puffs-Disposable-Vape-Wholesale-4.jpg\" alt=\"RandM Dazzle 5000 Puffs eldobhat\u00f3 Vape nagykereskedelem (4)\" width=\"590\" height=\"613\" srcset=\"https:\/\/www.vape4wholesale.com\/wp-content\/uploads\/2022\/07\/RandM-Dazzle-5000-Puffs-Disposable-Vape-Wholesale-4.jpg 590w, https:\/\/www.vape4wholesale.com\/wp-content\/uploads\/2022\/07\/RandM-Dazzle-5000-Puffs-Disposable-Vape-Wholesale-4-510x530.jpg 510w, https:\/\/www.vape4wholesale.com\/wp-content\/uploads\/2022\/07\/RandM-Dazzle-5000-Puffs-Disposable-Vape-Wholesale-4-64x66.jpg 64w, https:\/\/www.vape4wholesale.com\/wp-content\/uploads\/2022\/07\/RandM-Dazzle-5000-Puffs-Disposable-Vape-Wholesale-4-289x300.jpg 289w\" sizes=\"auto, (max-width: 590px) 100vw, 590px\" \/> <img loading=\"lazy\" decoding=\"async\" class=\"alignnone size-full wp-image-12796\" title=\"RandM Dazzle 5000 Puffs eldobhat\u00f3 Vape nagykereskedelem (5)\" src=\"https:\/\/www.vape4wholesale.com\/wp-content\/uploads\/2022\/07\/RandM-Dazzle-5000-Puffs-Disposable-Vape-Wholesale-5.jpg\" alt=\"RandM Dazzle 5000 Puffs eldobhat\u00f3 Vape nagykereskedelem (5)\" width=\"590\" height=\"613\" srcset=\"https:\/\/www.vape4wholesale.com\/wp-content\/uploads\/2022\/07\/RandM-Dazzle-5000-Puffs-Disposable-Vape-Wholesale-5.jpg 590w, https:\/\/www.vape4wholesale.com\/wp-content\/uploads\/2022\/07\/RandM-Dazzle-5000-Puffs-Disposable-Vape-Wholesale-5-510x530.jpg 510w, https:\/\/www.vape4wholesale.com\/wp-content\/uploads\/2022\/07\/RandM-Dazzle-5000-Puffs-Disposable-Vape-Wholesale-5-64x66.jpg 64w, https:\/\/www.vape4wholesale.com\/wp-content\/uploads\/2022\/07\/RandM-Dazzle-5000-Puffs-Disposable-Vape-Wholesale-5-289x300.jpg 289w\" sizes=\"auto, (max-width: 590px) 100vw, 590px\" \/><\/p>\n<p>&nbsp;<\/p>","protected":false},"excerpt":{"rendered":"[scf-template id=&#8217;11434&#8242;]\n","protected":false},"featured_media":12805,"comment_status":"open","ping_status":"closed","template":"","meta":[],"pwb-brand":[1270],"product_cat":[57],"product_tag":[22,24,189,210,272],"class_list":{"0":"post-6041","1":"product","2":"type-product","3":"status-publish","4":"has-post-thumbnail","6":"pwb-brand-randm","7":"product_cat-4000-5000-puffs","8":"product_tag-disposable","9":"product_tag-wholesale","10":"product_tag-5000-puffs","11":"product_tag-10-0ml","12":"product_tag-randm","13":"wcpa_has_options","15":"first","16":"outofstock","17":"shipping-taxable","18":"purchasable","19":"product-type-variable"},"aioseo_notices":[],"brands":[{"id":1270,"name":"Randm","slug":"randm"}],"_links":{"self":[{"href":"https:\/\/www.vape4wholesale.com\/hu\/wp-json\/wp\/v2\/product\/6041","targetHints":{"allow":["GET"]}}],"collection":[{"href":"https:\/\/www.vape4wholesale.com\/hu\/wp-json\/wp\/v2\/product"}],"about":[{"href":"https:\/\/www.vape4wholesale.com\/hu\/wp-json\/wp\/v2\/types\/product"}],"replies":[{"embeddable":true,"href":"https:\/\/www.vape4wholesale.com\/hu\/wp-json\/wp\/v2\/comments?post=6041"}],"wp:featuredmedia":[{"embeddable":true,"href":"https:\/\/www.vape4wholesale.com\/hu\/wp-json\/wp\/v2\/media\/12805"}],"wp:attachment":[{"href":"https:\/\/www.vape4wholesale.com\/hu\/wp-json\/wp\/v2\/media?parent=6041"}],"wp:term":[{"taxonomy":"pwb-brand","embeddable":true,"href":"https:\/\/www.vape4wholesale.com\/hu\/wp-json\/wp\/v2\/pwb-brand?post=6041"},{"taxonomy":"product_cat","embeddable":true,"href":"https:\/\/www.vape4wholesale.com\/hu\/wp-json\/wp\/v2\/product_cat?post=6041"},{"taxonomy":"product_tag","embeddable":true,"href":"https:\/\/www.vape4wholesale.com\/hu\/wp-json\/wp\/v2\/product_tag?post=6041"}],"curies":[{"name":"wp","href":"https:\/\/api.w.org\/{rel}","templated":true}]}}