{"id":5848,"date":"2022-07-03T14:32:51","date_gmt":"2022-07-03T06:32:51","guid":{"rendered":"https:\/\/www.vape4wholesale.com\/?post_type=product&#038;p=5848"},"modified":"2026-01-26T13:43:37","modified_gmt":"2026-01-26T13:43:37","slug":"bang-bc5000-eldobhato-vape-nagykereskedelem","status":"publish","type":"product","link":"https:\/\/www.vape4wholesale.com\/hu\/product\/bang-bc5000-disposable-vape-wholesale","title":{"rendered":"Bang BC5000 Eldobhat\u00f3 Vape nagykereskedelem"},"content":{"rendered":"<p>a <strong>Bang BC5000<\/strong>\u00a0egy \u00fajrat\u00f6lthet\u0151 eldobhat\u00f3 vape, be\u00e9p\u00edtett 650mah akkumul\u00e1torral, 13ml eliquiddel, a nikotin er\u0151ss\u00e9ge 5%, max. 5000 puffs t\u00e1mogat\u00e1s.<\/p>\n<h2>Bang BC5000 Eldobhat\u00f3 Vape gyors r\u00e9szletez\u00e9s<\/h2>\n<ul>\n<li>Puffok: 5000<\/li>\n<li>Nikotin s\u00f3: 5%<\/li>\n<li>Eliquid Kapacit\u00e1s: 13ML<\/li>\n<li>Ellen\u00e1ll\u00e1s: 1,2 ohm H\u00e1l\u00f3<\/li>\n<li>Tests\u00faly: 52g<\/li>\n<li>Karton m\u00e9rete: 52.3*38*28.5cm<\/li>\n<li>Karton s\u00falya: 16.5kg\/ 300 PCS<\/li>\n<li>T\u00f6lt\u0151port: C t\u00edpus<\/li>\n<\/ul>\n<h2>\u00cdzek<\/h2>\n<ol>\n<li>K\u00e9k Razz j\u00e9g<\/li>\n<li>\u00c1fonya j\u00e9g<\/li>\n<li>Kiwi Golgotavir\u00e1g Guava<\/li>\n<li>Citromos menta<\/li>\n<li>Mango barack<\/li>\n<li>Barack j\u00e9g<\/li>\n<li>Barack mang\u00f3 g\u00f6r\u00f6gdinnye<\/li>\n<li>Anan\u00e1szos k\u00f3kuszos j\u00e9g<\/li>\n<li>Sziv\u00e1rv\u00e1ny cukorka<\/li>\n<li>Sakura sz\u0151l\u0151<\/li>\n<li>Savany\u00fa alma<\/li>\n<li>Eper ban\u00e1n<\/li>\n<li>Eper j\u00e9g<\/li>\n<li>Eper Kiwi<\/li>\n<li>Eper mang\u00f3<\/li>\n<li>Eper g\u00f6r\u00f6gdinnye<\/li>\n<li>Tripla bogy\u00f3s j\u00e9g<\/li>\n<li>Tripla dinnye<\/li>\n<li>G\u00f6r\u00f6gdinnye r\u00e1g\u00f3gumi<\/li>\n<li>G\u00f6r\u00f6gdinnye j\u00e9g<\/li>\n<\/ol>\n<p><img loading=\"lazy\" decoding=\"async\" class=\"alignnone size-full wp-image-15348\" title=\"Bang BC5000 Eldobhat\u00f3 Vape nagykereskedelem\" src=\"https:\/\/www.vape4wholesale.com\/wp-content\/uploads\/2022\/07\/Bang-BC5000-Disposable-Vape-Wholesale.jpg\" alt=\"Bang BC5000 Eldobhat\u00f3 Vape nagykereskedelem\" width=\"1080\" height=\"1236\" srcset=\"https:\/\/www.vape4wholesale.com\/wp-content\/uploads\/2022\/07\/Bang-BC5000-Disposable-Vape-Wholesale.jpg 1080w, https:\/\/www.vape4wholesale.com\/wp-content\/uploads\/2022\/07\/Bang-BC5000-Disposable-Vape-Wholesale-510x584.jpg 510w, https:\/\/www.vape4wholesale.com\/wp-content\/uploads\/2022\/07\/Bang-BC5000-Disposable-Vape-Wholesale-64x73.jpg 64w, https:\/\/www.vape4wholesale.com\/wp-content\/uploads\/2022\/07\/Bang-BC5000-Disposable-Vape-Wholesale-262x300.jpg 262w, https:\/\/www.vape4wholesale.com\/wp-content\/uploads\/2022\/07\/Bang-BC5000-Disposable-Vape-Wholesale-895x1024.jpg 895w, https:\/\/www.vape4wholesale.com\/wp-content\/uploads\/2022\/07\/Bang-BC5000-Disposable-Vape-Wholesale-768x879.jpg 768w\" sizes=\"auto, (max-width: 1080px) 100vw, 1080px\" \/><\/p>\n<p>&nbsp;<\/p>\n<p>&nbsp;<\/p>","protected":false},"excerpt":{"rendered":"[scf-template id=&#8217;11434&#8242;]\n","protected":false},"featured_media":13293,"comment_status":"open","ping_status":"closed","template":"","meta":[],"pwb-brand":[1275],"product_cat":[869],"product_tag":[249,285,22,24,189],"class_list":{"0":"post-5848","1":"product","2":"type-product","3":"status-publish","4":"has-post-thumbnail","6":"pwb-brand-bang","7":"product_cat-5000-8000-puffs","8":"product_tag-bang","9":"product_tag-13-0ml","10":"product_tag-disposable","11":"product_tag-wholesale","12":"product_tag-5000-puffs","13":"wcpa_has_options","15":"first","16":"outofstock","17":"shipping-taxable","18":"purchasable","19":"product-type-variable"},"aioseo_notices":[],"brands":[{"id":1275,"name":"Bang","slug":"bang"}],"_links":{"self":[{"href":"https:\/\/www.vape4wholesale.com\/hu\/wp-json\/wp\/v2\/product\/5848","targetHints":{"allow":["GET"]}}],"collection":[{"href":"https:\/\/www.vape4wholesale.com\/hu\/wp-json\/wp\/v2\/product"}],"about":[{"href":"https:\/\/www.vape4wholesale.com\/hu\/wp-json\/wp\/v2\/types\/product"}],"replies":[{"embeddable":true,"href":"https:\/\/www.vape4wholesale.com\/hu\/wp-json\/wp\/v2\/comments?post=5848"}],"wp:featuredmedia":[{"embeddable":true,"href":"https:\/\/www.vape4wholesale.com\/hu\/wp-json\/wp\/v2\/media\/13293"}],"wp:attachment":[{"href":"https:\/\/www.vape4wholesale.com\/hu\/wp-json\/wp\/v2\/media?parent=5848"}],"wp:term":[{"taxonomy":"pwb-brand","embeddable":true,"href":"https:\/\/www.vape4wholesale.com\/hu\/wp-json\/wp\/v2\/pwb-brand?post=5848"},{"taxonomy":"product_cat","embeddable":true,"href":"https:\/\/www.vape4wholesale.com\/hu\/wp-json\/wp\/v2\/product_cat?post=5848"},{"taxonomy":"product_tag","embeddable":true,"href":"https:\/\/www.vape4wholesale.com\/hu\/wp-json\/wp\/v2\/product_tag?post=5848"}],"curies":[{"name":"wp","href":"https:\/\/api.w.org\/{rel}","templated":true}]}}