{"id":5784,"date":"2022-07-27T20:39:18","date_gmt":"2022-07-27T12:39:18","guid":{"rendered":"https:\/\/www.vape4wholesale.com\/?post_type=product&#038;p=5784"},"modified":"2026-01-26T13:43:32","modified_gmt":"2026-01-26T13:43:32","slug":"randm-tintahal-doboz-5200-puff-eldobhato-vape-nagykereskedes","status":"publish","type":"product","link":"https:\/\/www.vape4wholesale.com\/hu\/product\/randm-squid-box-5200-puffs-disposable-vape-wholesale","title":{"rendered":"RandM Squid Box 5200 Puffs Eldobhat\u00f3 Vape nagykereskedelem"},"content":{"rendered":"<p><strong><a href=\"https:\/\/www.vape4wholesale.com\/hu\/product_brand\/randm\/\">RandM<\/a> S<\/strong><strong style=\"font-size: 14.4px\">font 5200-as doboz<\/strong><span style=\"font-size: 14.4px\"> i<\/span><span style=\"font-size: 14.4px\">s egy eldobhat\u00f3 vape eszk\u00f6z, men\u0151 kialak\u00edt\u00e1ssal \u00e9s \u00fajrat\u00f6lthet\u0151. 12ml 0\/2\/3\/5% nikotinos s\u00f3 e-nedvet tartalmaz, \u00e9s ak\u00e1r 5200 puffot is sz\u00edvhat. 20 \u00edz k\u00f6z\u00fcl v\u00e1laszthatsz. Az \u00fajrat\u00f6lthet\u0151 C t\u00edpus\u00fa port a k\u00e9sz\u00fcl\u00e9k alj\u00e1n gurantting \u00d6n befejezi az utols\u00f3 csepp ejuice a tart\u00e1lyban minden alkalommal.\u00a0<\/span><\/p>\n<h2><b data-stringify-type=\"bold\">RandM Squid Box 5200 Eldobhat\u00f3 Vape Jellemz\u0151k:<\/b><\/h2>\n<p>\u26110\/2\/3\/5% Nikotin s\u00f3.<br \/>\n\u261112ML E-folyad\u00e9k.<br \/>\n\u2611Mesh Coil<br \/>\n\u2611 \u00dajrat\u00f6lthet\u0151 akkumul\u00e1tor<br \/>\n\u2611 Integr\u00e1lt 850mAh akkumul\u00e1tor.<br \/>\n\u261120 el\u00e9rhet\u0151 \u00edzek.<br \/>\n\u261110db kijelz\u0151dobozban.<br \/>\n\u2611240db egy kartondobozban.<\/p>\n<h2><b data-stringify-type=\"bold\">Kaphat\u00f3 \u00edzek:<\/b><\/h2>\n<p>1.Eper Kiwi<br \/>\n2.Blueberry Ice<br \/>\n3.Lush j\u00e9g<br \/>\n4.Cotton Candy<br \/>\n5.Vegyes bogy\u00f3s gy\u00fcm\u00f6lcs\u00f6k<br \/>\n6.Ban\u00e1n j\u00e9g<br \/>\n7.Eper licsi<br \/>\n8.Mint<br \/>\n9.Aloe sz\u0151l\u0151<br \/>\n10.Barack mang\u00f3<\/p>\n<p><img loading=\"lazy\" decoding=\"async\" class=\"alignnone size-full wp-image-12851\" title=\"RandM Squid Box 5200 Puffs Eldobhat\u00f3 Vape nagykereskedelem\" src=\"https:\/\/www.vape4wholesale.com\/wp-content\/uploads\/2022\/07\/RandM-Squid-Box-5200-Puffs-Disposable-Vape-Wholesale.jpg\" alt=\"RandM Squid Box 5200 Puffs Eldobhat\u00f3 Vape nagykereskedelem\" width=\"590\" height=\"504\" srcset=\"https:\/\/www.vape4wholesale.com\/wp-content\/uploads\/2022\/07\/RandM-Squid-Box-5200-Puffs-Disposable-Vape-Wholesale.jpg 590w, https:\/\/www.vape4wholesale.com\/wp-content\/uploads\/2022\/07\/RandM-Squid-Box-5200-Puffs-Disposable-Vape-Wholesale-510x436.jpg 510w, https:\/\/www.vape4wholesale.com\/wp-content\/uploads\/2022\/07\/RandM-Squid-Box-5200-Puffs-Disposable-Vape-Wholesale-64x55.jpg 64w, https:\/\/www.vape4wholesale.com\/wp-content\/uploads\/2022\/07\/RandM-Squid-Box-5200-Puffs-Disposable-Vape-Wholesale-300x256.jpg 300w\" sizes=\"auto, (max-width: 590px) 100vw, 590px\" \/><img loading=\"lazy\" decoding=\"async\" class=\"alignnone size-full wp-image-12831\" title=\"RandM Squid Box 5200 Puffs eldobhat\u00f3 vape nagykereskedelem Aloe sz\u0151l\u0151\" src=\"https:\/\/www.vape4wholesale.com\/wp-content\/uploads\/2022\/07\/RandM-Squid-Box-5200-Puffs-Disposable-Vape-Wholesale-Aloe-Grape.jpg\" alt=\"RandM Squid Box 5200 Puffs eldobhat\u00f3 vape nagykereskedelem Aloe sz\u0151l\u0151\" width=\"590\" height=\"590\" srcset=\"https:\/\/www.vape4wholesale.com\/wp-content\/uploads\/2022\/07\/RandM-Squid-Box-5200-Puffs-Disposable-Vape-Wholesale-Aloe-Grape.jpg 590w, https:\/\/www.vape4wholesale.com\/wp-content\/uploads\/2022\/07\/RandM-Squid-Box-5200-Puffs-Disposable-Vape-Wholesale-Aloe-Grape-247x247.jpg 247w, https:\/\/www.vape4wholesale.com\/wp-content\/uploads\/2022\/07\/RandM-Squid-Box-5200-Puffs-Disposable-Vape-Wholesale-Aloe-Grape-100x100.jpg 100w, https:\/\/www.vape4wholesale.com\/wp-content\/uploads\/2022\/07\/RandM-Squid-Box-5200-Puffs-Disposable-Vape-Wholesale-Aloe-Grape-510x510.jpg 510w, https:\/\/www.vape4wholesale.com\/wp-content\/uploads\/2022\/07\/RandM-Squid-Box-5200-Puffs-Disposable-Vape-Wholesale-Aloe-Grape-64x64.jpg 64w, https:\/\/www.vape4wholesale.com\/wp-content\/uploads\/2022\/07\/RandM-Squid-Box-5200-Puffs-Disposable-Vape-Wholesale-Aloe-Grape-300x300.jpg 300w, https:\/\/www.vape4wholesale.com\/wp-content\/uploads\/2022\/07\/RandM-Squid-Box-5200-Puffs-Disposable-Vape-Wholesale-Aloe-Grape-150x150.jpg 150w\" sizes=\"auto, (max-width: 590px) 100vw, 590px\" \/> <img loading=\"lazy\" decoding=\"async\" class=\"alignnone size-full wp-image-12832\" title=\"RandM Squid Box 5200 Puffs Eldobhat\u00f3 Vape Nagykereskedelmi Ban\u00e1n j\u00e9g\" src=\"https:\/\/www.vape4wholesale.com\/wp-content\/uploads\/2022\/07\/RandM-Squid-Box-5200-Puffs-Disposable-Vape-Wholesale-Banana-Ice.jpg\" alt=\"RandM Squid Box 5200 Puffs Eldobhat\u00f3 Vape Nagykereskedelmi Ban\u00e1n j\u00e9g\" width=\"590\" height=\"590\" srcset=\"https:\/\/www.vape4wholesale.com\/wp-content\/uploads\/2022\/07\/RandM-Squid-Box-5200-Puffs-Disposable-Vape-Wholesale-Banana-Ice.jpg 590w, https:\/\/www.vape4wholesale.com\/wp-content\/uploads\/2022\/07\/RandM-Squid-Box-5200-Puffs-Disposable-Vape-Wholesale-Banana-Ice-247x247.jpg 247w, https:\/\/www.vape4wholesale.com\/wp-content\/uploads\/2022\/07\/RandM-Squid-Box-5200-Puffs-Disposable-Vape-Wholesale-Banana-Ice-100x100.jpg 100w, https:\/\/www.vape4wholesale.com\/wp-content\/uploads\/2022\/07\/RandM-Squid-Box-5200-Puffs-Disposable-Vape-Wholesale-Banana-Ice-510x510.jpg 510w, https:\/\/www.vape4wholesale.com\/wp-content\/uploads\/2022\/07\/RandM-Squid-Box-5200-Puffs-Disposable-Vape-Wholesale-Banana-Ice-64x64.jpg 64w, https:\/\/www.vape4wholesale.com\/wp-content\/uploads\/2022\/07\/RandM-Squid-Box-5200-Puffs-Disposable-Vape-Wholesale-Banana-Ice-300x300.jpg 300w, https:\/\/www.vape4wholesale.com\/wp-content\/uploads\/2022\/07\/RandM-Squid-Box-5200-Puffs-Disposable-Vape-Wholesale-Banana-Ice-150x150.jpg 150w\" sizes=\"auto, (max-width: 590px) 100vw, 590px\" \/> <img loading=\"lazy\" decoding=\"async\" class=\"alignnone size-full wp-image-12833\" title=\"RandM Squid Box 5200 Puffs Eldobhat\u00f3 Vape Nagykereskedelem Blueberry Ice\" src=\"https:\/\/www.vape4wholesale.com\/wp-content\/uploads\/2022\/07\/RandM-Squid-Box-5200-Puffs-Disposable-Vape-Wholesale-Blueberry-Ice.jpg\" alt=\"RandM Squid Box 5200 Puffs Eldobhat\u00f3 Vape Nagykereskedelem Blueberry Ice\" width=\"590\" height=\"590\" srcset=\"https:\/\/www.vape4wholesale.com\/wp-content\/uploads\/2022\/07\/RandM-Squid-Box-5200-Puffs-Disposable-Vape-Wholesale-Blueberry-Ice.jpg 590w, https:\/\/www.vape4wholesale.com\/wp-content\/uploads\/2022\/07\/RandM-Squid-Box-5200-Puffs-Disposable-Vape-Wholesale-Blueberry-Ice-247x247.jpg 247w, https:\/\/www.vape4wholesale.com\/wp-content\/uploads\/2022\/07\/RandM-Squid-Box-5200-Puffs-Disposable-Vape-Wholesale-Blueberry-Ice-100x100.jpg 100w, https:\/\/www.vape4wholesale.com\/wp-content\/uploads\/2022\/07\/RandM-Squid-Box-5200-Puffs-Disposable-Vape-Wholesale-Blueberry-Ice-510x510.jpg 510w, https:\/\/www.vape4wholesale.com\/wp-content\/uploads\/2022\/07\/RandM-Squid-Box-5200-Puffs-Disposable-Vape-Wholesale-Blueberry-Ice-64x64.jpg 64w, https:\/\/www.vape4wholesale.com\/wp-content\/uploads\/2022\/07\/RandM-Squid-Box-5200-Puffs-Disposable-Vape-Wholesale-Blueberry-Ice-300x300.jpg 300w, https:\/\/www.vape4wholesale.com\/wp-content\/uploads\/2022\/07\/RandM-Squid-Box-5200-Puffs-Disposable-Vape-Wholesale-Blueberry-Ice-150x150.jpg 150w\" sizes=\"auto, (max-width: 590px) 100vw, 590px\" \/> <img loading=\"lazy\" decoding=\"async\" class=\"alignnone size-full wp-image-12844\" title=\"RandM Squid Box 5200 Puffs Eldobhat\u00f3 Vape nagykereskedelmi vattacukor\" src=\"https:\/\/www.vape4wholesale.com\/wp-content\/uploads\/2022\/07\/RandM-Squid-Box-5200-Puffs-Disposable-Vape-Wholesale-Cotton-Candy.jpg\" alt=\"RandM Squid Box 5200 Puffs Eldobhat\u00f3 Vape nagykereskedelmi vattacukor\" width=\"590\" height=\"590\" srcset=\"https:\/\/www.vape4wholesale.com\/wp-content\/uploads\/2022\/07\/RandM-Squid-Box-5200-Puffs-Disposable-Vape-Wholesale-Cotton-Candy.jpg 590w, https:\/\/www.vape4wholesale.com\/wp-content\/uploads\/2022\/07\/RandM-Squid-Box-5200-Puffs-Disposable-Vape-Wholesale-Cotton-Candy-247x247.jpg 247w, https:\/\/www.vape4wholesale.com\/wp-content\/uploads\/2022\/07\/RandM-Squid-Box-5200-Puffs-Disposable-Vape-Wholesale-Cotton-Candy-100x100.jpg 100w, https:\/\/www.vape4wholesale.com\/wp-content\/uploads\/2022\/07\/RandM-Squid-Box-5200-Puffs-Disposable-Vape-Wholesale-Cotton-Candy-510x510.jpg 510w, https:\/\/www.vape4wholesale.com\/wp-content\/uploads\/2022\/07\/RandM-Squid-Box-5200-Puffs-Disposable-Vape-Wholesale-Cotton-Candy-64x64.jpg 64w, https:\/\/www.vape4wholesale.com\/wp-content\/uploads\/2022\/07\/RandM-Squid-Box-5200-Puffs-Disposable-Vape-Wholesale-Cotton-Candy-300x300.jpg 300w, https:\/\/www.vape4wholesale.com\/wp-content\/uploads\/2022\/07\/RandM-Squid-Box-5200-Puffs-Disposable-Vape-Wholesale-Cotton-Candy-150x150.jpg 150w\" sizes=\"auto, (max-width: 590px) 100vw, 590px\" \/> <img loading=\"lazy\" decoding=\"async\" class=\"alignnone size-full wp-image-12845\" title=\"RandM Squid Box 5200 Puffs eldobhat\u00f3 Vape nagykereskedelmi Lush Ice\" src=\"https:\/\/www.vape4wholesale.com\/wp-content\/uploads\/2022\/07\/RandM-Squid-Box-5200-Puffs-Disposable-Vape-Wholesale-Lush-Ice.jpg\" alt=\"RandM Squid Box 5200 Puffs eldobhat\u00f3 Vape nagykereskedelmi Lush Ice\" width=\"590\" height=\"590\" srcset=\"https:\/\/www.vape4wholesale.com\/wp-content\/uploads\/2022\/07\/RandM-Squid-Box-5200-Puffs-Disposable-Vape-Wholesale-Lush-Ice.jpg 590w, https:\/\/www.vape4wholesale.com\/wp-content\/uploads\/2022\/07\/RandM-Squid-Box-5200-Puffs-Disposable-Vape-Wholesale-Lush-Ice-247x247.jpg 247w, https:\/\/www.vape4wholesale.com\/wp-content\/uploads\/2022\/07\/RandM-Squid-Box-5200-Puffs-Disposable-Vape-Wholesale-Lush-Ice-100x100.jpg 100w, https:\/\/www.vape4wholesale.com\/wp-content\/uploads\/2022\/07\/RandM-Squid-Box-5200-Puffs-Disposable-Vape-Wholesale-Lush-Ice-510x510.jpg 510w, https:\/\/www.vape4wholesale.com\/wp-content\/uploads\/2022\/07\/RandM-Squid-Box-5200-Puffs-Disposable-Vape-Wholesale-Lush-Ice-64x64.jpg 64w, https:\/\/www.vape4wholesale.com\/wp-content\/uploads\/2022\/07\/RandM-Squid-Box-5200-Puffs-Disposable-Vape-Wholesale-Lush-Ice-300x300.jpg 300w, https:\/\/www.vape4wholesale.com\/wp-content\/uploads\/2022\/07\/RandM-Squid-Box-5200-Puffs-Disposable-Vape-Wholesale-Lush-Ice-150x150.jpg 150w\" sizes=\"auto, (max-width: 590px) 100vw, 590px\" \/> <img loading=\"lazy\" decoding=\"async\" class=\"alignnone size-full wp-image-12846\" title=\"RandM Squid Box 5200 Puffs eldobhat\u00f3 Vape nagykereskedelmi menta\" src=\"https:\/\/www.vape4wholesale.com\/wp-content\/uploads\/2022\/07\/RandM-Squid-Box-5200-Puffs-Disposable-Vape-Wholesale-Mint.jpg\" alt=\"RandM Squid Box 5200 Puffs eldobhat\u00f3 Vape nagykereskedelmi menta\" width=\"590\" height=\"590\" srcset=\"https:\/\/www.vape4wholesale.com\/wp-content\/uploads\/2022\/07\/RandM-Squid-Box-5200-Puffs-Disposable-Vape-Wholesale-Mint.jpg 590w, https:\/\/www.vape4wholesale.com\/wp-content\/uploads\/2022\/07\/RandM-Squid-Box-5200-Puffs-Disposable-Vape-Wholesale-Mint-247x247.jpg 247w, https:\/\/www.vape4wholesale.com\/wp-content\/uploads\/2022\/07\/RandM-Squid-Box-5200-Puffs-Disposable-Vape-Wholesale-Mint-100x100.jpg 100w, https:\/\/www.vape4wholesale.com\/wp-content\/uploads\/2022\/07\/RandM-Squid-Box-5200-Puffs-Disposable-Vape-Wholesale-Mint-510x510.jpg 510w, https:\/\/www.vape4wholesale.com\/wp-content\/uploads\/2022\/07\/RandM-Squid-Box-5200-Puffs-Disposable-Vape-Wholesale-Mint-64x64.jpg 64w, https:\/\/www.vape4wholesale.com\/wp-content\/uploads\/2022\/07\/RandM-Squid-Box-5200-Puffs-Disposable-Vape-Wholesale-Mint-300x300.jpg 300w, https:\/\/www.vape4wholesale.com\/wp-content\/uploads\/2022\/07\/RandM-Squid-Box-5200-Puffs-Disposable-Vape-Wholesale-Mint-150x150.jpg 150w\" sizes=\"auto, (max-width: 590px) 100vw, 590px\" \/> <img loading=\"lazy\" decoding=\"async\" class=\"alignnone size-full wp-image-12847\" title=\"RandM Squid Box 5200 Puffs eldobhat\u00f3 Vape nagykereskedelmi vegyes bogy\u00f3k\" src=\"https:\/\/www.vape4wholesale.com\/wp-content\/uploads\/2022\/07\/RandM-Squid-Box-5200-Puffs-Disposable-Vape-Wholesale-Mixed-Berries.jpg\" alt=\"RandM Squid Box 5200 Puffs eldobhat\u00f3 Vape nagykereskedelmi vegyes bogy\u00f3k\" width=\"590\" height=\"590\" srcset=\"https:\/\/www.vape4wholesale.com\/wp-content\/uploads\/2022\/07\/RandM-Squid-Box-5200-Puffs-Disposable-Vape-Wholesale-Mixed-Berries.jpg 590w, https:\/\/www.vape4wholesale.com\/wp-content\/uploads\/2022\/07\/RandM-Squid-Box-5200-Puffs-Disposable-Vape-Wholesale-Mixed-Berries-247x247.jpg 247w, https:\/\/www.vape4wholesale.com\/wp-content\/uploads\/2022\/07\/RandM-Squid-Box-5200-Puffs-Disposable-Vape-Wholesale-Mixed-Berries-100x100.jpg 100w, https:\/\/www.vape4wholesale.com\/wp-content\/uploads\/2022\/07\/RandM-Squid-Box-5200-Puffs-Disposable-Vape-Wholesale-Mixed-Berries-510x510.jpg 510w, https:\/\/www.vape4wholesale.com\/wp-content\/uploads\/2022\/07\/RandM-Squid-Box-5200-Puffs-Disposable-Vape-Wholesale-Mixed-Berries-64x64.jpg 64w, https:\/\/www.vape4wholesale.com\/wp-content\/uploads\/2022\/07\/RandM-Squid-Box-5200-Puffs-Disposable-Vape-Wholesale-Mixed-Berries-300x300.jpg 300w, https:\/\/www.vape4wholesale.com\/wp-content\/uploads\/2022\/07\/RandM-Squid-Box-5200-Puffs-Disposable-Vape-Wholesale-Mixed-Berries-150x150.jpg 150w\" sizes=\"auto, (max-width: 590px) 100vw, 590px\" \/> <img loading=\"lazy\" decoding=\"async\" class=\"alignnone size-full wp-image-12848\" title=\"RandM Squid Box 5200 Puffs Eldobhat\u00f3 Vape Nagykereskedelem Barack Mango\" src=\"https:\/\/www.vape4wholesale.com\/wp-content\/uploads\/2022\/07\/RandM-Squid-Box-5200-Puffs-Disposable-Vape-Wholesale-Peach-Mango.jpg\" alt=\"RandM Squid Box 5200 Puffs Eldobhat\u00f3 Vape Nagykereskedelem Barack Mango\" width=\"590\" height=\"590\" srcset=\"https:\/\/www.vape4wholesale.com\/wp-content\/uploads\/2022\/07\/RandM-Squid-Box-5200-Puffs-Disposable-Vape-Wholesale-Peach-Mango.jpg 590w, https:\/\/www.vape4wholesale.com\/wp-content\/uploads\/2022\/07\/RandM-Squid-Box-5200-Puffs-Disposable-Vape-Wholesale-Peach-Mango-247x247.jpg 247w, https:\/\/www.vape4wholesale.com\/wp-content\/uploads\/2022\/07\/RandM-Squid-Box-5200-Puffs-Disposable-Vape-Wholesale-Peach-Mango-100x100.jpg 100w, https:\/\/www.vape4wholesale.com\/wp-content\/uploads\/2022\/07\/RandM-Squid-Box-5200-Puffs-Disposable-Vape-Wholesale-Peach-Mango-510x510.jpg 510w, https:\/\/www.vape4wholesale.com\/wp-content\/uploads\/2022\/07\/RandM-Squid-Box-5200-Puffs-Disposable-Vape-Wholesale-Peach-Mango-64x64.jpg 64w, https:\/\/www.vape4wholesale.com\/wp-content\/uploads\/2022\/07\/RandM-Squid-Box-5200-Puffs-Disposable-Vape-Wholesale-Peach-Mango-300x300.jpg 300w, https:\/\/www.vape4wholesale.com\/wp-content\/uploads\/2022\/07\/RandM-Squid-Box-5200-Puffs-Disposable-Vape-Wholesale-Peach-Mango-150x150.jpg 150w\" sizes=\"auto, (max-width: 590px) 100vw, 590px\" \/> <img loading=\"lazy\" decoding=\"async\" class=\"alignnone size-full wp-image-12849\" title=\"RandM Squid Box 5200 Puffs Eldobhat\u00f3 Vape Nagykeresked\u00e9s Eper Kiwi\" src=\"https:\/\/www.vape4wholesale.com\/wp-content\/uploads\/2022\/07\/RandM-Squid-Box-5200-Puffs-Disposable-Vape-Wholesale-Strawberry-Kiwi.jpg\" alt=\"RandM Squid Box 5200 Puffs Eldobhat\u00f3 Vape Nagykeresked\u00e9s Eper Kiwi\" width=\"590\" height=\"590\" srcset=\"https:\/\/www.vape4wholesale.com\/wp-content\/uploads\/2022\/07\/RandM-Squid-Box-5200-Puffs-Disposable-Vape-Wholesale-Strawberry-Kiwi.jpg 590w, https:\/\/www.vape4wholesale.com\/wp-content\/uploads\/2022\/07\/RandM-Squid-Box-5200-Puffs-Disposable-Vape-Wholesale-Strawberry-Kiwi-247x247.jpg 247w, https:\/\/www.vape4wholesale.com\/wp-content\/uploads\/2022\/07\/RandM-Squid-Box-5200-Puffs-Disposable-Vape-Wholesale-Strawberry-Kiwi-100x100.jpg 100w, https:\/\/www.vape4wholesale.com\/wp-content\/uploads\/2022\/07\/RandM-Squid-Box-5200-Puffs-Disposable-Vape-Wholesale-Strawberry-Kiwi-510x510.jpg 510w, https:\/\/www.vape4wholesale.com\/wp-content\/uploads\/2022\/07\/RandM-Squid-Box-5200-Puffs-Disposable-Vape-Wholesale-Strawberry-Kiwi-64x64.jpg 64w, https:\/\/www.vape4wholesale.com\/wp-content\/uploads\/2022\/07\/RandM-Squid-Box-5200-Puffs-Disposable-Vape-Wholesale-Strawberry-Kiwi-300x300.jpg 300w, https:\/\/www.vape4wholesale.com\/wp-content\/uploads\/2022\/07\/RandM-Squid-Box-5200-Puffs-Disposable-Vape-Wholesale-Strawberry-Kiwi-150x150.jpg 150w\" sizes=\"auto, (max-width: 590px) 100vw, 590px\" \/> <img loading=\"lazy\" decoding=\"async\" class=\"alignnone size-full wp-image-12850\" title=\"RandM Squid Box 5200 Puffs Eldobhat\u00f3 Vape Nagykereskedelem Eper licsi\" src=\"https:\/\/www.vape4wholesale.com\/wp-content\/uploads\/2022\/07\/RandM-Squid-Box-5200-Puffs-Disposable-Vape-Wholesale-Strawberry-Lychee.jpg\" alt=\"RandM Squid Box 5200 Puffs Eldobhat\u00f3 Vape Nagykereskedelem Eper licsi\" width=\"590\" height=\"590\" srcset=\"https:\/\/www.vape4wholesale.com\/wp-content\/uploads\/2022\/07\/RandM-Squid-Box-5200-Puffs-Disposable-Vape-Wholesale-Strawberry-Lychee.jpg 590w, https:\/\/www.vape4wholesale.com\/wp-content\/uploads\/2022\/07\/RandM-Squid-Box-5200-Puffs-Disposable-Vape-Wholesale-Strawberry-Lychee-247x247.jpg 247w, https:\/\/www.vape4wholesale.com\/wp-content\/uploads\/2022\/07\/RandM-Squid-Box-5200-Puffs-Disposable-Vape-Wholesale-Strawberry-Lychee-100x100.jpg 100w, https:\/\/www.vape4wholesale.com\/wp-content\/uploads\/2022\/07\/RandM-Squid-Box-5200-Puffs-Disposable-Vape-Wholesale-Strawberry-Lychee-510x510.jpg 510w, https:\/\/www.vape4wholesale.com\/wp-content\/uploads\/2022\/07\/RandM-Squid-Box-5200-Puffs-Disposable-Vape-Wholesale-Strawberry-Lychee-64x64.jpg 64w, https:\/\/www.vape4wholesale.com\/wp-content\/uploads\/2022\/07\/RandM-Squid-Box-5200-Puffs-Disposable-Vape-Wholesale-Strawberry-Lychee-300x300.jpg 300w, https:\/\/www.vape4wholesale.com\/wp-content\/uploads\/2022\/07\/RandM-Squid-Box-5200-Puffs-Disposable-Vape-Wholesale-Strawberry-Lychee-150x150.jpg 150w\" sizes=\"auto, (max-width: 590px) 100vw, 590px\" \/><\/p>","protected":false},"excerpt":{"rendered":"[scf-template id=&#8217;11434&#8242;]\n","protected":false},"featured_media":12851,"comment_status":"open","ping_status":"closed","template":"","meta":[],"pwb-brand":[1270],"product_cat":[869],"product_tag":[272,279,22,24,54],"class_list":{"0":"post-5784","1":"product","2":"type-product","3":"status-publish","4":"has-post-thumbnail","6":"pwb-brand-randm","7":"product_cat-5000-8000-puffs","8":"product_tag-randm","9":"product_tag-5200-puffs","10":"product_tag-disposable","11":"product_tag-wholesale","12":"product_tag-12-0ml","13":"wcpa_has_options","15":"first","16":"outofstock","17":"shipping-taxable","18":"purchasable","19":"product-type-variable"},"aioseo_notices":[],"brands":[{"id":1270,"name":"Randm","slug":"randm"}],"_links":{"self":[{"href":"https:\/\/www.vape4wholesale.com\/hu\/wp-json\/wp\/v2\/product\/5784","targetHints":{"allow":["GET"]}}],"collection":[{"href":"https:\/\/www.vape4wholesale.com\/hu\/wp-json\/wp\/v2\/product"}],"about":[{"href":"https:\/\/www.vape4wholesale.com\/hu\/wp-json\/wp\/v2\/types\/product"}],"replies":[{"embeddable":true,"href":"https:\/\/www.vape4wholesale.com\/hu\/wp-json\/wp\/v2\/comments?post=5784"}],"wp:featuredmedia":[{"embeddable":true,"href":"https:\/\/www.vape4wholesale.com\/hu\/wp-json\/wp\/v2\/media\/12851"}],"wp:attachment":[{"href":"https:\/\/www.vape4wholesale.com\/hu\/wp-json\/wp\/v2\/media?parent=5784"}],"wp:term":[{"taxonomy":"pwb-brand","embeddable":true,"href":"https:\/\/www.vape4wholesale.com\/hu\/wp-json\/wp\/v2\/pwb-brand?post=5784"},{"taxonomy":"product_cat","embeddable":true,"href":"https:\/\/www.vape4wholesale.com\/hu\/wp-json\/wp\/v2\/product_cat?post=5784"},{"taxonomy":"product_tag","embeddable":true,"href":"https:\/\/www.vape4wholesale.com\/hu\/wp-json\/wp\/v2\/product_tag?post=5784"}],"curies":[{"name":"wp","href":"https:\/\/api.w.org\/{rel}","templated":true}]}}