{"id":5460,"date":"2022-08-04T09:54:49","date_gmt":"2022-08-04T01:54:49","guid":{"rendered":"https:\/\/www.vape4wholesale.com\/?post_type=product&#038;p=5460"},"modified":"2026-01-26T13:43:15","modified_gmt":"2026-01-26T13:43:15","slug":"randm-tornado-9000-puff-diposable-vapes-nagykereskedelem","status":"publish","type":"product","link":"https:\/\/www.vape4wholesale.com\/hu\/termek\/randm-tornado-9000-puff-diposable-vapes-nagykereskedelem","title":{"rendered":"RANDM Tornado 9000 Puffs Diposable Vapes nagykereskedelem"},"content":{"rendered":"<p><strong><a href=\"https:\/\/www.vape4wholesale.com\/hu\/product_brand\/randm\/\">RandM<\/a> Tornado 9000<\/strong>\u00a0egy eldobhat\u00f3 vape k\u00e9sz\u00fcl\u00e9k, amely h\u0171v\u00f6s kialak\u00edt\u00e1ssal rendelkezik, \u00e9s \u00fajrat\u00f6lthet\u0151. 18ml 0\/2\/3\/5% nikotinos s\u00f3 e-nedvet tartalmaz, \u00e9s ak\u00e1r 9000 puffot is sz\u00edvhat. 12 \u00edz k\u00f6z\u00fcl v\u00e1laszthatsz. Az \u00fajrat\u00f6lthet\u0151 port a k\u00e9sz\u00fcl\u00e9k alj\u00e1n gurantting \u00d6n befejezi az utols\u00f3 csepp ejuice a tart\u00e1lyban mindig.<\/p>\n<h2><b data-stringify-type=\"bold\">RandM Tornado 9000 eldobhat\u00f3 k\u00e9sz\u00fcl\u00e9k jellemz\u0151i:<\/b><\/h2>\n<p>\u26110\/2\/3\/5% Nikotin s\u00f3.<br \/>\n\u261118ML E-folyad\u00e9k.<br \/>\n\u2611Mesh Coil<br \/>\n\u2611 \u00dajrat\u00f6lthet\u0151 akkumul\u00e1tor<br \/>\n\u2611 Integr\u00e1lt 850mAh akkumul\u00e1tor.<br \/>\n\u261112 el\u00e9rhet\u0151 \u00edzek.<br \/>\n\u261110db kijelz\u0151dobozban.<br \/>\n\u2611200db egy kartondobozban.<\/p>\n<h2><b data-stringify-type=\"bold\">Kaphat\u00f3 \u00edzek:<\/b><\/h2>\n<p>01# \u00e1fonya m\u00e1lna<br \/>\n02# Mr Blue<br \/>\n03# Eper g\u00f6r\u00f6gdinnye<br \/>\n04# Narancss\u00e1rga sz\u00f3da<br \/>\n05# G\u00f6r\u00f6gdinnye r\u00e1g\u00f3gumi<br \/>\n06# Sziv\u00e1rv\u00e1ny cukorka<br \/>\n07# R\u00f3zsasz\u00edn limon\u00e1d\u00e9<br \/>\n08# Barackos mang\u00f3 anan\u00e1sz<br \/>\n09# Eper ban\u00e1n<br \/>\n10# Lush Ice<br \/>\n11# Fekete s\u00e1rk\u00e1ny j\u00e9g<br \/>\n12# Aloe sz\u0151l\u0151<br \/>\n13# K\u00e9k Razz j\u00e9g<br \/>\n14# Kiwi Passi\u00f3gy\u00fcm\u00f6lcs Guava<br \/>\n15# gumimack\u00f3<br \/>\n16# Vegyes bogy\u00f3s gy\u00fcm\u00f6lcs\u00f6k<br \/>\n17# h\u0171v\u00f6s menta<br \/>\n18# M\u00e1lna g\u00f6r\u00f6gdinnye<br \/>\n19# Barackos limon\u00e1d\u00e9<br \/>\n20# Guava Ice<br \/>\n21# Eper limon\u00e1d\u00e9<br \/>\n22# G\u00f6r\u00f6gdinnye Brazz Ice<br \/>\n23# Ban\u00e1nkr\u00e9m<br \/>\n24# Barack bogy\u00f3<br \/>\n25# Eperkr\u00e9m<br \/>\n26# Savany\u00fa cukorka<br \/>\n27# Citrom \u00e9s lime<br \/>\n28# cseresznye<br \/>\n29# Fizzy Cherry<br \/>\n30# \u00c1fonya Cseresznye \u00c1fonya<br \/>\n31# Vimto<br \/>\n32# Skittles<br \/>\n33# Fekete j\u00e9g<br \/>\n34# sz\u0151l\u0151<br \/>\n35# Bluelicious Ice<br \/>\n36# Eper j\u00e9g<br \/>\n37# Blue Razz Kush<br \/>\n38# Ice Pop<br \/>\n39# \u00c1fonya Savany\u00fa m\u00e1lna<br \/>\n40# Anan\u00e1sz<br \/>\n41# Csereszny\u00e9s barackos limon\u00e1d\u00e9<br \/>\n42# Eper m\u00e1lna cseresznye j\u00e9g<br \/>\n43# Tripla mang\u00f3<br \/>\n44# Eper m\u00e1lna j\u00e9g<br \/>\n45# eper g\u00f6r\u00f6gdinnye r\u00e1g\u00f3gumi<br \/>\n46# Prime Eper g\u00f6r\u00f6gdinnye<br \/>\n47# G\u00f6r\u00f6gdinnye j\u00e9g<br \/>\n48# \u00c1fonya j\u00e9g<br \/>\n49# G\u00f6r\u00f6gdinnye Skittle<br \/>\n50# Szalma mang\u00f3<br \/>\n51# Eper pompa<br \/>\n52# Ny\u00e1ri barack j\u00e9g<br \/>\n53# cseresznye bogy\u00f3<br \/>\n54# Cherry Cola<br \/>\n55# Prime g\u00f6r\u00f6gdinnye<br \/>\n56# Eper sz\u0151l\u0151<br \/>\n57# Tigrisv\u00e9r<br \/>\n58# \u00c1sv\u00e1nyv\u00edz<\/p>\n<p><img loading=\"lazy\" decoding=\"async\" class=\"alignnone size-full wp-image-12645\" title=\"RandM Tornado 9000 Puffs eldobhat\u00f3 vape nagykereskedelem (1)\" src=\"https:\/\/www.vape4wholesale.com\/wp-content\/uploads\/2022\/08\/RandM-Tornado-9000-Puffs-Disposable-Vape-Wholesale-1.png\" alt=\"RandM Tornado 9000 Puffs eldobhat\u00f3 vape nagykereskedelem (1)\" width=\"590\" height=\"517\" srcset=\"https:\/\/www.vape4wholesale.com\/wp-content\/uploads\/2022\/08\/RandM-Tornado-9000-Puffs-Disposable-Vape-Wholesale-1.png 590w, https:\/\/www.vape4wholesale.com\/wp-content\/uploads\/2022\/08\/RandM-Tornado-9000-Puffs-Disposable-Vape-Wholesale-1-510x447.png 510w\" sizes=\"auto, (max-width: 590px) 100vw, 590px\" \/> \u00a0 \u00a0<img loading=\"lazy\" decoding=\"async\" class=\"alignnone size-full wp-image-12649\" title=\"RandM Tornado 9000 Puffs eldobhat\u00f3 vape nagykereskedelem (5)\" src=\"https:\/\/www.vape4wholesale.com\/wp-content\/uploads\/2022\/08\/RandM-Tornado-9000-Puffs-Disposable-Vape-Wholesale-5.jpg\" alt=\"RandM Tornado 9000 Puffs eldobhat\u00f3 vape nagykereskedelem (5)\" width=\"590\" height=\"590\" srcset=\"https:\/\/www.vape4wholesale.com\/wp-content\/uploads\/2022\/08\/RandM-Tornado-9000-Puffs-Disposable-Vape-Wholesale-5.jpg 590w, https:\/\/www.vape4wholesale.com\/wp-content\/uploads\/2022\/08\/RandM-Tornado-9000-Puffs-Disposable-Vape-Wholesale-5-247x247.jpg 247w, https:\/\/www.vape4wholesale.com\/wp-content\/uploads\/2022\/08\/RandM-Tornado-9000-Puffs-Disposable-Vape-Wholesale-5-100x100.jpg 100w, https:\/\/www.vape4wholesale.com\/wp-content\/uploads\/2022\/08\/RandM-Tornado-9000-Puffs-Disposable-Vape-Wholesale-5-510x510.jpg 510w, https:\/\/www.vape4wholesale.com\/wp-content\/uploads\/2022\/08\/RandM-Tornado-9000-Puffs-Disposable-Vape-Wholesale-5-64x64.jpg 64w, https:\/\/www.vape4wholesale.com\/wp-content\/uploads\/2022\/08\/RandM-Tornado-9000-Puffs-Disposable-Vape-Wholesale-5-300x300.jpg 300w, https:\/\/www.vape4wholesale.com\/wp-content\/uploads\/2022\/08\/RandM-Tornado-9000-Puffs-Disposable-Vape-Wholesale-5-150x150.jpg 150w\" sizes=\"auto, (max-width: 590px) 100vw, 590px\" \/><\/p>\n<h2>MI\u00c9RT MI?<\/h2>\r\n<ul>\r\n<li>Val\u00f3di, megb\u00edzhat\u00f3 \u00e9s professzion\u00e1lis vape forr\u00e1s.<\/li>\r\n<li>100% Eredeti garancia: Csak eredeti \u00e9s val\u00f3di term\u00e9keket biztos\u00edtunk, elutas\u00edtjuk a hamis\u00edt\u00e1st.<\/li>\r\n<li>100% Sz\u00e1ll\u00edt\u00e1si garancia: A legjobb sz\u00e1ll\u00edt\u00e1si m\u00f3dszerrel biztos\u00edtjuk, hogy \u00d6n megkapja a 100% megrendel\u00e9st.<\/li>\r\n<li>A sz\u00e1ll\u00edt\u00e1s ut\u00e1n megadjuk \u00d6nnek a nyomon k\u00f6vet\u00e9si sz\u00e1mot \u00e9s a sz\u00e1ll\u00edt\u00e1si c\u00edmk\u00e9t, \u00e9s nyomon k\u00f6vetj\u00fck az \u00e1rut az \u00d6n sz\u00e1m\u00e1ra, am\u00edg al\u00e1 nem \u00edrja azt.<\/li>\r\n<li>Nincsenek v\u00e1mprobl\u00e9m\u00e1k, nincsenek v\u00e1mok<\/li>\r\n<\/ul>","protected":false},"excerpt":{"rendered":"<div class=\"wsppc_div_block woocommerce_before_add_to_cart_form\">\r\n<p><strong><span style=\"color: #00a859;\">Clear customs<\/span> before delivery &amp; 100% Delivery Guarantee, Delivery in 19~25 days around.\u00a0<\/strong><\/p>\r\n<\/div>","protected":false},"featured_media":12645,"comment_status":"open","ping_status":"closed","template":"","meta":[],"pwb-brand":[1270],"product_cat":[870],"product_tag":[22,24,180,244,336],"class_list":{"0":"post-5460","1":"product","2":"type-product","3":"status-publish","4":"has-post-thumbnail","6":"pwb-brand-randm","7":"product_cat-8000-10000-puffs","8":"product_tag-disposable","9":"product_tag-wholesale","10":"product_tag-randm-tornado","11":"product_tag-18-0ml","12":"product_tag-9000-puffs","13":"wcpa_has_options","15":"first","16":"outofstock","17":"featured","18":"shipping-taxable","19":"purchasable","20":"product-type-variable"},"aioseo_notices":[],"brands":[{"id":1270,"name":"Randm","slug":"randm"}],"_links":{"self":[{"href":"https:\/\/www.vape4wholesale.com\/hu\/wp-json\/wp\/v2\/product\/5460","targetHints":{"allow":["GET"]}}],"collection":[{"href":"https:\/\/www.vape4wholesale.com\/hu\/wp-json\/wp\/v2\/product"}],"about":[{"href":"https:\/\/www.vape4wholesale.com\/hu\/wp-json\/wp\/v2\/types\/product"}],"replies":[{"embeddable":true,"href":"https:\/\/www.vape4wholesale.com\/hu\/wp-json\/wp\/v2\/comments?post=5460"}],"wp:featuredmedia":[{"embeddable":true,"href":"https:\/\/www.vape4wholesale.com\/hu\/wp-json\/wp\/v2\/media\/12645"}],"wp:attachment":[{"href":"https:\/\/www.vape4wholesale.com\/hu\/wp-json\/wp\/v2\/media?parent=5460"}],"wp:term":[{"taxonomy":"pwb-brand","embeddable":true,"href":"https:\/\/www.vape4wholesale.com\/hu\/wp-json\/wp\/v2\/pwb-brand?post=5460"},{"taxonomy":"product_cat","embeddable":true,"href":"https:\/\/www.vape4wholesale.com\/hu\/wp-json\/wp\/v2\/product_cat?post=5460"},{"taxonomy":"product_tag","embeddable":true,"href":"https:\/\/www.vape4wholesale.com\/hu\/wp-json\/wp\/v2\/product_tag?post=5460"}],"curies":[{"name":"wp","href":"https:\/\/api.w.org\/{rel}","templated":true}]}}