{"id":5382,"date":"2022-08-05T09:22:10","date_gmt":"2022-08-05T01:22:10","guid":{"rendered":"https:\/\/www.vape4wholesale.com\/?post_type=product&#038;p=5382"},"modified":"2026-01-26T13:43:13","modified_gmt":"2026-01-26T13:43:13","slug":"randm-tornado-10000-puffs-eldobhato-vape-nagykereskedelem","status":"publish","type":"product","link":"https:\/\/www.vape4wholesale.com\/hu\/product\/randm-tornado-10000-puffs-disposable-vape-wholesale","title":{"rendered":"RANDM Tornado 10000 Puffs eldobhat\u00f3 Vape nagykereskedelem"},"content":{"rendered":"<p><strong><a href=\"https:\/\/www.vape4wholesale.com\/hu\/product_brand\/randm\/\">RandM<\/a> Torn\u00e1d\u00f3 10000<\/strong>\u00a0egy eldobhat\u00f3 vape k\u00e9sz\u00fcl\u00e9k l\u00e9g\u00e1raml\u00e1s-szab\u00e1lyoz\u00e1ssal \u00e9s \u00fajrat\u00f6lthet\u0151. 20ml 0\/2\/3\/5% nikotinos s\u00f3 e-nedvet tartalmaz, \u00e9s ak\u00e1r 10000 puffot is sz\u00edvhat. 24 \u00edz k\u00f6z\u00fcl v\u00e1laszthatsz. A l\u00e9g\u00e1raml\u00e1s-szab\u00e1lyoz\u00e1s lehet\u0151v\u00e9 teszi, hogy kiv\u00e1laszthassa a legjobb helyet, amely megfelel \u00d6nnek, valamint a k\u00e9sz\u00fcl\u00e9k alj\u00e1n tal\u00e1lhat\u00f3 \u00fajrat\u00f6lthet\u0151 C t\u00edpus\u00fa porttal rendelkezik, amely gurantte mindig befejezi az utols\u00f3 csepp ejuice-t a tart\u00e1lyban.<\/p>\n<h2><b data-stringify-type=\"bold\">RandM Tornado 10000 eldobhat\u00f3 k\u00e9sz\u00fcl\u00e9k jellemz\u0151i<\/b><\/h2>\n<p>\u26110\/2\/3\/5% Nikotin s\u00f3.<br \/>\n\u261120 ML E-folyad\u00e9k.<br \/>\n\u261110000 Puff per k\u00e9sz\u00fcl\u00e9k.<br \/>\n\u26116 sz\u00edn\u0171 RGB f\u00e9ny<br \/>\n\u2611 \u00dajrat\u00f6lthet\u0151 akkumul\u00e1tor<br \/>\n\u2611Nem \u00fajrat\u00f6lthet\u0151<br \/>\n\u2611 Integr\u00e1lt 850mAh akkumul\u00e1tor.<br \/>\n\u261124 Kaphat\u00f3 \u00edzek.<br \/>\n\u261110db kijelz\u0151dobozban.<br \/>\n\u2611200db egy kartondobozban.<\/p>\n<h2><b data-stringify-type=\"bold\">\u00cdzek<\/b><\/h2>\n<p>1.Raspberry eper<br \/>\n2.Blueberry cseresznye<br \/>\n3.Blueberry j\u00e9g<br \/>\n4.Mixed bogy\u00f3s gy\u00fcm\u00f6lcs<br \/>\n5.Gummy Drop<br \/>\n6.Epres f\u00e1nk<br \/>\n7.Epres g\u00f6r\u00f6gdinnye<br \/>\n8.Grape Ice<br \/>\n9.Mentolos mentol<br \/>\n10.Tropical \u00f6r\u00f6m<br \/>\n11.G\u00f6r\u00f6gdinnye limon\u00e1d\u00e9<br \/>\n12.Blue Razz<br \/>\n13.Dr.Vimto<br \/>\n14.Tigris v\u00e9r<br \/>\n15.Sziv\u00e1rv\u00e1ny cukorka<br \/>\n16.Mango passi\u00f3gy\u00fcm\u00f6lcs<br \/>\n17.Eper Kiwi<br \/>\n18.M\u00e1lna barack j\u00e9g<br \/>\n19.\u00c1fonya savany\u00fa m\u00e1lna<br \/>\n20.Red Apple Ice<br \/>\n21.Narancsos lime kokt\u00e9l<br \/>\n22.Kiwi s\u00e1rk\u00e1ny bogy\u00f3<br \/>\n23.Cherry Ice<br \/>\n24.G\u00f6r\u00f6gdinnye j\u00e9g<\/p>\n<p><img loading=\"lazy\" decoding=\"async\" class=\"alignnone size-full wp-image-12539\" title=\"RandM Tornado 10000 Puffs eldobhat\u00f3 Vape nagykereskedelem (7)\" src=\"https:\/\/www.vape4wholesale.com\/wp-content\/uploads\/2022\/08\/RandM-Tornado-10000-Puffs-Disposable-Vape-Wholesale-7.jpg\" alt=\"RandM Tornado 10000 Puffs eldobhat\u00f3 Vape nagykereskedelem (7)\" width=\"590\" height=\"590\" srcset=\"https:\/\/www.vape4wholesale.com\/wp-content\/uploads\/2022\/08\/RandM-Tornado-10000-Puffs-Disposable-Vape-Wholesale-7.jpg 590w, https:\/\/www.vape4wholesale.com\/wp-content\/uploads\/2022\/08\/RandM-Tornado-10000-Puffs-Disposable-Vape-Wholesale-7-247x247.jpg 247w, https:\/\/www.vape4wholesale.com\/wp-content\/uploads\/2022\/08\/RandM-Tornado-10000-Puffs-Disposable-Vape-Wholesale-7-100x100.jpg 100w, https:\/\/www.vape4wholesale.com\/wp-content\/uploads\/2022\/08\/RandM-Tornado-10000-Puffs-Disposable-Vape-Wholesale-7-510x510.jpg 510w, https:\/\/www.vape4wholesale.com\/wp-content\/uploads\/2022\/08\/RandM-Tornado-10000-Puffs-Disposable-Vape-Wholesale-7-64x64.jpg 64w, https:\/\/www.vape4wholesale.com\/wp-content\/uploads\/2022\/08\/RandM-Tornado-10000-Puffs-Disposable-Vape-Wholesale-7-300x300.jpg 300w, https:\/\/www.vape4wholesale.com\/wp-content\/uploads\/2022\/08\/RandM-Tornado-10000-Puffs-Disposable-Vape-Wholesale-7-150x150.jpg 150w\" sizes=\"auto, (max-width: 590px) 100vw, 590px\" \/> <img loading=\"lazy\" decoding=\"async\" class=\"alignnone size-full wp-image-12540\" title=\"RandM Tornado 10000 Puffs Eldobhat\u00f3 Vape nagykereskedelem (8)\" src=\"https:\/\/www.vape4wholesale.com\/wp-content\/uploads\/2022\/08\/RandM-Tornado-10000-Puffs-Disposable-Vape-Wholesale-8.jpg\" alt=\"RandM Tornado 10000 Puffs Eldobhat\u00f3 Vape nagykereskedelem (8)\" width=\"590\" height=\"590\" srcset=\"https:\/\/www.vape4wholesale.com\/wp-content\/uploads\/2022\/08\/RandM-Tornado-10000-Puffs-Disposable-Vape-Wholesale-8.jpg 590w, https:\/\/www.vape4wholesale.com\/wp-content\/uploads\/2022\/08\/RandM-Tornado-10000-Puffs-Disposable-Vape-Wholesale-8-247x247.jpg 247w, https:\/\/www.vape4wholesale.com\/wp-content\/uploads\/2022\/08\/RandM-Tornado-10000-Puffs-Disposable-Vape-Wholesale-8-100x100.jpg 100w, https:\/\/www.vape4wholesale.com\/wp-content\/uploads\/2022\/08\/RandM-Tornado-10000-Puffs-Disposable-Vape-Wholesale-8-510x510.jpg 510w, https:\/\/www.vape4wholesale.com\/wp-content\/uploads\/2022\/08\/RandM-Tornado-10000-Puffs-Disposable-Vape-Wholesale-8-64x64.jpg 64w, https:\/\/www.vape4wholesale.com\/wp-content\/uploads\/2022\/08\/RandM-Tornado-10000-Puffs-Disposable-Vape-Wholesale-8-300x300.jpg 300w, https:\/\/www.vape4wholesale.com\/wp-content\/uploads\/2022\/08\/RandM-Tornado-10000-Puffs-Disposable-Vape-Wholesale-8-150x150.jpg 150w\" sizes=\"auto, (max-width: 590px) 100vw, 590px\" \/> <img loading=\"lazy\" decoding=\"async\" class=\"alignnone size-full wp-image-12541\" title=\"RandM Tornado 10000 Puffs Eldobhat\u00f3 Vape nagykereskedelem (9)\" src=\"https:\/\/www.vape4wholesale.com\/wp-content\/uploads\/2022\/08\/RandM-Tornado-10000-Puffs-Disposable-Vape-Wholesale-9.jpg\" alt=\"RandM Tornado 10000 Puffs Eldobhat\u00f3 Vape nagykereskedelem (9)\" width=\"590\" height=\"590\" srcset=\"https:\/\/www.vape4wholesale.com\/wp-content\/uploads\/2022\/08\/RandM-Tornado-10000-Puffs-Disposable-Vape-Wholesale-9.jpg 590w, https:\/\/www.vape4wholesale.com\/wp-content\/uploads\/2022\/08\/RandM-Tornado-10000-Puffs-Disposable-Vape-Wholesale-9-247x247.jpg 247w, https:\/\/www.vape4wholesale.com\/wp-content\/uploads\/2022\/08\/RandM-Tornado-10000-Puffs-Disposable-Vape-Wholesale-9-100x100.jpg 100w, https:\/\/www.vape4wholesale.com\/wp-content\/uploads\/2022\/08\/RandM-Tornado-10000-Puffs-Disposable-Vape-Wholesale-9-510x510.jpg 510w, https:\/\/www.vape4wholesale.com\/wp-content\/uploads\/2022\/08\/RandM-Tornado-10000-Puffs-Disposable-Vape-Wholesale-9-64x64.jpg 64w, https:\/\/www.vape4wholesale.com\/wp-content\/uploads\/2022\/08\/RandM-Tornado-10000-Puffs-Disposable-Vape-Wholesale-9-300x300.jpg 300w, https:\/\/www.vape4wholesale.com\/wp-content\/uploads\/2022\/08\/RandM-Tornado-10000-Puffs-Disposable-Vape-Wholesale-9-150x150.jpg 150w\" sizes=\"auto, (max-width: 590px) 100vw, 590px\" \/> <img loading=\"lazy\" decoding=\"async\" class=\"alignnone size-full wp-image-12542\" title=\"RandM Tornado 10000 Puffs eldobhat\u00f3 Vape nagykereskedelem (10)\" src=\"https:\/\/www.vape4wholesale.com\/wp-content\/uploads\/2022\/08\/RandM-Tornado-10000-Puffs-Disposable-Vape-Wholesale-10.jpg\" alt=\"RandM Tornado 10000 Puffs eldobhat\u00f3 Vape nagykereskedelem (10)\" width=\"590\" height=\"590\" srcset=\"https:\/\/www.vape4wholesale.com\/wp-content\/uploads\/2022\/08\/RandM-Tornado-10000-Puffs-Disposable-Vape-Wholesale-10.jpg 590w, https:\/\/www.vape4wholesale.com\/wp-content\/uploads\/2022\/08\/RandM-Tornado-10000-Puffs-Disposable-Vape-Wholesale-10-247x247.jpg 247w, https:\/\/www.vape4wholesale.com\/wp-content\/uploads\/2022\/08\/RandM-Tornado-10000-Puffs-Disposable-Vape-Wholesale-10-100x100.jpg 100w, https:\/\/www.vape4wholesale.com\/wp-content\/uploads\/2022\/08\/RandM-Tornado-10000-Puffs-Disposable-Vape-Wholesale-10-510x510.jpg 510w, https:\/\/www.vape4wholesale.com\/wp-content\/uploads\/2022\/08\/RandM-Tornado-10000-Puffs-Disposable-Vape-Wholesale-10-64x64.jpg 64w, https:\/\/www.vape4wholesale.com\/wp-content\/uploads\/2022\/08\/RandM-Tornado-10000-Puffs-Disposable-Vape-Wholesale-10-300x300.jpg 300w, https:\/\/www.vape4wholesale.com\/wp-content\/uploads\/2022\/08\/RandM-Tornado-10000-Puffs-Disposable-Vape-Wholesale-10-150x150.jpg 150w\" sizes=\"auto, (max-width: 590px) 100vw, 590px\" \/> <img loading=\"lazy\" decoding=\"async\" class=\"alignnone size-full wp-image-12543\" title=\"RandM Tornado 10000 Puffs Eldobhat\u00f3 Vape nagykereskedelem (11)\" src=\"https:\/\/www.vape4wholesale.com\/wp-content\/uploads\/2022\/08\/RandM-Tornado-10000-Puffs-Disposable-Vape-Wholesale-11.jpg\" alt=\"RandM Tornado 10000 Puffs Eldobhat\u00f3 Vape nagykereskedelem (11)\" width=\"590\" height=\"590\" srcset=\"https:\/\/www.vape4wholesale.com\/wp-content\/uploads\/2022\/08\/RandM-Tornado-10000-Puffs-Disposable-Vape-Wholesale-11.jpg 590w, https:\/\/www.vape4wholesale.com\/wp-content\/uploads\/2022\/08\/RandM-Tornado-10000-Puffs-Disposable-Vape-Wholesale-11-247x247.jpg 247w, https:\/\/www.vape4wholesale.com\/wp-content\/uploads\/2022\/08\/RandM-Tornado-10000-Puffs-Disposable-Vape-Wholesale-11-100x100.jpg 100w, https:\/\/www.vape4wholesale.com\/wp-content\/uploads\/2022\/08\/RandM-Tornado-10000-Puffs-Disposable-Vape-Wholesale-11-510x510.jpg 510w, https:\/\/www.vape4wholesale.com\/wp-content\/uploads\/2022\/08\/RandM-Tornado-10000-Puffs-Disposable-Vape-Wholesale-11-64x64.jpg 64w, https:\/\/www.vape4wholesale.com\/wp-content\/uploads\/2022\/08\/RandM-Tornado-10000-Puffs-Disposable-Vape-Wholesale-11-300x300.jpg 300w, https:\/\/www.vape4wholesale.com\/wp-content\/uploads\/2022\/08\/RandM-Tornado-10000-Puffs-Disposable-Vape-Wholesale-11-150x150.jpg 150w\" sizes=\"auto, (max-width: 590px) 100vw, 590px\" \/> \u00a0<img loading=\"lazy\" decoding=\"async\" class=\"alignnone size-full wp-image-12545\" title=\"RandM Tornado 10000 Puffs Eldobhat\u00f3 Vape nagykereskedelem\" src=\"https:\/\/www.vape4wholesale.com\/wp-content\/uploads\/2022\/08\/RandM-Tornado-10000-Puffs-Disposable-Vape-Wholesale.jpg\" alt=\"RandM Tornado 10000 Puffs Eldobhat\u00f3 Vape nagykereskedelem\" width=\"590\" height=\"505\" srcset=\"https:\/\/www.vape4wholesale.com\/wp-content\/uploads\/2022\/08\/RandM-Tornado-10000-Puffs-Disposable-Vape-Wholesale.jpg 590w, https:\/\/www.vape4wholesale.com\/wp-content\/uploads\/2022\/08\/RandM-Tornado-10000-Puffs-Disposable-Vape-Wholesale-510x437.jpg 510w, https:\/\/www.vape4wholesale.com\/wp-content\/uploads\/2022\/08\/RandM-Tornado-10000-Puffs-Disposable-Vape-Wholesale-64x55.jpg 64w, https:\/\/www.vape4wholesale.com\/wp-content\/uploads\/2022\/08\/RandM-Tornado-10000-Puffs-Disposable-Vape-Wholesale-300x257.jpg 300w\" sizes=\"auto, (max-width: 590px) 100vw, 590px\" \/> <img loading=\"lazy\" decoding=\"async\" class=\"alignnone size-full wp-image-12546\" title=\"RandM Tornado 10000 Puffs Eldobhat\u00f3 Vape nagykereskedelem (1)\" src=\"https:\/\/www.vape4wholesale.com\/wp-content\/uploads\/2022\/08\/RandM-Tornado-10000-Puffs-Disposable-Vape-Wholesale-1.jpg\" alt=\"RandM Tornado 10000 Puffs Eldobhat\u00f3 Vape nagykereskedelem (1)\" width=\"590\" height=\"590\" srcset=\"https:\/\/www.vape4wholesale.com\/wp-content\/uploads\/2022\/08\/RandM-Tornado-10000-Puffs-Disposable-Vape-Wholesale-1.jpg 590w, https:\/\/www.vape4wholesale.com\/wp-content\/uploads\/2022\/08\/RandM-Tornado-10000-Puffs-Disposable-Vape-Wholesale-1-247x247.jpg 247w, https:\/\/www.vape4wholesale.com\/wp-content\/uploads\/2022\/08\/RandM-Tornado-10000-Puffs-Disposable-Vape-Wholesale-1-100x100.jpg 100w, https:\/\/www.vape4wholesale.com\/wp-content\/uploads\/2022\/08\/RandM-Tornado-10000-Puffs-Disposable-Vape-Wholesale-1-510x510.jpg 510w, https:\/\/www.vape4wholesale.com\/wp-content\/uploads\/2022\/08\/RandM-Tornado-10000-Puffs-Disposable-Vape-Wholesale-1-64x64.jpg 64w, https:\/\/www.vape4wholesale.com\/wp-content\/uploads\/2022\/08\/RandM-Tornado-10000-Puffs-Disposable-Vape-Wholesale-1-300x300.jpg 300w, https:\/\/www.vape4wholesale.com\/wp-content\/uploads\/2022\/08\/RandM-Tornado-10000-Puffs-Disposable-Vape-Wholesale-1-150x150.jpg 150w\" sizes=\"auto, (max-width: 590px) 100vw, 590px\" \/> <img loading=\"lazy\" decoding=\"async\" class=\"alignnone size-full wp-image-12547\" title=\"RandM Tornado 10000 Puffs Eldobhat\u00f3 Vape nagykereskedelem (2)\" src=\"https:\/\/www.vape4wholesale.com\/wp-content\/uploads\/2022\/08\/RandM-Tornado-10000-Puffs-Disposable-Vape-Wholesale-2.jpg\" alt=\"RandM Tornado 10000 Puffs Eldobhat\u00f3 Vape nagykereskedelem (2)\" width=\"590\" height=\"590\" srcset=\"https:\/\/www.vape4wholesale.com\/wp-content\/uploads\/2022\/08\/RandM-Tornado-10000-Puffs-Disposable-Vape-Wholesale-2.jpg 590w, https:\/\/www.vape4wholesale.com\/wp-content\/uploads\/2022\/08\/RandM-Tornado-10000-Puffs-Disposable-Vape-Wholesale-2-247x247.jpg 247w, https:\/\/www.vape4wholesale.com\/wp-content\/uploads\/2022\/08\/RandM-Tornado-10000-Puffs-Disposable-Vape-Wholesale-2-100x100.jpg 100w, https:\/\/www.vape4wholesale.com\/wp-content\/uploads\/2022\/08\/RandM-Tornado-10000-Puffs-Disposable-Vape-Wholesale-2-510x510.jpg 510w, https:\/\/www.vape4wholesale.com\/wp-content\/uploads\/2022\/08\/RandM-Tornado-10000-Puffs-Disposable-Vape-Wholesale-2-64x64.jpg 64w, https:\/\/www.vape4wholesale.com\/wp-content\/uploads\/2022\/08\/RandM-Tornado-10000-Puffs-Disposable-Vape-Wholesale-2-300x300.jpg 300w, https:\/\/www.vape4wholesale.com\/wp-content\/uploads\/2022\/08\/RandM-Tornado-10000-Puffs-Disposable-Vape-Wholesale-2-150x150.jpg 150w\" sizes=\"auto, (max-width: 590px) 100vw, 590px\" \/> <img loading=\"lazy\" decoding=\"async\" class=\"alignnone size-full wp-image-12548\" title=\"RandM Tornado 10000 Puffs Eldobhat\u00f3 Vape nagykereskedelem (3)\" src=\"https:\/\/www.vape4wholesale.com\/wp-content\/uploads\/2022\/08\/RandM-Tornado-10000-Puffs-Disposable-Vape-Wholesale-3.jpg\" alt=\"RandM Tornado 10000 Puffs Eldobhat\u00f3 Vape nagykereskedelem (3)\" width=\"590\" height=\"590\" srcset=\"https:\/\/www.vape4wholesale.com\/wp-content\/uploads\/2022\/08\/RandM-Tornado-10000-Puffs-Disposable-Vape-Wholesale-3.jpg 590w, https:\/\/www.vape4wholesale.com\/wp-content\/uploads\/2022\/08\/RandM-Tornado-10000-Puffs-Disposable-Vape-Wholesale-3-247x247.jpg 247w, https:\/\/www.vape4wholesale.com\/wp-content\/uploads\/2022\/08\/RandM-Tornado-10000-Puffs-Disposable-Vape-Wholesale-3-100x100.jpg 100w, https:\/\/www.vape4wholesale.com\/wp-content\/uploads\/2022\/08\/RandM-Tornado-10000-Puffs-Disposable-Vape-Wholesale-3-510x510.jpg 510w, https:\/\/www.vape4wholesale.com\/wp-content\/uploads\/2022\/08\/RandM-Tornado-10000-Puffs-Disposable-Vape-Wholesale-3-64x64.jpg 64w, https:\/\/www.vape4wholesale.com\/wp-content\/uploads\/2022\/08\/RandM-Tornado-10000-Puffs-Disposable-Vape-Wholesale-3-300x300.jpg 300w, https:\/\/www.vape4wholesale.com\/wp-content\/uploads\/2022\/08\/RandM-Tornado-10000-Puffs-Disposable-Vape-Wholesale-3-150x150.jpg 150w\" sizes=\"auto, (max-width: 590px) 100vw, 590px\" \/> <img loading=\"lazy\" decoding=\"async\" class=\"alignnone size-full wp-image-12549\" title=\"RandM Tornado 10000 Puffs Eldobhat\u00f3 Vape nagykereskedelem (4)\" src=\"https:\/\/www.vape4wholesale.com\/wp-content\/uploads\/2022\/08\/RandM-Tornado-10000-Puffs-Disposable-Vape-Wholesale-4.jpg\" alt=\"RandM Tornado 10000 Puffs Eldobhat\u00f3 Vape nagykereskedelem (4)\" width=\"590\" height=\"590\" srcset=\"https:\/\/www.vape4wholesale.com\/wp-content\/uploads\/2022\/08\/RandM-Tornado-10000-Puffs-Disposable-Vape-Wholesale-4.jpg 590w, https:\/\/www.vape4wholesale.com\/wp-content\/uploads\/2022\/08\/RandM-Tornado-10000-Puffs-Disposable-Vape-Wholesale-4-247x247.jpg 247w, https:\/\/www.vape4wholesale.com\/wp-content\/uploads\/2022\/08\/RandM-Tornado-10000-Puffs-Disposable-Vape-Wholesale-4-100x100.jpg 100w, https:\/\/www.vape4wholesale.com\/wp-content\/uploads\/2022\/08\/RandM-Tornado-10000-Puffs-Disposable-Vape-Wholesale-4-510x510.jpg 510w, https:\/\/www.vape4wholesale.com\/wp-content\/uploads\/2022\/08\/RandM-Tornado-10000-Puffs-Disposable-Vape-Wholesale-4-64x64.jpg 64w, https:\/\/www.vape4wholesale.com\/wp-content\/uploads\/2022\/08\/RandM-Tornado-10000-Puffs-Disposable-Vape-Wholesale-4-300x300.jpg 300w, https:\/\/www.vape4wholesale.com\/wp-content\/uploads\/2022\/08\/RandM-Tornado-10000-Puffs-Disposable-Vape-Wholesale-4-150x150.jpg 150w\" sizes=\"auto, (max-width: 590px) 100vw, 590px\" \/> <img loading=\"lazy\" decoding=\"async\" class=\"alignnone size-full wp-image-12550\" title=\"RandM Tornado 10000 Puffs Eldobhat\u00f3 Vape nagykereskedelem (5)\" src=\"https:\/\/www.vape4wholesale.com\/wp-content\/uploads\/2022\/08\/RandM-Tornado-10000-Puffs-Disposable-Vape-Wholesale-5.jpg\" alt=\"RandM Tornado 10000 Puffs Eldobhat\u00f3 Vape nagykereskedelem (5)\" width=\"590\" height=\"590\" srcset=\"https:\/\/www.vape4wholesale.com\/wp-content\/uploads\/2022\/08\/RandM-Tornado-10000-Puffs-Disposable-Vape-Wholesale-5.jpg 590w, https:\/\/www.vape4wholesale.com\/wp-content\/uploads\/2022\/08\/RandM-Tornado-10000-Puffs-Disposable-Vape-Wholesale-5-247x247.jpg 247w, https:\/\/www.vape4wholesale.com\/wp-content\/uploads\/2022\/08\/RandM-Tornado-10000-Puffs-Disposable-Vape-Wholesale-5-100x100.jpg 100w, https:\/\/www.vape4wholesale.com\/wp-content\/uploads\/2022\/08\/RandM-Tornado-10000-Puffs-Disposable-Vape-Wholesale-5-510x510.jpg 510w, https:\/\/www.vape4wholesale.com\/wp-content\/uploads\/2022\/08\/RandM-Tornado-10000-Puffs-Disposable-Vape-Wholesale-5-64x64.jpg 64w, https:\/\/www.vape4wholesale.com\/wp-content\/uploads\/2022\/08\/RandM-Tornado-10000-Puffs-Disposable-Vape-Wholesale-5-300x300.jpg 300w, https:\/\/www.vape4wholesale.com\/wp-content\/uploads\/2022\/08\/RandM-Tornado-10000-Puffs-Disposable-Vape-Wholesale-5-150x150.jpg 150w\" sizes=\"auto, (max-width: 590px) 100vw, 590px\" \/> <img loading=\"lazy\" decoding=\"async\" class=\"alignnone size-full wp-image-12551\" title=\"RandM Tornado 10000 Puffs Eldobhat\u00f3 Vape nagykereskedelem (6)\" src=\"https:\/\/www.vape4wholesale.com\/wp-content\/uploads\/2022\/08\/RandM-Tornado-10000-Puffs-Disposable-Vape-Wholesale-6.jpg\" alt=\"RandM Tornado 10000 Puffs Eldobhat\u00f3 Vape nagykereskedelem (6)\" width=\"590\" height=\"590\" srcset=\"https:\/\/www.vape4wholesale.com\/wp-content\/uploads\/2022\/08\/RandM-Tornado-10000-Puffs-Disposable-Vape-Wholesale-6.jpg 590w, https:\/\/www.vape4wholesale.com\/wp-content\/uploads\/2022\/08\/RandM-Tornado-10000-Puffs-Disposable-Vape-Wholesale-6-247x247.jpg 247w, https:\/\/www.vape4wholesale.com\/wp-content\/uploads\/2022\/08\/RandM-Tornado-10000-Puffs-Disposable-Vape-Wholesale-6-100x100.jpg 100w, https:\/\/www.vape4wholesale.com\/wp-content\/uploads\/2022\/08\/RandM-Tornado-10000-Puffs-Disposable-Vape-Wholesale-6-510x510.jpg 510w, https:\/\/www.vape4wholesale.com\/wp-content\/uploads\/2022\/08\/RandM-Tornado-10000-Puffs-Disposable-Vape-Wholesale-6-64x64.jpg 64w, https:\/\/www.vape4wholesale.com\/wp-content\/uploads\/2022\/08\/RandM-Tornado-10000-Puffs-Disposable-Vape-Wholesale-6-300x300.jpg 300w, https:\/\/www.vape4wholesale.com\/wp-content\/uploads\/2022\/08\/RandM-Tornado-10000-Puffs-Disposable-Vape-Wholesale-6-150x150.jpg 150w\" sizes=\"auto, (max-width: 590px) 100vw, 590px\" \/><\/p>","protected":false},"excerpt":{"rendered":"[scf-template id=&#8217;11434&#8242;]\n","protected":false},"featured_media":12545,"comment_status":"open","ping_status":"closed","template":"","meta":[],"pwb-brand":[1270],"product_cat":[871],"product_tag":[324,22,24,172,272],"class_list":{"0":"post-5382","1":"product","2":"type-product","3":"status-publish","4":"has-post-thumbnail","6":"pwb-brand-randm","7":"product_cat-10-15k-puffs","8":"product_tag-10000-puffs","9":"product_tag-disposable","10":"product_tag-wholesale","11":"product_tag-20-0ml","12":"product_tag-randm","13":"wcpa_has_options","15":"first","16":"outofstock","17":"shipping-taxable","18":"purchasable","19":"product-type-variable"},"aioseo_notices":[],"brands":[{"id":1270,"name":"Randm","slug":"randm"}],"_links":{"self":[{"href":"https:\/\/www.vape4wholesale.com\/hu\/wp-json\/wp\/v2\/product\/5382","targetHints":{"allow":["GET"]}}],"collection":[{"href":"https:\/\/www.vape4wholesale.com\/hu\/wp-json\/wp\/v2\/product"}],"about":[{"href":"https:\/\/www.vape4wholesale.com\/hu\/wp-json\/wp\/v2\/types\/product"}],"replies":[{"embeddable":true,"href":"https:\/\/www.vape4wholesale.com\/hu\/wp-json\/wp\/v2\/comments?post=5382"}],"wp:featuredmedia":[{"embeddable":true,"href":"https:\/\/www.vape4wholesale.com\/hu\/wp-json\/wp\/v2\/media\/12545"}],"wp:attachment":[{"href":"https:\/\/www.vape4wholesale.com\/hu\/wp-json\/wp\/v2\/media?parent=5382"}],"wp:term":[{"taxonomy":"pwb-brand","embeddable":true,"href":"https:\/\/www.vape4wholesale.com\/hu\/wp-json\/wp\/v2\/pwb-brand?post=5382"},{"taxonomy":"product_cat","embeddable":true,"href":"https:\/\/www.vape4wholesale.com\/hu\/wp-json\/wp\/v2\/product_cat?post=5382"},{"taxonomy":"product_tag","embeddable":true,"href":"https:\/\/www.vape4wholesale.com\/hu\/wp-json\/wp\/v2\/product_tag?post=5382"}],"curies":[{"name":"wp","href":"https:\/\/api.w.org\/{rel}","templated":true}]}}