{"id":5324,"date":"2022-07-20T10:51:19","date_gmt":"2022-07-20T02:51:19","guid":{"rendered":"https:\/\/www.vape4wholesale.com\/?post_type=product&#038;p=5324"},"modified":"2026-01-26T13:43:35","modified_gmt":"2026-01-26T13:43:35","slug":"bang-xxl-2000-puff-eldobhato-vape-nagykereskedelem","status":"publish","type":"product","link":"https:\/\/www.vape4wholesale.com\/hu\/product\/bang-xxl-2000-puffs-disposable-vape-wholesale","title":{"rendered":"Bang XXL 2000 Puffs eldobhat\u00f3 Vape nagykereskedelem"},"content":{"rendered":"<p>a <a href=\"https:\/\/www.vape4wholesale.com\/hu\/product_brand\/bang\/\">Bang<\/a> Az XXL 2000 vape 850mah akkumul\u00e1torral, 6.5ml 2% \/ 5% Eliquid 6.5ml folyad\u00e9kkal, max 2000 puffot t\u00e1mogat, rendeljen a vape4wholesale-n\u00e9l, hogy a legjobb \u00e1rat \u00e9s gyors sz\u00e1ll\u00edt\u00e1st kapja.<\/p>\n<p>Bemutatjuk \u00d6nnek az \u00faj technol\u00f3gia-alap\u00fa eldobhat\u00f3 vape-t, amelyet a\u00a0<strong>Bang XXL\u00a0<\/strong>Eldobhat\u00f3 Vape. Ez a vape a leg\u00fajabb t\u00edpus\u00fa bang m\u00e1rka. Ez a vape 2000 puffot tartalmaz k\u00e9sz\u00fcl\u00e9kenk\u00e9nt, ami hosszabb ideig tart, mint a piacon l\u00e9v\u0151 k\u00fcl\u00f6nb\u00f6z\u0151 m\u00e1s bang eldobhat\u00f3 eszk\u00f6z\u00f6k. A 2000 puff \u00e1tlagosan egy h\u00e9t alatt fogyaszthat\u00f3 el. A Bang XXL eldobhat\u00f3 vapek azok a cs\u00facskateg\u00f3ri\u00e1s eldobhat\u00f3 vapek, amelyek a finom \u00edzeket egy nagyon magas puff-kiadagol\u00e1s\u00fa eszk\u00f6z\u00f6n bel\u00fcl adj\u00e1k. B\u00e1r a k\u00e9sz\u00fcl\u00e9knek nincsenek gombjai, csak el kell kezdenie a p\u00e1rologtat\u00e1st, hogy bekapcsolja a k\u00e9sz\u00fcl\u00e9ket. Azonban a Bang XXL minden egyes eszk\u00f6ze k\u00f6r\u00fclbel\u00fcl 2000 puffot ad a gy\u00fcm\u00f6lcs\u00f6s, zamatos, valamint a mentolos e-levek \u00edz\u00e9b\u0151l, \u00e9s ezeknek a p\u00e1rologtat\u00f3knak minden egyes \u00edze nagyon egzotikus \u00edz\u0171. A nyelv\u00e9nek \u00edzlel\u0151bimb\u00f3i \u00e9rezni fogj\u00e1k ezeket az egzotikus \u00edzeket, \u00e9s a boldogs\u00e1g \u00e9s az \u00f6r\u00f6m \u00e9rz\u00e9s\u00e9t hagyja benned. Az eldobhat\u00f3 eszk\u00f6z teh\u00e1t az \u00edzek csod\u00e1latos k\u00fcl\u00f6nb\u00f6z\u0151 v\u00e1ltozatoss\u00e1g\u00e1t csomagolja, mint p\u00e9ld\u00e1ul a jeges ban\u00e1n e-levek, h\u0171v\u00f6s menta stb. \u00e9s ezeket az \u00edzes\u00edtett e-nedveket egy k\u00f6nnyen hordozhat\u00f3 eszk\u00f6zben hordozz\u00e1k. A k\u00e9sz\u00fcl\u00e9k 6,5 ml e-nedvvel, valamint egy hossz\u00fa \u00e9lettartam\u00fa, be\u00e9p\u00edtett 800mAh-s akkumul\u00e1torral van el\u0151re felt\u00f6ltve, amely eldobhat\u00f3. B\u00e1r az eldobhat\u00f3 k\u00e9sz\u00fcl\u00e9ket \u00fagy tervezt\u00e9k, hogy a hossz\u00fa \u00e9lettartam\u00fa e-levek az egzotikus \u00edz\u0171 arom\u00e1val legyenek. A k\u00e9sz\u00fcl\u00e9ket k\u00fcl\u00f6nb\u00f6z\u0151 min\u0151s\u00e9gi jellemz\u0151i miatt all-in-one vaping rendszerk\u00e9nt is ismerik. Az e-folyad\u00e9kban jelen l\u00e9v\u0151 nikotins\u00f3 mennyis\u00e9ge k\u00e9pes feler\u0151s\u00edteni az \u00edzek \u00edz\u00e9t a k\u00e9sz\u00fcl\u00e9kben. A k\u00e9sz\u00fcl\u00e9k mechanizmusa teljesen automatikus, haszn\u00e1lata nem bonyolult.<\/p>\n<h2><strong>Bang XXL 2000 Puffs Eldobhat\u00f3 Vape jellemz\u0151k \u00e9s specifik\u00e1ci\u00f3k<\/strong><\/h2>\n<ul>\n<li>K\u00e9sz\u00fcl\u00e9kenk\u00e9nt 2000 puff \u00e1ll rendelkez\u00e9sre.<\/li>\n<li>A k\u00e9sz\u00fcl\u00e9k csak 21+ feln\u0151tteknek sz\u00f3l, kiskor\u00faaknak nem.<\/li>\n<li>A Vg\/Pg ar\u00e1ny 70\/30 kever\u00e9k.<\/li>\n<li>A nikotin er\u0151ss\u00e9ge 5% VAGY 50MG.<\/li>\n<li>A k\u00e9sz\u00fcl\u00e9k v\u00e1rhat\u00f3 \u00e9lettartama k\u00f6r\u00fclbel\u00fcl 2 \u00e9v.<\/li>\n<li>A k\u00e9sz\u00fcl\u00e9kben l\u00e9v\u0151 E-folyad\u00e9k kapacit\u00e1sa 6,5 ml.<\/li>\n<li>Ez egy gomb n\u00e9lk\u00fcli kialak\u00edt\u00e1s.<\/li>\n<li>850mAh akkumul\u00e1tor.<\/li>\n<li>A k\u00e9sz\u00fcl\u00e9k garant\u00e1ltan 100% hiteles.<\/li>\n<\/ul>\n<h2><strong>\u00cdzek<\/strong><\/h2>\n<p>Apple Ice<br \/>\nBan\u00e1n j\u00e9g<br \/>\n\u00c1fonya j\u00e9g<br \/>\nBubblegum Ice<br \/>\nCola Ice<br \/>\nCool Mint<br \/>\nSz\u0151l\u0151 j\u00e9g<br \/>\nGumimaci<br \/>\nM\u00e9z\u00e9des dinnye<br \/>\nCitromos j\u00e9g<br \/>\nMango Guava<br \/>\nVegyes bogy\u00f3s gy\u00fcm\u00f6lcs<br \/>\nNarancs sz\u00f3da<br \/>\nBarack j\u00e9g<br \/>\nPinacolada<br \/>\nAnan\u00e1sz mang\u00f3<br \/>\nPiros alma<br \/>\nRed Raz passi\u00f3gy\u00fcm\u00f6lcs<br \/>\nEper ban\u00e1n<br \/>\nEper fagylalt<br \/>\nEper Wateymlon<br \/>\nWatermlon j\u00e9g<\/p>\n<h2><strong>Csomagol\u00e1s \u00e9s s\u00faly<\/strong><\/h2>\n<p>F\u0151 doboz m\u00e9rete: 44.5 * 43.5 * 27mm, 300 PCS bel\u00fcl, 19.5kg<\/p>\n<p><img loading=\"lazy\" decoding=\"async\" class=\"alignnone size-full wp-image-13104\" title=\"Bang XXL 2000 Puffs eldobhat\u00f3 Vape nagykereskedelem (4)\" src=\"https:\/\/www.vape4wholesale.com\/wp-content\/uploads\/2022\/07\/Bang-XXL-2000-Puffs-Disposable-Vape-Wholesale-4.jpg\" alt=\"Bang XXL 2000 Puffs eldobhat\u00f3 Vape nagykereskedelem (4)\" width=\"800\" height=\"800\" srcset=\"https:\/\/www.vape4wholesale.com\/wp-content\/uploads\/2022\/07\/Bang-XXL-2000-Puffs-Disposable-Vape-Wholesale-4.jpg 800w, https:\/\/www.vape4wholesale.com\/wp-content\/uploads\/2022\/07\/Bang-XXL-2000-Puffs-Disposable-Vape-Wholesale-4-247x247.jpg 247w, https:\/\/www.vape4wholesale.com\/wp-content\/uploads\/2022\/07\/Bang-XXL-2000-Puffs-Disposable-Vape-Wholesale-4-100x100.jpg 100w, https:\/\/www.vape4wholesale.com\/wp-content\/uploads\/2022\/07\/Bang-XXL-2000-Puffs-Disposable-Vape-Wholesale-4-510x510.jpg 510w\" sizes=\"auto, (max-width: 800px) 100vw, 800px\" \/> <img loading=\"lazy\" decoding=\"async\" class=\"alignnone size-full wp-image-13105\" title=\"Bang XXL 2000 Puffs eldobhat\u00f3 Vape nagykereskedelem (5)\" src=\"https:\/\/www.vape4wholesale.com\/wp-content\/uploads\/2022\/07\/Bang-XXL-2000-Puffs-Disposable-Vape-Wholesale-5.jpg\" alt=\"Bang XXL 2000 Puffs eldobhat\u00f3 Vape nagykereskedelem (5)\" width=\"800\" height=\"800\" srcset=\"https:\/\/www.vape4wholesale.com\/wp-content\/uploads\/2022\/07\/Bang-XXL-2000-Puffs-Disposable-Vape-Wholesale-5.jpg 800w, https:\/\/www.vape4wholesale.com\/wp-content\/uploads\/2022\/07\/Bang-XXL-2000-Puffs-Disposable-Vape-Wholesale-5-247x247.jpg 247w, https:\/\/www.vape4wholesale.com\/wp-content\/uploads\/2022\/07\/Bang-XXL-2000-Puffs-Disposable-Vape-Wholesale-5-100x100.jpg 100w, https:\/\/www.vape4wholesale.com\/wp-content\/uploads\/2022\/07\/Bang-XXL-2000-Puffs-Disposable-Vape-Wholesale-5-510x510.jpg 510w, https:\/\/www.vape4wholesale.com\/wp-content\/uploads\/2022\/07\/Bang-XXL-2000-Puffs-Disposable-Vape-Wholesale-5-64x64.jpg 64w, https:\/\/www.vape4wholesale.com\/wp-content\/uploads\/2022\/07\/Bang-XXL-2000-Puffs-Disposable-Vape-Wholesale-5-300x300.jpg 300w, https:\/\/www.vape4wholesale.com\/wp-content\/uploads\/2022\/07\/Bang-XXL-2000-Puffs-Disposable-Vape-Wholesale-5-150x150.jpg 150w, https:\/\/www.vape4wholesale.com\/wp-content\/uploads\/2022\/07\/Bang-XXL-2000-Puffs-Disposable-Vape-Wholesale-5-768x768.jpg 768w\" sizes=\"auto, (max-width: 800px) 100vw, 800px\" \/> <img loading=\"lazy\" decoding=\"async\" class=\"alignnone size-full wp-image-13106\" title=\"Bang XXL 2000 Puffs eldobhat\u00f3 Vape nagykereskedelem (6)\" src=\"https:\/\/www.vape4wholesale.com\/wp-content\/uploads\/2022\/07\/Bang-XXL-2000-Puffs-Disposable-Vape-Wholesale-6.jpg\" alt=\"Bang XXL 2000 Puffs eldobhat\u00f3 Vape nagykereskedelem (6)\" width=\"800\" height=\"800\" srcset=\"https:\/\/www.vape4wholesale.com\/wp-content\/uploads\/2022\/07\/Bang-XXL-2000-Puffs-Disposable-Vape-Wholesale-6.jpg 800w, https:\/\/www.vape4wholesale.com\/wp-content\/uploads\/2022\/07\/Bang-XXL-2000-Puffs-Disposable-Vape-Wholesale-6-247x247.jpg 247w, https:\/\/www.vape4wholesale.com\/wp-content\/uploads\/2022\/07\/Bang-XXL-2000-Puffs-Disposable-Vape-Wholesale-6-100x100.jpg 100w, https:\/\/www.vape4wholesale.com\/wp-content\/uploads\/2022\/07\/Bang-XXL-2000-Puffs-Disposable-Vape-Wholesale-6-510x510.jpg 510w, https:\/\/www.vape4wholesale.com\/wp-content\/uploads\/2022\/07\/Bang-XXL-2000-Puffs-Disposable-Vape-Wholesale-6-64x64.jpg 64w, https:\/\/www.vape4wholesale.com\/wp-content\/uploads\/2022\/07\/Bang-XXL-2000-Puffs-Disposable-Vape-Wholesale-6-300x300.jpg 300w, https:\/\/www.vape4wholesale.com\/wp-content\/uploads\/2022\/07\/Bang-XXL-2000-Puffs-Disposable-Vape-Wholesale-6-150x150.jpg 150w, https:\/\/www.vape4wholesale.com\/wp-content\/uploads\/2022\/07\/Bang-XXL-2000-Puffs-Disposable-Vape-Wholesale-6-768x768.jpg 768w\" sizes=\"auto, (max-width: 800px) 100vw, 800px\" \/> <img loading=\"lazy\" decoding=\"async\" class=\"alignnone size-full wp-image-13102\" title=\"Bang XXL 2000 Puffs eldobhat\u00f3 Vape nagykereskedelem (2)\" src=\"https:\/\/www.vape4wholesale.com\/wp-content\/uploads\/2022\/07\/Bang-XXL-2000-Puffs-Disposable-Vape-Wholesale-2.jpg\" alt=\"Bang XXL 2000 Puffs eldobhat\u00f3 Vape nagykereskedelem (2)\" width=\"800\" height=\"800\" srcset=\"https:\/\/www.vape4wholesale.com\/wp-content\/uploads\/2022\/07\/Bang-XXL-2000-Puffs-Disposable-Vape-Wholesale-2.jpg 800w, https:\/\/www.vape4wholesale.com\/wp-content\/uploads\/2022\/07\/Bang-XXL-2000-Puffs-Disposable-Vape-Wholesale-2-247x247.jpg 247w, https:\/\/www.vape4wholesale.com\/wp-content\/uploads\/2022\/07\/Bang-XXL-2000-Puffs-Disposable-Vape-Wholesale-2-100x100.jpg 100w, https:\/\/www.vape4wholesale.com\/wp-content\/uploads\/2022\/07\/Bang-XXL-2000-Puffs-Disposable-Vape-Wholesale-2-510x510.jpg 510w\" sizes=\"auto, (max-width: 800px) 100vw, 800px\" \/> <img loading=\"lazy\" decoding=\"async\" class=\"alignnone size-full wp-image-13101\" title=\"Bang XXL 2000 Puffs eldobhat\u00f3 Vape nagykereskedelem (1)\" src=\"https:\/\/www.vape4wholesale.com\/wp-content\/uploads\/2022\/07\/Bang-XXL-2000-Puffs-Disposable-Vape-Wholesale-1.jpg\" alt=\"Bang XXL 2000 Puffs eldobhat\u00f3 Vape nagykereskedelem (1)\" width=\"800\" height=\"800\" srcset=\"https:\/\/www.vape4wholesale.com\/wp-content\/uploads\/2022\/07\/Bang-XXL-2000-Puffs-Disposable-Vape-Wholesale-1.jpg 800w, https:\/\/www.vape4wholesale.com\/wp-content\/uploads\/2022\/07\/Bang-XXL-2000-Puffs-Disposable-Vape-Wholesale-1-247x247.jpg 247w, https:\/\/www.vape4wholesale.com\/wp-content\/uploads\/2022\/07\/Bang-XXL-2000-Puffs-Disposable-Vape-Wholesale-1-100x100.jpg 100w, https:\/\/www.vape4wholesale.com\/wp-content\/uploads\/2022\/07\/Bang-XXL-2000-Puffs-Disposable-Vape-Wholesale-1-510x510.jpg 510w, https:\/\/www.vape4wholesale.com\/wp-content\/uploads\/2022\/07\/Bang-XXL-2000-Puffs-Disposable-Vape-Wholesale-1-64x64.jpg 64w, https:\/\/www.vape4wholesale.com\/wp-content\/uploads\/2022\/07\/Bang-XXL-2000-Puffs-Disposable-Vape-Wholesale-1-300x300.jpg 300w, https:\/\/www.vape4wholesale.com\/wp-content\/uploads\/2022\/07\/Bang-XXL-2000-Puffs-Disposable-Vape-Wholesale-1-150x150.jpg 150w, https:\/\/www.vape4wholesale.com\/wp-content\/uploads\/2022\/07\/Bang-XXL-2000-Puffs-Disposable-Vape-Wholesale-1-768x768.jpg 768w\" sizes=\"auto, (max-width: 800px) 100vw, 800px\" \/> <img loading=\"lazy\" decoding=\"async\" class=\"alignnone size-full wp-image-13103\" title=\"Bang XXL 2000 Puffs eldobhat\u00f3 Vape nagykereskedelem (3)\" src=\"https:\/\/www.vape4wholesale.com\/wp-content\/uploads\/2022\/07\/Bang-XXL-2000-Puffs-Disposable-Vape-Wholesale-3.jpg\" alt=\"Bang XXL 2000 Puffs eldobhat\u00f3 Vape nagykereskedelem (3)\" width=\"800\" height=\"800\" srcset=\"https:\/\/www.vape4wholesale.com\/wp-content\/uploads\/2022\/07\/Bang-XXL-2000-Puffs-Disposable-Vape-Wholesale-3.jpg 800w, https:\/\/www.vape4wholesale.com\/wp-content\/uploads\/2022\/07\/Bang-XXL-2000-Puffs-Disposable-Vape-Wholesale-3-247x247.jpg 247w, https:\/\/www.vape4wholesale.com\/wp-content\/uploads\/2022\/07\/Bang-XXL-2000-Puffs-Disposable-Vape-Wholesale-3-100x100.jpg 100w, https:\/\/www.vape4wholesale.com\/wp-content\/uploads\/2022\/07\/Bang-XXL-2000-Puffs-Disposable-Vape-Wholesale-3-510x510.jpg 510w, https:\/\/www.vape4wholesale.com\/wp-content\/uploads\/2022\/07\/Bang-XXL-2000-Puffs-Disposable-Vape-Wholesale-3-64x64.jpg 64w, https:\/\/www.vape4wholesale.com\/wp-content\/uploads\/2022\/07\/Bang-XXL-2000-Puffs-Disposable-Vape-Wholesale-3-300x300.jpg 300w, https:\/\/www.vape4wholesale.com\/wp-content\/uploads\/2022\/07\/Bang-XXL-2000-Puffs-Disposable-Vape-Wholesale-3-150x150.jpg 150w, https:\/\/www.vape4wholesale.com\/wp-content\/uploads\/2022\/07\/Bang-XXL-2000-Puffs-Disposable-Vape-Wholesale-3-768x768.jpg 768w\" sizes=\"auto, (max-width: 800px) 100vw, 800px\" \/><\/p>","protected":false},"excerpt":{"rendered":"[scf-template id=&#8217;11434&#8242;]\n","protected":false},"featured_media":13102,"comment_status":"open","ping_status":"closed","template":"","meta":[],"pwb-brand":[1275],"product_cat":[25],"product_tag":[22,24,164,167,249],"class_list":{"0":"post-5324","1":"product","2":"type-product","3":"status-publish","4":"has-post-thumbnail","6":"pwb-brand-bang","7":"product_cat-2000-3000-puffs","8":"product_tag-disposable","9":"product_tag-wholesale","10":"product_tag-2000-puffs","11":"product_tag-6-5ml","12":"product_tag-bang","13":"wcpa_has_options","15":"first","16":"outofstock","17":"shipping-taxable","18":"purchasable","19":"product-type-variable"},"aioseo_notices":[],"brands":[{"id":1275,"name":"Bang","slug":"bang"}],"_links":{"self":[{"href":"https:\/\/www.vape4wholesale.com\/hu\/wp-json\/wp\/v2\/product\/5324","targetHints":{"allow":["GET"]}}],"collection":[{"href":"https:\/\/www.vape4wholesale.com\/hu\/wp-json\/wp\/v2\/product"}],"about":[{"href":"https:\/\/www.vape4wholesale.com\/hu\/wp-json\/wp\/v2\/types\/product"}],"replies":[{"embeddable":true,"href":"https:\/\/www.vape4wholesale.com\/hu\/wp-json\/wp\/v2\/comments?post=5324"}],"wp:featuredmedia":[{"embeddable":true,"href":"https:\/\/www.vape4wholesale.com\/hu\/wp-json\/wp\/v2\/media\/13102"}],"wp:attachment":[{"href":"https:\/\/www.vape4wholesale.com\/hu\/wp-json\/wp\/v2\/media?parent=5324"}],"wp:term":[{"taxonomy":"pwb-brand","embeddable":true,"href":"https:\/\/www.vape4wholesale.com\/hu\/wp-json\/wp\/v2\/pwb-brand?post=5324"},{"taxonomy":"product_cat","embeddable":true,"href":"https:\/\/www.vape4wholesale.com\/hu\/wp-json\/wp\/v2\/product_cat?post=5324"},{"taxonomy":"product_tag","embeddable":true,"href":"https:\/\/www.vape4wholesale.com\/hu\/wp-json\/wp\/v2\/product_tag?post=5324"}],"curies":[{"name":"wp","href":"https:\/\/api.w.org\/{rel}","templated":true}]}}