{"id":4681,"date":"2021-05-21T14:04:07","date_gmt":"2021-05-21T06:04:07","guid":{"rendered":"https:\/\/www.vape4wholesale.com\/?post_type=product&#038;p=4681"},"modified":"2026-01-26T13:43:56","modified_gmt":"2026-01-26T13:43:56","slug":"elf-bar-3600-eldobhato-vape-nagykereskedelem","status":"publish","type":"product","link":"https:\/\/www.vape4wholesale.com\/hu\/product\/elf-bar-3600-disposable-vape-wholesale","title":{"rendered":"Elf Bar 3600 eldobhat\u00f3 Vape nagykereskedelem"},"content":{"rendered":"<p>a <strong><a href=\"https:\/\/www.vape4wholesale.com\/hu\/product_brand\/elf-bar\/\">Man\u00f3 b\u00e1r<\/a> 3600 Eldobhat\u00f3 Vape<\/strong> 650mAh \u00fajrat\u00f6lthet\u0151 akkumul\u00e1torral, C t\u00edpus\u00fa gyors t\u00f6lt\u0151k\u00e1bellel \u00e9s 10,6ml el\u0151ret\u00f6lt\u00f6tt t\u00f6ltettel. Nagykereskedelem a Vape4Wholesale-n\u00e9l, A kir\u00e1lyi m\u00e9ret\u0171 e-folyad\u00e9k kapacit\u00e1snak k\u00f6sz\u00f6nhet\u0151en az Elf bar 3600 k\u00f6r\u00fclbel\u00fcl 3600 nagy puffot hozhat. \u00c9s az Elf bar 3600 eldobhat\u00f3 pod k\u00e9sz\u00fcl\u00e9k d\u00edszes kialak\u00edt\u00e1ssal k\u00e9sz\u00fclt, gradiens sz\u00ednekkel a mindennapi v\u00e1laszt\u00e1shoz. Mi t\u00f6bb, az Elf bar 3600 eldobhat\u00f3 pod k\u00e9sz\u00fcl\u00e9k fejlett kett\u0151s tekercset alkalmaz, hogy a legsim\u00e1bb l\u00e9g\u00e1raml\u00e1st \u00e9s ragyog\u00f3 \u00edzt hozza. Csak szerezze be az Elf bar 3600 eldobhat\u00f3 pod k\u00e9sz\u00fcl\u00e9ket, \u00e9s \u00e9lvezze a csod\u00e1latos \u00edzt.<\/p>\n<h2><strong>Elf Bar 3600 eldobhat\u00f3 vape param\u00e9terek<\/strong><\/h2>\n<ul>\n<li>M\u00e9ret: \u03c625x112mm<\/li>\n<li>E-folyad\u00e9k kapacit\u00e1s: 10.6ml<\/li>\n<li>Nikotin er\u0151ss\u00e9g: 20mg (2%)<\/li>\n<li>Akkumul\u00e1tor kapacit\u00e1s: 650mAh<\/li>\n<li>Puffok: 3600 Puffok<\/li>\n<\/ul>\n<h2><strong>Jellemz\u0151k<\/strong><\/h2>\n<p>650mAh \u00fajrat\u00f6lthet\u0151 akkumul\u00e1tor \u00e9s 10,6ml el\u0151re t\u00f6lt\u00f6tt l\u00e9<br \/>\nA term\u00e9szetb\u0151l sz\u00e1rmaz\u00f3 sima \u00edz<br \/>\nC t\u00edpus\u00fa \u00fajrat\u00f6lthet\u0151 kialak\u00edt\u00e1s a hossz\u00fa p\u00e1rologtat\u00e1shoz<br \/>\nFejlett kett\u0151s tekercs a legsim\u00e1bb l\u00e9g\u00e1raml\u00e1s\u00e9rt \u00e9s brili\u00e1ns \u00edz\u00e9rt<br \/>\nFancy design gradiens sz\u00ednekkel<\/p>\n<h2><strong>Csomag\/t\u00f6meg<\/strong><\/h2>\n<ul>\n<li>1db\/ csomag, 10 csomag\/ doboz<\/li>\n<li>400\/doboz, s\u00faly: 28kg<\/li>\n<\/ul>\n<h2><strong>Elf Bar 3600 \u00edzek<\/strong><\/h2>\n<div class=\"vi-wpvs-option-wrap vi-wpvs-option-wrap-default\" data-attribute_label=\"Banana Ice\" data-attribute_value=\"banana-ice-2\">\n<div class=\"vi-wpvs-option-wrap vi-wpvs-option-wrap-selected\" data-attribute_label=\"Banana Milk\" data-attribute_value=\"banana-milk\">\n<div class=\"vi-wpvs-option-wrap vi-wpvs-option-wrap-selected\" data-attribute_label=\"Banana Milk\" data-attribute_value=\"banana-milk\"><span class=\"vi-wpvs-option vi-wpvs-option-button\">Ban\u00e1n tej<\/span><\/div>\n<div class=\"vi-wpvs-option-wrap vi-wpvs-option-wrap-default\" data-attribute_label=\"Berry Peach\" data-attribute_value=\"berry-peach\"><span class=\"vi-wpvs-option vi-wpvs-option-button\">Bogy\u00f3 barack<\/span><\/div>\n<div class=\"vi-wpvs-option-wrap vi-wpvs-option-wrap-default\" data-attribute_label=\"Blue Razz Lemonade\" data-attribute_value=\"blue-razz-lemonade\"><span class=\"vi-wpvs-option vi-wpvs-option-button\">Blue Razz limon\u00e1d\u00e9<\/span><\/div>\n<div class=\"vi-wpvs-option-wrap vi-wpvs-option-wrap-default\" data-attribute_label=\"Jelly Bear\" data-attribute_value=\"jelly-bear\"><span class=\"vi-wpvs-option vi-wpvs-option-button\">Jelly Bear<\/span><\/div>\n<div class=\"vi-wpvs-option-wrap vi-wpvs-option-wrap-default\" data-attribute_label=\"Kiwi Passion Fruit Guava\" data-attribute_value=\"kiwi-passion-fruit-guava\"><span class=\"vi-wpvs-option vi-wpvs-option-button\">Kiwi Golgotavir\u00e1g Guava<\/span><\/div>\n<div class=\"vi-wpvs-option-wrap vi-wpvs-option-wrap-default\" data-attribute_label=\"Mango Peach Watermelon\" data-attribute_value=\"mango-peach-watermelon\"><span class=\"vi-wpvs-option vi-wpvs-option-button\">Mang\u00f3 barack g\u00f6r\u00f6gdinnye<\/span><\/div>\n<div class=\"vi-wpvs-option-wrap vi-wpvs-option-wrap-default\" data-attribute_label=\"Peach Mango Guava\" data-attribute_value=\"peach-mango-guava\"><span class=\"vi-wpvs-option vi-wpvs-option-button\">Barack Mang\u00f3 Guava<\/span><\/div>\n<div class=\"vi-wpvs-option-wrap vi-wpvs-option-wrap-default\" data-attribute_label=\"Pineapple Mango Orange\" data-attribute_value=\"pineapple-mango-orange\"><span class=\"vi-wpvs-option vi-wpvs-option-button\">Anan\u00e1sz Mang\u00f3 Narancs<\/span><\/div>\n<div class=\"vi-wpvs-option-wrap vi-wpvs-option-wrap-default\" data-attribute_label=\"Russian Cream\" data-attribute_value=\"russian-cream\"><span class=\"vi-wpvs-option vi-wpvs-option-button\">Orosz kr\u00e9m<\/span><\/div>\n<div class=\"vi-wpvs-option-wrap vi-wpvs-option-wrap-default\" data-attribute_label=\"Sour Apple\" data-attribute_value=\"sour-apple\"><span class=\"vi-wpvs-option vi-wpvs-option-button\">Savany\u00fa alma<\/span><\/div>\n<div class=\"vi-wpvs-option-wrap vi-wpvs-option-wrap-default\" data-attribute_label=\"Strawberry Kiwi\" data-attribute_value=\"strawberry-kiwi\"><span class=\"vi-wpvs-option vi-wpvs-option-button\">Eper Kiwi<\/span><\/div>\n<div class=\"vi-wpvs-option-wrap vi-wpvs-option-wrap-default\" data-attribute_label=\"Watermelon Lemon\" data-attribute_value=\"watermelon-lemon\"><span class=\"vi-wpvs-option vi-wpvs-option-button\">G\u00f6r\u00f6gdinnye citrom<\/span><\/div>\n<\/div>\n<\/div>\n<div data-attribute_label=\"Watermelon Lemon\" data-attribute_value=\"watermelon-lemon\"><\/div>\n<div data-attribute_label=\"Watermelon Lemon\" data-attribute_value=\"watermelon-lemon\">\u00a0 \u00a0\u00a0\u00a0<img loading=\"lazy\" decoding=\"async\" class=\"size-full wp-image-13537 aligncenter\" title=\"ELF BAR 3600 Eldobhat\u00f3 Vape nagykereskedelem 25\" src=\"https:\/\/www.vape4wholesale.com\/wp-content\/uploads\/2021\/05\/ELF-BAR-3600-Disposable-Vape-Wholesale-25.jpg\" alt=\"ELF BAR 3600 Eldobhat\u00f3 Vape nagykereskedelem 25\" width=\"1000\" height=\"1000\" srcset=\"https:\/\/www.vape4wholesale.com\/wp-content\/uploads\/2021\/05\/ELF-BAR-3600-Disposable-Vape-Wholesale-25.jpg 1000w, https:\/\/www.vape4wholesale.com\/wp-content\/uploads\/2021\/05\/ELF-BAR-3600-Disposable-Vape-Wholesale-25-247x247.jpg 247w, https:\/\/www.vape4wholesale.com\/wp-content\/uploads\/2021\/05\/ELF-BAR-3600-Disposable-Vape-Wholesale-25-100x100.jpg 100w, https:\/\/www.vape4wholesale.com\/wp-content\/uploads\/2021\/05\/ELF-BAR-3600-Disposable-Vape-Wholesale-25-510x510.jpg 510w, https:\/\/www.vape4wholesale.com\/wp-content\/uploads\/2021\/05\/ELF-BAR-3600-Disposable-Vape-Wholesale-25-64x64.jpg 64w, https:\/\/www.vape4wholesale.com\/wp-content\/uploads\/2021\/05\/ELF-BAR-3600-Disposable-Vape-Wholesale-25-300x300.jpg 300w, https:\/\/www.vape4wholesale.com\/wp-content\/uploads\/2021\/05\/ELF-BAR-3600-Disposable-Vape-Wholesale-25-150x150.jpg 150w, https:\/\/www.vape4wholesale.com\/wp-content\/uploads\/2021\/05\/ELF-BAR-3600-Disposable-Vape-Wholesale-25-768x768.jpg 768w\" sizes=\"auto, (max-width: 1000px) 100vw, 1000px\" \/><\/div>\n<div data-attribute_label=\"Watermelon Lemon\" data-attribute_value=\"watermelon-lemon\"><h2>MI\u00c9RT MI?<\/h2>\r\n<ul>\r\n<li>Val\u00f3di, megb\u00edzhat\u00f3 \u00e9s professzion\u00e1lis vape forr\u00e1s.<\/li>\r\n<li>100% Eredeti garancia: Csak eredeti \u00e9s val\u00f3di term\u00e9keket biztos\u00edtunk, elutas\u00edtjuk a hamis\u00edt\u00e1st.<\/li>\r\n<li>100% Sz\u00e1ll\u00edt\u00e1si garancia: A legjobb sz\u00e1ll\u00edt\u00e1si m\u00f3dszerrel biztos\u00edtjuk, hogy \u00d6n megkapja a 100% megrendel\u00e9st.<\/li>\r\n<li>A sz\u00e1ll\u00edt\u00e1s ut\u00e1n megadjuk \u00d6nnek a nyomon k\u00f6vet\u00e9si sz\u00e1mot \u00e9s a sz\u00e1ll\u00edt\u00e1si c\u00edmk\u00e9t, \u00e9s nyomon k\u00f6vetj\u00fck az \u00e1rut az \u00d6n sz\u00e1m\u00e1ra, am\u00edg al\u00e1 nem \u00edrja azt.<\/li>\r\n<li>Nincsenek v\u00e1mprobl\u00e9m\u00e1k, nincsenek v\u00e1mok<\/li>\r\n<\/ul><\/div>","protected":false},"excerpt":{"rendered":"<div class=\"wsppc_div_block woocommerce_before_add_to_cart_form\">\r\n<p><strong><span style=\"color: #00a859;\">V\u00e1mvizsg\u00e1lat<\/span> sz\u00e1ll\u00edt\u00e1s el\u0151tt \u00e9s 100% Sz\u00e1ll\u00edt\u00e1si garancia, Sz\u00e1ll\u00edt\u00e1s kb. 19-25 napon bel\u00fcl.\u00a0<\/strong><\/p>\r\n<\/div>\n<p>100% Eredeti man\u00f3cska b\u00e1r QR k\u00f3ddal<\/p>","protected":false},"featured_media":13524,"comment_status":"open","ping_status":"closed","template":"","meta":[],"pwb-brand":[1278],"product_cat":[85],"product_tag":[22,24,60,78,158],"class_list":{"0":"post-4681","1":"product","2":"type-product","3":"status-publish","4":"has-post-thumbnail","6":"pwb-brand-elf-bar","7":"product_cat-3000-4000-puffs","8":"product_tag-disposable","9":"product_tag-wholesale","10":"product_tag-elf-bar","11":"product_tag-10-8ml","12":"product_tag-3600-puffs","14":"first","15":"instock","16":"shipping-taxable","17":"purchasable","18":"product-type-variable"},"aioseo_notices":[],"brands":[{"id":1278,"name":"Man\u00f3 b\u00e1r","slug":"elf-bar"}],"_links":{"self":[{"href":"https:\/\/www.vape4wholesale.com\/hu\/wp-json\/wp\/v2\/product\/4681","targetHints":{"allow":["GET"]}}],"collection":[{"href":"https:\/\/www.vape4wholesale.com\/hu\/wp-json\/wp\/v2\/product"}],"about":[{"href":"https:\/\/www.vape4wholesale.com\/hu\/wp-json\/wp\/v2\/types\/product"}],"replies":[{"embeddable":true,"href":"https:\/\/www.vape4wholesale.com\/hu\/wp-json\/wp\/v2\/comments?post=4681"}],"wp:featuredmedia":[{"embeddable":true,"href":"https:\/\/www.vape4wholesale.com\/hu\/wp-json\/wp\/v2\/media\/13524"}],"wp:attachment":[{"href":"https:\/\/www.vape4wholesale.com\/hu\/wp-json\/wp\/v2\/media?parent=4681"}],"wp:term":[{"taxonomy":"pwb-brand","embeddable":true,"href":"https:\/\/www.vape4wholesale.com\/hu\/wp-json\/wp\/v2\/pwb-brand?post=4681"},{"taxonomy":"product_cat","embeddable":true,"href":"https:\/\/www.vape4wholesale.com\/hu\/wp-json\/wp\/v2\/product_cat?post=4681"},{"taxonomy":"product_tag","embeddable":true,"href":"https:\/\/www.vape4wholesale.com\/hu\/wp-json\/wp\/v2\/product_tag?post=4681"}],"curies":[{"name":"wp","href":"https:\/\/api.w.org\/{rel}","templated":true}]}}