{"id":3519,"date":"2021-05-18T21:03:19","date_gmt":"2021-05-18T13:03:19","guid":{"rendered":"https:\/\/www.vape4wholesale.com\/?post_type=product&#038;p=3519"},"modified":"2026-01-26T13:44:02","modified_gmt":"2026-01-26T13:44:02","slug":"elf-bar-2500-eldobhato-vape-nagykereskedelem","status":"publish","type":"product","link":"https:\/\/www.vape4wholesale.com\/hu\/product\/elf-bar-2500-disposable-vape-wholesale","title":{"rendered":"Elf Bar 2500 eldobhat\u00f3 Vape nagykereskedelem"},"content":{"rendered":"<p><a href=\"https:\/\/www.vape4wholesale.com\/hu\/product_brand\/elf-bar\/\">Man\u00f3 b\u00e1r<\/a> 2500 Eldobhat\u00f3 Vape 1400mAh akkumul\u00e1torral \u00e9s 8 ml e-juice k\u00fcl\u00f6nb\u00f6z\u0151 \u00edzekkel. 5% vagy 2% salt nic-et tartalmaz, ak\u00e1r 2500 puffot is t\u00e1mogat.<\/p>\n<p><span class=\"src\" data-group=\"0-0\">Stabil teljes\u00edtm\u00e9nyt \u00e9s gazdag \u00edzt biztos\u00edt minden egyes puffban.<\/span><span class=\"src\" data-group=\"0-1\">\u00a0az eldobhat\u00f3 e-cigarett\u00e1k k\u00f6z\u00fcl a legsim\u00e1bb, legteljesebb \u00e9lm\u00e9nyt ny\u00fajtja.<\/span><\/p>\n<h2>Elf Bar 2500 eldobhat\u00f3 Vape gyors r\u00e9szletez\u00e9s<\/h2>\n<p>M\u00e9ret: 108 x 23mm<br \/>\nE-folyad\u00e9k Kapacit\u00e1s: 8ml<br \/>\nNikotin er\u0151ss\u00e9ge: 5%\/2%\/2%SE<br \/>\nAkkumul\u00e1tor kapacit\u00e1s: 1400mAh<br \/>\nPuffok: 2500 Puffok<\/p>\n<h2>Advantanges<\/h2>\n<p>F\u00fcgg\u0151leges kett\u0151s tekercsszerkezet biztos\u00edtja az \u00edz tisztas\u00e1g\u00e1t<br \/>\nNagyobb akkumul\u00e1tor kapacit\u00e1s \u00e9s nagyobb e-folyad\u00e9k kapacit\u00e1s<br \/>\nSt\u00edlusos \u00e1rnyalatok sima k\u00e9z\u00e9rzettel<br \/>\nT\u00f6bb gy\u00fcm\u00f6lcs\u00f6s \u00edz felel meg a k\u00fcl\u00f6nb\u00f6z\u0151 ig\u00e9nyeknek<\/p>\n<h2>\u00cdzek<\/h2>\n<p>Ban\u00e1n tej<br \/>\nBlue Razz limon\u00e1d\u00e9<br \/>\nL\u00e9d\u00fas barack<br \/>\nR\u00f3zsasz\u00edn limon\u00e1d\u00e9<br \/>\nEper j\u00e9g<br \/>\nSavany\u00fa alma<br \/>\nK\u00f3kuszdi\u00f3 dinnye<br \/>\nBarack Mang\u00f3 Guava<br \/>\nMang\u00f3 barack g\u00f6r\u00f6gdinnye<br \/>\nSz\u0151l\u0151 energia<\/p>\n<p><img loading=\"lazy\" decoding=\"async\" class=\"alignnone size-full wp-image-26795\" title=\"Elf Bar 2500 Eldobhat\u00f3 Vape nagykereskedelmi csomagolva (16)\" src=\"https:\/\/www.vape4wholesale.com\/wp-content\/uploads\/2021\/05\/Elf-Bar-2500-Disposable-Vape-Wholesale_Packed-16-1.jpg\" alt=\"Elf Bar 2500 Eldobhat\u00f3 Vape nagykereskedelmi csomagolva (16)\" width=\"600\" height=\"600\" srcset=\"https:\/\/www.vape4wholesale.com\/wp-content\/uploads\/2021\/05\/Elf-Bar-2500-Disposable-Vape-Wholesale_Packed-16-1.jpg 600w, https:\/\/www.vape4wholesale.com\/wp-content\/uploads\/2021\/05\/Elf-Bar-2500-Disposable-Vape-Wholesale_Packed-16-1-300x300.jpg 300w, https:\/\/www.vape4wholesale.com\/wp-content\/uploads\/2021\/05\/Elf-Bar-2500-Disposable-Vape-Wholesale_Packed-16-1-150x150.jpg 150w, https:\/\/www.vape4wholesale.com\/wp-content\/uploads\/2021\/05\/Elf-Bar-2500-Disposable-Vape-Wholesale_Packed-16-1-12x12.jpg 12w, https:\/\/www.vape4wholesale.com\/wp-content\/uploads\/2021\/05\/Elf-Bar-2500-Disposable-Vape-Wholesale_Packed-16-1-247x247.jpg 247w, https:\/\/www.vape4wholesale.com\/wp-content\/uploads\/2021\/05\/Elf-Bar-2500-Disposable-Vape-Wholesale_Packed-16-1-510x510.jpg 510w, https:\/\/www.vape4wholesale.com\/wp-content\/uploads\/2021\/05\/Elf-Bar-2500-Disposable-Vape-Wholesale_Packed-16-1-100x100.jpg 100w\" sizes=\"auto, (max-width: 600px) 100vw, 600px\" \/><\/p>","protected":false},"excerpt":{"rendered":"<div class=\"wsppc_div_block woocommerce_before_add_to_cart_form\">\r\n<p><strong><span style=\"color: #00a859;\">V\u00e1mvizsg\u00e1lat<\/span> sz\u00e1ll\u00edt\u00e1s el\u0151tt \u00e9s 100% Sz\u00e1ll\u00edt\u00e1si garancia, Sz\u00e1ll\u00edt\u00e1s kb. 19-25 napon bel\u00fcl.\u00a0<\/strong><\/p>\r\n<\/div>","protected":false},"featured_media":26795,"comment_status":"open","ping_status":"closed","template":"","meta":[],"pwb-brand":[1278],"product_cat":[25],"product_tag":[22,24,27,60,70],"class_list":{"0":"post-3519","1":"product","2":"type-product","3":"status-publish","4":"has-post-thumbnail","6":"pwb-brand-elf-bar","7":"product_cat-2000-3000-puffs","8":"product_tag-disposable","9":"product_tag-wholesale","10":"product_tag-2500-puffs","11":"product_tag-elf-bar","12":"product_tag-8-0ml","14":"first","15":"instock","16":"shipping-taxable","17":"purchasable","18":"product-type-variable"},"aioseo_notices":[],"brands":[{"id":1278,"name":"Man\u00f3 b\u00e1r","slug":"elf-bar"}],"_links":{"self":[{"href":"https:\/\/www.vape4wholesale.com\/hu\/wp-json\/wp\/v2\/product\/3519","targetHints":{"allow":["GET"]}}],"collection":[{"href":"https:\/\/www.vape4wholesale.com\/hu\/wp-json\/wp\/v2\/product"}],"about":[{"href":"https:\/\/www.vape4wholesale.com\/hu\/wp-json\/wp\/v2\/types\/product"}],"replies":[{"embeddable":true,"href":"https:\/\/www.vape4wholesale.com\/hu\/wp-json\/wp\/v2\/comments?post=3519"}],"wp:featuredmedia":[{"embeddable":true,"href":"https:\/\/www.vape4wholesale.com\/hu\/wp-json\/wp\/v2\/media\/26795"}],"wp:attachment":[{"href":"https:\/\/www.vape4wholesale.com\/hu\/wp-json\/wp\/v2\/media?parent=3519"}],"wp:term":[{"taxonomy":"pwb-brand","embeddable":true,"href":"https:\/\/www.vape4wholesale.com\/hu\/wp-json\/wp\/v2\/pwb-brand?post=3519"},{"taxonomy":"product_cat","embeddable":true,"href":"https:\/\/www.vape4wholesale.com\/hu\/wp-json\/wp\/v2\/product_cat?post=3519"},{"taxonomy":"product_tag","embeddable":true,"href":"https:\/\/www.vape4wholesale.com\/hu\/wp-json\/wp\/v2\/product_tag?post=3519"}],"curies":[{"name":"wp","href":"https:\/\/api.w.org\/{rel}","templated":true}]}}