{"id":29175,"date":"2026-01-29T07:38:34","date_gmt":"2026-01-29T07:38:34","guid":{"rendered":"https:\/\/www.vape4wholesale.com\/?post_type=product&#038;p=29175"},"modified":"2026-04-07T17:10:19","modified_gmt":"2026-04-07T09:10:19","slug":"happ-bar-gr100k-pro-eldobhato-vape-nagykereskedelem","status":"publish","type":"product","link":"https:\/\/www.vape4wholesale.com\/hu\/product\/happ-bar-gr100k-pro-disposable-vape-wholesale","title":{"rendered":"Happ Bar GR100K Pro Eldobhat\u00f3 Vape nagykereskedelem"},"content":{"rendered":"<p>A <a title=\"Happ b\u00e1r\" href=\"\/hu\/product_brand\/boldog-bar\/\" target=\"_blank\" rel=\"noopener\">Happ b\u00e1r<\/a> A GR100K Pro Eldobhat\u00f3 Vape a Happ Bar GR sorozat leg\u00fajabb fejleszt\u00e9se. A GR30K \u00e9s GR50K ikonikus diz\u00e1jnj\u00e1t mesterien integr\u00e1lva a GR100K Pro jelent\u0151s fejleszt\u00e9sekkel mindent a k\u00f6vetkez\u0151 szintre emel. Ez k\u00e9pviseli sorozatunk cs\u00facs\u00e1t, amely a tart\u00f3s teljes\u00edtm\u00e9ny \u00e9s a kifinomult eszt\u00e9tika p\u00e1ratlan kombin\u00e1ci\u00f3j\u00e1t k\u00edn\u00e1lja.<\/p>\n<p>A rendk\u00edv\u00fcli hossz\u00fa \u00e9lettartamra \u00e9s k\u00e9nyelemre tervezett k\u00e9sz\u00fcl\u00e9k hatalmas\u00a0<strong>100,000 puff<\/strong>\u00a0a nagylelk\u0171\u00a0<strong>56ml<\/strong>\u00a0el\u0151ret\u00f6lt\u00f6tt e-folyad\u00e9k kapacit\u00e1s \u00e9s hossz\u00fa \u00e9lettartam\u00fa\u00a0<strong>650mAh<\/strong>\u00a0\u00fajrat\u00f6lthet\u0151 akkumul\u00e1tor. A k\u00e9sz\u00fcl\u00e9k modern\u00a0<strong>C-t\u00edpus\u00fa<\/strong>\u00a0t\u00f6lt\u0151port a gyors felt\u00f6lt\u00e9shez, \u00e9s egy\u00a0<strong>1.0ohm<\/strong>\u00a0tekercs a k\u00f6vetkezetesen sima \u00e9s \u00edzletes g\u0151ztermel\u00e9s biztos\u00edt\u00e1sa \u00e9rdek\u00e9ben. El\u00e9rhet\u0151\u00a0<strong>2%<\/strong>\u00a0\u00e9s\u00a0<strong>5%<\/strong>\u00a0nikotiner\u0151ss\u00e9g az \u00d6n preferenci\u00e1inak megfelel\u0151en.<\/p>\n<h2 class=\"ds-markdown-paragraph\"><strong>Happ Bar GR100K Pro Eldobhat\u00f3 Vape Key specifik\u00e1ci\u00f3k<\/strong><\/h2>\n<ul>\n<li class=\"ds-markdown-paragraph\">Massz\u00edv Puff sz\u00e1m: \u00c9lvezze a rendk\u00edv\u00fcli 100 000 slukkot a hosszan tart\u00f3 el\u00e9gedetts\u00e9g\u00e9rt.<\/li>\n<li class=\"ds-markdown-paragraph\">Nikotin er\u0151ss\u00e9g: 2% \u00e9s 5% nikotin koncentr\u00e1ci\u00f3ban kaphat\u00f3, hogy megfeleljen az \u00d6n preferenci\u00e1inak.<\/li>\n<li class=\"ds-markdown-paragraph\">Nagy kapacit\u00e1s\u00fa akkumul\u00e1tor: Megb\u00edzhat\u00f3 650mAh kapacit\u00e1s\u00fa be\u00e9p\u00edtett akkumul\u00e1torral.<\/li>\n<li class=\"ds-markdown-paragraph\">K\u00e9nyelmes \u00fajrat\u00f6lt\u00e9s: C t\u00edpus\u00fa t\u00f6lt\u0151porttal rendelkezik a gyors \u00e9s egyszer\u0171 felt\u00f6lt\u00e9s \u00e9rdek\u00e9ben.<\/li>\n<li class=\"ds-markdown-paragraph\">Nagyvonal\u00fa E-folyad\u00e9k kapacit\u00e1s: 56ml pr\u00e9mium e-folyad\u00e9kkal el\u0151re felt\u00f6ltve.<\/li>\n<li class=\"ds-markdown-paragraph\">Optim\u00e1lis tekercsellen\u00e1ll\u00e1s: 1,0ohm-os h\u00e1l\u00f3s tekerccsel felszerelve a sima, egyenletes \u00e9s \u00edzletes g\u0151ztermel\u00e9s \u00e9rdek\u00e9ben.<\/li>\n<\/ul>\n<h2><strong>El\u00e9rhet\u0151 \u00edzek<\/strong><\/h2>\n<p>01. K\u00f3kuszdi\u00f3-dinnye j\u00e9g<br \/>\n02. R\u00f3zsasz\u00edn limon\u00e1d\u00e9<br \/>\n03. Lemon Hail<br \/>\n04. San Francisco (narancs, citrom \u00e9s barack vegyesen)<br \/>\n05. Tr\u00f3pusi gy\u00fcm\u00f6lcs j\u00e9g<br \/>\n06. Blue Mountain (menta \u00e9s piros bogy\u00f3s gy\u00fcm\u00f6lcs\u00f6k vegyesen)<br \/>\n07. Love 66<br \/>\n08. Epres kivi<br \/>\n09. G\u00f6r\u00f6gdinnye j\u00e9g<br \/>\n10. Fekete s\u00e1rk\u00e1ny eper j\u00e9g<br \/>\n11. Epres g\u00f6r\u00f6gdinnye<br \/>\n12. Mr Blue<br \/>\n13. Barackos j\u00e9ges\u0151<br \/>\n14. Ny\u00e1ri \u00e1lom<br \/>\n15. K\u00e9k eper j\u00e9g<\/p>\n<figure id=\"attachment_29169\" aria-describedby=\"caption-attachment-29169\" style=\"width: 800px\" class=\"wp-caption alignnone\"><img loading=\"lazy\" decoding=\"async\" class=\"size-full wp-image-29169\" title=\"Happ Bar GR100K Pro Eldobhat\u00f3 Vape nagykereskedelem 06\" src=\"https:\/\/www.vape4wholesale.com\/wp-content\/uploads\/2026\/01\/Happ-Bar-GR100K-Pro-Disposable-Vape-Wholesale_06.webp\" alt=\"Happ Bar GR100K Pro Eldobhat\u00f3 Vape nagykereskedelem 06\" width=\"800\" height=\"800\" srcset=\"https:\/\/www.vape4wholesale.com\/wp-content\/uploads\/2026\/01\/Happ-Bar-GR100K-Pro-Disposable-Vape-Wholesale_06.webp 800w, https:\/\/www.vape4wholesale.com\/wp-content\/uploads\/2026\/01\/Happ-Bar-GR100K-Pro-Disposable-Vape-Wholesale_06-300x300.webp 300w, https:\/\/www.vape4wholesale.com\/wp-content\/uploads\/2026\/01\/Happ-Bar-GR100K-Pro-Disposable-Vape-Wholesale_06-150x150.webp 150w, https:\/\/www.vape4wholesale.com\/wp-content\/uploads\/2026\/01\/Happ-Bar-GR100K-Pro-Disposable-Vape-Wholesale_06-768x768.webp 768w, https:\/\/www.vape4wholesale.com\/wp-content\/uploads\/2026\/01\/Happ-Bar-GR100K-Pro-Disposable-Vape-Wholesale_06-12x12.webp 12w, https:\/\/www.vape4wholesale.com\/wp-content\/uploads\/2026\/01\/Happ-Bar-GR100K-Pro-Disposable-Vape-Wholesale_06-247x247.webp 247w, https:\/\/www.vape4wholesale.com\/wp-content\/uploads\/2026\/01\/Happ-Bar-GR100K-Pro-Disposable-Vape-Wholesale_06-510x510.webp 510w, https:\/\/www.vape4wholesale.com\/wp-content\/uploads\/2026\/01\/Happ-Bar-GR100K-Pro-Disposable-Vape-Wholesale_06-100x100.webp 100w\" sizes=\"auto, (max-width: 800px) 100vw, 800px\" \/><figcaption id=\"caption-attachment-29169\" class=\"wp-caption-text\">Happ Bar GR100K Pro Eldobhat\u00f3 Vape nagykereskedelem<\/figcaption><\/figure>\n<h2>MI\u00c9RT MI?<\/h2>\r\n<ul>\r\n<li>Val\u00f3di, megb\u00edzhat\u00f3 \u00e9s professzion\u00e1lis vape forr\u00e1s.<\/li>\r\n<li>100% Eredeti garancia: Csak eredeti \u00e9s val\u00f3di term\u00e9keket biztos\u00edtunk, elutas\u00edtjuk a hamis\u00edt\u00e1st.<\/li>\r\n<li>100% Sz\u00e1ll\u00edt\u00e1si garancia: A legjobb sz\u00e1ll\u00edt\u00e1si m\u00f3dszerrel biztos\u00edtjuk, hogy \u00d6n megkapja a 100% megrendel\u00e9st.<\/li>\r\n<li>A sz\u00e1ll\u00edt\u00e1s ut\u00e1n megadjuk \u00d6nnek a nyomon k\u00f6vet\u00e9si sz\u00e1mot \u00e9s a sz\u00e1ll\u00edt\u00e1si c\u00edmk\u00e9t, \u00e9s nyomon k\u00f6vetj\u00fck az \u00e1rut az \u00d6n sz\u00e1m\u00e1ra, am\u00edg al\u00e1 nem \u00edrja azt.<\/li>\r\n<li>Nincsenek v\u00e1mprobl\u00e9m\u00e1k, nincsenek v\u00e1mok<\/li>\r\n<\/ul>","protected":false},"excerpt":{"rendered":"<p><b><span style=\"color: #00a859;\">Ingyenes sz\u00e1ll\u00edt\u00e1s<\/span>\u00a0eur\u00f3pai rakt\u00e1rb\u00f3l, 7-15 munkanapos sz\u00e1ll\u00edt\u00e1si id\u0151vel.<\/b><\/p>\r\n<div class=\"wsppc_div_block woocommerce_before_add_to_cart_form\">\r\n<p><strong>Sz\u00e1ll\u00edt\u00e1s el\u0151tti v\u00e1mkezel\u00e9s &amp; 100% sz\u00e1ll\u00edt\u00e1si garancia<\/strong><\/p>\r\n<\/div>","protected":false},"featured_media":29170,"comment_status":"open","ping_status":"closed","template":"","meta":[],"pwb-brand":[1267],"product_cat":[938],"product_tag":[22,24,1035,1203,1217],"class_list":{"0":"post-29175","1":"product","2":"type-product","3":"status-publish","4":"has-post-thumbnail","6":"pwb-brand-happ-bar","7":"product_cat-europe-warehouse","8":"product_tag-disposable","9":"product_tag-wholesale","10":"product_tag-happ-bar","11":"product_tag-56-0ml","12":"product_tag-100000-puffs","13":"product_shipping_class-eu-warehouse","14":"wcpa_has_options","16":"first","17":"instock","18":"shipping-taxable","19":"purchasable","20":"product-type-variable"},"aioseo_notices":[],"brands":[{"id":1267,"name":"Happ b\u00e1r","slug":"boldog-bar"}],"_links":{"self":[{"href":"https:\/\/www.vape4wholesale.com\/hu\/wp-json\/wp\/v2\/product\/29175","targetHints":{"allow":["GET"]}}],"collection":[{"href":"https:\/\/www.vape4wholesale.com\/hu\/wp-json\/wp\/v2\/product"}],"about":[{"href":"https:\/\/www.vape4wholesale.com\/hu\/wp-json\/wp\/v2\/types\/product"}],"replies":[{"embeddable":true,"href":"https:\/\/www.vape4wholesale.com\/hu\/wp-json\/wp\/v2\/comments?post=29175"}],"wp:featuredmedia":[{"embeddable":true,"href":"https:\/\/www.vape4wholesale.com\/hu\/wp-json\/wp\/v2\/media\/29170"}],"wp:attachment":[{"href":"https:\/\/www.vape4wholesale.com\/hu\/wp-json\/wp\/v2\/media?parent=29175"}],"wp:term":[{"taxonomy":"pwb-brand","embeddable":true,"href":"https:\/\/www.vape4wholesale.com\/hu\/wp-json\/wp\/v2\/pwb-brand?post=29175"},{"taxonomy":"product_cat","embeddable":true,"href":"https:\/\/www.vape4wholesale.com\/hu\/wp-json\/wp\/v2\/product_cat?post=29175"},{"taxonomy":"product_tag","embeddable":true,"href":"https:\/\/www.vape4wholesale.com\/hu\/wp-json\/wp\/v2\/product_tag?post=29175"}],"curies":[{"name":"wp","href":"https:\/\/api.w.org\/{rel}","templated":true}]}}