{"id":25425,"date":"2025-10-24T01:05:24","date_gmt":"2025-10-23T17:05:24","guid":{"rendered":"https:\/\/www.vape4wholesale.com\/?post_type=product&#038;p=25425"},"modified":"2026-03-19T19:06:00","modified_gmt":"2026-03-19T11:06:00","slug":"vozol-star-40000-puff-eldobhato-vape-nagykereskedelem","status":"publish","type":"product","link":"https:\/\/www.vape4wholesale.com\/hu\/product\/vozol-star-40000-puffs-disposable-vape-wholesale","title":{"rendered":"Vozol Star 40000 Puffs Eldobhat\u00f3 Vape nagykereskedelem"},"content":{"rendered":"<p class=\"ds-markdown-paragraph\">A <a title=\"Vozol\" href=\"\/hu\/product_brand\/vozol\/\" target=\"_blank\" rel=\"noopener\"><strong>Vozol<\/strong><\/a> A Star 40000 Puffs Eldobhat\u00f3 Vape \u00faj m\u00e9rc\u00e9t \u00e1ll\u00edt fel a hossz\u00fa \u00e9lettartam \u00e9s a k\u00e9nyelem ter\u00e9n az eldobhat\u00f3 vap\u00e9k vil\u00e1g\u00e1ban. A p\u00e9lda n\u00e9lk\u00fcli \u00e9lm\u00e9ny ny\u00fajt\u00e1s\u00e1ra tervezett k\u00e9sz\u00fcl\u00e9k hatalmas, 20 ml-es el\u0151ret\u00f6lt\u00f6tt e-folyad\u00e9k kapacit\u00e1st kombin\u00e1l egy robusztus, 1000mAh-s be\u00e9p\u00edtett akkumul\u00e1torral, amely ak\u00e1r hihetetlen\u00fcl sok, 40 000 puffot biztos\u00edt. V\u00e1lassza ki a t\u00f6k\u00e9letes intenzit\u00e1st a 20mg\/ml vagy 50mg\/ml nikotin er\u0151ss\u00e9g\u0171 opci\u00f3kkal.<\/p>\n<p class=\"ds-markdown-paragraph\">Az innovat\u00edv kett\u0151s \u00fczemm\u00f3d\u00fa rendszerrel a testreszab\u00e1s az \u00d6n kez\u00e9ben van. V\u00e1ltson a \"Regular\" \u00fczemm\u00f3d k\u00f6z\u00f6tt a hosszabb, sim\u00e1bb h\u00faz\u00e1sokhoz, vagy aktiv\u00e1lja a \"Surge\" \u00fczemm\u00f3dot a nagyobb, er\u0151teljesebb felh\u0151kh\u00f6z. Ez a sokoldal\u00fas\u00e1g lehet\u0151v\u00e9 teszi, hogy a p\u00e1rol\u00e1si munkamenetet a hangulat\u00e1hoz \u00e9s a preferenci\u00e1ihoz igaz\u00edtsa, \u00edgy teljes m\u00e9rt\u00e9kben \u00d6n ir\u00e1ny\u00edthat.<\/p>\n<p class=\"ds-markdown-paragraph\">A Vozol Star teljes\u00edtm\u00e9ny\u00e9n t\u00falmen\u0151en kifinomult \u00e9s praktikus kialak\u00edt\u00e1ssal is b\u00fcszk\u00e9lkedhet. A teste egyedi, k\u0151zetszer\u0171 text\u00far\u00e1val rendelkezik, ami k\u00fcl\u00f6nleges megjelen\u00e9st \u00e9s biztos fog\u00e1st biztos\u00edt. Egy tiszta, f\u00fcgg\u0151leges kijelz\u0151 fut v\u00e9gig a k\u00e9sz\u00fcl\u00e9ken, amely val\u00f3s idej\u0171 leolvas\u00e1st biztos\u00edt az e-folyad\u00e9k \u00e9s az akkumul\u00e1tor szintj\u00e9r\u0151l. A v\u00e9gs\u0151 higi\u00e9nia \u00e9s v\u00e9delem \u00e9rdek\u00e9ben a k\u00e9sz\u00fcl\u00e9khez tartozik egy k\u00fcl\u00f6n por\u00e1ll\u00f3 kupak, amely haszn\u00e1laton k\u00edv\u00fcl tiszt\u00e1n tartja a sz\u00e1jr\u00e9sz\u00e9t.<\/p>\n<h2 class=\"ds-markdown-paragraph\"><strong>Vozol Star 40000 Puffs Eldobhat\u00f3 Vape f\u0151bb jellemz\u0151i<\/strong><\/h2>\n<ol>\n<li class=\"ds-markdown-paragraph\">Massz\u00edv Puff sz\u00e1m: \u00c9lvezze a hosszabb vaping \u00e9lm\u00e9nyt, ak\u00e1r 40.000 puffol\u00e1ssal egyetlen k\u00e9sz\u00fcl\u00e9kb\u0151l.<\/li>\n<li class=\"ds-markdown-paragraph\">Nagy kapacit\u00e1s: 35ml e-folyad\u00e9kkal el\u0151re felt\u00f6ltve, megb\u00edzhat\u00f3 1000mAh-s akkumul\u00e1torral.<\/li>\n<li class=\"ds-markdown-paragraph\">Kett\u0151s szaggat\u00e1si m\u00f3dok: K\u00e9t k\u00fcl\u00f6nb\u00f6z\u0151 \u00fczemm\u00f3ddal testre szabhatja a tal\u00e1latot.\u00a0<strong>Norm\u00e1l m\u00f3d<\/strong>: A hosszabb, sim\u00e1bb sz\u00edv\u00e1s\u00e9rt &amp; <strong>T\u00falfesz\u00fclts\u00e9g \u00fczemm\u00f3d<\/strong>: Nagyobb, intenz\u00edvebb felh\u0151kh\u00f6z.<\/li>\n<li class=\"ds-markdown-paragraph\">Egyed\u00fcl\u00e1ll\u00f3 szikla-szerkezet\u0171 design: K\u0151zetszer\u0171 text\u00far\u00e1j\u00fa, jellegzetes \u00e9s st\u00edlusos testtel rendelkezik a pr\u00e9mium megjelen\u00e9s \u00e9s \u00e9rz\u00e9s \u00e9rdek\u00e9ben.<\/li>\n<li class=\"ds-markdown-paragraph\">Teljes hossz\u00fas\u00e1g\u00fa f\u00fcgg\u0151leges kijelz\u0151: Egy eleg\u00e1ns, f\u00fcgg\u0151legesen elhelyezett k\u00e9perny\u0151 fut v\u00e9gig a k\u00e9sz\u00fcl\u00e9ken, amely vil\u00e1gos, val\u00f3s idej\u0171 inform\u00e1ci\u00f3kat ny\u00fajt az e-folyad\u00e9k szintj\u00e9r\u0151l \u00e9s az akkumul\u00e1tor kapacit\u00e1s\u00e1r\u00f3l.<\/li>\n<li class=\"ds-markdown-paragraph\">Higi\u00e9nikus por\u00e1ll\u00f3 kupak: Egyedi v\u00e9d\u0151sapk\u00e1val. Amikor nincs haszn\u00e1latban, egyszer\u0171en fedje le a sz\u00f3r\u00f3fejet, hogy tiszt\u00e1n \u00e9s por- \u00e9s t\u00f6rmel\u00e9kmentesen tartsa.<\/li>\n<\/ol>\n<h2><strong>Gyors r\u00e9szletek<\/strong><\/h2>\n<ul>\n<li class=\"ds-markdown-paragraph\"><strong>Puff:<\/strong>\u00a040000-ig<\/li>\n<li class=\"ds-markdown-paragraph\"><strong>E-folyad\u00e9k kapacit\u00e1s:<\/strong> 35ml (el\u0151ret\u00f6ltve)<\/li>\n<li class=\"ds-markdown-paragraph\"><strong>Akkumul\u00e1tor:<\/strong>\u00a01000mAh \u00fajrat\u00f6lthet\u0151<\/li>\n<li class=\"ds-markdown-paragraph\"><strong>Nikotin er\u0151ss\u00e9g:<\/strong>\u00a020mg\/ml vagy 50mg\/ml<\/li>\n<li class=\"ds-markdown-paragraph\"><strong>M\u00f3dok:<\/strong>\u00a0Kett\u0151s \u00fczemm\u00f3d (norm\u00e1l \u00e9s t\u00falfesz\u00fclts\u00e9g)<\/li>\n<li class=\"ds-markdown-paragraph\"><strong>Tervez\u00e9s:<\/strong>\u00a0Egyedi szikla text\u00far\u00e1j\u00fa test<\/li>\n<li class=\"ds-markdown-paragraph\"><strong>Megjelen\u00edt\u00e9s:<\/strong>\u00a0F\u00fcgg\u0151leges E-folyad\u00e9k \u00e9s akkumul\u00e1tor teljes\u00edtm\u00e9ny k\u00e9perny\u0151<\/li>\n<li class=\"ds-markdown-paragraph\"><strong>Jellemz\u0151:<\/strong>\u00a0Higi\u00e9nikus por\u00e1ll\u00f3 sz\u00e1jr\u00e9sz sapka<\/li>\n<\/ul>\n<h2 class=\"ds-markdown-paragraph\"><strong>Vozol Star 40000 <\/strong><strong>El\u00e9rhet\u0151 \u00edzek<\/strong><\/h2>\n<p>1. K\u00e9k Razz Ice<br \/>\n2. \u00c1fony\u00e1s j\u00e9g<br \/>\n3. \u00c1fonya menta<br \/>\n4. \u00c1fonya g\u00f6r\u00f6gdinnye<br \/>\n5. Cherimoya Grapefruit bogy\u00f3k<br \/>\n6. Cherry Cola<br \/>\n7. Sz\u0151l\u0151 j\u00e9g<br \/>\n8. Mang\u00f3 j\u00e9g<br \/>\n9. Mang\u00f3 barack<br \/>\n10. Dinnye r\u00e1g\u00f3gumi<br \/>\n11. Dinnye j\u00e9g<br \/>\n12. Barack j\u00e9g<br \/>\n13. Savany\u00fa alma j\u00e9g<br \/>\n14. Eper j\u00e9g<br \/>\n15. Eper Kiwi<br \/>\n16. Epres g\u00f6r\u00f6gdinnye<br \/>\n17. Eperz\u00f6lds\u00e9g barack<br \/>\n18. Vzbull<br \/>\n19. G\u00f6r\u00f6gdinnye r\u00e1g\u00f3gumi<br \/>\n20. G\u00f6r\u00f6gdinnye Sz\u0151l\u0151 Boysenberry<br \/>\n21. G\u00f6r\u00f6gdinnye j\u00e9g<br \/>\n22. G\u00f6r\u00f6gdinnye savany\u00fa barack<br \/>\n23. Feh\u00e9r barack m\u00e1lna<\/p>\n<h2><strong>Csomagol\u00e1s r\u00e9szletei<\/strong><\/h2>\n<p>1 PC\/egyetlen kis doboz<br \/>\n10 PCS\/Display Box<br \/>\n200 db\/doboz<\/p>\n<figure id=\"attachment_25462\" aria-describedby=\"caption-attachment-25462\" style=\"width: 800px\" class=\"wp-caption alignnone\"><img loading=\"lazy\" decoding=\"async\" class=\"size-full wp-image-25462\" title=\"Vozol Star 40000 eldobhat\u00f3 vape nagykereskedelem Peach Ice\" src=\"https:\/\/www.vape4wholesale.com\/wp-content\/uploads\/2025\/10\/Vozol-Star-40000-Disposable-Vape-Wholesale_Peach-Ice.webp\" alt=\"Vozol Star 40000 eldobhat\u00f3 vape nagykereskedelem Peach Ice\" width=\"800\" height=\"800\" srcset=\"https:\/\/www.vape4wholesale.com\/wp-content\/uploads\/2025\/10\/Vozol-Star-40000-Disposable-Vape-Wholesale_Peach-Ice.webp 800w, https:\/\/www.vape4wholesale.com\/wp-content\/uploads\/2025\/10\/Vozol-Star-40000-Disposable-Vape-Wholesale_Peach-Ice-247x247.webp 247w, https:\/\/www.vape4wholesale.com\/wp-content\/uploads\/2025\/10\/Vozol-Star-40000-Disposable-Vape-Wholesale_Peach-Ice-100x100.webp 100w, https:\/\/www.vape4wholesale.com\/wp-content\/uploads\/2025\/10\/Vozol-Star-40000-Disposable-Vape-Wholesale_Peach-Ice-510x510.webp 510w, https:\/\/www.vape4wholesale.com\/wp-content\/uploads\/2025\/10\/Vozol-Star-40000-Disposable-Vape-Wholesale_Peach-Ice-300x300.webp 300w, https:\/\/www.vape4wholesale.com\/wp-content\/uploads\/2025\/10\/Vozol-Star-40000-Disposable-Vape-Wholesale_Peach-Ice-150x150.webp 150w, https:\/\/www.vape4wholesale.com\/wp-content\/uploads\/2025\/10\/Vozol-Star-40000-Disposable-Vape-Wholesale_Peach-Ice-768x768.webp 768w, https:\/\/www.vape4wholesale.com\/wp-content\/uploads\/2025\/10\/Vozol-Star-40000-Disposable-Vape-Wholesale_Peach-Ice-12x12.webp 12w, https:\/\/www.vape4wholesale.com\/wp-content\/uploads\/2025\/10\/Vozol-Star-40000-Disposable-Vape-Wholesale_Peach-Ice-64x64.webp 64w\" sizes=\"auto, (max-width: 800px) 100vw, 800px\" \/><figcaption id=\"caption-attachment-25462\" class=\"wp-caption-text\">Vozol Star 40000 Eldobhat\u00f3 Vape nagykereskedelem<\/figcaption><\/figure>\n<h2>MI\u00c9RT MI?<\/h2>\r\n<ul>\r\n<li>Val\u00f3di, megb\u00edzhat\u00f3 \u00e9s professzion\u00e1lis vape forr\u00e1s.<\/li>\r\n<li>100% Eredeti garancia: Csak eredeti \u00e9s val\u00f3di term\u00e9keket biztos\u00edtunk, elutas\u00edtjuk a hamis\u00edt\u00e1st.<\/li>\r\n<li>100% Sz\u00e1ll\u00edt\u00e1si garancia: A legjobb sz\u00e1ll\u00edt\u00e1si m\u00f3dszerrel biztos\u00edtjuk, hogy \u00d6n megkapja a 100% megrendel\u00e9st.<\/li>\r\n<li>A sz\u00e1ll\u00edt\u00e1s ut\u00e1n megadjuk \u00d6nnek a nyomon k\u00f6vet\u00e9si sz\u00e1mot \u00e9s a sz\u00e1ll\u00edt\u00e1si c\u00edmk\u00e9t, \u00e9s nyomon k\u00f6vetj\u00fck az \u00e1rut az \u00d6n sz\u00e1m\u00e1ra, am\u00edg al\u00e1 nem \u00edrja azt.<\/li>\r\n<li>Nincsenek v\u00e1mprobl\u00e9m\u00e1k, nincsenek v\u00e1mok<\/li>\r\n<\/ul>","protected":false},"excerpt":{"rendered":"<p><b><span style=\"color: #00a859;\">Free shipping<\/span>\u00a0from Europe warehouse, 7-15 working days delivery time.<\/b><\/p>\r\n<div class=\"wsppc_div_block woocommerce_before_add_to_cart_form\">\r\n<p><strong>Clear customs before delivery &amp; 100% Delivery Guarantee<\/strong><\/p>\r\n<\/div>","protected":false},"featured_media":25465,"comment_status":"open","ping_status":"closed","template":"","meta":[],"pwb-brand":[1276],"product_cat":[938],"product_tag":[933,1016,1137,22,24],"class_list":{"0":"post-25425","1":"product","2":"type-product","3":"status-publish","4":"has-post-thumbnail","6":"pwb-brand-vozol","7":"product_cat-europe-warehouse","8":"product_tag-35-0ml","9":"product_tag-40000-puffs","10":"product_tag-vozol","11":"product_tag-disposable","12":"product_tag-wholesale","13":"product_shipping_class-eu-warehouse","15":"first","16":"instock","17":"featured","18":"shipping-taxable","19":"purchasable","20":"product-type-variable"},"aioseo_notices":[],"brands":[{"id":1276,"name":"Vozol","slug":"vozol"}],"_links":{"self":[{"href":"https:\/\/www.vape4wholesale.com\/hu\/wp-json\/wp\/v2\/product\/25425","targetHints":{"allow":["GET"]}}],"collection":[{"href":"https:\/\/www.vape4wholesale.com\/hu\/wp-json\/wp\/v2\/product"}],"about":[{"href":"https:\/\/www.vape4wholesale.com\/hu\/wp-json\/wp\/v2\/types\/product"}],"replies":[{"embeddable":true,"href":"https:\/\/www.vape4wholesale.com\/hu\/wp-json\/wp\/v2\/comments?post=25425"}],"wp:featuredmedia":[{"embeddable":true,"href":"https:\/\/www.vape4wholesale.com\/hu\/wp-json\/wp\/v2\/media\/25465"}],"wp:attachment":[{"href":"https:\/\/www.vape4wholesale.com\/hu\/wp-json\/wp\/v2\/media?parent=25425"}],"wp:term":[{"taxonomy":"pwb-brand","embeddable":true,"href":"https:\/\/www.vape4wholesale.com\/hu\/wp-json\/wp\/v2\/pwb-brand?post=25425"},{"taxonomy":"product_cat","embeddable":true,"href":"https:\/\/www.vape4wholesale.com\/hu\/wp-json\/wp\/v2\/product_cat?post=25425"},{"taxonomy":"product_tag","embeddable":true,"href":"https:\/\/www.vape4wholesale.com\/hu\/wp-json\/wp\/v2\/product_tag?post=25425"}],"curies":[{"name":"wp","href":"https:\/\/api.w.org\/{rel}","templated":true}]}}