{"id":25326,"date":"2025-10-22T21:57:30","date_gmt":"2025-10-22T13:57:30","guid":{"rendered":"https:\/\/www.vape4wholesale.com\/?post_type=product&#038;p=25326"},"modified":"2026-01-26T13:38:15","modified_gmt":"2026-01-26T13:38:15","slug":"fihp-multi-120k-6in1-eldobhato-vape-nagykereskedelem","status":"publish","type":"product","link":"https:\/\/www.vape4wholesale.com\/hu\/product\/fihp-multi-120k-6in1-disposable-vape-wholesale","title":{"rendered":"FIHP MULTI 120K 6in1 Eldobhat\u00f3 Vape nagykereskedelem"},"content":{"rendered":"<p class=\"ds-markdown-paragraph\">A <a title=\"FIHP\" href=\"https:\/\/www.vape4wholesale.com\/hu\/product_brand\/fihp\/\" target=\"_blank\" rel=\"noopener\"><strong>FIHP<\/strong> <\/a>A MULTI 120K 6in1 Eldobhat\u00f3 Vape \u00fajradefini\u00e1lja a k\u00e9nyelmet \u00e9s a v\u00e1ltozatoss\u00e1got, forradalmi hat az egyben p\u00e1rologtat\u00e1si \u00e9lm\u00e9nyt k\u00edn\u00e1lva egyetlen eszk\u00f6zben. Innov\u00e1ci\u00f3j\u00e1nak k\u00f6z\u00e9ppontj\u00e1ban egy egyszer\u0171, m\u00e9gis zseni\u00e1lis kialak\u00edt\u00e1s \u00e1ll: egy forgathat\u00f3 fels\u0151 sz\u00e1jr\u00e9sz, amely lehet\u0151v\u00e9 teszi a z\u00f6kken\u0151mentes v\u00e1lt\u00e1st hat k\u00fcl\u00f6nb\u00f6z\u0151 \u00edz k\u00f6z\u00f6tt. Minden egyes \u00edz a saj\u00e1t, f\u00fcggetlen e-liquid podj\u00e1ban tal\u00e1lhat\u00f3, \u00edgy ez egy igazi multi \u00edz\u0171 k\u00e9sz\u00fcl\u00e9k, \u00e9s t\u00f6k\u00e9letes v\u00e1laszt\u00e1s az ig\u00e9nyes vaperek sz\u00e1m\u00e1ra, akik soha nem akarnak megel\u00e9gedni egyetlen \u00edzzel.<\/p>\n<p class=\"ds-markdown-paragraph\">Ez a kiv\u00e1l\u00f3 teljes\u00edtm\u00e9nyre \u00e9s hossz\u00fa \u00e9lettartamra tervezett, nagy teljes\u00edtm\u00e9ny\u0171 eszk\u00f6z leny\u0171g\u00f6z\u0151 120 000 puffot biztos\u00edt, amelyet egy 0,9ohm-os kett\u0151s h\u00e1l\u00f3s tekercs hajt, amely gazdag \u00edzt \u00e9s egyenletesen s\u0171r\u0171 g\u0151ztermel\u00e9st garant\u00e1l. A k\u00e9sz\u00fcl\u00e9k 64 ml kiv\u00e1l\u00f3 min\u0151s\u00e9g\u0171 e-folyad\u00e9kkal van felt\u00f6ltve, amely 2% vagy 5% nikotiner\u0151ss\u00e9gben kaphat\u00f3 az \u00d6n preferenci\u00e1inak megfelel\u0151en. A be\u00e9p\u00edtett 650mAh-s \u00fajrat\u00f6lthet\u0151 akkumul\u00e1tor, amelyet egy modern Type-C t\u00f6lt\u0151port t\u00e1mogat, biztos\u00edtja, hogy k\u00e9sz\u00fcl\u00e9ke mindig k\u00e9szen \u00e1lljon a haszn\u00e1latra, m\u00edg az intelligens LED kijelz\u0151 k\u00e9nyelmesen t\u00e1j\u00e9koztatja \u00d6nt az akkumul\u00e1tor \u00e9s az e-folyad\u00e9k szintj\u00e9r\u0151l.<\/p>\n<h2 class=\"ds-markdown-paragraph\"><strong>FIHP MULTI 120K 6in1 f\u0151bb jellemz\u0151i<\/strong><\/h2>\n<ul>\n<li>Forradalmi 6 az 1-ben rendszer: A FIHP MULTI 120K alapvet\u0151 innov\u00e1ci\u00f3ja. Hat f\u00fcggetlen e-liquid podot tartalmaz a k\u00e9sz\u00fcl\u00e9ken bel\u00fcl. V\u00e1ltson k\u00f6nnyed\u00e9n kedvenc \u00edzei k\u00f6z\u00f6tt a fels\u0151 sz\u00e1jr\u00e9sz egyszer\u0171 elforgat\u00e1s\u00e1val. Ez egy igazi t\u00f6bb \u00edz\u0171 k\u00e9sz\u00fcl\u00e9k, nem csak egy kevert e-folyad\u00e9k.<\/li>\n<li>Massz\u00edv Puff sz\u00e1m: \u00c9lvezze a hosszabb vaping \u00e9lm\u00e9nyt a leny\u0171g\u00f6z\u0151 120 000 puffol\u00e1ssal egyetlen k\u00e9sz\u00fcl\u00e9kb\u0151l.<\/li>\n<li>Dual Mesh tekercs \u00e9s pr\u00e9mium E-folyad\u00e9k: A fejlett 0,9ohm Dual Mesh tekercs biztos\u00edtja a gazdag \u00edzt \u00e9s a s\u0171r\u0171 g\u0151ztermel\u00e9st a 64 ml kiv\u00e1l\u00f3 min\u0151s\u00e9g\u0171 e-folyad\u00e9kb\u00f3l.<\/li>\n<li>\u00dajrat\u00f6lthet\u0151 650mAh akkumul\u00e1tor: Megb\u00edzhat\u00f3 C t\u00edpus\u00fa t\u00f6lt\u0151porttal t\u00e1mogatva a gyors \u00e9s k\u00e9nyelmes \u00fajrat\u00f6lt\u00e9s \u00e9rdek\u00e9ben.<\/li>\n<li>Intelligens LED kijelz\u0151: Az akkumul\u00e1tor \u00e9lettartam\u00e1nak \u00e9s az e-folyad\u00e9k szintj\u00e9nek egy pillant\u00e1ssal t\u00f6rt\u00e9n\u0151 nyomon k\u00f6vet\u00e9se a gondtalan vape-z\u00e9s \u00e9rdek\u00e9ben.<\/li>\n<li>T\u00f6bbf\u00e9le nikotiner\u0151ss\u00e9g: 2% (20mg) \u00e9s 5% (50mg) nikotin opci\u00f3ban kaphat\u00f3, hogy megfeleljen az \u00d6n preferenci\u00e1inak.<\/li>\n<\/ul>\n<h2 class=\"ds-markdown-paragraph\"><strong>Gyors specifik\u00e1ci\u00f3k<\/strong><\/h2>\n<ul>\n<li>T\u00e1mogat\u00e1s Puffs: 120,000<\/li>\n<li>\u00cdzek: 6 az 1-ben t\u00f6bbf\u00e9le \u00edz (forg\u00f3 sz\u00e1jr\u00e9szen kereszt\u00fcl)<\/li>\n<li>Tekercs: 0.9ohm<\/li>\n<li>E-liquid Kapacit\u00e1s: 64ml (6 k\u00fcl\u00f6n\u00e1ll\u00f3 podban)<\/li>\n<li>Nikotin er\u0151ss\u00e9g: 2% vagy 5%<\/li>\n<li>Akkumul\u00e1tor: 650mAh (\u00fajrat\u00f6lthet\u0151)<\/li>\n<li>T\u00f6lt\u0151port: C-t\u00edpus\u00fa<\/li>\n<li>Megjelen\u00edt\u00e9s: LED akkumul\u00e1tor \u00e9s E-folyad\u00e9k kijelz\u0151<\/li>\n<li>Term\u00e9k m\u00e9rete: 44 x 44 x 112mm<\/li>\n<\/ul>\n<h2 class=\"ds-markdown-paragraph\"><strong>FIHP MULTI 120K 6in1 el\u00e9rhet\u0151 \u00edzek<\/strong><\/h2>\n<p>01# G\u00f6r\u00f6gdinnye Ice \/ Red Bull \/ Eper Kiwi \/ \u00c1fonya Ice \/ Citrom Lime \/ Eper g\u00f6r\u00f6gdinnye<\/p>\n<p>02# Eper Ban\u00e1n \/ Dupla alma \/ M\u00e1lna G\u00f6r\u00f6gdinnye \/ Savany\u00fa mang\u00f3 Anan\u00e1sz \/ Tr\u00f3pusi gy\u00fcm\u00f6lcs \/ Citromos \u0151szibarack<\/p>\n<p>03# Anan\u00e1sz-k\u00f3kusz \/ K\u00e9k Razz \/ Vegyes bogy\u00f3s gy\u00fcm\u00f6lcs\u00f6k \/ Mang\u00f3-barack \/ \u00c1fonya-m\u00e1lna \/ Eper-van\u00edliak\u00f3la<\/p>\n<p>04# Barack bogy\u00f3 \/ H\u00e1romszoros dinnye \/ Sz\u0151l\u0151 j\u00e9g \/ Fekete s\u00e1rk\u00e1ny j\u00e9g \/ Fizzy cseresznye j\u00e9g \/ Gumimaci<\/p>\n<p>05# Rainbow Candy \/ Cherry Cola Ice \/ Love 666 \/ Mango Ice \/ Blueberry Cotton Candy \/ Barack Ice<\/p>\n<p>06# Aloe Lychee Ice \/ R\u00f3zsasz\u00edn citrom \/ Glacier Ice \/ Feny\u0151 t\u0171s menta \/ Fekete ribizli Ice \/ G\u00f6r\u00f6gdinnye Citrom<\/p>\n<h2 class=\"ds-markdown-paragraph\"><strong>Csomagol\u00e1s r\u00e9szletei<\/strong><\/h2>\n<p>1 db\/ egy doboz<br \/>\n10 db\/ display doboz<br \/>\n160 db\/ karton 540 x 440 x 260mm<br \/>\n27 kg\/ karton<\/p>\n<figure id=\"attachment_25327\" aria-describedby=\"caption-attachment-25327\" style=\"width: 1000px\" class=\"wp-caption alignnone\"><img loading=\"lazy\" decoding=\"async\" class=\"wp-image-25327 size-full\" title=\"FIHP MULTI 120K 6in1 Eldobhat\u00f3 Vape nagykereskedelem\" src=\"https:\/\/www.vape4wholesale.com\/wp-content\/uploads\/2025\/10\/FIHP-MULTI-12K-6in1-Disposable-Vape-Wholesale.webp\" alt=\"FIHP MULTI 120K 6in1 Eldobhat\u00f3 Vape nagykereskedelem\" width=\"1000\" height=\"767\" srcset=\"https:\/\/www.vape4wholesale.com\/wp-content\/uploads\/2025\/10\/FIHP-MULTI-12K-6in1-Disposable-Vape-Wholesale.webp 1000w, https:\/\/www.vape4wholesale.com\/wp-content\/uploads\/2025\/10\/FIHP-MULTI-12K-6in1-Disposable-Vape-Wholesale-510x391.webp 510w, https:\/\/www.vape4wholesale.com\/wp-content\/uploads\/2025\/10\/FIHP-MULTI-12K-6in1-Disposable-Vape-Wholesale-300x230.webp 300w, https:\/\/www.vape4wholesale.com\/wp-content\/uploads\/2025\/10\/FIHP-MULTI-12K-6in1-Disposable-Vape-Wholesale-768x589.webp 768w, https:\/\/www.vape4wholesale.com\/wp-content\/uploads\/2025\/10\/FIHP-MULTI-12K-6in1-Disposable-Vape-Wholesale-16x12.webp 16w, https:\/\/www.vape4wholesale.com\/wp-content\/uploads\/2025\/10\/FIHP-MULTI-12K-6in1-Disposable-Vape-Wholesale-64x49.webp 64w\" sizes=\"auto, (max-width: 1000px) 100vw, 1000px\" \/><figcaption id=\"caption-attachment-25327\" class=\"wp-caption-text\">FIHP MULTI 120K 6in1 Eldobhat\u00f3 Vape nagykereskedelem<\/figcaption><\/figure>\n<h2>MI\u00c9RT MI?<\/h2>\r\n<ul>\r\n<li>Val\u00f3di, megb\u00edzhat\u00f3 \u00e9s professzion\u00e1lis vape forr\u00e1s.<\/li>\r\n<li>100% Eredeti garancia: Csak eredeti \u00e9s val\u00f3di term\u00e9keket biztos\u00edtunk, elutas\u00edtjuk a hamis\u00edt\u00e1st.<\/li>\r\n<li>100% Sz\u00e1ll\u00edt\u00e1si garancia: A legjobb sz\u00e1ll\u00edt\u00e1si m\u00f3dszerrel biztos\u00edtjuk, hogy \u00d6n megkapja a 100% megrendel\u00e9st.<\/li>\r\n<li>A sz\u00e1ll\u00edt\u00e1s ut\u00e1n megadjuk \u00d6nnek a nyomon k\u00f6vet\u00e9si sz\u00e1mot \u00e9s a sz\u00e1ll\u00edt\u00e1si c\u00edmk\u00e9t, \u00e9s nyomon k\u00f6vetj\u00fck az \u00e1rut az \u00d6n sz\u00e1m\u00e1ra, am\u00edg al\u00e1 nem \u00edrja azt.<\/li>\r\n<li>Nincsenek v\u00e1mprobl\u00e9m\u00e1k, nincsenek v\u00e1mok<\/li>\r\n<\/ul>","protected":false},"excerpt":{"rendered":"<div class=\"wsppc_div_block woocommerce_before_add_to_cart_form\">\r\n<p><strong><span style=\"color: #00a859;\">Clear customs<\/span> before delivery &amp; 100% Delivery Guarantee, Delivery in 19~25 days around.\u00a0<\/strong><\/p>\r\n<\/div>","protected":false},"featured_media":25325,"comment_status":"open","ping_status":"closed","template":"","meta":[],"pwb-brand":[1279],"product_cat":[873],"product_tag":[22,24,878,1219,1246],"class_list":{"0":"post-25326","1":"product","2":"type-product","3":"status-publish","4":"has-post-thumbnail","6":"pwb-brand-fihp","7":"product_cat-above-20k-puffs","8":"product_tag-disposable","9":"product_tag-wholesale","10":"product_tag-fihp","11":"product_tag-120000-puffs","12":"product_tag-64-0ml","13":"wcpa_has_options","15":"first","16":"instock","17":"shipping-taxable","18":"purchasable","19":"product-type-variable"},"aioseo_notices":[],"brands":[{"id":1279,"name":"FIHP","slug":"fihp"}],"_links":{"self":[{"href":"https:\/\/www.vape4wholesale.com\/hu\/wp-json\/wp\/v2\/product\/25326","targetHints":{"allow":["GET"]}}],"collection":[{"href":"https:\/\/www.vape4wholesale.com\/hu\/wp-json\/wp\/v2\/product"}],"about":[{"href":"https:\/\/www.vape4wholesale.com\/hu\/wp-json\/wp\/v2\/types\/product"}],"replies":[{"embeddable":true,"href":"https:\/\/www.vape4wholesale.com\/hu\/wp-json\/wp\/v2\/comments?post=25326"}],"wp:featuredmedia":[{"embeddable":true,"href":"https:\/\/www.vape4wholesale.com\/hu\/wp-json\/wp\/v2\/media\/25325"}],"wp:attachment":[{"href":"https:\/\/www.vape4wholesale.com\/hu\/wp-json\/wp\/v2\/media?parent=25326"}],"wp:term":[{"taxonomy":"pwb-brand","embeddable":true,"href":"https:\/\/www.vape4wholesale.com\/hu\/wp-json\/wp\/v2\/pwb-brand?post=25326"},{"taxonomy":"product_cat","embeddable":true,"href":"https:\/\/www.vape4wholesale.com\/hu\/wp-json\/wp\/v2\/product_cat?post=25326"},{"taxonomy":"product_tag","embeddable":true,"href":"https:\/\/www.vape4wholesale.com\/hu\/wp-json\/wp\/v2\/product_tag?post=25326"}],"curies":[{"name":"wp","href":"https:\/\/api.w.org\/{rel}","templated":true}]}}