{"id":25297,"date":"2025-10-22T20:54:47","date_gmt":"2025-10-22T12:54:47","guid":{"rendered":"https:\/\/www.vape4wholesale.com\/?post_type=product&#038;p=25297"},"modified":"2026-01-26T13:38:20","modified_gmt":"2026-01-26T13:38:20","slug":"fihp-60000-3in1-tripla-izek-eldobhato-vape-nagykereskedes","status":"publish","type":"product","link":"https:\/\/www.vape4wholesale.com\/hu\/product\/fihp-60000-3in1-triple-flavors-disposable-vape-wholesale","title":{"rendered":"FIHP 60000 3in1 tripla \u00edzek eldobhat\u00f3 Vape nagykereskedelme"},"content":{"rendered":"<p class=\"ds-markdown-paragraph\">A <a title=\"FIHP\" href=\"https:\/\/www.vape4wholesale.com\/hu\/product_brand\/fihp\/\" target=\"_blank\" rel=\"noopener\"><strong>FIHP<\/strong><\/a> A 60000 3in1 Triple Flavors eldobhat\u00f3 vape \u00faj m\u00e9rc\u00e9t \u00e1ll\u00edt fel a hossz\u00fa \u00e9lettartam \u00e9s az \u00edzek tekintet\u00e9ben, \u00e9s p\u00e1ratlanul sok, 60 000 slukkot biztos\u00edt egyetlen k\u00e9sz\u00fcl\u00e9kb\u0151l. El\u0151re felt\u00f6ltve massz\u00edv 54ml e-folyad\u00e9kkal, amely 2% vagy 5% nikotiner\u0151ss\u00e9gben v\u00e1laszthat\u00f3. Ennek az \u00e9lm\u00e9nynek a k\u00f6z\u00e9ppontj\u00e1ban a fejlett Dual Mesh tekercs (0,9ohm) \u00e1ll, amely szakszer\u0171en elp\u00e1rologtatja az egyed\u00fcl\u00e1ll\u00f3 Triple Flavor e-folyad\u00e9kot, hogy gazdag, \u00f6sszetett \u00e9s egyenletesen kiel\u00e9g\u00edt\u0151 g\u0151zt produk\u00e1ljon az elej\u00e9t\u0151l a v\u00e9g\u00e9ig.<\/p>\n<p class=\"ds-markdown-paragraph\">A v\u00e9gs\u0151 k\u00e9nyelemre \u00e9s teljes\u00edtm\u00e9nyre tervezett k\u00e9sz\u00fcl\u00e9k robusztus 650mAh-s \u00fajrat\u00f6lthet\u0151 akkumul\u00e1torral \u00e9s modern Type-C t\u00f6lt\u0151porttal rendelkezik, amely biztos\u00edtja, hogy mindig legyen \u00e1ram, amikor csak sz\u00fcks\u00e9ge van r\u00e1. A be\u00e9p\u00edtett LED-kijelz\u0151 egy\u00e9rtelm\u0171, val\u00f3s idej\u0171 ellen\u0151rz\u00e9st biztos\u00edt az akkumul\u00e1tor t\u00f6lt\u00f6tts\u00e9gi szintj\u00e9r\u0151l, \u00edgy soha nem \u00e9rhet meglepet\u00e9s. A 42*42*110 mm-es, karcs\u00fa \u00e9s ergonomikus kialak\u00edt\u00e1snak k\u00f6sz\u00f6nhet\u0151en figyelemre m\u00e9lt\u00f3an hordozhat\u00f3, m\u00e9gis el\u00e9g er\u0151s ahhoz, hogy eg\u00e9sz napos vaping t\u00e1rsa legyen.<\/p>\n<h2 class=\"ds-markdown-paragraph\"><strong>FIHP 60000 3in1 Triple Flavors Vape f\u0151bb jellemz\u0151i<\/strong><\/h2>\n<ul>\n<li class=\"ds-markdown-paragraph\">Massz\u00edv 60,000 puff: Rendk\u00edv\u00fcl hossz\u00fa \u00e9lettartamra tervezt\u00e9k, \u00edgy nincs sz\u00fcks\u00e9g gyakori cser\u00e9re.<\/li>\n<li class=\"ds-markdown-paragraph\">H\u00e1romszoros \u00edz\u00e9lm\u00e9ny: \u00c9lvezze a dinamikus \u00e9s \u00f6sszetett \u00edzprofilt, amely minden egyes slukkol\u00e1ssal fejl\u0151dik.<\/li>\n<li class=\"ds-markdown-paragraph\">Dual Mesh tekercs technol\u00f3gia (0,9ohm): A fejlett kett\u0151s h\u00e1l\u00f3s tekercs\u00fcnk gyorsabb felmeleged\u00e9st, gazdagabb \u00edzt \u00e9s s\u0171r\u0171bb g\u0151ztermel\u00e9st biztos\u00edt.<\/li>\n<li class=\"ds-markdown-paragraph\">Nagy 54ml el\u0151ret\u00f6lt\u00f6tt E-folyad\u00e9k: 54ml kiv\u00e1l\u00f3 min\u0151s\u00e9g\u0171, s\u00f3s nikotinos e-folyad\u00e9kkal el\u0151re felt\u00f6ltve. V\u00e1lasszon a 2% vagy 5% nikotin er\u0151ss\u00e9g k\u00f6z\u00fcl, hogy megfeleljen az \u00d6n preferenci\u00e1j\u00e1nak.<\/li>\n<li class=\"ds-markdown-paragraph\">650mAh be\u00e9p\u00edtett akkumul\u00e1tor: B\u0151s\u00e9ges energi\u00e1t biztos\u00edt a k\u00e9sz\u00fcl\u00e9k teljes \u00e9lettartama alatt.<\/li>\n<li class=\"ds-markdown-paragraph\">Gyors Type-C \u00fajrat\u00f6lt\u00e9s: A modern USB Type-C t\u00f6lt\u0151portnak k\u00f6sz\u00f6nhet\u0151en gyorsan visszat\u00e9rhet a p\u00e1rologtat\u00e1shoz.<\/li>\n<li class=\"ds-markdown-paragraph\">Tiszta LED kijelz\u0151: Az akkumul\u00e1tor szintj\u00e9nek egyszer\u0171 nyomon k\u00f6vet\u00e9se, hogy ne \u00e9rje meglepet\u00e9s.<\/li>\n<\/ul>\n<h2><strong>Gyors term\u00e9kle\u00edr\u00e1sok<\/strong><\/h2>\n<p>Puff kapacit\u00e1s: Puff: kb. 60.000 puff<br \/>\nE-folyad\u00e9k kapacit\u00e1s: 54ml (el\u0151re felt\u00f6ltve)<br \/>\nNikotin er\u0151ss\u00e9g: 2% vagy 5%<br \/>\nAkkumul\u00e1tor: 650mah \u00fajrat\u00f6lthet\u0151<br \/>\nT\u00f6lt\u0151port: C-t\u00edpus\u00fa<br \/>\nTekercs: 0.9ohm.<br \/>\nMegjelen\u00edt\u00e9s: LED akkumul\u00e1tor kijelz\u0151<br \/>\nTerm\u00e9k m\u00e9retei: 42 x 42 x 110 mm<br \/>\n\u00cdz: H\u00e1romszoros \u00edz<br \/>\nSz\u00e1ll\u00edt\u00e1si inform\u00e1ci\u00f3k (nagykeresked\u0151k sz\u00e1m\u00e1ra):<br \/>\nKarton m\u00e9rete: 470 x 390 x 260 mm<br \/>\nMennyis\u00e9g dobozonk\u00e9nt: 160 db<br \/>\nBrutt\u00f3 s\u00faly dobozonk\u00e9nt: 21,5 kg<\/p>\n<h2 class=\"ds-markdown-paragraph\"><strong>FIHP 60000 3in1 tripla \u00edzek kaphat\u00f3k<\/strong><\/h2>\n<p>01# G\u00f6r\u00f6gdinnye j\u00e9g &amp; Red Bull &amp; eper-kiwi<br \/>\n02# Citrom Lime &amp; eper g\u00f6r\u00f6gdinnye &amp; \u00e1fonya j\u00e9g<br \/>\n03# Eper Ban\u00e1n &amp; Dupla alma &amp; M\u00e1lna G\u00f6r\u00f6gdinnye<br \/>\n04# Eper Kiwi &amp; Savany\u00fa mang\u00f3 Anan\u00e1sz &amp; Red Bull<br \/>\n05# Tr\u00f3pusi gy\u00fcm\u00f6lcs \u00e9s eper G\u00f6r\u00f6gdinnye \u00e9s citromos barack<br \/>\n06# Anan\u00e1szos k\u00f3kusz &amp; K\u00e9k Razz &amp; Epres ban\u00e1n<br \/>\n07# Eper m\u00e1lna &amp; tripla dinnye &amp; savany\u00fa mang\u00f3 anan\u00e1sz<br \/>\n08# Vegyes bogy\u00f3s gy\u00fcm\u00f6lcs\u00f6k \u00e9s m\u00e1lna g\u00f6r\u00f6gdinnye \u00e9s mang\u00f3 barack<br \/>\n09# \u00c1fonya m\u00e1lna \u00e9s eper van\u00edliak\u00f3la \u00e9s citrom citromos limon\u00e1d\u00e9<br \/>\n10# g\u00f6r\u00f6gdinnye j\u00e9g &amp; barack bogy\u00f3 &amp; tripla dinnye<\/p>\n<h2><strong>Csomagol\u00e1s r\u00e9szletei<\/strong><\/h2>\n<p>1 db\/ egy doboz<br \/>\n10 db\/ display doboz<br \/>\n160 db\/ karton (karton m\u00e9rete: 470 x 390 x 260 mm)<br \/>\nBrutt\u00f3 s\u00faly dobozonk\u00e9nt: 21,5 kg<\/p>\n<figure id=\"attachment_25311\" aria-describedby=\"caption-attachment-25311\" style=\"width: 800px\" class=\"wp-caption alignnone\"><img loading=\"lazy\" decoding=\"async\" class=\"wp-image-25311 size-full\" title=\"FIHP 60000 3in1 H\u00e1romszoros \u00edzek eldobhat\u00f3 Vape 1\" src=\"https:\/\/www.vape4wholesale.com\/wp-content\/uploads\/2025\/10\/FIHP-60000-3in1-Triple-Flavors-Disposable-Vape_1.webp\" alt=\"FIHP 60000 3in1 H\u00e1romszoros \u00edzek eldobhat\u00f3 Vape 1\" width=\"800\" height=\"800\" srcset=\"https:\/\/www.vape4wholesale.com\/wp-content\/uploads\/2025\/10\/FIHP-60000-3in1-Triple-Flavors-Disposable-Vape_1.webp 800w, https:\/\/www.vape4wholesale.com\/wp-content\/uploads\/2025\/10\/FIHP-60000-3in1-Triple-Flavors-Disposable-Vape_1-247x247.webp 247w, https:\/\/www.vape4wholesale.com\/wp-content\/uploads\/2025\/10\/FIHP-60000-3in1-Triple-Flavors-Disposable-Vape_1-100x100.webp 100w, https:\/\/www.vape4wholesale.com\/wp-content\/uploads\/2025\/10\/FIHP-60000-3in1-Triple-Flavors-Disposable-Vape_1-510x510.webp 510w, https:\/\/www.vape4wholesale.com\/wp-content\/uploads\/2025\/10\/FIHP-60000-3in1-Triple-Flavors-Disposable-Vape_1-300x300.webp 300w, https:\/\/www.vape4wholesale.com\/wp-content\/uploads\/2025\/10\/FIHP-60000-3in1-Triple-Flavors-Disposable-Vape_1-150x150.webp 150w, https:\/\/www.vape4wholesale.com\/wp-content\/uploads\/2025\/10\/FIHP-60000-3in1-Triple-Flavors-Disposable-Vape_1-768x768.webp 768w, https:\/\/www.vape4wholesale.com\/wp-content\/uploads\/2025\/10\/FIHP-60000-3in1-Triple-Flavors-Disposable-Vape_1-12x12.webp 12w, https:\/\/www.vape4wholesale.com\/wp-content\/uploads\/2025\/10\/FIHP-60000-3in1-Triple-Flavors-Disposable-Vape_1-64x64.webp 64w\" sizes=\"auto, (max-width: 800px) 100vw, 800px\" \/><figcaption id=\"caption-attachment-25311\" class=\"wp-caption-text\">FIHP 60000 3in1 H\u00e1romszoros \u00edzek eldobhat\u00f3 vape<\/figcaption><\/figure>\n<h2>MI\u00c9RT MI?<\/h2>\r\n<ul>\r\n<li>Val\u00f3di, megb\u00edzhat\u00f3 \u00e9s professzion\u00e1lis vape forr\u00e1s.<\/li>\r\n<li>100% Eredeti garancia: Csak eredeti \u00e9s val\u00f3di term\u00e9keket biztos\u00edtunk, elutas\u00edtjuk a hamis\u00edt\u00e1st.<\/li>\r\n<li>100% Sz\u00e1ll\u00edt\u00e1si garancia: A legjobb sz\u00e1ll\u00edt\u00e1si m\u00f3dszerrel biztos\u00edtjuk, hogy \u00d6n megkapja a 100% megrendel\u00e9st.<\/li>\r\n<li>A sz\u00e1ll\u00edt\u00e1s ut\u00e1n megadjuk \u00d6nnek a nyomon k\u00f6vet\u00e9si sz\u00e1mot \u00e9s a sz\u00e1ll\u00edt\u00e1si c\u00edmk\u00e9t, \u00e9s nyomon k\u00f6vetj\u00fck az \u00e1rut az \u00d6n sz\u00e1m\u00e1ra, am\u00edg al\u00e1 nem \u00edrja azt.<\/li>\r\n<li>Nincsenek v\u00e1mprobl\u00e9m\u00e1k, nincsenek v\u00e1mok<\/li>\r\n<\/ul>","protected":false},"excerpt":{"rendered":"<div class=\"wsppc_div_block woocommerce_before_add_to_cart_form\">\r\n<p><strong><span style=\"color: #00a859;\">Clear customs<\/span> before delivery &amp; 100% Delivery Guarantee, Delivery in 19~25 days around.\u00a0<\/strong><\/p>\r\n<\/div>","protected":false},"featured_media":25316,"comment_status":"open","ping_status":"closed","template":"","meta":[],"pwb-brand":[1279],"product_cat":[873],"product_tag":[1115,22,24,878,1114],"class_list":{"0":"post-25297","1":"product","2":"type-product","3":"status-publish","4":"has-post-thumbnail","6":"pwb-brand-fihp","7":"product_cat-above-20k-puffs","8":"product_tag-54-0ml","9":"product_tag-disposable","10":"product_tag-wholesale","11":"product_tag-fihp","12":"product_tag-60000-puffs","13":"wcpa_has_options","15":"first","16":"instock","17":"shipping-taxable","18":"purchasable","19":"product-type-variable"},"aioseo_notices":[],"brands":[{"id":1279,"name":"FIHP","slug":"fihp"}],"_links":{"self":[{"href":"https:\/\/www.vape4wholesale.com\/hu\/wp-json\/wp\/v2\/product\/25297","targetHints":{"allow":["GET"]}}],"collection":[{"href":"https:\/\/www.vape4wholesale.com\/hu\/wp-json\/wp\/v2\/product"}],"about":[{"href":"https:\/\/www.vape4wholesale.com\/hu\/wp-json\/wp\/v2\/types\/product"}],"replies":[{"embeddable":true,"href":"https:\/\/www.vape4wholesale.com\/hu\/wp-json\/wp\/v2\/comments?post=25297"}],"wp:featuredmedia":[{"embeddable":true,"href":"https:\/\/www.vape4wholesale.com\/hu\/wp-json\/wp\/v2\/media\/25316"}],"wp:attachment":[{"href":"https:\/\/www.vape4wholesale.com\/hu\/wp-json\/wp\/v2\/media?parent=25297"}],"wp:term":[{"taxonomy":"pwb-brand","embeddable":true,"href":"https:\/\/www.vape4wholesale.com\/hu\/wp-json\/wp\/v2\/pwb-brand?post=25297"},{"taxonomy":"product_cat","embeddable":true,"href":"https:\/\/www.vape4wholesale.com\/hu\/wp-json\/wp\/v2\/product_cat?post=25297"},{"taxonomy":"product_tag","embeddable":true,"href":"https:\/\/www.vape4wholesale.com\/hu\/wp-json\/wp\/v2\/product_tag?post=25297"}],"curies":[{"name":"wp","href":"https:\/\/api.w.org\/{rel}","templated":true}]}}