{"id":25164,"date":"2025-10-21T11:22:55","date_gmt":"2025-10-21T03:22:55","guid":{"rendered":"https:\/\/www.vape4wholesale.com\/?post_type=product&#038;p=25164"},"modified":"2026-01-27T15:47:12","modified_gmt":"2026-01-27T15:47:12","slug":"happ-bar-mt50000-eldobhato-vape-nagykereskedelem","status":"publish","type":"product","link":"https:\/\/www.vape4wholesale.com\/hu\/termek\/happ-bar-mt50000-eldobhato-vape-nagykereskedelem","title":{"rendered":"Happ Bar MT50000 eldobhat\u00f3 Vape nagykereskedelem"},"content":{"rendered":"<p class=\"ds-markdown-paragraph\">A\u00a0<a title=\"Happ b\u00e1r\" href=\"https:\/\/www.vape4wholesale.com\/hu\/product_brand\/boldog-bar\/\" target=\"_blank\" rel=\"noopener\"><strong>Happ b\u00e1r<\/strong><\/a> Az MT50000 egy forradalmi eldobhat\u00f3 vape k\u00e9sz\u00fcl\u00e9k, amelyet p\u00e1ratlan kitart\u00e1sra \u00e9s teljes\u00edtm\u00e9nyre terveztek. Az elk\u00e9peszt\u0151 50.000 puffol\u00e1ssal ez a k\u00e9sz\u00fcl\u00e9k tart\u00f3snak k\u00e9sz\u00fclt, kiv\u00e9teles vaping \u00e9lm\u00e9nyt ny\u00fajt an\u00e9lk\u00fcl, hogy gyakori cser\u00e9kre lenne sz\u00fcks\u00e9g.<\/p>\n<p class=\"ds-markdown-paragraph\">A Happ Bar MT50000 nagyvonal\u00fa, 45 ml el\u0151ret\u00f6lt\u00f6tt e-folyad\u00e9k kapacit\u00e1ssal \u00e9s egy er\u0151teljes 650mAh \u00fajrat\u00f6lthet\u0151 akkumul\u00e1torral (a k\u00e9nyelmes C-t\u00edpus\u00fa porton kereszt\u00fcl) rendelkezik, \u00edgy az els\u0151 slukkol\u00e1st\u00f3l az utols\u00f3ig egyenletes \u00edz- \u00e9s g\u0151ztermel\u00e9st biztos\u00edt. A be\u00e9p\u00edtett 1,0ohm-os tekercs sima \u00e9s kiel\u00e9g\u00edt\u0151 h\u00faz\u00e1st biztos\u00edt, t\u00f6k\u00e9letesen kiegyens\u00falyozva mind az \u00edz intenzit\u00e1s\u00e1t, mind a g\u0151z mennyis\u00e9g\u00e9t.<\/p>\n<p class=\"ds-markdown-paragraph\">V\u00e1lassza ki az \u00d6n \u00e1ltal prefer\u00e1lt nikotiner\u0151ss\u00e9get 2% vagy 5%, hogy megfeleljen az \u00d6n szem\u00e9lyes p\u00e1rologtat\u00e1si st\u00edlus\u00e1nak. A k\u00e9sz\u00fcl\u00e9k egy praktikus LCD kijelz\u0151t is tartalmaz, amely val\u00f3s id\u0151ben mutatja az akkumul\u00e1tor \u00e9lettartam\u00e1t \u00e9s az e-folyad\u00e9k szintj\u00e9t, \u00edgy mindig k\u00e9zben tarthatja az ir\u00e1ny\u00edt\u00e1st.<\/p>\n<p class=\"ds-markdown-paragraph\">A 15 izgalmas \u00edzb\u0151l v\u00e1laszthat, \u00edgy minden \u00edzl\u00e9snek tal\u00e1l valamit. Ak\u00e1r gy\u00fcm\u00f6lcs\u00f6s, jeges vagy klasszikus profilokra v\u00e1gyik, a Happ Bar MT50000 minden egyes slukkban gazdag, tart\u00f3s \u00edzt biztos\u00edt.<\/p>\n<h2 class=\"ds-markdown-paragraph\"><strong>Happ Bar MT50000 jellemz\u0151k<\/strong><\/h2>\n<ul>\n<li class=\"ds-markdown-paragraph\">\u2705\u00a0<strong>50,000 Puff<\/strong>\u00a0- Rendk\u00edv\u00fcl hossz\u00fa \u00e9lettartam<\/li>\n<li class=\"ds-markdown-paragraph\">\u2705\u00a0<strong>Nikotin lehet\u0151s\u00e9gek:<\/strong>\u00a02% vagy 5%<\/li>\n<li class=\"ds-markdown-paragraph\">\u2705\u00a0<strong>650mAh \u00fajrat\u00f6lthet\u0151 akkumul\u00e1tor<\/strong> - C-t\u00edpus\u00fa t\u00f6lt\u00e9s t\u00e1mogatott<\/li>\n<li class=\"ds-markdown-paragraph\">\u2705\u00a0<strong>45ml E-Liquid kapacit\u00e1s<\/strong><\/li>\n<li class=\"ds-markdown-paragraph\">\u2705\u00a0<strong>1.0ohm tekercs<\/strong>\u00a0- \u00cdzes\u00edt\u00e9sre \u00e9s felh\u0151termel\u00e9sre optimaliz\u00e1lt<\/li>\n<li class=\"ds-markdown-paragraph\">\u2705\u00a0<strong>LCD kijelz\u0151<\/strong>\u00a0- Mutatja az akkumul\u00e1tor \u00e9s az e-folyad\u00e9k szintj\u00e9t<\/li>\n<li class=\"ds-markdown-paragraph\">\u2705\u00a0<strong>15 \u00edz el\u00e9rhet\u0151<\/strong>\u00a0- Minden \u00edzl\u00e9snek megfelel\u0151 v\u00e1ltozatoss\u00e1g<\/li>\n<\/ul>\n<h2><strong>El\u00e9rhet\u0151 \u00edzek<\/strong><\/h2>\n<ol>\n<li>Eper j\u00e9g<\/li>\n<li>Eper Kiwi<\/li>\n<li>K\u00e9k eper j\u00e9g<\/li>\n<li>G\u00f6r\u00f6gdinnye j\u00e9g<\/li>\n<li>Anan\u00e1szos k\u00f3kuszos lime rum<\/li>\n<li>Fekete s\u00e1rk\u00e1ny eper<\/li>\n<li>Cherry Bomb<\/li>\n<li>Ny\u00e1ri \u00e1lom<\/li>\n<li>G\u00f6r\u00f6gdinnye k\u00f3kusz<\/li>\n<li>Eper ban\u00e1n<\/li>\n<li>Szerelem 66<\/li>\n<li>Barackos j\u00e9ges\u0151<\/li>\n<li>Citrom j\u00e9ges\u0151<\/li>\n<li>Cola Ice<\/li>\n<li>K\u00f3kusz paradicsom<\/li>\n<\/ol>\n<h2><strong>Csomagol\u00e1s r\u00e9szletei<\/strong><\/h2>\n<ul>\n<li>1\/ Egyetlen doboz<\/li>\n<li>10\/ Displaybox<\/li>\n<li>100\/ karton<\/li>\n<\/ul>\n<figure id=\"attachment_25165\" aria-describedby=\"caption-attachment-25165\" style=\"width: 800px\" class=\"wp-caption alignnone\"><img loading=\"lazy\" decoding=\"async\" class=\"size-full wp-image-25165\" title=\"Happ Bar MT50000 eldobhat\u00f3 vape csomagol\u00f3 doboz\" src=\"https:\/\/www.vape4wholesale.com\/wp-content\/uploads\/2025\/10\/Happ-Bar-MT50000-Disposable-Vape_Packing-Box.webp\" alt=\"Happ Bar MT50000 eldobhat\u00f3 vape csomagol\u00f3 doboz\" width=\"800\" height=\"800\" srcset=\"https:\/\/www.vape4wholesale.com\/wp-content\/uploads\/2025\/10\/Happ-Bar-MT50000-Disposable-Vape_Packing-Box.webp 800w, https:\/\/www.vape4wholesale.com\/wp-content\/uploads\/2025\/10\/Happ-Bar-MT50000-Disposable-Vape_Packing-Box-247x247.webp 247w, https:\/\/www.vape4wholesale.com\/wp-content\/uploads\/2025\/10\/Happ-Bar-MT50000-Disposable-Vape_Packing-Box-100x100.webp 100w, https:\/\/www.vape4wholesale.com\/wp-content\/uploads\/2025\/10\/Happ-Bar-MT50000-Disposable-Vape_Packing-Box-510x510.webp 510w, https:\/\/www.vape4wholesale.com\/wp-content\/uploads\/2025\/10\/Happ-Bar-MT50000-Disposable-Vape_Packing-Box-300x300.webp 300w, https:\/\/www.vape4wholesale.com\/wp-content\/uploads\/2025\/10\/Happ-Bar-MT50000-Disposable-Vape_Packing-Box-150x150.webp 150w, https:\/\/www.vape4wholesale.com\/wp-content\/uploads\/2025\/10\/Happ-Bar-MT50000-Disposable-Vape_Packing-Box-768x768.webp 768w, https:\/\/www.vape4wholesale.com\/wp-content\/uploads\/2025\/10\/Happ-Bar-MT50000-Disposable-Vape_Packing-Box-12x12.webp 12w, https:\/\/www.vape4wholesale.com\/wp-content\/uploads\/2025\/10\/Happ-Bar-MT50000-Disposable-Vape_Packing-Box-64x64.webp 64w\" sizes=\"auto, (max-width: 800px) 100vw, 800px\" \/><figcaption id=\"caption-attachment-25165\" class=\"wp-caption-text\">Happ Bar MT50000 eldobhat\u00f3 vape csomagol\u00f3 doboz<\/figcaption><\/figure>\n<figure id=\"attachment_25166\" aria-describedby=\"caption-attachment-25166\" style=\"width: 1000px\" class=\"wp-caption alignnone\"><img loading=\"lazy\" decoding=\"async\" class=\"size-full wp-image-25166\" title=\"Happ Bar MT50000 eldobhat\u00f3 Vape nagykereskedelem\" src=\"https:\/\/www.vape4wholesale.com\/wp-content\/uploads\/2025\/10\/Happ-Bar-MT50000-Disposable-Vape-Wholesale.webp\" alt=\"Happ Bar MT50000 eldobhat\u00f3 Vape nagykereskedelem\" width=\"1000\" height=\"560\" srcset=\"https:\/\/www.vape4wholesale.com\/wp-content\/uploads\/2025\/10\/Happ-Bar-MT50000-Disposable-Vape-Wholesale.webp 1000w, https:\/\/www.vape4wholesale.com\/wp-content\/uploads\/2025\/10\/Happ-Bar-MT50000-Disposable-Vape-Wholesale-510x286.webp 510w, https:\/\/www.vape4wholesale.com\/wp-content\/uploads\/2025\/10\/Happ-Bar-MT50000-Disposable-Vape-Wholesale-300x168.webp 300w, https:\/\/www.vape4wholesale.com\/wp-content\/uploads\/2025\/10\/Happ-Bar-MT50000-Disposable-Vape-Wholesale-768x430.webp 768w, https:\/\/www.vape4wholesale.com\/wp-content\/uploads\/2025\/10\/Happ-Bar-MT50000-Disposable-Vape-Wholesale-18x10.webp 18w, https:\/\/www.vape4wholesale.com\/wp-content\/uploads\/2025\/10\/Happ-Bar-MT50000-Disposable-Vape-Wholesale-64x36.webp 64w\" sizes=\"auto, (max-width: 1000px) 100vw, 1000px\" \/><figcaption id=\"caption-attachment-25166\" class=\"wp-caption-text\">Happ Bar MT50000 eldobhat\u00f3 Vape nagykereskedelem<\/figcaption><\/figure>\n<h2>MI\u00c9RT MI?<\/h2>\r\n<ul>\r\n<li>Val\u00f3di, megb\u00edzhat\u00f3 \u00e9s professzion\u00e1lis vape forr\u00e1s.<\/li>\r\n<li>100% Eredeti garancia: Csak eredeti \u00e9s val\u00f3di term\u00e9keket biztos\u00edtunk, elutas\u00edtjuk a hamis\u00edt\u00e1st.<\/li>\r\n<li>100% Sz\u00e1ll\u00edt\u00e1si garancia: A legjobb sz\u00e1ll\u00edt\u00e1si m\u00f3dszerrel biztos\u00edtjuk, hogy \u00d6n megkapja a 100% megrendel\u00e9st.<\/li>\r\n<li>A sz\u00e1ll\u00edt\u00e1s ut\u00e1n megadjuk \u00d6nnek a nyomon k\u00f6vet\u00e9si sz\u00e1mot \u00e9s a sz\u00e1ll\u00edt\u00e1si c\u00edmk\u00e9t, \u00e9s nyomon k\u00f6vetj\u00fck az \u00e1rut az \u00d6n sz\u00e1m\u00e1ra, am\u00edg al\u00e1 nem \u00edrja azt.<\/li>\r\n<li>Nincsenek v\u00e1mprobl\u00e9m\u00e1k, nincsenek v\u00e1mok<\/li>\r\n<\/ul>","protected":false},"excerpt":{"rendered":"<p><b><span style=\"color: #00a859;\">Free shipping<\/span>\u00a0from Europe warehouse, 7-15 working days delivery time.<\/b><\/p>\r\n<div class=\"wsppc_div_block woocommerce_before_add_to_cart_form\">\r\n<p><strong>Clear customs before delivery &amp; 100% Delivery Guarantee<\/strong><\/p>\r\n<\/div>","protected":false},"featured_media":25183,"comment_status":"open","ping_status":"closed","template":"","meta":[],"pwb-brand":[1267],"product_cat":[938],"product_tag":[22,24,964,1035,1082],"class_list":{"0":"post-25164","1":"product","2":"type-product","3":"status-publish","4":"has-post-thumbnail","6":"pwb-brand-happ-bar","7":"product_cat-europe-warehouse","8":"product_tag-disposable","9":"product_tag-wholesale","10":"product_tag-45-0ml","11":"product_tag-happ-bar","12":"product_tag-50000-puffs","13":"product_shipping_class-eu-warehouse","14":"wcpa_has_options","16":"first","17":"instock","18":"featured","19":"shipping-taxable","20":"purchasable","21":"product-type-variable"},"aioseo_notices":[],"brands":[{"id":1267,"name":"Happ b\u00e1r","slug":"boldog-bar"}],"_links":{"self":[{"href":"https:\/\/www.vape4wholesale.com\/hu\/wp-json\/wp\/v2\/product\/25164","targetHints":{"allow":["GET"]}}],"collection":[{"href":"https:\/\/www.vape4wholesale.com\/hu\/wp-json\/wp\/v2\/product"}],"about":[{"href":"https:\/\/www.vape4wholesale.com\/hu\/wp-json\/wp\/v2\/types\/product"}],"replies":[{"embeddable":true,"href":"https:\/\/www.vape4wholesale.com\/hu\/wp-json\/wp\/v2\/comments?post=25164"}],"wp:featuredmedia":[{"embeddable":true,"href":"https:\/\/www.vape4wholesale.com\/hu\/wp-json\/wp\/v2\/media\/25183"}],"wp:attachment":[{"href":"https:\/\/www.vape4wholesale.com\/hu\/wp-json\/wp\/v2\/media?parent=25164"}],"wp:term":[{"taxonomy":"pwb-brand","embeddable":true,"href":"https:\/\/www.vape4wholesale.com\/hu\/wp-json\/wp\/v2\/pwb-brand?post=25164"},{"taxonomy":"product_cat","embeddable":true,"href":"https:\/\/www.vape4wholesale.com\/hu\/wp-json\/wp\/v2\/product_cat?post=25164"},{"taxonomy":"product_tag","embeddable":true,"href":"https:\/\/www.vape4wholesale.com\/hu\/wp-json\/wp\/v2\/product_tag?post=25164"}],"curies":[{"name":"wp","href":"https:\/\/api.w.org\/{rel}","templated":true}]}}