{"id":23936,"date":"2024-03-04T15:04:46","date_gmt":"2024-03-04T07:04:46","guid":{"rendered":"https:\/\/www.vape4wholesale.com\/?post_type=product&#038;p=23936"},"modified":"2026-01-27T15:04:13","modified_gmt":"2026-01-27T15:04:13","slug":"bang-king-smart-screen-15000-puffs-eldobhato-vape-nagykereskedelmi","status":"publish","type":"product","link":"https:\/\/www.vape4wholesale.com\/hu\/product\/bang-king-smart-screen-15000-puffs-disposable-vape-wholesale","title":{"rendered":"Bang King Smart Screen 15000 Puffs Eldobhat\u00f3 Vape nagykereskedelem"},"content":{"rendered":"<p>a Bang King Smart screen 15000 puffs Egyszer haszn\u00e1latos Vape egy \u00e9lvonalbeli p\u00e1rologtat\u00f3 k\u00e9sz\u00fcl\u00e9k 25ml t\u00e9rfogattal a hosszabb haszn\u00e1lathoz. A 0%, 2%, 3% \u00e9s 5% nikotin koncentr\u00e1ci\u00f3ban kaphat\u00f3, \u00edgy k\u00fcl\u00f6nb\u00f6z\u0151 preferenci\u00e1knak felel meg. A k\u00e9sz\u00fcl\u00e9k egy er\u0151teljes 650mAh-s akkumul\u00e1torral b\u00fcszk\u00e9lkedhet, amely jelent\u0151s, 15 000 puffol\u00e1sos g\u0151z\u00f6l\u00e9si kapacit\u00e1st k\u00edn\u00e1l. A k\u00e9nyelmes C-t\u00edpus\u00fa \u00fajrat\u00f6lthet\u0151s\u00e9ggel \u00e9s a t\u00f6lt\u00f6tts\u00e9get \u00e9s az e-folyad\u00e9k szintj\u00e9t is jelz\u0151 kijelz\u0151vel a felhaszn\u00e1l\u00f3k z\u00f6kken\u0151mentes \u00e9lm\u00e9nyt \u00e9lvezhetnek. A k\u00e9sz\u00fcl\u00e9k 1,0\u03a9-os h\u00e1l\u00f3s maggal van felszerelve a hat\u00e9kony f\u0171t\u0151sz\u00e1l-ellen\u00e1ll\u00e1s \u00e9rdek\u00e9ben. A Bang King Smart screen 15000 puffs kifinomult \u00e9s felhaszn\u00e1l\u00f3bar\u00e1t vaping megold\u00e1st ny\u00fajt a vape sz\u00e1m\u00e1ra.<\/p>\n<h2 class=\"second-title\">Bang King Smart Screen 15000 Puffs Vape gyors r\u00e9szletek<\/h2>\n<ul>\n<li>\n<div>Eliquid Kapacit\u00e1s: 25ml<\/div>\n<\/li>\n<li>\n<div>Nikotinkoncentr\u00e1ci\u00f3: 0% 2% 3% 5%<\/div>\n<\/li>\n<li>\n<div>Akkumul\u00e1tor: 650 mAh<\/div>\n<\/li>\n<li>\n<div>Sz\u00edv\u00f3kapacit\u00e1s: 15,000 puffs<\/div>\n<\/li>\n<li>\n<div>C-t\u00edpus\u00fa \u00fajrat\u00f6lthet\u0151<\/div>\n<\/li>\n<li>\n<div>T\u00f6lt\u00f6tt \u00e9s e-folyad\u00e9k kijelz\u0151<\/div>\n<\/li>\n<li>\n<div>A f\u0171t\u0151huzal ellen\u00e1ll\u00e1sa: 1.0\u03a9 h\u00e1l\u00f3s mag<\/div>\n<\/li>\n<\/ul>\n<h2>\u00cdzek list\u00e1ja<\/h2>\n<p>1.Blueberry fagyaszt\u00e1s<br \/>\n2.Berry Blast<br \/>\n3.Blueberry Cherry Citrom<br \/>\n4.Peach Freeze<br \/>\n5.Grape Freeze<br \/>\n6.Peach Blueraz<br \/>\n7.Savany\u00fa alma \u00e1fonya<br \/>\n8.Troiple gy\u00fcm\u00f6lcs<br \/>\n9.Lush Ice (g\u00f6r\u00f6gdinnye j\u00e9g)<br \/>\n10.Eper g\u00f6r\u00f6gdinnye<\/p>\n<div>\n<figure id=\"attachment_23937\" aria-describedby=\"caption-attachment-23937\" style=\"width: 800px\" class=\"wp-caption alignnone\"><img loading=\"lazy\" decoding=\"async\" class=\"size-full wp-image-23937\" title=\"Bang King Smart Screen 15000 Puffs Eldobhat\u00f3 Vape\" src=\"https:\/\/www.vape4wholesale.com\/wp-content\/uploads\/2025\/08\/Bang-King-Smart-Screen-15000-Puffs-Disposable-Vape.webp\" alt=\"Bang King Smart Screen 15000 Puffs Eldobhat\u00f3 Vape\" width=\"800\" height=\"727\" srcset=\"https:\/\/www.vape4wholesale.com\/wp-content\/uploads\/2025\/08\/Bang-King-Smart-Screen-15000-Puffs-Disposable-Vape.webp 800w, https:\/\/www.vape4wholesale.com\/wp-content\/uploads\/2025\/08\/Bang-King-Smart-Screen-15000-Puffs-Disposable-Vape-510x463.webp 510w, https:\/\/www.vape4wholesale.com\/wp-content\/uploads\/2025\/08\/Bang-King-Smart-Screen-15000-Puffs-Disposable-Vape-300x273.webp 300w, https:\/\/www.vape4wholesale.com\/wp-content\/uploads\/2025\/08\/Bang-King-Smart-Screen-15000-Puffs-Disposable-Vape-768x698.webp 768w, https:\/\/www.vape4wholesale.com\/wp-content\/uploads\/2025\/08\/Bang-King-Smart-Screen-15000-Puffs-Disposable-Vape-13x12.webp 13w, https:\/\/www.vape4wholesale.com\/wp-content\/uploads\/2025\/08\/Bang-King-Smart-Screen-15000-Puffs-Disposable-Vape-64x58.webp 64w\" sizes=\"auto, (max-width: 800px) 100vw, 800px\" \/><figcaption id=\"caption-attachment-23937\" class=\"wp-caption-text\">Bang King Smart Screen 15000 Puffs Eldobhat\u00f3 Vape<\/figcaption><\/figure>\n<p><img loading=\"lazy\" decoding=\"async\" class=\"size-full wp-image-23948\" title=\"Bang King Smart Screen 15000 Puffs eldobhat\u00f3 vape 11\" src=\"https:\/\/www.vape4wholesale.com\/wp-content\/uploads\/2025\/08\/Bang-King-Smart-Screen-15000-Puffs-Disposable-Vape_11.webp\" alt=\"Bang King Smart Screen 15000 Puffs eldobhat\u00f3 vape 11\" width=\"800\" height=\"1000\" srcset=\"https:\/\/www.vape4wholesale.com\/wp-content\/uploads\/2025\/08\/Bang-King-Smart-Screen-15000-Puffs-Disposable-Vape_11.webp 800w, https:\/\/www.vape4wholesale.com\/wp-content\/uploads\/2025\/08\/Bang-King-Smart-Screen-15000-Puffs-Disposable-Vape_11-510x638.webp 510w, https:\/\/www.vape4wholesale.com\/wp-content\/uploads\/2025\/08\/Bang-King-Smart-Screen-15000-Puffs-Disposable-Vape_11-240x300.webp 240w, https:\/\/www.vape4wholesale.com\/wp-content\/uploads\/2025\/08\/Bang-King-Smart-Screen-15000-Puffs-Disposable-Vape_11-768x960.webp 768w, https:\/\/www.vape4wholesale.com\/wp-content\/uploads\/2025\/08\/Bang-King-Smart-Screen-15000-Puffs-Disposable-Vape_11-10x12.webp 10w, https:\/\/www.vape4wholesale.com\/wp-content\/uploads\/2025\/08\/Bang-King-Smart-Screen-15000-Puffs-Disposable-Vape_11-64x80.webp 64w\" sizes=\"auto, (max-width: 800px) 100vw, 800px\" \/><\/p>\n<h2>MI\u00c9RT MI?<\/h2>\r\n<ul>\r\n<li>Val\u00f3di, megb\u00edzhat\u00f3 \u00e9s professzion\u00e1lis vape forr\u00e1s.<\/li>\r\n<li>100% Eredeti garancia: Csak eredeti \u00e9s val\u00f3di term\u00e9keket biztos\u00edtunk, elutas\u00edtjuk a hamis\u00edt\u00e1st.<\/li>\r\n<li>100% Sz\u00e1ll\u00edt\u00e1si garancia: A legjobb sz\u00e1ll\u00edt\u00e1si m\u00f3dszerrel biztos\u00edtjuk, hogy \u00d6n megkapja a 100% megrendel\u00e9st.<\/li>\r\n<li>A sz\u00e1ll\u00edt\u00e1s ut\u00e1n megadjuk \u00d6nnek a nyomon k\u00f6vet\u00e9si sz\u00e1mot \u00e9s a sz\u00e1ll\u00edt\u00e1si c\u00edmk\u00e9t, \u00e9s nyomon k\u00f6vetj\u00fck az \u00e1rut az \u00d6n sz\u00e1m\u00e1ra, am\u00edg al\u00e1 nem \u00edrja azt.<\/li>\r\n<li>Nincsenek v\u00e1mprobl\u00e9m\u00e1k, nincsenek v\u00e1mok<\/li>\r\n<\/ul>\n<\/div>","protected":false},"excerpt":{"rendered":"<div class=\"wsppc_div_block woocommerce_before_add_to_cart_form\">\r\n<p><strong><span style=\"color: #00a859;\">Clear customs<\/span> before delivery &amp; 100% Delivery Guarantee, Delivery in 19~25 days around.\u00a0<\/strong><\/p>\r\n<\/div>","protected":false},"featured_media":23946,"comment_status":"open","ping_status":"closed","template":"","meta":[],"pwb-brand":[1275],"product_cat":[872],"product_tag":[24,249,684,692,22],"class_list":{"0":"post-23936","1":"product","2":"type-product","3":"status-publish","4":"has-post-thumbnail","6":"pwb-brand-bang","7":"product_cat-15k-20k-puffs","8":"product_tag-wholesale","9":"product_tag-bang","10":"product_tag-15000-puffs","11":"product_tag-25-0ml","12":"product_tag-disposable","13":"wcpa_has_options","15":"first","16":"instock","17":"shipping-taxable","18":"purchasable","19":"product-type-variable"},"aioseo_notices":[],"brands":[{"id":1275,"name":"Bang","slug":"bang"}],"_links":{"self":[{"href":"https:\/\/www.vape4wholesale.com\/hu\/wp-json\/wp\/v2\/product\/23936","targetHints":{"allow":["GET"]}}],"collection":[{"href":"https:\/\/www.vape4wholesale.com\/hu\/wp-json\/wp\/v2\/product"}],"about":[{"href":"https:\/\/www.vape4wholesale.com\/hu\/wp-json\/wp\/v2\/types\/product"}],"replies":[{"embeddable":true,"href":"https:\/\/www.vape4wholesale.com\/hu\/wp-json\/wp\/v2\/comments?post=23936"}],"wp:featuredmedia":[{"embeddable":true,"href":"https:\/\/www.vape4wholesale.com\/hu\/wp-json\/wp\/v2\/media\/23946"}],"wp:attachment":[{"href":"https:\/\/www.vape4wholesale.com\/hu\/wp-json\/wp\/v2\/media?parent=23936"}],"wp:term":[{"taxonomy":"pwb-brand","embeddable":true,"href":"https:\/\/www.vape4wholesale.com\/hu\/wp-json\/wp\/v2\/pwb-brand?post=23936"},{"taxonomy":"product_cat","embeddable":true,"href":"https:\/\/www.vape4wholesale.com\/hu\/wp-json\/wp\/v2\/product_cat?post=23936"},{"taxonomy":"product_tag","embeddable":true,"href":"https:\/\/www.vape4wholesale.com\/hu\/wp-json\/wp\/v2\/product_tag?post=23936"}],"curies":[{"name":"wp","href":"https:\/\/api.w.org\/{rel}","templated":true}]}}