{"id":23613,"date":"2025-07-23T00:46:15","date_gmt":"2025-07-22T16:46:15","guid":{"rendered":"https:\/\/www.vape4wholesale.com\/?post_type=product&#038;p=23613"},"modified":"2026-04-15T17:53:00","modified_gmt":"2026-04-15T09:53:00","slug":"happ-bar-gr50000-eldobhato-vape-nagykereskedelem","status":"publish","type":"product","link":"https:\/\/www.vape4wholesale.com\/hu\/product\/happ-bar-gr50000-disposable-vape-wholesale","title":{"rendered":"Happ Bar GR50000 eldobhat\u00f3 Vape nagykereskedelem"},"content":{"rendered":"<p class=\"ds-markdown-paragraph\"><strong><a title=\"Happ b\u00e1r\" href=\"\/hu\/product_brand\/boldog-bar\/\" target=\"_blank\" rel=\"noopener\">Happ b\u00e1r<\/a> GR50000<\/strong>\u00a0egy innovat\u00edv eldobhat\u00f3 vape k\u00e9sz\u00fcl\u00e9k, amely egy \u00fatt\u00f6r\u0151 2 az 1-ben kett\u0151s \u00edzrendszerrel rendelkezik. A k\u00e9t opci\u00f3 k\u00f6z\u00f6tt elhelyezett egyedi \u00edzv\u00e1lt\u00f3 gombnak k\u00f6sz\u00f6nhet\u0151en a felhaszn\u00e1l\u00f3k egyszerre k\u00e9t k\u00fcl\u00f6nb\u00f6z\u0151 \u00edzt \u00e9lvezhetnek - ez az ipar\u00e1gban egyed\u00fcl\u00e1ll\u00f3 innov\u00e1ci\u00f3.<\/p>\n<p class=\"ds-markdown-paragraph\">A GR sorozat jellegzetes kialak\u00edt\u00e1s\u00e1t megtartva, ergonomikusan s\u00fcllyesztett k\u00f6z\u00e9ps\u0151 r\u00e9sszel b\u00fcszk\u00e9lkedhet a fokozott fog\u00e1si k\u00e9nyelem \u00e9rdek\u00e9ben. A k\u00f6z\u00e9ps\u0151 r\u00e9sz alatt egy integr\u00e1lt kijelz\u0151 biztos\u00edtja az e-folyad\u00e9k \u00e9s az akkumul\u00e1tor szintj\u00e9nek pontos, val\u00f3s idej\u0171 leolvas\u00e1s\u00e1t. A h\u00e1toldalon egy \u00edzbe\u00e1ll\u00edt\u00f3 vez\u00e9rl\u0151 lehet\u0151v\u00e9 teszi a z\u00f6kken\u0151mentes v\u00e1lt\u00e1st az \u00edzek k\u00f6z\u00f6tt.<\/p>\n<p>A hossz\u00fa \u00e9lettartamra \u00e9s sokoldal\u00fas\u00e1gra tervezett Happ Bar GR50000 leny\u0171g\u00f6z\u0151 50 000 slukkot biztos\u00edt, amelyet egy 650mAh-s \u00fajrat\u00f6lthet\u0151 akkumul\u00e1tor t\u00e1pl\u00e1l (C-t\u00edpus\u00fa t\u00f6lt\u00e9s t\u00e1mogatott). A k\u00e9t 23mL-es e-folyad\u00e9k tart\u00e1ly (\u00f6sszesen 46mL) hosszabb haszn\u00e1latot biztos\u00edt, m\u00edg az 1,0\u03a9-os h\u00e1l\u00f3s tekercs gazdag, egyenletes \u00edztermel\u00e9st biztos\u00edt.<\/p>\n<h2 class=\"ds-markdown-paragraph\"><strong>Happ Bar GR50000 eldobhat\u00f3 Vape gyors r\u00e9szletek<\/strong><\/h2>\n<ul>\n<li class=\"ds-markdown-paragraph\"><strong>Puff:<\/strong>\u00a050,000<\/li>\n<li class=\"ds-markdown-paragraph\"><strong>Nikotin:<\/strong> 2% \/ 5%<\/li>\n<li class=\"ds-markdown-paragraph\"><strong>Akkumul\u00e1tor:<\/strong>\u00a0650mAh (C t\u00edpus\u00fa \u00fajrat\u00f6lthet\u0151)<\/li>\n<li class=\"ds-markdown-paragraph\"><strong>E-folyad\u00e9k:<\/strong> 23mL + 23mL (kett\u0151s tart\u00e1lyok)<\/li>\n<li class=\"ds-markdown-paragraph\"><strong>Tekercs:<\/strong> Kett\u0151s 1.0\u03a9 h\u00e1l\u00f3s tekercs<\/li>\n<li class=\"ds-markdown-paragraph\"><strong>\u00cdzek:<\/strong> 12 p\u00e1r<\/li>\n<li class=\"ds-markdown-paragraph\"><strong>Innov\u00e1ci\u00f3:<\/strong>\u00a02 az 1-ben egyidej\u0171 kett\u0151s \u00edzes\u00edt\u00e9s\u0171 p\u00e1rologtat\u00e1s<\/li>\n<li class=\"ds-markdown-paragraph\"><strong>Megjelen\u00edt\u00e9s:<\/strong>\u00a0E-folyad\u00e9k \u00e9s akkumul\u00e1tor kijelz\u0151<\/li>\n<li class=\"ds-markdown-paragraph\"><strong>Tervez\u00e9s:<\/strong>\u00a0Ergonomikus markolat \u00edzl\u00e9sszab\u00e1lyoz\u00e1ssal<\/li>\n<\/ul>\n<h2><strong>El\u00e9rhet\u0151 \u00edzek<\/strong><\/h2>\n<p>G\u00f6r\u00f6gdinnye j\u00e9g \/ Eper ban\u00e1n<br \/>\nGrape Ice \/ Eper Kiwi<br \/>\nCola Ice \/ Fizzy Cherry<br \/>\nEper j\u00e9g \/ Mang\u00f3 barack g\u00f6r\u00f6gdinnye<br \/>\nTr\u00f3pusi gy\u00fcm\u00f6lcs \/ Eper g\u00f6r\u00f6gdinnye<br \/>\nRed Bull \/ Cool Mint<br \/>\nEper van\u00edlia k\u00f3la \/ anan\u00e1sz k\u00f3kusz<br \/>\nG\u00f6r\u00f6gdinnye m\u00e1lna \/ Love 66<br \/>\nMr Blue \/ Citromos j\u00e9g<br \/>\nEper m\u00e1lna cseresznye \/ sz\u00f6rny barack<br \/>\nFekete s\u00e1rk\u00e1ny j\u00e9g \/ Barack j\u00e9g<br \/>\n\u0150szibarack Mang\u00f3 Anan\u00e1sz \/ Van\u00edlia j\u00e9g<\/p>\n<figure id=\"attachment_23641\" aria-describedby=\"caption-attachment-23641\" style=\"width: 1616px\" class=\"wp-caption alignnone\"><img loading=\"lazy\" decoding=\"async\" class=\"size-full wp-image-23641\" title=\"Happ Bar GR50000 eldobhat\u00f3 Vape nagykereskedelem 14\" src=\"https:\/\/www.vape4wholesale.com\/wp-content\/uploads\/2025\/07\/Happ-Bar-GR50000-Disposable-Vape-Wholesale_14.webp\" alt=\"Happ Bar GR50000 eldobhat\u00f3 Vape nagykereskedelem 14\" width=\"1616\" height=\"800\" srcset=\"https:\/\/www.vape4wholesale.com\/wp-content\/uploads\/2025\/07\/Happ-Bar-GR50000-Disposable-Vape-Wholesale_14.webp 1616w, https:\/\/www.vape4wholesale.com\/wp-content\/uploads\/2025\/07\/Happ-Bar-GR50000-Disposable-Vape-Wholesale_14-510x252.webp 510w, https:\/\/www.vape4wholesale.com\/wp-content\/uploads\/2025\/07\/Happ-Bar-GR50000-Disposable-Vape-Wholesale_14-300x149.webp 300w, https:\/\/www.vape4wholesale.com\/wp-content\/uploads\/2025\/07\/Happ-Bar-GR50000-Disposable-Vape-Wholesale_14-1024x507.webp 1024w, https:\/\/www.vape4wholesale.com\/wp-content\/uploads\/2025\/07\/Happ-Bar-GR50000-Disposable-Vape-Wholesale_14-768x380.webp 768w, https:\/\/www.vape4wholesale.com\/wp-content\/uploads\/2025\/07\/Happ-Bar-GR50000-Disposable-Vape-Wholesale_14-1536x760.webp 1536w, https:\/\/www.vape4wholesale.com\/wp-content\/uploads\/2025\/07\/Happ-Bar-GR50000-Disposable-Vape-Wholesale_14-18x9.webp 18w, https:\/\/www.vape4wholesale.com\/wp-content\/uploads\/2025\/07\/Happ-Bar-GR50000-Disposable-Vape-Wholesale_14-64x32.webp 64w\" sizes=\"auto, (max-width: 1616px) 100vw, 1616px\" \/><figcaption id=\"caption-attachment-23641\" class=\"wp-caption-text\">Happ Bar GR50000 eldobhat\u00f3 Vape nagykereskedelem<\/figcaption><\/figure>\n<h2>MI\u00c9RT MI?<\/h2>\r\n<ul>\r\n<li>Val\u00f3di, megb\u00edzhat\u00f3 \u00e9s professzion\u00e1lis vape forr\u00e1s.<\/li>\r\n<li>100% Eredeti garancia: Csak eredeti \u00e9s val\u00f3di term\u00e9keket biztos\u00edtunk, elutas\u00edtjuk a hamis\u00edt\u00e1st.<\/li>\r\n<li>100% Sz\u00e1ll\u00edt\u00e1si garancia: A legjobb sz\u00e1ll\u00edt\u00e1si m\u00f3dszerrel biztos\u00edtjuk, hogy \u00d6n megkapja a 100% megrendel\u00e9st.<\/li>\r\n<li>A sz\u00e1ll\u00edt\u00e1s ut\u00e1n megadjuk \u00d6nnek a nyomon k\u00f6vet\u00e9si sz\u00e1mot \u00e9s a sz\u00e1ll\u00edt\u00e1si c\u00edmk\u00e9t, \u00e9s nyomon k\u00f6vetj\u00fck az \u00e1rut az \u00d6n sz\u00e1m\u00e1ra, am\u00edg al\u00e1 nem \u00edrja azt.<\/li>\r\n<li>Nincsenek v\u00e1mprobl\u00e9m\u00e1k, nincsenek v\u00e1mok<\/li>\r\n<\/ul>","protected":false},"excerpt":{"rendered":"<p><b><span style=\"color: #00a859;\">Free shipping<\/span>\u00a0from Europe warehouse, 7-15 working days delivery time.<\/b><\/p>\r\n<div class=\"wsppc_div_block woocommerce_before_add_to_cart_form\">\r\n<p><strong>Clear customs before delivery &amp; 100% Delivery Guarantee<\/strong><\/p>\r\n<\/div>","protected":false},"featured_media":23640,"comment_status":"open","ping_status":"closed","template":"","meta":[],"pwb-brand":[1267],"product_cat":[938],"product_tag":[1210,22,24,1035,1082],"class_list":{"0":"post-23613","1":"product","2":"type-product","3":"status-publish","4":"has-post-thumbnail","6":"pwb-brand-happ-bar","7":"product_cat-europe-warehouse","8":"product_tag-46-0ml","9":"product_tag-disposable","10":"product_tag-wholesale","11":"product_tag-happ-bar","12":"product_tag-50000-puffs","13":"product_shipping_class-eu-warehouse","14":"wcpa_has_options","16":"first","17":"instock","18":"featured","19":"shipping-taxable","20":"purchasable","21":"product-type-variable"},"aioseo_notices":[],"brands":[{"id":1267,"name":"Happ b\u00e1r","slug":"boldog-bar"}],"_links":{"self":[{"href":"https:\/\/www.vape4wholesale.com\/hu\/wp-json\/wp\/v2\/product\/23613","targetHints":{"allow":["GET"]}}],"collection":[{"href":"https:\/\/www.vape4wholesale.com\/hu\/wp-json\/wp\/v2\/product"}],"about":[{"href":"https:\/\/www.vape4wholesale.com\/hu\/wp-json\/wp\/v2\/types\/product"}],"replies":[{"embeddable":true,"href":"https:\/\/www.vape4wholesale.com\/hu\/wp-json\/wp\/v2\/comments?post=23613"}],"wp:featuredmedia":[{"embeddable":true,"href":"https:\/\/www.vape4wholesale.com\/hu\/wp-json\/wp\/v2\/media\/23640"}],"wp:attachment":[{"href":"https:\/\/www.vape4wholesale.com\/hu\/wp-json\/wp\/v2\/media?parent=23613"}],"wp:term":[{"taxonomy":"pwb-brand","embeddable":true,"href":"https:\/\/www.vape4wholesale.com\/hu\/wp-json\/wp\/v2\/pwb-brand?post=23613"},{"taxonomy":"product_cat","embeddable":true,"href":"https:\/\/www.vape4wholesale.com\/hu\/wp-json\/wp\/v2\/product_cat?post=23613"},{"taxonomy":"product_tag","embeddable":true,"href":"https:\/\/www.vape4wholesale.com\/hu\/wp-json\/wp\/v2\/product_tag?post=23613"}],"curies":[{"name":"wp","href":"https:\/\/api.w.org\/{rel}","templated":true}]}}