{"id":23402,"date":"2025-07-08T23:28:12","date_gmt":"2025-07-08T15:28:12","guid":{"rendered":"https:\/\/www.vape4wholesale.com\/?post_type=product&#038;p=23402"},"modified":"2026-02-04T14:28:40","modified_gmt":"2026-02-04T14:28:40","slug":"razz-bar-15000-puff-eldobhato-vape-nagykereskedelem","status":"publish","type":"product","link":"https:\/\/www.vape4wholesale.com\/hu\/termek\/razz-bar-15000-puff-eldobhato-vape-nagykereskedelem","title":{"rendered":"Razz Bar 15000 Puffs Eldobhat\u00f3 Vape nagykereskedelem"},"content":{"rendered":"<p>A <strong><a title=\"Razz b\u00e1r\" href=\"https:\/\/www.vape4wholesale.com\/hu\/product_brand\/razz-bar\/\" target=\"_blank\" rel=\"noopener\">Razz b\u00e1r<\/a> 15000<\/strong> Puffs Eldobhat\u00f3 Vape <span style=\"color: #555555; font-size: 14.4px;\">egy eleg\u00e1ns, nagy kapacit\u00e1s\u00fa eldobhat\u00f3 vape, amelyet p\u00e1ratlan k\u00e9nyelemre \u00e9s teljes\u00edtm\u00e9nyre terveztek. <\/span>A 650mAh be\u00e9p\u00edtett akkumul\u00e1torral \u00e9s USB Type-C gyorst\u00f6lt\u00e9ssel felszerelt Razz Bar kompromisszumok n\u00e9lk\u00fcl biztos\u00edtja a hosszabb haszn\u00e1latot. Nem kell agg\u00f3dnod, hogy kifogy az energia - egyszer\u0171en t\u00f6ltsd fel \u00e9s \u00e9lvezd.<\/p>\n<p class=\"ds-markdown-paragraph\"><strong>Massz\u00edv 26mL E-Liquid kapacit\u00e1s<\/strong><br \/>\nA leny\u0171g\u00f6z\u0151, 26 ml-es, el\u0151re felt\u00f6lt\u00f6tt tart\u00e1llyal ez az eldobhat\u00f3 vape ak\u00e1r 15 000 sima, \u00edzgazdag slukkot is biztos\u00edt, \u00edgy t\u00f6k\u00e9letes az eg\u00e9sz napos p\u00e1rologtat\u00e1shoz.<\/p>\n<p class=\"ds-markdown-paragraph\"><strong>16 gy\u00f6ny\u00f6r\u0171 \u00edzek<\/strong><br \/>\nK\u00e9nyeztesse mag\u00e1t gazdag, kiel\u00e9g\u00edt\u0151 \u00edzvil\u00e1ggal 16 pr\u00e9mium \u00edzv\u00e1laszt\u00e9kkal. Ak\u00e1r gy\u00fcm\u00f6lcs\u00f6s, jeges vagy desszert ihlette jegyekre v\u00e1gyik, a Razz Bar szem\u00e9lyre szabott \u00e9lm\u00e9nyt k\u00edn\u00e1l minden egyes bel\u00e9gz\u00e9ssel.<\/p>\n<p class=\"ds-markdown-paragraph\"><strong>Eleg\u00e1ns, hordozhat\u00f3 \u00e9s probl\u00e9mamentes<\/strong><br \/>\nA kompakt, m\u00e9gis nagy teljes\u00edtm\u00e9ny\u0171 Razz Bar 15000 egyes\u00edti a v\u00e9gs\u0151 praktikuss\u00e1got a kiv\u00e9teles g\u0151ztermel\u00e9ssel. Nincs \u00fajrat\u00f6lt\u00e9s, nincs karbantart\u00e1s - csak tiszta, eldobhat\u00f3 k\u00e9nyelem.<\/p>\n<h2 class=\"ds-markdown-paragraph\">Razz Bar 15000 Puffs Eldobhat\u00f3 Vape Gyors r\u00e9szletek<\/h2>\n<p class=\"ds-markdown-paragraph\">\u2714 15,000 Puffs - Ultra hossz\u00fa ideig tart\u00f3 \u00e9lvezet<br \/>\n\u2714 4 szint\u0171 l\u00e9g\u00e1raml\u00e1s<br \/>\n\u2714 Tekercs ellen\u00e1ll\u00e1s: 1.0\u03a9<br \/>\n\u2714 650mAh \u00fajrat\u00f6lthet\u0151 akkumul\u00e1tor - USB Type-C gyors t\u00f6lt\u00e9s<br \/>\n\u2714 26mL el\u0151re t\u00f6lt\u00f6tt E-Liquid - Nincs sziv\u00e1rg\u00e1s, nincs rendetlens\u00e9g<br \/>\n\u2714 16 \u00edz - Gazdag, mer\u00e9sz \u00e9s sima<br \/>\n\u2714 Draw-Activated - K\u00f6nnyen haszn\u00e1lhat\u00f3, nincsenek gombok<\/p>\n<h2>El\u00e9rhet\u0151 flaovrs<\/h2>\n<p>1.Raspberry fudge<br \/>\n2.Eper j\u00e9g<br \/>\n3.Red Bull j\u00e9g<br \/>\n4.Kiwi Passi\u00f3gy\u00fcm\u00f6lcs Guava<br \/>\n5.Mamba<br \/>\n6.Blueberry j\u00e9g<br \/>\n7.Peach j\u00e9g<br \/>\n8.Epres kivi<br \/>\n9.G\u00f6r\u00f6gdinnye j\u00e9g<br \/>\n10.\u0150szibarack mang\u00f3 anan\u00e1sz<br \/>\n11.Watermelon bubor\u00e9kos r\u00e1g\u00f3gumi<br \/>\n12.Vegyes bogy\u00f3s gy\u00fcm\u00f6lcs\u00f6k<br \/>\n13.\u00c1fonya M\u00e1lna citrom<br \/>\n14.Lemon Lime<br \/>\n15.Cola j\u00e9g<br \/>\n16.Dupla alma<\/p>\n<figure id=\"attachment_23313\" aria-describedby=\"caption-attachment-23313\" style=\"width: 800px\" class=\"wp-caption alignnone\"><img loading=\"lazy\" decoding=\"async\" class=\"size-full wp-image-23313\" title=\"Razz Bar 15000 Puffs Eldobhat\u00f3 Vape Mamba\" src=\"https:\/\/www.vape4wholesale.com\/wp-content\/uploads\/2025\/07\/Razz-Bar-15000-Puffs-Disposable-Vape_Mamba.webp\" alt=\"Razz Bar 15000 Puffs Eldobhat\u00f3 Vape Mamba\" width=\"800\" height=\"800\" srcset=\"https:\/\/www.vape4wholesale.com\/wp-content\/uploads\/2025\/07\/Razz-Bar-15000-Puffs-Disposable-Vape_Mamba.webp 800w, https:\/\/www.vape4wholesale.com\/wp-content\/uploads\/2025\/07\/Razz-Bar-15000-Puffs-Disposable-Vape_Mamba-247x247.webp 247w, https:\/\/www.vape4wholesale.com\/wp-content\/uploads\/2025\/07\/Razz-Bar-15000-Puffs-Disposable-Vape_Mamba-100x100.webp 100w, https:\/\/www.vape4wholesale.com\/wp-content\/uploads\/2025\/07\/Razz-Bar-15000-Puffs-Disposable-Vape_Mamba-510x510.webp 510w, https:\/\/www.vape4wholesale.com\/wp-content\/uploads\/2025\/07\/Razz-Bar-15000-Puffs-Disposable-Vape_Mamba-300x300.webp 300w, https:\/\/www.vape4wholesale.com\/wp-content\/uploads\/2025\/07\/Razz-Bar-15000-Puffs-Disposable-Vape_Mamba-150x150.webp 150w, https:\/\/www.vape4wholesale.com\/wp-content\/uploads\/2025\/07\/Razz-Bar-15000-Puffs-Disposable-Vape_Mamba-768x768.webp 768w, https:\/\/www.vape4wholesale.com\/wp-content\/uploads\/2025\/07\/Razz-Bar-15000-Puffs-Disposable-Vape_Mamba-12x12.webp 12w, https:\/\/www.vape4wholesale.com\/wp-content\/uploads\/2025\/07\/Razz-Bar-15000-Puffs-Disposable-Vape_Mamba-64x64.webp 64w\" sizes=\"auto, (max-width: 800px) 100vw, 800px\" \/><figcaption id=\"caption-attachment-23313\" class=\"wp-caption-text\">Razz Bar 15000 Puffs Eldobhat\u00f3 Vape nagykereskedelem<\/figcaption><\/figure>\n<h2>MI\u00c9RT MI?<\/h2>\r\n<ul>\r\n<li>Val\u00f3di, megb\u00edzhat\u00f3 \u00e9s professzion\u00e1lis vape forr\u00e1s.<\/li>\r\n<li>100% Eredeti garancia: Csak eredeti \u00e9s val\u00f3di term\u00e9keket biztos\u00edtunk, elutas\u00edtjuk a hamis\u00edt\u00e1st.<\/li>\r\n<li>100% Sz\u00e1ll\u00edt\u00e1si garancia: A legjobb sz\u00e1ll\u00edt\u00e1si m\u00f3dszerrel biztos\u00edtjuk, hogy \u00d6n megkapja a 100% megrendel\u00e9st.<\/li>\r\n<li>A sz\u00e1ll\u00edt\u00e1s ut\u00e1n megadjuk \u00d6nnek a nyomon k\u00f6vet\u00e9si sz\u00e1mot \u00e9s a sz\u00e1ll\u00edt\u00e1si c\u00edmk\u00e9t, \u00e9s nyomon k\u00f6vetj\u00fck az \u00e1rut az \u00d6n sz\u00e1m\u00e1ra, am\u00edg al\u00e1 nem \u00edrja azt.<\/li>\r\n<li>Nincsenek v\u00e1mprobl\u00e9m\u00e1k, nincsenek v\u00e1mok<\/li>\r\n<\/ul>\n<p>&nbsp;<\/p>","protected":false},"excerpt":{"rendered":"<div class=\"wsppc_div_block woocommerce_before_add_to_cart_form\">\r\n<p><strong><span style=\"color: #00a859;\">Clear customs<\/span> before delivery &amp; 100% Delivery Guarantee, Delivery in 19~25 days around.\u00a0<\/strong><\/p>\r\n<\/div>","protected":false},"featured_media":23313,"comment_status":"open","ping_status":"closed","template":"","meta":[],"pwb-brand":[1266],"product_cat":[872],"product_tag":[22,24,684,823,1209],"class_list":{"0":"post-23402","1":"product","2":"type-product","3":"status-publish","4":"has-post-thumbnail","6":"pwb-brand-razz-bar","7":"product_cat-15k-20k-puffs","8":"product_tag-disposable","9":"product_tag-wholesale","10":"product_tag-15000-puffs","11":"product_tag-26-0ml","12":"product_tag-razz-bar","13":"product_shipping_class-eu-warehouse","14":"wcpa_has_options","16":"first","17":"outofstock","18":"featured","19":"shipping-taxable","20":"purchasable","21":"product-type-variable"},"aioseo_notices":[],"brands":[{"id":1266,"name":"Razz b\u00e1r","slug":"razz-bar"}],"_links":{"self":[{"href":"https:\/\/www.vape4wholesale.com\/hu\/wp-json\/wp\/v2\/product\/23402","targetHints":{"allow":["GET"]}}],"collection":[{"href":"https:\/\/www.vape4wholesale.com\/hu\/wp-json\/wp\/v2\/product"}],"about":[{"href":"https:\/\/www.vape4wholesale.com\/hu\/wp-json\/wp\/v2\/types\/product"}],"replies":[{"embeddable":true,"href":"https:\/\/www.vape4wholesale.com\/hu\/wp-json\/wp\/v2\/comments?post=23402"}],"wp:featuredmedia":[{"embeddable":true,"href":"https:\/\/www.vape4wholesale.com\/hu\/wp-json\/wp\/v2\/media\/23313"}],"wp:attachment":[{"href":"https:\/\/www.vape4wholesale.com\/hu\/wp-json\/wp\/v2\/media?parent=23402"}],"wp:term":[{"taxonomy":"pwb-brand","embeddable":true,"href":"https:\/\/www.vape4wholesale.com\/hu\/wp-json\/wp\/v2\/pwb-brand?post=23402"},{"taxonomy":"product_cat","embeddable":true,"href":"https:\/\/www.vape4wholesale.com\/hu\/wp-json\/wp\/v2\/product_cat?post=23402"},{"taxonomy":"product_tag","embeddable":true,"href":"https:\/\/www.vape4wholesale.com\/hu\/wp-json\/wp\/v2\/product_tag?post=23402"}],"curies":[{"name":"wp","href":"https:\/\/api.w.org\/{rel}","templated":true}]}}