{"id":23021,"date":"2025-06-26T23:11:15","date_gmt":"2025-06-26T15:11:15","guid":{"rendered":"https:\/\/www.vape4wholesale.com\/?post_type=product&#038;p=23021"},"modified":"2026-03-30T11:11:35","modified_gmt":"2026-03-30T03:11:35","slug":"bang-box-3in1-80k-puffs-eldobhato-vape-nagykereskedes","status":"publish","type":"product","link":"https:\/\/www.vape4wholesale.com\/hu\/product\/bang-box-3in1-80k-puffs-disposable-vape-wholesale","title":{"rendered":"Bang Box 3in1 80K Puffs Eldobhat\u00f3 Vape nagykereskedelem"},"content":{"rendered":"<p><a href=\"https:\/\/www.vape4wholesale.com\/hu\/product_brand\/bang\/\" target=\"_blank\" rel=\"noopener\">Bang<\/a> A Box 3in1 80K Disposable Vape forradalmas\u00edtja a p\u00e1rologtat\u00e1s \u00e9lm\u00e9ny\u00e9t innovat\u00edv 3 az 1-ben pod rendszer\u00e9vel. Be\u00e9p\u00edtett h\u00e1rmas podokkal \u00e9s elforgathat\u00f3 sz\u00e1jdarabbal rendelkezik, \u00edgy lehet\u0151v\u00e9 teszi az azonnali v\u00e1lt\u00e1st az \u00edzek k\u00f6z\u00f6tt an\u00e9lk\u00fcl, hogy t\u00f6bb eszk\u00f6zre lenne sz\u00fcks\u00e9g. A leny\u0171g\u00f6z\u0151 80.000 puffol\u00e1ssal, a hosszan tart\u00f3 60mL e-folyad\u00e9k kapacit\u00e1ssal \u00e9s a 850mAh C-t\u00edpus\u00fa \u00fajrat\u00f6lthet\u0151 akkumul\u00e1torral ez a k\u00e9sz\u00fcl\u00e9k hosszabb, probl\u00e9mamentes haszn\u00e1latra lett tervezve. Az intelligens kijelz\u0151 val\u00f3s idej\u0171 friss\u00edt\u00e9sekkel t\u00e1j\u00e9koztatja \u00d6nt az e-folyad\u00e9k szintj\u00e9r\u0151l \u00e9s az akkumul\u00e1tor \u00e9lettartam\u00e1r\u00f3l, \u00edgy soha nem \u00e9rheti meglepet\u00e9s.<\/p>\n<p>\u00c9lvezze a szem\u00e9lyre szabott \u00e9lm\u00e9nyt 2 f\u00e9le nikotin er\u0151ss\u00e9g\u0171 (20mg vagy 50mg) \u00e9s 12 csod\u00e1latos \u00edzzel, a gy\u00fcm\u00f6lcs\u00f6s \u00e9s jeges kever\u00e9kekt\u0151l kezdve. A kompakt, sziv\u00e1rg\u00e1smentes kialak\u00edt\u00e1s sima, \u00edzletes h\u00faz\u00e1st biztos\u00edt gombok vagy bonyolult be\u00e1ll\u00edt\u00e1sok n\u00e9lk\u00fcl - csak tiszta k\u00e9nyelem. Ak\u00e1r az \u00edzek hajszol\u00f3ja, ak\u00e1r a heavy vaper, a Bang Box 3in1 k\u00f6nnyed\u00e9n alkalmazkodik a preferenci\u00e1ihoz.<\/p>\n<h2 class=\"ds-markdown-paragraph\">Bang Box 3in1 80K eldobhat\u00f3 Vape gyors r\u00e9szletek<\/h2>\n<ul>\n<li class=\"ds-markdown-paragraph\">Puff: 80,000-ig<\/li>\n<li class=\"ds-markdown-paragraph\">E-folyad\u00e9k kapacit\u00e1s: 60mL (el\u0151re felt\u00f6ltve)<\/li>\n<li class=\"ds-markdown-paragraph\">Akkumul\u00e1tor: 850mAh \u00fajrat\u00f6lthet\u0151 (Type-C)<\/li>\n<li class=\"ds-markdown-paragraph\">Nikotin er\u0151ss\u00e9gek: 20mg (2%) \/ 50mg (5%)<\/li>\n<li class=\"ds-markdown-paragraph\">\u00cdzek: 12 egyedi lehet\u0151s\u00e9g<\/li>\n<li class=\"ds-markdown-paragraph\">Megjelen\u00edt\u00e9s: (E-folyad\u00e9k \u00e9s akkumul\u00e1tor szint)<\/li>\n<li class=\"ds-markdown-paragraph\">F\u0151 jellemz\u0151je: H\u00e1romszoros \u00edzek 3 az 1-ben<\/li>\n<li class=\"ds-markdown-paragraph\">Tervez\u00e9s: Gombmentes: Kompakt, sziv\u00e1rg\u00e1smentes, gombmentes<\/li>\n<li class=\"ds-markdown-paragraph\">Ide\u00e1lis: Hossz\u00fa \u00e9lettartam\u00fa vaping<\/li>\n<\/ul>\n<h2>El\u00e9rhet\u0151 \u00edzek<\/h2>\n<p>1) Eper ban\u00e1n \/M\u00e1lna g\u00f6r\u00f6gdinnye \/Love 666<br \/>\n2) Tr\u00f3pusi gy\u00fcm\u00f6lcs \/Eper g\u00f6r\u00f6gdinnye \/ citrom barack<br \/>\n3) Eper van\u00edlia k\u00f3la \/ savany\u00fa alma m\u00e1lna \/ citromos lime<br \/>\n4) Dupla sz\u0151l\u0151 \/ eper-mang\u00f3 \/ \u00e1fonya-savany\u00fa m\u00e1lnafagylalt<br \/>\n5) G\u00f6r\u00f6gdinnye j\u00e9g \/ eper fagylalt \/ tripla dinnye<br \/>\n6) Citromos k\u00f3la sz\u00f3da \/Watermelon r\u00e1g\u00f3gumi \/Black Dragon Ice<br \/>\n7) Triple Berry Ice \/Mango Barack \/Eper Kiwi<br \/>\n8) Eper j\u00e9g \/Eper g\u00f6r\u00f6gdinnye \/ Anan\u00e1sz mang\u00f3 barack<br \/>\n9) Anan\u00e1sz k\u00f3kusz \/Eper m\u00e1lna cukorka \/K\u00e9k Razz j\u00e9g<br \/>\n10) Citromos lime \/ Mang\u00f3s barackos g\u00f6r\u00f6gdinnye \/ \u00e1fony\u00e1s j\u00e9g<br \/>\n11) G\u00f6r\u00f6gdinnye j\u00e9g \/Red Bull \/Eper Kiwi<br \/>\n12) Eper-kiwi \/Savany\u00fa mang\u00f3-anan\u00e1sz \/Eper Red Bull<\/p>\n<figure id=\"attachment_23023\" aria-describedby=\"caption-attachment-23023\" style=\"width: 800px\" class=\"wp-caption alignnone\"><img loading=\"lazy\" decoding=\"async\" class=\"size-full wp-image-23023\" title=\"Bang Box 3in1 80K Puffs Eldobhat\u00f3 Vape nagykereskedelem\" src=\"https:\/\/www.vape4wholesale.com\/wp-content\/uploads\/2025\/06\/Bang-Box-3in1-80K-Puffs-Disposable-Vape-Wholesale-1.webp\" alt=\"Bang Box 3in1 80K Puffs Eldobhat\u00f3 Vape nagykereskedelem\" width=\"800\" height=\"1422\" srcset=\"https:\/\/www.vape4wholesale.com\/wp-content\/uploads\/2025\/06\/Bang-Box-3in1-80K-Puffs-Disposable-Vape-Wholesale-1.webp 800w, https:\/\/www.vape4wholesale.com\/wp-content\/uploads\/2025\/06\/Bang-Box-3in1-80K-Puffs-Disposable-Vape-Wholesale-1-510x907.webp 510w, https:\/\/www.vape4wholesale.com\/wp-content\/uploads\/2025\/06\/Bang-Box-3in1-80K-Puffs-Disposable-Vape-Wholesale-1-169x300.webp 169w, https:\/\/www.vape4wholesale.com\/wp-content\/uploads\/2025\/06\/Bang-Box-3in1-80K-Puffs-Disposable-Vape-Wholesale-1-576x1024.webp 576w, https:\/\/www.vape4wholesale.com\/wp-content\/uploads\/2025\/06\/Bang-Box-3in1-80K-Puffs-Disposable-Vape-Wholesale-1-768x1365.webp 768w, https:\/\/www.vape4wholesale.com\/wp-content\/uploads\/2025\/06\/Bang-Box-3in1-80K-Puffs-Disposable-Vape-Wholesale-1-7x12.webp 7w, https:\/\/www.vape4wholesale.com\/wp-content\/uploads\/2025\/06\/Bang-Box-3in1-80K-Puffs-Disposable-Vape-Wholesale-1-64x114.webp 64w\" sizes=\"auto, (max-width: 800px) 100vw, 800px\" \/><figcaption id=\"caption-attachment-23023\" class=\"wp-caption-text\">Bang Box 3in1 80K Puffs Eldobhat\u00f3 Vape nagykereskedelem<\/figcaption><\/figure>\n<h2>MI\u00c9RT MI?<\/h2>\r\n<ul>\r\n<li>Val\u00f3di, megb\u00edzhat\u00f3 \u00e9s professzion\u00e1lis vape forr\u00e1s.<\/li>\r\n<li>100% Eredeti garancia: Csak eredeti \u00e9s val\u00f3di term\u00e9keket biztos\u00edtunk, elutas\u00edtjuk a hamis\u00edt\u00e1st.<\/li>\r\n<li>100% Sz\u00e1ll\u00edt\u00e1si garancia: A legjobb sz\u00e1ll\u00edt\u00e1si m\u00f3dszerrel biztos\u00edtjuk, hogy \u00d6n megkapja a 100% megrendel\u00e9st.<\/li>\r\n<li>A sz\u00e1ll\u00edt\u00e1s ut\u00e1n megadjuk \u00d6nnek a nyomon k\u00f6vet\u00e9si sz\u00e1mot \u00e9s a sz\u00e1ll\u00edt\u00e1si c\u00edmk\u00e9t, \u00e9s nyomon k\u00f6vetj\u00fck az \u00e1rut az \u00d6n sz\u00e1m\u00e1ra, am\u00edg al\u00e1 nem \u00edrja azt.<\/li>\r\n<li>Nincsenek v\u00e1mprobl\u00e9m\u00e1k, nincsenek v\u00e1mok<\/li>\r\n<\/ul>","protected":false},"excerpt":{"rendered":"<div class=\"wsppc_div_block woocommerce_before_add_to_cart_form\">\r\n<p><strong><span style=\"color: #00a859;\">V\u00e1mvizsg\u00e1lat<\/span> sz\u00e1ll\u00edt\u00e1s el\u0151tt \u00e9s 100% Sz\u00e1ll\u00edt\u00e1si garancia, Sz\u00e1ll\u00edt\u00e1s kb. 19-25 napon bel\u00fcl.\u00a0<\/strong><\/p>\r\n<\/div>","protected":false},"featured_media":22971,"comment_status":"open","ping_status":"closed","template":"","meta":[],"pwb-brand":[1275],"product_cat":[873],"product_tag":[22,24,249,1182,1197],"class_list":{"0":"post-23021","1":"product","2":"type-product","3":"status-publish","4":"has-post-thumbnail","6":"pwb-brand-bang","7":"product_cat-above-20k-puffs","8":"product_tag-disposable","9":"product_tag-wholesale","10":"product_tag-bang","11":"product_tag-60-0ml","12":"product_tag-80000-puffs","13":"wcpa_has_options","15":"first","16":"instock","17":"featured","18":"shipping-taxable","19":"purchasable","20":"product-type-variable"},"aioseo_notices":[],"brands":[{"id":1275,"name":"Bang","slug":"bang"}],"_links":{"self":[{"href":"https:\/\/www.vape4wholesale.com\/hu\/wp-json\/wp\/v2\/product\/23021","targetHints":{"allow":["GET"]}}],"collection":[{"href":"https:\/\/www.vape4wholesale.com\/hu\/wp-json\/wp\/v2\/product"}],"about":[{"href":"https:\/\/www.vape4wholesale.com\/hu\/wp-json\/wp\/v2\/types\/product"}],"replies":[{"embeddable":true,"href":"https:\/\/www.vape4wholesale.com\/hu\/wp-json\/wp\/v2\/comments?post=23021"}],"wp:featuredmedia":[{"embeddable":true,"href":"https:\/\/www.vape4wholesale.com\/hu\/wp-json\/wp\/v2\/media\/22971"}],"wp:attachment":[{"href":"https:\/\/www.vape4wholesale.com\/hu\/wp-json\/wp\/v2\/media?parent=23021"}],"wp:term":[{"taxonomy":"pwb-brand","embeddable":true,"href":"https:\/\/www.vape4wholesale.com\/hu\/wp-json\/wp\/v2\/pwb-brand?post=23021"},{"taxonomy":"product_cat","embeddable":true,"href":"https:\/\/www.vape4wholesale.com\/hu\/wp-json\/wp\/v2\/product_cat?post=23021"},{"taxonomy":"product_tag","embeddable":true,"href":"https:\/\/www.vape4wholesale.com\/hu\/wp-json\/wp\/v2\/product_tag?post=23021"}],"curies":[{"name":"wp","href":"https:\/\/api.w.org\/{rel}","templated":true}]}}