{"id":22467,"date":"2025-05-28T20:21:32","date_gmt":"2025-05-28T12:21:32","guid":{"rendered":"https:\/\/www.vape4wholesale.com\/?post_type=product&#038;p=22467"},"modified":"2026-04-10T17:30:46","modified_gmt":"2026-04-10T09:30:46","slug":"fizzy-max-iii-6in1-60000-puffs-eldobhato-vape-nagykereskedelem","status":"publish","type":"product","link":"https:\/\/www.vape4wholesale.com\/hu\/product\/fizzy-max-iii-6in1-60000-puffs-disposable-vape-wholesale","title":{"rendered":"Fizzy Max III 6in1 60000 Puffs eldobhat\u00f3 Vape nagykereskedelem"},"content":{"rendered":"<p class=\"ds-markdown-paragraph\">A\u00a0<strong><a title=\"Fizzy\" href=\"https:\/\/www.vape4wholesale.com\/hu\/product_brand\/pezsgo\/\" target=\"_blank\" rel=\"noopener\">Fizzy<\/a> Max III 6in1<\/strong> egy \u00faj gener\u00e1ci\u00f3s eldobhat\u00f3 vape, amely innovat\u00edv kialak\u00edt\u00e1ssal rendelkezik. H\u00e1rom el\u0151re felt\u00f6lt\u00f6tt e-folyad\u00e9k poddal van felszerelve, de sokkal t\u00f6bbet k\u00edn\u00e1l, mint h\u00e1rom k\u00fcl\u00f6nb\u00f6z\u0151 \u00edz. A h\u00e1rom \u00edz k\u00f6z\u00fcl b\u00e1rmelyik kett\u0151 kever\u00e9s\u00e9vel egyedi \u00e9s felemel\u0151 \u00edz\u00e9lm\u00e9nyt hozhat l\u00e9tre. K\u00e9t \u00edz kombin\u00e1l\u00e1sakor a l\u00e9g\u00e1raml\u00e1s megn\u0151, \u00edgy intenz\u00edvebb \u00e9s kiel\u00e9g\u00edt\u0151bb hat\u00e1st biztos\u00edt. Ez azt jelenti, hogy a k\u00e9sz\u00fcl\u00e9k hat\u00e9konyan hat k\u00fcl\u00f6nb\u00f6z\u0151 \u00edzv\u00e1laszt\u00e9kot k\u00edn\u00e1l egyetlen vape-ben.<\/p>\n<p class=\"ds-markdown-paragraph\">A Fizzy Max III 6in1 50ml (3\u00d716,7ml) teljes e-folyad\u00e9k kapacit\u00e1ssal \u00e9s egy nagy teljes\u00edtm\u00e9ny\u0171 850mAh \u00fajrat\u00f6lthet\u0151 akkumul\u00e1torral biztos\u00edtja a hossz\u00fa t\u00e1v\u00fa teljes\u00edtm\u00e9nyt, kik\u00fcsz\u00f6b\u00f6lve a gyors lemer\u00fcl\u00e9s miatti aggodalmat. Ak\u00e1r 60 000 sz\u00edv\u00e1st is t\u00e1mogat, \u00edgy ide\u00e1lis v\u00e1laszt\u00e1s a hosszabb haszn\u00e1latra. Emellett a k\u00e9sz\u00fcl\u00e9k \u00e1ll\u00edthat\u00f3 als\u00f3 l\u00e9g\u00e1raml\u00e1s-szab\u00e1lyoz\u00f3val \u00e9s kett\u0151s \u00fczemm\u00f3d\u00fa rendszerrel (Norm\u00e1l \u00e9s Boost \u00fczemm\u00f3d) rendelkezik, \u00edgy a p\u00e1rologtat\u00e1si \u00e9lm\u00e9nyt a saj\u00e1t preferenci\u00e1inak megfelel\u0151en testre szabhatja.<\/p>\n<h2><strong>Hogyan m\u0171k\u00f6dik a Fizzy Max III 6in1 rendszer?<\/strong><\/h2>\n<ol start=\"1\">\n<li>\n<p class=\"ds-markdown-paragraph\">Az \u00edzek k\u00f6z\u00f6tti v\u00e1lt\u00e1shoz egyszer\u0171en emelje fel \u00e9s forgassa el a sz\u00e1jdarabot.<\/p>\n<\/li>\n<li>\n<p class=\"ds-markdown-paragraph\">A k\u00e9sz\u00fcl\u00e9k z\u00f6kken\u0151mentesen v\u00e1ltogat az egyes \u00edzek \u00e9s a hibrid kombin\u00e1ci\u00f3k k\u00f6z\u00f6tt a k\u00f6vetkez\u0151 sorrendben:<\/p>\n<ul>\n<li>\n<p class=\"ds-markdown-paragraph\">A \u00edz \u2192 Mix AB<\/p>\n<\/li>\n<li>\n<p class=\"ds-markdown-paragraph\">B \u00edz \u2192 Mix BC<\/p>\n<\/li>\n<li>\n<p class=\"ds-markdown-paragraph\">C \u00edz \u2192 Mix CA<\/p>\n<\/li>\n<\/ul>\n<\/li>\n<\/ol>\n<p class=\"ds-markdown-paragraph\">Ez az intuit\u00edv mechanizmus biztos\u00edtja a k\u00f6nnyed \u00e1tmenetet mind a hat lehets\u00e9ges \u00edzprofil k\u00f6z\u00f6tt, \u00edgy a 6 az 1-ben \u00e9lm\u00e9ny egyszerre k\u00e9nyelmes \u00e9s izgalmas.Ha t\u00f6bbet szeretne megtudni r\u00f3la, n\u00e9zze meg a k\u00f6vetkez\u0151 filmet <a title=\"hogyan m\u0171k\u00f6dik a fizzy max III 6in1?\" href=\"https:\/\/www.youtube.com\/watch?v=CoxB_HvaU3k\" target=\"_blank\" rel=\"noopener\">vide\u00f3<\/a><\/p>\n<h2><strong>Optimaliz\u00e1lva a k\u00fcl\u00f6nb\u00f6z\u0151 vaping st\u00edlusokhoz<\/strong><\/h2>\n<p class=\"ds-markdown-paragraph\">A Fizzy Max III intelligens m\u00f3don kiszolg\u00e1lja mind a sz\u00e1jb\u00f3l a t\u00fcd\u0151be (MTL), mind a k\u00f6zvetlen t\u00fcd\u0151be (DL) t\u00f6rt\u00e9n\u0151 vaping preferenci\u00e1kat:<\/p>\n<ul>\n<li>\n<p class=\"ds-markdown-paragraph\">Single-Flavor m\u00f3d - T\u00f6k\u00e9letes a sima, \u00edzgazdag sz\u00e1jb\u00f3l a t\u00fcd\u0151be (MTL) h\u00faz\u00e1shoz, amely a hagyom\u00e1nyos cigarett\u00e1khoz hasonl\u00f3, klasszikus, feszes bel\u00e9gz\u00e9st biztos\u00edt. Ide\u00e1lis az egyes \u00edzek tisztas\u00e1g\u00e1nak meg\u00edzlel\u00e9s\u00e9hez.<\/p>\n<\/li>\n<li>\n<p class=\"ds-markdown-paragraph\">Kett\u0151s \u00edzkever\u00e9k \u00fczemm\u00f3d - A mer\u00e9sz, l\u00e9gies, k\u00f6zvetlen t\u00fcd\u0151 (DL) tal\u00e1latokhoz tervezett, megn\u00f6velt l\u00e9g\u00e1raml\u00e1s \u00e9s a kevert \u00edzek intenz\u00edvebb \u00e9s terjedelmesebb g\u0151zt hoznak l\u00e9tre, fokozva a felh\u0151vad\u00e1szok \u00e9rz\u00e9kszervi \u00e9lm\u00e9ny\u00e9t.<\/p>\n<\/li>\n<\/ul>\n<p class=\"ds-markdown-paragraph\">Ez a kett\u0151s c\u00e9l\u00fa sokoldal\u00fas\u00e1g biztos\u00edtja, hogy a Fizzy Max III z\u00f6kken\u0151mentesen alkalmazkodik az \u00d6n st\u00edlus\u00e1hoz, ak\u00e1r a korl\u00e1tozott, \u00edzletes sz\u00edv\u00e1st, ak\u00e1r a m\u00e9ly, kiel\u00e9g\u00edt\u0151 t\u00fcd\u0151csap\u00e1st kedveli.<\/p>\n<div class=\"markdown-table-wrapper\">\n<h2><strong>Fizzy Max III 6in1 gyors specifik\u00e1ci\u00f3k<\/strong><\/h2>\n<div class=\"markdown-table-wrapper\">\n<table>\n<thead>\n<tr>\n<th><strong>Jellemz\u0151<\/strong><\/th>\n<th><strong>Specifik\u00e1ci\u00f3<\/strong><\/th>\n<\/tr>\n<\/thead>\n<tbody>\n<tr>\n<td><strong>Tervez\u00e9si t\u00edpus<\/strong><\/td>\n<td>Fejlett eldobhat\u00f3 vape hibrid \u00edztechnol\u00f3gi\u00e1val<\/td>\n<\/tr>\n<tr>\n<td><strong>\u00cdzes\u00edt\u0151 rendszer<\/strong><\/td>\n<td>6 az 1-ben (3 egyedi \u00edz + 3 testreszabhat\u00f3 kever\u00e9k)<\/td>\n<\/tr>\n<tr>\n<td><strong>E-folyad\u00e9k kapacit\u00e1s<\/strong><\/td>\n<td>50ml \u00f6sszesen (3\u00d716,7ml pod)<\/td>\n<\/tr>\n<tr>\n<td><strong>Akkumul\u00e1tor<\/strong><\/td>\n<td>850mAh \u00fajrat\u00f6lthet\u0151<\/td>\n<\/tr>\n<tr>\n<td><strong>Puff sz\u00e1m<\/strong><\/td>\n<td>Ak\u00e1r 60,000 f\u00faj\u00e1s<\/td>\n<\/tr>\n<tr>\n<td><strong>L\u00e9g\u00e1raml\u00e1s-szab\u00e1lyoz\u00e1s<\/strong><\/td>\n<td>\u00c1ll\u00edthat\u00f3 als\u00f3 l\u00e9g\u00e1raml\u00e1s<\/td>\n<\/tr>\n<tr>\n<td><strong>M\u0171k\u00f6d\u00e9si m\u00f3dok<\/strong><\/td>\n<td>\u2013\u00a0<strong>Norm\u00e1l \u00fczemm\u00f3d<\/strong>: Standard kimenet<br \/>\n\u2013\u00a0<strong>Boost m\u00f3d<\/strong>: Fokozott g\u0151z- \u00e9s \u00edzintenzit\u00e1s<\/td>\n<\/tr>\n<tr>\n<td><strong>Vaping st\u00edlusok<\/strong><\/td>\n<td>\u2013\u00a0<strong>Egyetlen \u00edz\u0171<\/strong>: Szoros MTL (sz\u00e1jb\u00f3l a t\u00fcd\u0151be)<br \/>\n\u2013\u00a0<strong>Kett\u0151s \u00edz\u0171<\/strong>: Airy DL (k\u00f6zvetlen t\u00fcd\u0151)<\/td>\n<\/tr>\n<tr>\n<td><strong>\u00cdzv\u00e1lt\u00e1s<\/strong><\/td>\n<td>Forgathat\u00f3 fels\u0151 sz\u00e1jr\u00e9sz (A\u2192AB\u2192B\u2192BC\u2192C\u2192C\u2192CA)<\/td>\n<\/tr>\n<\/tbody>\n<\/table>\n<h2><strong>Fizzy Max III el\u00e9rhet\u0151 \u00edzek<\/strong><\/h2>\n<p>1.Strawberry Watermelon &amp; Lemon Lime &amp; Blueberry Coconut<br \/>\n2.Blueberry Ice &amp; Fizzy Cherry &amp; Raspberry Lemon<br \/>\n3.Watermelon Ice &amp; Strawberry Van\u00edli\u00e1s k\u00f3la &amp; Mixed Berry<br \/>\n4.Strawberry Dragon Fruit &amp; Red Bull &amp; M\u00e1lna g\u00f6r\u00f6gdinnye<br \/>\n5.Eper M\u00e1lna \u00e9s mang\u00f3 Barack \u00e9s \u00e1fonya G\u00f6r\u00f6gdinnye<br \/>\n6.Eper Sz\u0151l\u0151 &amp; \u00e1fonya K\u00f3kusz &amp; barack Citrom<br \/>\n7.\u00c1fonya m\u00e1lna &amp; h\u00e1rmas dinnye &amp; eper j\u00e9g<br \/>\n8.Mixed Berry &amp; Kiwi Passion Fruit Guava &amp; Eper G\u00f6r\u00f6gdinnye<br \/>\n9.Eper Kiwi &amp; \u00e1fonya j\u00e9g &amp; g\u00f6r\u00f6gdinnye j\u00e9g<br \/>\n10.Blue Razz Ice &amp; Strawberry Kiwi &amp; Sour Anan\u00e1sz Narancs<br \/>\n11. Love 66 &amp; Red Bull g\u00f6r\u00f6gdinnye \u00e9s eper-m\u00e1lna<br \/>\n12. Eper j\u00e9gkr\u00e9m, sz\u00e9nsavas k\u00f3la \u00e9s g\u00f6r\u00f6gdinnye r\u00e1g\u00f3gumi<\/p>\n<h2><strong>Csomagol\u00e1s r\u00e9szletei<\/strong><\/h2>\n<ul>\n<li>S\u00faly: 151g\/db<\/li>\n<li>Term\u00e9k m\u00e9rete: 42.8*42.2*125mm<\/li>\n<li>Mennyis\u00e9g: 120db\/ctn, 10db\/doboz<\/li>\n<li>G.W: 18kg\/ctn<\/li>\n<\/ul>\n<p>&nbsp;<\/p>\n<figure id=\"attachment_22448\" aria-describedby=\"caption-attachment-22448\" style=\"width: 800px\" class=\"wp-caption alignnone\"><img loading=\"lazy\" decoding=\"async\" class=\"size-full wp-image-22448\" title=\"Fizzy Max III 60000 Puffs 6in1 eldobhat\u00f3 Vape nagykereskedelem (5)\" src=\"https:\/\/www.vape4wholesale.com\/wp-content\/uploads\/2025\/05\/Fizzy-Max-III-60000-Puffs-6in1-Disposable-Vape-Wholesale-5.webp\" alt=\"Fizzy Max III 60000 Puffs 6in1 eldobhat\u00f3 Vape nagykereskedelem (5)\" width=\"800\" height=\"800\" srcset=\"https:\/\/www.vape4wholesale.com\/wp-content\/uploads\/2025\/05\/Fizzy-Max-III-60000-Puffs-6in1-Disposable-Vape-Wholesale-5.webp 800w, https:\/\/www.vape4wholesale.com\/wp-content\/uploads\/2025\/05\/Fizzy-Max-III-60000-Puffs-6in1-Disposable-Vape-Wholesale-5-247x247.webp 247w, https:\/\/www.vape4wholesale.com\/wp-content\/uploads\/2025\/05\/Fizzy-Max-III-60000-Puffs-6in1-Disposable-Vape-Wholesale-5-100x100.webp 100w, https:\/\/www.vape4wholesale.com\/wp-content\/uploads\/2025\/05\/Fizzy-Max-III-60000-Puffs-6in1-Disposable-Vape-Wholesale-5-510x510.webp 510w, https:\/\/www.vape4wholesale.com\/wp-content\/uploads\/2025\/05\/Fizzy-Max-III-60000-Puffs-6in1-Disposable-Vape-Wholesale-5-300x300.webp 300w, https:\/\/www.vape4wholesale.com\/wp-content\/uploads\/2025\/05\/Fizzy-Max-III-60000-Puffs-6in1-Disposable-Vape-Wholesale-5-150x150.webp 150w, https:\/\/www.vape4wholesale.com\/wp-content\/uploads\/2025\/05\/Fizzy-Max-III-60000-Puffs-6in1-Disposable-Vape-Wholesale-5-768x768.webp 768w, https:\/\/www.vape4wholesale.com\/wp-content\/uploads\/2025\/05\/Fizzy-Max-III-60000-Puffs-6in1-Disposable-Vape-Wholesale-5-12x12.webp 12w, https:\/\/www.vape4wholesale.com\/wp-content\/uploads\/2025\/05\/Fizzy-Max-III-60000-Puffs-6in1-Disposable-Vape-Wholesale-5-64x64.webp 64w\" sizes=\"auto, (max-width: 800px) 100vw, 800px\" \/><figcaption id=\"caption-attachment-22448\" class=\"wp-caption-text\">Fizzy Max III 60000 Puffs 6in1 eldobhat\u00f3 Vape nagykereskedelem<\/figcaption><\/figure>\n<h2>MI\u00c9RT MI?<\/h2>\r\n<ul>\r\n<li>Val\u00f3di, megb\u00edzhat\u00f3 \u00e9s professzion\u00e1lis vape forr\u00e1s.<\/li>\r\n<li>100% Eredeti garancia: Csak eredeti \u00e9s val\u00f3di term\u00e9keket biztos\u00edtunk, elutas\u00edtjuk a hamis\u00edt\u00e1st.<\/li>\r\n<li>100% Sz\u00e1ll\u00edt\u00e1si garancia: A legjobb sz\u00e1ll\u00edt\u00e1si m\u00f3dszerrel biztos\u00edtjuk, hogy \u00d6n megkapja a 100% megrendel\u00e9st.<\/li>\r\n<li>A sz\u00e1ll\u00edt\u00e1s ut\u00e1n megadjuk \u00d6nnek a nyomon k\u00f6vet\u00e9si sz\u00e1mot \u00e9s a sz\u00e1ll\u00edt\u00e1si c\u00edmk\u00e9t, \u00e9s nyomon k\u00f6vetj\u00fck az \u00e1rut az \u00d6n sz\u00e1m\u00e1ra, am\u00edg al\u00e1 nem \u00edrja azt.<\/li>\r\n<li>Nincsenek v\u00e1mprobl\u00e9m\u00e1k, nincsenek v\u00e1mok<\/li>\r\n<\/ul>\n<\/div>\n<\/div>","protected":false},"excerpt":{"rendered":"<p><b><span style=\"color: #00a859;\">Free shipping<\/span>\u00a0from Europe warehouse, 7-15 working days delivery time.<\/b><\/p>\r\n<div class=\"wsppc_div_block woocommerce_before_add_to_cart_form\">\r\n<p><strong>Clear customs before delivery &amp; 100% Delivery Guarantee<\/strong><\/p>\r\n<\/div>\n<p><span style=\"color: #ed1c24;\"><strong>This product has been discontinued and replaced by a new version. \u2192<a href=\"https:\/\/www.vape4wholesale.com\/hu\/termek\/fizzy-max-iii-pro-6in1-60000-puffs-disposable-vape-wholesale\/\">Please click here to purchase<\/a>.<\/strong><\/span><\/p>","protected":false},"featured_media":22515,"comment_status":"open","ping_status":"closed","template":"","meta":[],"pwb-brand":[1268],"product_cat":[938],"product_tag":[948,1081,1114,22,24],"class_list":{"0":"post-22467","1":"product","2":"type-product","3":"status-publish","4":"has-post-thumbnail","6":"pwb-brand-fizzy","7":"product_cat-europe-warehouse","8":"product_tag-fizzy","9":"product_tag-50-0ml","10":"product_tag-60000-puffs","11":"product_tag-disposable","12":"product_tag-wholesale","13":"product_shipping_class-eu-warehouse","14":"wcpa_has_options","16":"first","17":"outofstock","18":"featured","19":"shipping-taxable","20":"purchasable","21":"product-type-variable"},"aioseo_notices":[],"brands":[{"id":1268,"name":"Fizzy","slug":"pezsgo"}],"_links":{"self":[{"href":"https:\/\/www.vape4wholesale.com\/hu\/wp-json\/wp\/v2\/product\/22467","targetHints":{"allow":["GET"]}}],"collection":[{"href":"https:\/\/www.vape4wholesale.com\/hu\/wp-json\/wp\/v2\/product"}],"about":[{"href":"https:\/\/www.vape4wholesale.com\/hu\/wp-json\/wp\/v2\/types\/product"}],"replies":[{"embeddable":true,"href":"https:\/\/www.vape4wholesale.com\/hu\/wp-json\/wp\/v2\/comments?post=22467"}],"wp:featuredmedia":[{"embeddable":true,"href":"https:\/\/www.vape4wholesale.com\/hu\/wp-json\/wp\/v2\/media\/22515"}],"wp:attachment":[{"href":"https:\/\/www.vape4wholesale.com\/hu\/wp-json\/wp\/v2\/media?parent=22467"}],"wp:term":[{"taxonomy":"pwb-brand","embeddable":true,"href":"https:\/\/www.vape4wholesale.com\/hu\/wp-json\/wp\/v2\/pwb-brand?post=22467"},{"taxonomy":"product_cat","embeddable":true,"href":"https:\/\/www.vape4wholesale.com\/hu\/wp-json\/wp\/v2\/product_cat?post=22467"},{"taxonomy":"product_tag","embeddable":true,"href":"https:\/\/www.vape4wholesale.com\/hu\/wp-json\/wp\/v2\/product_tag?post=22467"}],"curies":[{"name":"wp","href":"https:\/\/api.w.org\/{rel}","templated":true}]}}