{"id":22419,"date":"2025-05-28T14:12:30","date_gmt":"2025-05-28T06:12:30","guid":{"rendered":"https:\/\/www.vape4wholesale.com\/?post_type=product&#038;p=22419"},"modified":"2026-01-26T13:39:03","modified_gmt":"2026-01-26T13:39:03","slug":"fizzy-nova-plus-40000-puffs-eldobhato-vape-nagykereskedes","status":"publish","type":"product","link":"https:\/\/www.vape4wholesale.com\/hu\/product\/fizzy-nova-plus-40000-puffs-disposable-vape-wholesale","title":{"rendered":"Fizzy Nova Plus 40000 Puffs Eldobhat\u00f3 Vape nagykereskedelem"},"content":{"rendered":"<p class=\"ds-markdown-paragraph\"><a title=\"Fizzy\" href=\"https:\/\/www.vape4wholesale.com\/hu\/product_brand\/pezsgo\/\" target=\"_blank\" rel=\"noopener\">Fizzy<\/a> Nova Plus 40000 Puffs eldobhat\u00f3 vape friss\u00edtve a <a title=\"Fizzy Nova 20000 Puff\" href=\"https:\/\/www.vape4wholesale.com\/hu\/termek\/fizzy-nova-20000-puff-eldobhato-vape-nagykereskedes\/\" target=\"_blank\" rel=\"noopener\">Nova 20K<\/a>, amely kiv\u00e9teles kapacit\u00e1st \u00e9s cs\u00facstechnol\u00f3gi\u00e1t \u00f6tv\u00f6z. A 40 ml-es, el\u0151re felt\u00f6lt\u00f6tt e-folyad\u00e9k tart\u00e1ly \u00e9s a 850mAh-s \u00fajrat\u00f6lthet\u0151 akkumul\u00e1tor (Type-C porton kereszt\u00fcl) leny\u0171g\u00f6z\u0151 40.000 puffot biztos\u00edt - t\u00f6k\u00e9letes a hosszan tart\u00f3 \u00e9lvezethez, gyakori cser\u00e9k n\u00e9lk\u00fcl.<\/p>\n<p class=\"ds-markdown-paragraph\">A Fizzy Nova Plus az \u00e1ll\u00f3k\u00e9pess\u00e9g\u00e9n t\u00falmen\u0151en fokozza az ir\u00e1ny\u00edthat\u00f3s\u00e1got \u00e9s a sokoldal\u00fas\u00e1got. A kett\u0151s \u00fczemm\u00f3d\u00fa be\u00e1ll\u00edt\u00e1s (ECO &amp; BOOST) lehet\u0151v\u00e9 teszi a z\u00f6kken\u0151mentes v\u00e1lt\u00e1st az energiatakar\u00e9kos p\u00f6f\u00e9kel\u00e9s \u00e9s az er\u0151teljes teljes\u00edtm\u00e9ny k\u00f6z\u00f6tt, a k\u00fcl\u00f6nb\u00f6z\u0151 hangulatoknak \u00e9s ig\u00e9nyeknek megfelel\u0151en. Emellett az \u00e1ll\u00edthat\u00f3 l\u00e9g\u00e1raml\u00e1s-szab\u00e1lyoz\u00f3val finomhangolhatja a h\u00faz\u00e1st, ak\u00e1r a sz\u0171k sz\u00e1jb\u00f3l a t\u00fcd\u0151be, ak\u00e1r a l\u00e9gies, k\u00f6zvetlen t\u00fcd\u0151be \u00e9rkez\u0151 \u00e9lm\u00e9nyt r\u00e9szes\u00edti el\u0151nyben.<\/p>\n<p class=\"ds-markdown-paragraph\">A tetej\u00e9be a k\u00e9nyelem \u00e9s az innov\u00e1ci\u00f3 tal\u00e1lkozik a be\u00e9p\u00edtett LED kijelz\u0151vel, amely val\u00f3s idej\u0171 ellen\u0151rz\u00e9st biztos\u00edt az e-folyad\u00e9k szintj\u00e9r\u0151l \u00e9s az akkumul\u00e1tor \u00e1llapot\u00e1r\u00f3l. A kompakt, m\u00e9gis funkci\u00f3kkal teli Fizzy Nova Plus olyan vaperek sz\u00e1m\u00e1ra k\u00e9sz\u00fclt, akik nem hajland\u00f3ak kompromisszumokat k\u00f6tni - p\u00e1ratlan \u00e9lettartamot, testreszabhat\u00f3s\u00e1got \u00e9s teljes\u00edtm\u00e9nyt k\u00edn\u00e1l egyetlen eleg\u00e1ns eszk\u00f6zben.<\/p>\n<h2>Fizzy Nova Plus 40000 Puffs Eldobhat\u00f3 Vape Gyors r\u00e9szletek<\/h2>\n<ul>\n<li>Puffok:40000 Puffok<\/li>\n<li>H\u00e1l\u00f3s tekercs<\/li>\n<li>\u00c1ll\u00edthat\u00f3 \u00fczemm\u00f3d: ECO &amp; BOOST<\/li>\n<li>Leveg\u0151\u00e1raml\u00e1s-szab\u00e1lyoz\u00e1s<\/li>\n<li>Eliquid: 40ml<\/li>\n<li>Akkumul\u00e1tor: 850 mAh<\/li>\n<li>Nikotin:2%\/ 5%<\/li>\n<li>\u00dajrat\u00f6lthet\u0151: C-t\u00edpus\u00fa<\/li>\n<li>LED kijelz\u0151 Akkumul\u00e1tor \u00e9s Eliquid szint<\/li>\n<\/ul>\n<h2>El\u00e9rhet\u0151 \u00edzek<\/h2>\n<p>1. Eper j\u00e9g<br \/>\n2. \u00c1fony\u00e1s k\u00f3kusz<br \/>\n3. Eper Kiwi<br \/>\n4. \u00c1fony\u00e1s j\u00e9g<br \/>\n5. G\u00f6r\u00f6gdinnye j\u00e9g<br \/>\n6. Barack mang\u00f3 g\u00f6r\u00f6gdinnye<br \/>\n7. Kiwi Passi\u00f3gy\u00fcm\u00f6lcs Guava<br \/>\n8. M\u00e1lna citrom<br \/>\n9. H\u00e1romszoros bogy\u00f3<br \/>\n10. Barack j\u00e9g<br \/>\n11. Grape Lime<br \/>\n12. K\u00e9k Razz limon\u00e1d\u00e9<\/p>\n<h2>Csomagol\u00e1s r\u00e9szletei<\/h2>\n<p>Pruduct s\u00falya: 120g\/db<br \/>\nTerm\u00e9k m\u00e9rete: 52.5*24.5*104.3mm<br \/>\nMennyis\u00e9g: 180db \/ ctn, 10db \/ doboz<br \/>\nG.W: 22kg\/ctn<\/p>\n<figure id=\"attachment_22408\" aria-describedby=\"caption-attachment-22408\" style=\"width: 800px\" class=\"wp-caption alignnone\"><img loading=\"lazy\" decoding=\"async\" class=\"size-full wp-image-22408\" title=\"Fizzy Nova Plus 40000 Puffs eldobhat\u00f3 Vape nagykereskedelem (1)\" src=\"https:\/\/www.vape4wholesale.com\/wp-content\/uploads\/2025\/05\/Fizzy-Nova-Plus-40000-Puffs-Disposable-Vape-Wholesale-1.jpg\" alt=\"Fizzy Nova Plus 40000 Puffs eldobhat\u00f3 Vape nagykereskedelem (1)\" width=\"800\" height=\"800\" srcset=\"https:\/\/www.vape4wholesale.com\/wp-content\/uploads\/2025\/05\/Fizzy-Nova-Plus-40000-Puffs-Disposable-Vape-Wholesale-1.jpg 800w, https:\/\/www.vape4wholesale.com\/wp-content\/uploads\/2025\/05\/Fizzy-Nova-Plus-40000-Puffs-Disposable-Vape-Wholesale-1-247x247.jpg 247w, https:\/\/www.vape4wholesale.com\/wp-content\/uploads\/2025\/05\/Fizzy-Nova-Plus-40000-Puffs-Disposable-Vape-Wholesale-1-100x100.jpg 100w, https:\/\/www.vape4wholesale.com\/wp-content\/uploads\/2025\/05\/Fizzy-Nova-Plus-40000-Puffs-Disposable-Vape-Wholesale-1-510x510.jpg 510w, https:\/\/www.vape4wholesale.com\/wp-content\/uploads\/2025\/05\/Fizzy-Nova-Plus-40000-Puffs-Disposable-Vape-Wholesale-1-300x300.jpg 300w, https:\/\/www.vape4wholesale.com\/wp-content\/uploads\/2025\/05\/Fizzy-Nova-Plus-40000-Puffs-Disposable-Vape-Wholesale-1-150x150.jpg 150w, https:\/\/www.vape4wholesale.com\/wp-content\/uploads\/2025\/05\/Fizzy-Nova-Plus-40000-Puffs-Disposable-Vape-Wholesale-1-768x768.jpg 768w, https:\/\/www.vape4wholesale.com\/wp-content\/uploads\/2025\/05\/Fizzy-Nova-Plus-40000-Puffs-Disposable-Vape-Wholesale-1-12x12.jpg 12w, https:\/\/www.vape4wholesale.com\/wp-content\/uploads\/2025\/05\/Fizzy-Nova-Plus-40000-Puffs-Disposable-Vape-Wholesale-1-64x64.jpg 64w\" sizes=\"auto, (max-width: 800px) 100vw, 800px\" \/><figcaption id=\"caption-attachment-22408\" class=\"wp-caption-text\">Fizzy Nova Plus 40000 Puffs Eldobhat\u00f3 Vape nagykereskedelem<\/figcaption><\/figure>\n<h2>MI\u00c9RT MI?<\/h2>\r\n<ul>\r\n<li>Val\u00f3di, megb\u00edzhat\u00f3 \u00e9s professzion\u00e1lis vape forr\u00e1s.<\/li>\r\n<li>100% Eredeti garancia: Csak eredeti \u00e9s val\u00f3di term\u00e9keket biztos\u00edtunk, elutas\u00edtjuk a hamis\u00edt\u00e1st.<\/li>\r\n<li>100% Sz\u00e1ll\u00edt\u00e1si garancia: A legjobb sz\u00e1ll\u00edt\u00e1si m\u00f3dszerrel biztos\u00edtjuk, hogy \u00d6n megkapja a 100% megrendel\u00e9st.<\/li>\r\n<li>A sz\u00e1ll\u00edt\u00e1s ut\u00e1n megadjuk \u00d6nnek a nyomon k\u00f6vet\u00e9si sz\u00e1mot \u00e9s a sz\u00e1ll\u00edt\u00e1si c\u00edmk\u00e9t, \u00e9s nyomon k\u00f6vetj\u00fck az \u00e1rut az \u00d6n sz\u00e1m\u00e1ra, am\u00edg al\u00e1 nem \u00edrja azt.<\/li>\r\n<li>Nincsenek v\u00e1mprobl\u00e9m\u00e1k, nincsenek v\u00e1mok<\/li>\r\n<\/ul>","protected":false},"excerpt":{"rendered":"<p><b><span style=\"color: #00a859;\">Free shipping<\/span>\u00a0from Europe warehouse, 7-15 working days delivery time.<\/b><\/p>\r\n<div class=\"wsppc_div_block woocommerce_before_add_to_cart_form\">\r\n<p><strong>Clear customs before delivery &amp; 100% Delivery Guarantee<\/strong><\/p>\r\n<\/div>","protected":false},"featured_media":22465,"comment_status":"open","ping_status":"closed","template":"","meta":[],"pwb-brand":[1268],"product_cat":[938],"product_tag":[22,24,948,1016,1026],"class_list":{"0":"post-22419","1":"product","2":"type-product","3":"status-publish","4":"has-post-thumbnail","6":"pwb-brand-fizzy","7":"product_cat-europe-warehouse","8":"product_tag-disposable","9":"product_tag-wholesale","10":"product_tag-fizzy","11":"product_tag-40000-puffs","12":"product_tag-40-0ml","13":"product_shipping_class-eu-warehouse","14":"wcpa_has_options","16":"first","17":"instock","18":"featured","19":"shipping-taxable","20":"purchasable","21":"product-type-variable"},"aioseo_notices":[],"brands":[{"id":1268,"name":"Fizzy","slug":"pezsgo"}],"_links":{"self":[{"href":"https:\/\/www.vape4wholesale.com\/hu\/wp-json\/wp\/v2\/product\/22419","targetHints":{"allow":["GET"]}}],"collection":[{"href":"https:\/\/www.vape4wholesale.com\/hu\/wp-json\/wp\/v2\/product"}],"about":[{"href":"https:\/\/www.vape4wholesale.com\/hu\/wp-json\/wp\/v2\/types\/product"}],"replies":[{"embeddable":true,"href":"https:\/\/www.vape4wholesale.com\/hu\/wp-json\/wp\/v2\/comments?post=22419"}],"wp:featuredmedia":[{"embeddable":true,"href":"https:\/\/www.vape4wholesale.com\/hu\/wp-json\/wp\/v2\/media\/22465"}],"wp:attachment":[{"href":"https:\/\/www.vape4wholesale.com\/hu\/wp-json\/wp\/v2\/media?parent=22419"}],"wp:term":[{"taxonomy":"pwb-brand","embeddable":true,"href":"https:\/\/www.vape4wholesale.com\/hu\/wp-json\/wp\/v2\/pwb-brand?post=22419"},{"taxonomy":"product_cat","embeddable":true,"href":"https:\/\/www.vape4wholesale.com\/hu\/wp-json\/wp\/v2\/product_cat?post=22419"},{"taxonomy":"product_tag","embeddable":true,"href":"https:\/\/www.vape4wholesale.com\/hu\/wp-json\/wp\/v2\/product_tag?post=22419"}],"curies":[{"name":"wp","href":"https:\/\/api.w.org\/{rel}","templated":true}]}}