{"id":21760,"date":"2025-04-28T22:00:11","date_gmt":"2025-04-28T14:00:11","guid":{"rendered":"https:\/\/www.vape4wholesale.com\/?post_type=product&#038;p=21760"},"modified":"2026-01-27T13:38:24","modified_gmt":"2026-01-27T13:38:24","slug":"vapsolo-king-pro-40000-puffs-eldobhato-vape-nagykereskedelem","status":"publish","type":"product","link":"https:\/\/www.vape4wholesale.com\/hu\/product\/vapsolo-king-pro-40000-puffs-disposable-vape-wholesale","title":{"rendered":"Vapsolo King Pro 40000 Puffs Eldobhat\u00f3 Vape nagykereskedelem"},"content":{"rendered":"<p class=\"ds-markdown-paragraph\">a\u00a0<a title=\"Vapsolo\" href=\"https:\/\/www.vape4wholesale.com\/hu\/product_brand\/vapsolo\/\"><strong>Vapsolo<\/strong><\/a> King Pro 40000 Eldobhat\u00f3 Vape, amelyet \u00fagy terveztek, hogy leny\u0171g\u00f6z\u0151 40.000 puffot adjon k\u00e9sz\u00fcl\u00e9kenk\u00e9nt. Nagy, 40 ml-es e-folyad\u00e9k kapacit\u00e1ssal \u00e9s 650 mAh-s \u00fajrat\u00f6lthet\u0151 akkumul\u00e1torral (Type-C port) rendelkezik, ez az eldobhat\u00f3 vape biztos\u00edtja a hosszabb haszn\u00e1latot gyakori cser\u00e9k n\u00e9lk\u00fcl.<\/p>\n<p class=\"ds-markdown-paragraph\">A be\u00e9p\u00edtett LCD-kijelz\u0151 val\u00f3s idej\u0171 akkumul\u00e1tor- \u00e9s e-folyad\u00e9k-ellen\u0151rz\u00e9st biztos\u00edt a tov\u00e1bbi k\u00e9nyelem \u00e9rdek\u00e9ben. Az 1,0\u03a9-os h\u00e1l\u00f3s tekerccsel felszerelt King Pro gazdag, sima \u00edzeket \u00e9s s\u0171r\u0171 g\u0151zt termel minden egyes slukkban. Az \u00e1ll\u00edthat\u00f3 l\u00e9g\u00e1raml\u00e1s-szab\u00e1lyoz\u00f3val tov\u00e1bb testreszabhatja a g\u0151z\u00f6l\u00e9si \u00e9lm\u00e9nyt, mind az MTL (sz\u00e1jb\u00f3l a t\u00fcd\u0151be), mind az RDL (korl\u00e1tozott k\u00f6zvetlen t\u00fcd\u0151be) preferenci\u00e1knak megfelel\u0151en.<\/p>\n<h2><strong>Vapsolo King Pro 40000 Puffs Vape f\u0151bb jellemz\u0151i<\/strong><\/h2>\n<p>\u2714 <strong>40,000 puff<\/strong>\u00a0- Rendk\u00edv\u00fcl hosszan tart\u00f3 \u00e9lvezet<br \/>\n\u2714\u00a0<strong>40ml el\u0151re t\u00f6lt\u00f6tt e-folyad\u00e9k<\/strong>\u00a0- Nincs sz\u00fcks\u00e9g ut\u00e1nt\u00f6lt\u00e9sre<br \/>\n\u2714\u00a0<strong>650mAh akkumul\u00e1tor Type-C t\u00f6lt\u00e9ssel<\/strong>\u00a0- Gyors \u00e9s k\u00e9nyelmes \u00fajrat\u00f6lt\u00e9s<br \/>\n\u2714\u00a0<strong>1.0\u03a9 h\u00e1l\u00f3s tekercs<\/strong>\u00a0- Fokozott \u00edz \u00e9s g\u0151ztermel\u00e9s<br \/>\n\u2714\u00a0<strong>LCD k\u00e9perny\u0151<\/strong>\u00a0- Az akkumul\u00e1tor \u00e9s az e-juice szintj\u00e9nek nyomon k\u00f6vet\u00e9se<br \/>\n\u2714\u00a0<strong>\u00c1ll\u00edthat\u00f3 l\u00e9g\u00e1raml\u00e1s<\/strong>\u00a0- Testre szabott h\u00faz\u00e1si ellen\u00e1ll\u00e1s<\/p>\n<h2><strong>El\u00e9rhet\u0151 \u00edzek<\/strong><\/h2>\n<ul>\n<li>01.Cherry citrom<\/li>\n<li>02. Kiwi golgotavir\u00e1g guava<\/li>\n<li>03. Love 66<\/li>\n<li>04. G\u00f6r\u00f6gdinnye j\u00e9g<\/li>\n<li>05. Epres kivi<\/li>\n<li>06. Lemon Lime<\/li>\n<li>07. Epres ban\u00e1n<\/li>\n<li>08. Fekete j\u00e9g s\u00e1rk\u00e1nygy\u00fcm\u00f6lcs eper<\/li>\n<li>09. Barackos bogy\u00f3<\/li>\n<li>10. Epres g\u00f6r\u00f6gdinnye<\/li>\n<li>11. Cherry Cola<\/li>\n<li>12. Grape Burst<\/li>\n<li>13. Vegyes bogy\u00f3s gy\u00fcm\u00f6lcs<\/li>\n<li>14. \u00c1fonya savany\u00fa m\u00e1lna<\/li>\n<li>15. Barack Mang\u00f3 Anan\u00e1sz<\/li>\n<\/ul>\n<h2><strong>Csomagol\u00e1s r\u00e9szletei<\/strong><\/h2>\n<ul>\n<li>1\/ Egy doboz\/ 133g<\/li>\n<li>10\/ kijelz\u0151 doboz<\/li>\n<li>200\/ f\u0151doboz\/ 27,5kg<\/li>\n<\/ul>\n<figure id=\"attachment_21787\" aria-describedby=\"caption-attachment-21787\" style=\"width: 800px\" class=\"wp-caption alignnone\"><img loading=\"lazy\" decoding=\"async\" class=\"size-full wp-image-21787\" title=\"eper ban\u00e1n Vapsolo King Pro 40000\" src=\"https:\/\/www.vape4wholesale.com\/wp-content\/uploads\/2025\/04\/strawberry-banana-Vapsolo-King-Pro-40000.webp\" alt=\"eper ban\u00e1n Vapsolo King Pro 40000\" width=\"800\" height=\"800\" srcset=\"https:\/\/www.vape4wholesale.com\/wp-content\/uploads\/2025\/04\/strawberry-banana-Vapsolo-King-Pro-40000.webp 800w, https:\/\/www.vape4wholesale.com\/wp-content\/uploads\/2025\/04\/strawberry-banana-Vapsolo-King-Pro-40000-247x247.webp 247w, https:\/\/www.vape4wholesale.com\/wp-content\/uploads\/2025\/04\/strawberry-banana-Vapsolo-King-Pro-40000-100x100.webp 100w, https:\/\/www.vape4wholesale.com\/wp-content\/uploads\/2025\/04\/strawberry-banana-Vapsolo-King-Pro-40000-510x510.webp 510w, https:\/\/www.vape4wholesale.com\/wp-content\/uploads\/2025\/04\/strawberry-banana-Vapsolo-King-Pro-40000-300x300.webp 300w, https:\/\/www.vape4wholesale.com\/wp-content\/uploads\/2025\/04\/strawberry-banana-Vapsolo-King-Pro-40000-150x150.webp 150w, https:\/\/www.vape4wholesale.com\/wp-content\/uploads\/2025\/04\/strawberry-banana-Vapsolo-King-Pro-40000-768x768.webp 768w, https:\/\/www.vape4wholesale.com\/wp-content\/uploads\/2025\/04\/strawberry-banana-Vapsolo-King-Pro-40000-12x12.webp 12w, https:\/\/www.vape4wholesale.com\/wp-content\/uploads\/2025\/04\/strawberry-banana-Vapsolo-King-Pro-40000-64x64.webp 64w\" sizes=\"auto, (max-width: 800px) 100vw, 800px\" \/><figcaption id=\"caption-attachment-21787\" class=\"wp-caption-text\">Vapsolo King Pro 40000 Puffs Eldobhat\u00f3 Vape nagykereskedelem<\/figcaption><\/figure>\n<h2>MI\u00c9RT MI?<\/h2>\r\n<ul>\r\n<li>Val\u00f3di, megb\u00edzhat\u00f3 \u00e9s professzion\u00e1lis vape forr\u00e1s.<\/li>\r\n<li>100% Eredeti garancia: Csak eredeti \u00e9s val\u00f3di term\u00e9keket biztos\u00edtunk, elutas\u00edtjuk a hamis\u00edt\u00e1st.<\/li>\r\n<li>100% Sz\u00e1ll\u00edt\u00e1si garancia: A legjobb sz\u00e1ll\u00edt\u00e1si m\u00f3dszerrel biztos\u00edtjuk, hogy \u00d6n megkapja a 100% megrendel\u00e9st.<\/li>\r\n<li>A sz\u00e1ll\u00edt\u00e1s ut\u00e1n megadjuk \u00d6nnek a nyomon k\u00f6vet\u00e9si sz\u00e1mot \u00e9s a sz\u00e1ll\u00edt\u00e1si c\u00edmk\u00e9t, \u00e9s nyomon k\u00f6vetj\u00fck az \u00e1rut az \u00d6n sz\u00e1m\u00e1ra, am\u00edg al\u00e1 nem \u00edrja azt.<\/li>\r\n<li>Nincsenek v\u00e1mprobl\u00e9m\u00e1k, nincsenek v\u00e1mok<\/li>\r\n<\/ul>","protected":false},"excerpt":{"rendered":"<p><b><span style=\"color: #00a859;\">Ingyenes sz\u00e1ll\u00edt\u00e1s<\/span>\u00a0eur\u00f3pai rakt\u00e1rb\u00f3l, 7-15 munkanapos sz\u00e1ll\u00edt\u00e1si id\u0151vel.<\/b><\/p>\r\n<div class=\"wsppc_div_block woocommerce_before_add_to_cart_form\">\r\n<p><strong>Sz\u00e1ll\u00edt\u00e1s el\u0151tti v\u00e1mkezel\u00e9s &amp; 100% sz\u00e1ll\u00edt\u00e1si garancia<\/strong><\/p>\r\n<\/div>","protected":false},"featured_media":21785,"comment_status":"open","ping_status":"closed","template":"","meta":[],"pwb-brand":[1271],"product_cat":[938],"product_tag":[899,1016,1026,22,24],"class_list":{"0":"post-21760","1":"product","2":"type-product","3":"status-publish","4":"has-post-thumbnail","6":"pwb-brand-vapsolo","7":"product_cat-europe-warehouse","8":"product_tag-vapsolo","9":"product_tag-40000-puffs","10":"product_tag-40-0ml","11":"product_tag-disposable","12":"product_tag-wholesale","13":"product_shipping_class-eu-warehouse","14":"wcpa_has_options","16":"first","17":"instock","18":"shipping-taxable","19":"purchasable","20":"product-type-variable"},"aioseo_notices":[],"brands":[{"id":1271,"name":"Vapsolo","slug":"vapsolo"}],"_links":{"self":[{"href":"https:\/\/www.vape4wholesale.com\/hu\/wp-json\/wp\/v2\/product\/21760","targetHints":{"allow":["GET"]}}],"collection":[{"href":"https:\/\/www.vape4wholesale.com\/hu\/wp-json\/wp\/v2\/product"}],"about":[{"href":"https:\/\/www.vape4wholesale.com\/hu\/wp-json\/wp\/v2\/types\/product"}],"replies":[{"embeddable":true,"href":"https:\/\/www.vape4wholesale.com\/hu\/wp-json\/wp\/v2\/comments?post=21760"}],"wp:featuredmedia":[{"embeddable":true,"href":"https:\/\/www.vape4wholesale.com\/hu\/wp-json\/wp\/v2\/media\/21785"}],"wp:attachment":[{"href":"https:\/\/www.vape4wholesale.com\/hu\/wp-json\/wp\/v2\/media?parent=21760"}],"wp:term":[{"taxonomy":"pwb-brand","embeddable":true,"href":"https:\/\/www.vape4wholesale.com\/hu\/wp-json\/wp\/v2\/pwb-brand?post=21760"},{"taxonomy":"product_cat","embeddable":true,"href":"https:\/\/www.vape4wholesale.com\/hu\/wp-json\/wp\/v2\/product_cat?post=21760"},{"taxonomy":"product_tag","embeddable":true,"href":"https:\/\/www.vape4wholesale.com\/hu\/wp-json\/wp\/v2\/product_tag?post=21760"}],"curies":[{"name":"wp","href":"https:\/\/api.w.org\/{rel}","templated":true}]}}