{"id":21602,"date":"2025-04-21T21:47:54","date_gmt":"2025-04-21T13:47:54","guid":{"rendered":"https:\/\/www.vape4wholesale.com\/?post_type=product&#038;p=21602"},"modified":"2026-05-03T14:52:11","modified_gmt":"2026-05-03T06:52:11","slug":"vozol-gear-power-20k-eldobhato-vape-nagykereskedelem","status":"publish","type":"product","link":"https:\/\/www.vape4wholesale.com\/hu\/product\/vozol-gear-power-20k-disposable-vape-wholesale","title":{"rendered":"Vozol Gear Power 20K eldobhat\u00f3 Vape nagykereskedelem"},"content":{"rendered":"<p class=\"ds-markdown-paragraph\">a <a title=\"Vozol\" href=\"https:\/\/www.vape4wholesale.com\/hu\/product_brand\/vozol\/\"><strong>Vozol<\/strong><\/a> A Gear Power 20K egy fejlett, eldobhat\u00f3 vape, amelyet az S.i.L.C. technol\u00f3gia hajt az ultra-sima \u00edz\u00e9rt \u00e9s g\u0151ztermel\u00e9s\u00e9rt. Intelligens Dual Power System rendszerrel rendelkezik, \u00edgy \u00e1tkapcsolhat az Eco m\u00f3d (ak\u00e1r 20.000 slukk) a hosszabb haszn\u00e1lathoz vagy a Power m\u00f3d (ak\u00e1r 12.000 slukk) az intenz\u00edvebb felh\u0151k \u00e9s gazdags\u00e1g \u00e9rdek\u00e9ben - mindezt egyetlen kompakt k\u00e9sz\u00fcl\u00e9kben.<\/p>\n<p class=\"ds-markdown-paragraph\">A Dual Mesh Coil tekerccsel felszerelt vape egyenletes f\u0171t\u00e9st \u00e9s jobb \u00edzvil\u00e1got biztos\u00edt, m\u00edg a teljes k\u00e9perny\u0151s kijelz\u0151 val\u00f3s id\u0151ben t\u00e1j\u00e9koztatja \u00d6nt az akkumul\u00e1tor \u00e9lettartam\u00e1r\u00f3l \u00e9s az e-folyad\u00e9k szintj\u00e9r\u0151l. El\u0151re felt\u00f6ltve 20ml pr\u00e9mium e-folyad\u00e9kkal \u00e9s 5% (50mg) nikotiner\u0151ss\u00e9ggel, kiel\u00e9g\u00edt\u0151 torok\u00fct\u00e9st \u00e9s er\u0151teljes nikotinel\u00e9gedetts\u00e9get biztos\u00edt.<\/p>\n<h2>Vozol Gear Power 20K Vape Gyors r\u00e9szletek<\/h2>\n<ul>\n<li>S.i.L.C. Tech<\/li>\n<li>Kett\u0151s teljes\u00edtm\u00e9ny ECO\/POWER \u00fczemm\u00f3d<\/li>\n<li>Ak\u00e1r 20000 slukk Eco \u00fczemm\u00f3dban<\/li>\n<li>Ak\u00e1r 12000 f\u00faj\u00e1s Power \u00fczemm\u00f3dban<\/li>\n<li>Kett\u0151s h\u00e1l\u00f3s tekercs<\/li>\n<li>Teljes k\u00e9perny\u0151s kijelz\u0151<\/li>\n<li>20ml el\u0151re t\u00f6lt\u00f6tt E-folyad\u00e9k<\/li>\n<li>5%(50mg) nikotin er\u0151ss\u00e9ge<\/li>\n<\/ul>\n<h2>El\u00e9rhet\u0151 \u00edzek<\/h2>\n<p>1. G\u00f6r\u00f6gdinnye j\u00e9g<br \/>\n2. Sz\u0151l\u0151 j\u00e9g<br \/>\n3. Mang\u00f3 j\u00e9g<br \/>\n4. Dupla alma j\u00e9g<br \/>\n5. Lavafire<br \/>\n6. \u00c1fonya vihar<br \/>\n7. K\u00e9k Mojito<br \/>\n8. Mang\u00f3 Anan\u00e1sz Grapefruit<br \/>\n9. Eper Kiwi<br \/>\n10. M\u00e1lna g\u00f6r\u00f6gdinnye<br \/>\n11. K\u00e9k Razz Ice<br \/>\n12. Eper mang\u00f3<br \/>\n13. Citrom Lime<br \/>\n14. Csereszny\u00e9s limon\u00e1d\u00e9<br \/>\n15. Vegyes bogy\u00f3s gy\u00fcm\u00f6lcs\u00f6k<br \/>\n16. S\u00e1rk\u00e1nygy\u00fcm\u00f6lcs ban\u00e1n cseresznye<br \/>\n17. Citromos menta<br \/>\n19. Barack j\u00e9g<br \/>\n20. Epres g\u00f6r\u00f6gdinnye<\/p>\n<h2>Csomagol\u00e1s r\u00e9szletei<\/h2>\n<ul>\n<li>1\/csukl\u00f3s doboz<\/li>\n<li>10\/display box<\/li>\n<li>200\/ karton, 22,8kg<\/li>\n<\/ul>\n<figure id=\"attachment_21614\" aria-describedby=\"caption-attachment-21614\" style=\"width: 750px\" class=\"wp-caption alignnone\"><img loading=\"lazy\" decoding=\"async\" class=\"wp-image-21614 size-full\" title=\"Vozol Gear Power 20K Eldobhat\u00f3 Vape nagykereskedelem (1)\" src=\"https:\/\/www.vape4wholesale.com\/wp-content\/uploads\/2025\/04\/Vozol-Gear-Power-20K-Disposable-Vape-Wholesale-1.webp\" alt=\"Vozol Gear Power 20K Eldobhat\u00f3 Vape nagykereskedelem (1)\" width=\"750\" height=\"800\" srcset=\"https:\/\/www.vape4wholesale.com\/wp-content\/uploads\/2025\/04\/Vozol-Gear-Power-20K-Disposable-Vape-Wholesale-1.webp 750w, https:\/\/www.vape4wholesale.com\/wp-content\/uploads\/2025\/04\/Vozol-Gear-Power-20K-Disposable-Vape-Wholesale-1-510x544.webp 510w, https:\/\/www.vape4wholesale.com\/wp-content\/uploads\/2025\/04\/Vozol-Gear-Power-20K-Disposable-Vape-Wholesale-1-281x300.webp 281w, https:\/\/www.vape4wholesale.com\/wp-content\/uploads\/2025\/04\/Vozol-Gear-Power-20K-Disposable-Vape-Wholesale-1-11x12.webp 11w, https:\/\/www.vape4wholesale.com\/wp-content\/uploads\/2025\/04\/Vozol-Gear-Power-20K-Disposable-Vape-Wholesale-1-64x68.webp 64w\" sizes=\"auto, (max-width: 750px) 100vw, 750px\" \/><figcaption id=\"caption-attachment-21614\" class=\"wp-caption-text\">Vozol Gear Power 20K eldobhat\u00f3 Vape nagykereskedelem<\/figcaption><\/figure>\n<h2>MI\u00c9RT MI?<\/h2>\r\n<ul>\r\n<li>Val\u00f3di, megb\u00edzhat\u00f3 \u00e9s professzion\u00e1lis vape forr\u00e1s.<\/li>\r\n<li>100% Eredeti garancia: Csak eredeti \u00e9s val\u00f3di term\u00e9keket biztos\u00edtunk, elutas\u00edtjuk a hamis\u00edt\u00e1st.<\/li>\r\n<li>100% Sz\u00e1ll\u00edt\u00e1si garancia: A legjobb sz\u00e1ll\u00edt\u00e1si m\u00f3dszerrel biztos\u00edtjuk, hogy \u00d6n megkapja a 100% megrendel\u00e9st.<\/li>\r\n<li>A sz\u00e1ll\u00edt\u00e1s ut\u00e1n megadjuk \u00d6nnek a nyomon k\u00f6vet\u00e9si sz\u00e1mot \u00e9s a sz\u00e1ll\u00edt\u00e1si c\u00edmk\u00e9t, \u00e9s nyomon k\u00f6vetj\u00fck az \u00e1rut az \u00d6n sz\u00e1m\u00e1ra, am\u00edg al\u00e1 nem \u00edrja azt.<\/li>\r\n<li>Nincsenek v\u00e1mprobl\u00e9m\u00e1k, nincsenek v\u00e1mok<\/li>\r\n<\/ul>","protected":false},"excerpt":{"rendered":"<p><b><span style=\"color: #00a859;\">Ingyenes sz\u00e1ll\u00edt\u00e1s<\/span>\u00a0eur\u00f3pai rakt\u00e1rb\u00f3l, 7-15 munkanapos sz\u00e1ll\u00edt\u00e1si id\u0151vel.<\/b><\/p>\r\n<div class=\"wsppc_div_block woocommerce_before_add_to_cart_form\">\r\n<p><strong>Sz\u00e1ll\u00edt\u00e1s el\u0151tti v\u00e1mkezel\u00e9s &amp; 100% sz\u00e1ll\u00edt\u00e1si garancia<\/strong><\/p>\r\n<\/div>","protected":false},"featured_media":21612,"comment_status":"open","ping_status":"closed","template":"","meta":[],"pwb-brand":[1276],"product_cat":[938],"product_tag":[794,1137,22,24,172],"class_list":{"0":"post-21602","1":"product","2":"type-product","3":"status-publish","4":"has-post-thumbnail","6":"pwb-brand-vozol","7":"product_cat-europe-warehouse","8":"product_tag-20000-puffs","9":"product_tag-vozol","10":"product_tag-disposable","11":"product_tag-wholesale","12":"product_tag-20-0ml","13":"product_shipping_class-eu-warehouse","15":"first","16":"outofstock","17":"featured","18":"shipping-taxable","19":"purchasable","20":"product-type-variable"},"aioseo_notices":[],"brands":[{"id":1276,"name":"Vozol","slug":"vozol"}],"_links":{"self":[{"href":"https:\/\/www.vape4wholesale.com\/hu\/wp-json\/wp\/v2\/product\/21602","targetHints":{"allow":["GET"]}}],"collection":[{"href":"https:\/\/www.vape4wholesale.com\/hu\/wp-json\/wp\/v2\/product"}],"about":[{"href":"https:\/\/www.vape4wholesale.com\/hu\/wp-json\/wp\/v2\/types\/product"}],"replies":[{"embeddable":true,"href":"https:\/\/www.vape4wholesale.com\/hu\/wp-json\/wp\/v2\/comments?post=21602"}],"wp:featuredmedia":[{"embeddable":true,"href":"https:\/\/www.vape4wholesale.com\/hu\/wp-json\/wp\/v2\/media\/21612"}],"wp:attachment":[{"href":"https:\/\/www.vape4wholesale.com\/hu\/wp-json\/wp\/v2\/media?parent=21602"}],"wp:term":[{"taxonomy":"pwb-brand","embeddable":true,"href":"https:\/\/www.vape4wholesale.com\/hu\/wp-json\/wp\/v2\/pwb-brand?post=21602"},{"taxonomy":"product_cat","embeddable":true,"href":"https:\/\/www.vape4wholesale.com\/hu\/wp-json\/wp\/v2\/product_cat?post=21602"},{"taxonomy":"product_tag","embeddable":true,"href":"https:\/\/www.vape4wholesale.com\/hu\/wp-json\/wp\/v2\/product_tag?post=21602"}],"curies":[{"name":"wp","href":"https:\/\/api.w.org\/{rel}","templated":true}]}}