{"id":21527,"date":"2025-04-18T23:41:27","date_gmt":"2025-04-18T15:41:27","guid":{"rendered":"https:\/\/www.vape4wholesale.com\/?post_type=product&#038;p=21527"},"modified":"2026-01-26T13:39:12","modified_gmt":"2026-01-26T13:39:12","slug":"vozol-vista-20000-eldobhato-vape-nagykereskedelem","status":"publish","type":"product","link":"https:\/\/www.vape4wholesale.com\/hu\/product\/vozol-vista-20000-disposable-vape-wholesale","title":{"rendered":"Vozol Vista 20000 Eldobhat\u00f3 Vape nagykereskedelem"},"content":{"rendered":"<p>A <a title=\"Vozol\" href=\"https:\/\/www.vape4wholesale.com\/hu\/product_brand\/vozol\/\"><strong>Vozol<\/strong><\/a> A Vista 20000 \u00fajradefini\u00e1lja a k\u00e9nyelmet a leny\u0171g\u00f6z\u0151 t\u00f6bb mint 20 000 puffol\u00e1ssal, ami az egyik legtart\u00f3sabb eldobhat\u00f3 vapes a piacon. Az \u00e1ttekinthet\u0151 OLED kijelz\u0151vel ell\u00e1tott k\u00e9sz\u00fcl\u00e9k lehet\u0151v\u00e9 teszi az akkumul\u00e1tor \u00e9s az e-folyad\u00e9k szintj\u00e9nek val\u00f3s idej\u0171 nyomon k\u00f6vet\u00e9s\u00e9t a probl\u00e9mamentes p\u00e1rologtat\u00e1s \u00e9lm\u00e9nye \u00e9rdek\u00e9ben. Mi t\u00f6bb, az \u00fajrat\u00f6lthet\u0151, \u00fajrafelhaszn\u00e1lhat\u00f3 k\u00e9szlet biztos\u00edtja a hosszabb haszn\u00e1lhat\u00f3s\u00e1got, m\u00edg a 650mAh-s akkumul\u00e1tor mind\u00f6ssze 45 perc alatt t\u00e1mogatja a teljes felt\u00f6lt\u00e9st - t\u00f6k\u00e9letes az \u00fatk\u00f6zbeni felhaszn\u00e1l\u00f3k sz\u00e1m\u00e1ra.<\/p>\n<p>A Vista 6 fokozat\u00fa wattos kimeneti be\u00e1ll\u00edt\u00e1ssal rendelkezik, \u00edgy finomhangolhatja a p\u00e1rol\u00e1si intenzit\u00e1st a sim\u00e1bb h\u00faz\u00e1s vagy a s\u0171r\u0171bb felh\u0151k \u00e9rdek\u00e9ben. A fejlett S.i.L.C Tech Dual Mesh Coil tekercsnek k\u00f6sz\u00f6nhet\u0151en gazdag, egyenletes \u00edzt biztos\u00edt minden egyes slukkol\u00e1ssal, kieg\u00e9sz\u00edtve az 5% nikotiner\u0151ss\u00e9ggel (NS) a kiel\u00e9g\u00edt\u0151 MTL (sz\u00e1jb\u00f3l-l\u00e9gbe) vaping \u00e9lm\u00e9ny\u00e9rt.<\/p>\n<p>A fenntarthat\u00f3s\u00e1g jegy\u00e9ben tervezett k\u00e9sz\u00fcl\u00e9k 65% PCR (fogyaszt\u00e1s ut\u00e1ni \u00fajrahasznos\u00edtott m\u0171anyag) anyagot haszn\u00e1l, ami cs\u00f6kkenti a k\u00f6rnyezeti hat\u00e1st an\u00e9lk\u00fcl, hogy a tart\u00f3ss\u00e1got vesz\u00e9lyeztetn\u00e9. Emellett megfelel a TPD megfelel\u0151s\u00e9gi szabv\u00e1nyoknak, \u00edgy biztos\u00edtva a biztons\u00e1got \u00e9s a min\u0151s\u00e9get az eur\u00f3pai piacokon.<\/p>\n<p>A hat\u00e9kony MCU feldolgoz\u00f3chip \u00e1ltal m\u0171k\u00f6dtetett Vozol Vista stabil teljes\u00edtm\u00e9nyt \u00e9s fokozott reakci\u00f3k\u00e9szs\u00e9get garant\u00e1l. Ak\u00e1r kezd\u0151, ak\u00e1r tapasztalt g\u0151z\u00f6l\u0151 vagy, a felhaszn\u00e1l\u00f3bar\u00e1t kialak\u00edt\u00e1s \u00e9s a megn\u00f6velt puffsz\u00e1m els\u0151 oszt\u00e1ly\u00fa v\u00e1laszt\u00e1ss\u00e1 teszi az eg\u00e9sz napos g\u0151z\u00f6l\u00e9shez.<\/p>\n<h2><strong>Vozol Vista 20000 Eldobhat\u00f3 Vape Gyors r\u00e9szletek<\/strong><\/h2>\n<ul>\n<li>OLED k\u00e9perny\u0151 kijelz\u0151 az akkumul\u00e1tor \u00e9s az E-folyad\u00e9k szintj\u00e9hez<\/li>\n<li>20,000+ Puffs<\/li>\n<li>\u00dajrat\u00f6lthet\u0151 \u00fajrafelhaszn\u00e1lhat\u00f3 k\u00e9szlet<\/li>\n<li>6-szint\u0171 Watt kimenet be\u00e1ll\u00edt\u00e1sa<\/li>\n<li>650mAh \u00fajrat\u00f6lthet\u0151 akkumul\u00e1tor (teljes felt\u00f6lt\u00e9s 45 perc alatt)<\/li>\n<li>5% Niktotin<\/li>\n<li>Tekercs: Tech Dual Mesh tekercs: S.i.L.C Tech Dual Mesh Coil<\/li>\n<li>Feldolgoz\u00f3 chip: MCU chip<\/li>\n<li>Anyag: (\u00dajrahasznos\u00edthat\u00f3 k\u00f6rnyezetbar\u00e1t m\u0171anyag)<\/li>\n<li>TPD-kompatibilis<\/li>\n<li>MTL Vaping<\/li>\n<\/ul>\n<h2><strong>El\u00e9rhet\u0151 \u00edzek<\/strong><\/h2>\n<p>1. Lavafire<br \/>\n2. Sz\u0151l\u0151 j\u00e9g<br \/>\n3. Miami P\u00e9nzverde<br \/>\n4. Barack j\u00e9g<br \/>\n5. Vegyes bogy\u00f3s gy\u00fcm\u00f6lcs\u00f6k<br \/>\n6. K\u00e9k Razz Ice<br \/>\n7. G\u00f6r\u00f6gdinnye j\u00e9g<br \/>\n8. Citrom Lime<br \/>\n9. Eper mang\u00f3<br \/>\n10. Cherry Cola<br \/>\n11. M\u00e1lna g\u00f6r\u00f6gdinnye<br \/>\n12. Mang\u00f3 j\u00e9g<br \/>\n14. Barack mang\u00f3 g\u00f6r\u00f6gdinnye<br \/>\n15. Eper m\u00e1lna cseresznye<br \/>\n16. Bodzavir\u00e1g grapefruit<br \/>\n17. S\u00e1rk\u00e1nygy\u00fcm\u00f6lcs ban\u00e1n cseresznye<br \/>\n18. Savany\u00fa alma j\u00e9g<br \/>\n19. VZBULL<br \/>\n20. G\u00f6r\u00f6gdinnye Bubblegum<\/p>\n<h2><strong>Csomagol\u00e1s r\u00e9szletei<\/strong><\/h2>\n<ul>\n<li>1 db\/ egy doboz<\/li>\n<li>10 db\/ display doboz<\/li>\n<li>18.5kg\/ 200 db\/ karton<\/li>\n<\/ul>\n<figure id=\"attachment_21546\" aria-describedby=\"caption-attachment-21546\" style=\"width: 800px\" class=\"wp-caption alignnone\"><img loading=\"lazy\" decoding=\"async\" class=\"size-full wp-image-21546\" title=\"Vozol Vista 20000 eldobhat\u00f3 vape g\u00f6r\u00f6gdinnye r\u00e1g\u00f3gumi\" src=\"https:\/\/www.vape4wholesale.com\/wp-content\/uploads\/2025\/04\/Vozol-Vista-20000-Disposable-Vape-Watermelon-Bubble-Gum.webp\" alt=\"Vozol Vista 20000 eldobhat\u00f3 vape g\u00f6r\u00f6gdinnye r\u00e1g\u00f3gumi\" width=\"800\" height=\"800\" srcset=\"https:\/\/www.vape4wholesale.com\/wp-content\/uploads\/2025\/04\/Vozol-Vista-20000-Disposable-Vape-Watermelon-Bubble-Gum.webp 800w, https:\/\/www.vape4wholesale.com\/wp-content\/uploads\/2025\/04\/Vozol-Vista-20000-Disposable-Vape-Watermelon-Bubble-Gum-247x247.webp 247w, https:\/\/www.vape4wholesale.com\/wp-content\/uploads\/2025\/04\/Vozol-Vista-20000-Disposable-Vape-Watermelon-Bubble-Gum-100x100.webp 100w, https:\/\/www.vape4wholesale.com\/wp-content\/uploads\/2025\/04\/Vozol-Vista-20000-Disposable-Vape-Watermelon-Bubble-Gum-510x510.webp 510w, https:\/\/www.vape4wholesale.com\/wp-content\/uploads\/2025\/04\/Vozol-Vista-20000-Disposable-Vape-Watermelon-Bubble-Gum-300x300.webp 300w, https:\/\/www.vape4wholesale.com\/wp-content\/uploads\/2025\/04\/Vozol-Vista-20000-Disposable-Vape-Watermelon-Bubble-Gum-150x150.webp 150w, https:\/\/www.vape4wholesale.com\/wp-content\/uploads\/2025\/04\/Vozol-Vista-20000-Disposable-Vape-Watermelon-Bubble-Gum-768x768.webp 768w, https:\/\/www.vape4wholesale.com\/wp-content\/uploads\/2025\/04\/Vozol-Vista-20000-Disposable-Vape-Watermelon-Bubble-Gum-12x12.webp 12w, https:\/\/www.vape4wholesale.com\/wp-content\/uploads\/2025\/04\/Vozol-Vista-20000-Disposable-Vape-Watermelon-Bubble-Gum-64x64.webp 64w\" sizes=\"auto, (max-width: 800px) 100vw, 800px\" \/><figcaption id=\"caption-attachment-21546\" class=\"wp-caption-text\">Vozol Vista 20000 Eldobhat\u00f3 Vape<\/figcaption><\/figure>\n<h2>MI\u00c9RT MI?<\/h2>\r\n<ul>\r\n<li>Val\u00f3di, megb\u00edzhat\u00f3 \u00e9s professzion\u00e1lis vape forr\u00e1s.<\/li>\r\n<li>100% Eredeti garancia: Csak eredeti \u00e9s val\u00f3di term\u00e9keket biztos\u00edtunk, elutas\u00edtjuk a hamis\u00edt\u00e1st.<\/li>\r\n<li>100% Sz\u00e1ll\u00edt\u00e1si garancia: A legjobb sz\u00e1ll\u00edt\u00e1si m\u00f3dszerrel biztos\u00edtjuk, hogy \u00d6n megkapja a 100% megrendel\u00e9st.<\/li>\r\n<li>A sz\u00e1ll\u00edt\u00e1s ut\u00e1n megadjuk \u00d6nnek a nyomon k\u00f6vet\u00e9si sz\u00e1mot \u00e9s a sz\u00e1ll\u00edt\u00e1si c\u00edmk\u00e9t, \u00e9s nyomon k\u00f6vetj\u00fck az \u00e1rut az \u00d6n sz\u00e1m\u00e1ra, am\u00edg al\u00e1 nem \u00edrja azt.<\/li>\r\n<li>Nincsenek v\u00e1mprobl\u00e9m\u00e1k, nincsenek v\u00e1mok<\/li>\r\n<\/ul>","protected":false},"excerpt":{"rendered":"<p><b><span style=\"color: #00a859;\">Ingyenes sz\u00e1ll\u00edt\u00e1s<\/span>\u00a0eur\u00f3pai rakt\u00e1rb\u00f3l, 7-15 munkanapos sz\u00e1ll\u00edt\u00e1si id\u0151vel.<\/b><\/p>\r\n<div class=\"wsppc_div_block woocommerce_before_add_to_cart_form\">\r\n<p><strong>Sz\u00e1ll\u00edt\u00e1s el\u0151tti v\u00e1mkezel\u00e9s &amp; 100% sz\u00e1ll\u00edt\u00e1si garancia<\/strong><\/p>\r\n<\/div>","protected":false},"featured_media":21546,"comment_status":"open","ping_status":"closed","template":"","meta":[],"pwb-brand":[1276],"product_cat":[873],"product_tag":[24,172,794,1137,22],"class_list":{"0":"post-21527","1":"product","2":"type-product","3":"status-publish","4":"has-post-thumbnail","6":"pwb-brand-vozol","7":"product_cat-above-20k-puffs","8":"product_tag-wholesale","9":"product_tag-20-0ml","10":"product_tag-20000-puffs","11":"product_tag-vozol","12":"product_tag-disposable","14":"first","15":"outofstock","16":"featured","17":"shipping-taxable","18":"purchasable","19":"product-type-variable"},"aioseo_notices":[],"brands":[{"id":1276,"name":"Vozol","slug":"vozol"}],"_links":{"self":[{"href":"https:\/\/www.vape4wholesale.com\/hu\/wp-json\/wp\/v2\/product\/21527","targetHints":{"allow":["GET"]}}],"collection":[{"href":"https:\/\/www.vape4wholesale.com\/hu\/wp-json\/wp\/v2\/product"}],"about":[{"href":"https:\/\/www.vape4wholesale.com\/hu\/wp-json\/wp\/v2\/types\/product"}],"replies":[{"embeddable":true,"href":"https:\/\/www.vape4wholesale.com\/hu\/wp-json\/wp\/v2\/comments?post=21527"}],"wp:featuredmedia":[{"embeddable":true,"href":"https:\/\/www.vape4wholesale.com\/hu\/wp-json\/wp\/v2\/media\/21546"}],"wp:attachment":[{"href":"https:\/\/www.vape4wholesale.com\/hu\/wp-json\/wp\/v2\/media?parent=21527"}],"wp:term":[{"taxonomy":"pwb-brand","embeddable":true,"href":"https:\/\/www.vape4wholesale.com\/hu\/wp-json\/wp\/v2\/pwb-brand?post=21527"},{"taxonomy":"product_cat","embeddable":true,"href":"https:\/\/www.vape4wholesale.com\/hu\/wp-json\/wp\/v2\/product_cat?post=21527"},{"taxonomy":"product_tag","embeddable":true,"href":"https:\/\/www.vape4wholesale.com\/hu\/wp-json\/wp\/v2\/product_tag?post=21527"}],"curies":[{"name":"wp","href":"https:\/\/api.w.org\/{rel}","templated":true}]}}