{"id":20829,"date":"2025-03-25T22:36:41","date_gmt":"2025-03-25T14:36:41","guid":{"rendered":"https:\/\/www.vape4wholesale.com\/?post_type=product&#038;p=20829"},"modified":"2026-03-30T11:12:46","modified_gmt":"2026-03-30T03:12:46","slug":"fizzy-twins-50000-puff-kettos-izek-eldobhato-vape-nagykereskedes","status":"publish","type":"product","link":"https:\/\/www.vape4wholesale.com\/hu\/product\/fizzy-twins-50000-puffs-dual-flavors-disposable-vape-wholesale","title":{"rendered":"Fizzy Twins 50000 Puffs Dual \u00edzek eldobhat\u00f3 Vape nagykereskedelem"},"content":{"rendered":"<p>A <a title=\"Fizzy\" href=\"https:\/\/www.vape4wholesale.com\/hu\/product_brand\/pezsgo\/\" target=\"_blank\" rel=\"noopener\"><strong>Fizzy<\/strong><\/a> A Twins 50000 egy fejlett, k\u00e9tf\u00e9le \u00edz\u0171 eldobhat\u00f3 vape, amely lehet\u0151v\u00e9 teszi, hogy a sz\u00e1jr\u00e9sz megnyom\u00e1s\u00e1val azonnal v\u00e1ltson k\u00e9t k\u00fcl\u00f6nb\u00f6z\u0151 \u00edz k\u00f6z\u00f6tt. R\u00e1ad\u00e1sul k\u00e9t, egym\u00e1st\u00f3l f\u00fcggetlen\u00fcl \u00e1ll\u00edthat\u00f3 l\u00e9g\u00e1raml\u00e1si rendszerrel rendelkezik, \u00edgy minden \u00edzhez testre szabhatja a g\u0151z intenzit\u00e1s\u00e1t - \u00edgy minden alkalommal t\u00f6k\u00e9letesen testre szabott \u00e9lm\u00e9nyt biztos\u00edt.<\/p>\n<p>A leny\u0171g\u00f6z\u0151re tervezett Fizzy Twins karcs\u00fa, f\u00e9nyes testtel b\u00fcszk\u00e9lkedhet, melyben egy szalag akcentus tal\u00e1lhat\u00f3, \u00e9s a minimalista st\u00edlus keveredik a kiemelked\u0151 kifinomults\u00e1ggal. A tov\u00e1bbi k\u00e9nyelem \u00e9rdek\u00e9ben az alj\u00e1n tal\u00e1lhat\u00f3 be\u00e9p\u00edtett kijelz\u0151 vil\u00e1gosan mutatja a val\u00f3s idej\u0171 e-folyad\u00e9k- \u00e9s akkumul\u00e1torszintet, \u00edgy mindig k\u00e9zben tarthatja az ir\u00e1ny\u00edt\u00e1st.<\/p>\n<p>De ez m\u00e9g nem minden - ez a sokoldal\u00fa k\u00e9sz\u00fcl\u00e9k kett\u0151s \u00fczemm\u00f3dot k\u00edn\u00e1l (Normal \u00e9s Boost) a k\u00fcl\u00f6nb\u00f6z\u0151 g\u0151z\u00f6l\u00e9si preferenci\u00e1knak megfelel\u0151en. A Fizzy Twins 12 cs\u00e1b\u00edt\u00f3 \u00edzzel \u00e9s k\u00e9t nikotiner\u0151ss\u00e9g-v\u00e1laszt\u00e9kkal (2% \u00e9s 5%) p\u00e1ratlan v\u00e1ltozatoss\u00e1got k\u00edn\u00e1l, hogy minden felhaszn\u00e1l\u00f3 el\u00e9gedett legyen.<\/p>\n<h2><strong>A Fizzy Twins 50000 Puffs Dual Flavors Eldobhat\u00f3 Vape legfontosabb jellemz\u0151i<\/strong><\/h2>\n<ul>\n<li>Kett\u0151s \u00edz innov\u00e1ci\u00f3 - Azonnali v\u00e1lt\u00e1s 2 \u00edz k\u00f6z\u00f6tt egy k\u00e9sz\u00fcl\u00e9kben a sz\u00e1jr\u00e9sz egyszer\u0171 megnyom\u00e1s\u00e1val.<\/li>\n<li>Kett\u0151s \u00e1ll\u00edthat\u00f3 l\u00e9g\u00e1raml\u00e1s - F\u00fcggetlen\u00fcl szab\u00e1lyozza a g\u0151z tel\u00edtetts\u00e9g\u00e9t minden egyes \u00edz eset\u00e9ben, optimaliz\u00e1lva az \u00edzt \u00e9s a torok\u00fct\u00e9st.<\/li>\n<li>12 izgalmas \u00edz - Sz\u00e9les v\u00e1laszt\u00e9k minden \u00edzl\u00e9snek megfelel\u0151en, a gy\u00fcm\u00f6lcs\u00f6sekt\u0151l a friss\u00edt\u0151 kever\u00e9kekig.<\/li>\n<li>Kett\u0151s nikotiner\u0151ss\u00e9g - V\u00e1lasszon a 2% (20mg) vagy az 5% (50mg) nikotin k\u00f6z\u00f6tt a testreszabott \u00e9lm\u00e9ny \u00e9rdek\u00e9ben.<\/li>\n<li>Nagy kapacit\u00e1s\u00fa \u00e9s \u00fajrat\u00f6lthet\u0151 - 850mAh be\u00e9p\u00edtett akkumul\u00e1tor (USB-C \u00fajrat\u00f6lthet\u0151) + 5mL el\u0151re t\u00f6lt\u00f6tt e-folyad\u00e9k, amely hossz\u00fa ideig tart\u00f3 \u00e9lvezetet biztos\u00edt.<\/li>\n<li>Prec\u00edzi\u00f3s h\u00e1l\u00f3s tekercs - A fejlett h\u00e1l\u00f3s f\u0171t\u00e9si technol\u00f3gia sim\u00e1bb, gazdagabb \u00edzt biztos\u00edt minden slukkban.<\/li>\n<li>Intelligens LED kijelz\u0151 - Az e-folyad\u00e9k szintj\u00e9nek \u00e9s az akkumul\u00e1tor \u00e9lettartam\u00e1nak val\u00f3s idej\u0171 ellen\u0151rz\u00e9se a probl\u00e9mamentes haszn\u00e1lat \u00e9rdek\u00e9ben.<\/li>\n<li>Kett\u0151s \u00fczemm\u00f3d (Normal\/Boost) - V\u00e1ltson a kiegyens\u00falyozott g\u0151z (Normal) \u00e9s az intenz\u00edv felh\u0151k (Boost) k\u00f6z\u00f6tt a hangulat\u00e1nak megfelel\u0151en.<\/li>\n<li>Eleg\u00e1ns \u00e9s st\u00edlusos design - Szemet gy\u00f6ny\u00f6rk\u00f6dtet\u0151, vil\u00e1g\u00edt\u00f3 test modern jelv\u00e9nyes r\u00e9szletekkel - minimalista, m\u00e9gis mer\u00e9sz.<\/li>\n<\/ul>\n<h2><strong>El\u00e9rhet\u0151 \u00edzek<\/strong><\/h2>\n<p>1.Watermelon Ice \/ Eper Kiwi<br \/>\n2.Strawberry Kiwi Gr\u00e1n\u00e1talma \/ Red Bull<br \/>\n3.Blueberry k\u00f3kusz \/ Grape Ice<br \/>\n4.Blue Razz limon\u00e1d\u00e9 \/ Tripla dinnye<br \/>\n5.Eper g\u00f6r\u00f6gdinnye \/ \u00e1fonya j\u00e9g<br \/>\n6.Barack Mang\u00f3 G\u00f6r\u00f6gdinnye \/ Eper Ban\u00e1n<br \/>\n7.M\u00e1lna Watermenlon \/ Kiwi Passion Fruit Guava<br \/>\n8.Anan\u00e1sz \u0150szibarack Golgotavir\u00e1g \/ \u00c1fonya M\u00e1lna<br \/>\n9.G\u00f6r\u00f6gdinnye j\u00e9g \/ citromos lime<br \/>\n10.Vegyes bogy\u00f3s \/ barackos j\u00e9g<br \/>\n11.Eper j\u00e9g \/ Fizzy Cherry<br \/>\n12.M\u00e1lna limon\u00e1d\u00e9 \/ Eper j\u00e9g<br \/>\n13. Red Bull eper- \u00e9s g\u00f6r\u00f6gdinnye \u00edz\u0171 r\u00e1g\u00f3gumi<br \/>\n14. Love 66 &amp; Eper-m\u00e1lna cukorka<br \/>\n15. Sz\u00e9nsavas k\u00f3la \u00e9s g\u00f6r\u00f6gdinnye j\u00e9g<\/p>\n<h2>Csomagol\u00e1s r\u00e9szletei<\/h2>\n<ul>\n<li>1\/ Egyetlen doboz<\/li>\n<li>10\/ Kijelz\u0151doboz<\/li>\n<li>120 db\/karton, 18kg<\/li>\n<\/ul>\n<figure id=\"attachment_20842\" aria-describedby=\"caption-attachment-20842\" style=\"width: 1000px\" class=\"wp-caption alignnone\"><img loading=\"lazy\" decoding=\"async\" class=\"size-full wp-image-20842\" title=\"Fizzy Twins 50000 Puffs Eldobhat\u00f3 Vape nagykereskedelem\" src=\"https:\/\/www.vape4wholesale.com\/wp-content\/uploads\/2025\/03\/Fizzy-Twins-50000-Puffs-Disposable-Vape-Wholesale.webp\" alt=\"Fizzy Twins 50000 Puffs Eldobhat\u00f3 Vape nagykereskedelem\" width=\"1000\" height=\"1000\" srcset=\"https:\/\/www.vape4wholesale.com\/wp-content\/uploads\/2025\/03\/Fizzy-Twins-50000-Puffs-Disposable-Vape-Wholesale.webp 1000w, https:\/\/www.vape4wholesale.com\/wp-content\/uploads\/2025\/03\/Fizzy-Twins-50000-Puffs-Disposable-Vape-Wholesale-247x247.webp 247w, https:\/\/www.vape4wholesale.com\/wp-content\/uploads\/2025\/03\/Fizzy-Twins-50000-Puffs-Disposable-Vape-Wholesale-100x100.webp 100w, https:\/\/www.vape4wholesale.com\/wp-content\/uploads\/2025\/03\/Fizzy-Twins-50000-Puffs-Disposable-Vape-Wholesale-510x510.webp 510w\" sizes=\"auto, (max-width: 1000px) 100vw, 1000px\" \/><figcaption id=\"caption-attachment-20842\" class=\"wp-caption-text\">Fizzy Twins 50000 Puffs Eldobhat\u00f3 Vape nagykereskedelem<\/figcaption><\/figure>\n<h2>MI\u00c9RT MI?<\/h2>\r\n<ul>\r\n<li>Val\u00f3di, megb\u00edzhat\u00f3 \u00e9s professzion\u00e1lis vape forr\u00e1s.<\/li>\r\n<li>100% Eredeti garancia: Csak eredeti \u00e9s val\u00f3di term\u00e9keket biztos\u00edtunk, elutas\u00edtjuk a hamis\u00edt\u00e1st.<\/li>\r\n<li>100% Sz\u00e1ll\u00edt\u00e1si garancia: A legjobb sz\u00e1ll\u00edt\u00e1si m\u00f3dszerrel biztos\u00edtjuk, hogy \u00d6n megkapja a 100% megrendel\u00e9st.<\/li>\r\n<li>A sz\u00e1ll\u00edt\u00e1s ut\u00e1n megadjuk \u00d6nnek a nyomon k\u00f6vet\u00e9si sz\u00e1mot \u00e9s a sz\u00e1ll\u00edt\u00e1si c\u00edmk\u00e9t, \u00e9s nyomon k\u00f6vetj\u00fck az \u00e1rut az \u00d6n sz\u00e1m\u00e1ra, am\u00edg al\u00e1 nem \u00edrja azt.<\/li>\r\n<li>Nincsenek v\u00e1mprobl\u00e9m\u00e1k, nincsenek v\u00e1mok<\/li>\r\n<\/ul>\n<p>&nbsp;<\/p>","protected":false},"excerpt":{"rendered":"<p><b><span style=\"color: #00a859;\">Ingyenes sz\u00e1ll\u00edt\u00e1s<\/span>\u00a0eur\u00f3pai rakt\u00e1rb\u00f3l, 7-15 munkanapos sz\u00e1ll\u00edt\u00e1si id\u0151vel.<\/b><\/p>\r\n<div class=\"wsppc_div_block woocommerce_before_add_to_cart_form\">\r\n<p><strong>Sz\u00e1ll\u00edt\u00e1s el\u0151tti v\u00e1mkezel\u00e9s &amp; 100% sz\u00e1ll\u00edt\u00e1si garancia<\/strong><\/p>\r\n<\/div>","protected":false},"featured_media":20849,"comment_status":"open","ping_status":"closed","template":"","meta":[],"pwb-brand":[1268],"product_cat":[938],"product_tag":[948,1081,1082,22,24],"class_list":{"0":"post-20829","1":"product","2":"type-product","3":"status-publish","4":"has-post-thumbnail","6":"pwb-brand-fizzy","7":"product_cat-europe-warehouse","8":"product_tag-fizzy","9":"product_tag-50-0ml","10":"product_tag-50000-puffs","11":"product_tag-disposable","12":"product_tag-wholesale","13":"product_shipping_class-eu-warehouse","14":"wcpa_has_options","16":"first","17":"instock","18":"featured","19":"shipping-taxable","20":"purchasable","21":"product-type-variable"},"aioseo_notices":[],"brands":[{"id":1268,"name":"Fizzy","slug":"pezsgo"}],"_links":{"self":[{"href":"https:\/\/www.vape4wholesale.com\/hu\/wp-json\/wp\/v2\/product\/20829","targetHints":{"allow":["GET"]}}],"collection":[{"href":"https:\/\/www.vape4wholesale.com\/hu\/wp-json\/wp\/v2\/product"}],"about":[{"href":"https:\/\/www.vape4wholesale.com\/hu\/wp-json\/wp\/v2\/types\/product"}],"replies":[{"embeddable":true,"href":"https:\/\/www.vape4wholesale.com\/hu\/wp-json\/wp\/v2\/comments?post=20829"}],"wp:featuredmedia":[{"embeddable":true,"href":"https:\/\/www.vape4wholesale.com\/hu\/wp-json\/wp\/v2\/media\/20849"}],"wp:attachment":[{"href":"https:\/\/www.vape4wholesale.com\/hu\/wp-json\/wp\/v2\/media?parent=20829"}],"wp:term":[{"taxonomy":"pwb-brand","embeddable":true,"href":"https:\/\/www.vape4wholesale.com\/hu\/wp-json\/wp\/v2\/pwb-brand?post=20829"},{"taxonomy":"product_cat","embeddable":true,"href":"https:\/\/www.vape4wholesale.com\/hu\/wp-json\/wp\/v2\/product_cat?post=20829"},{"taxonomy":"product_tag","embeddable":true,"href":"https:\/\/www.vape4wholesale.com\/hu\/wp-json\/wp\/v2\/product_tag?post=20829"}],"curies":[{"name":"wp","href":"https:\/\/api.w.org\/{rel}","templated":true}]}}