{"id":20684,"date":"2025-03-19T18:39:33","date_gmt":"2025-03-19T10:39:33","guid":{"rendered":"https:\/\/www.vape4wholesale.com\/?post_type=product&#038;p=20684"},"modified":"2026-01-27T15:38:41","modified_gmt":"2026-01-27T15:38:41","slug":"zooy-star-30000-puffs-eldobhato-vape-nagykereskedelem-2","status":"publish","type":"product","link":"https:\/\/www.vape4wholesale.com\/hu\/termek\/zooy-star-30000-puffs-eldobhato-vape-nagykereskedelem-2","title":{"rendered":"Zooy Stars 30000 Puffs Eldobhat\u00f3 Vape nagykereskedelem"},"content":{"rendered":"<p>A <strong><a title=\"Zooy\" href=\"https:\/\/www.vape4wholesale.com\/hu\/product_brand\/zooy\/\" target=\"_blank\" rel=\"noopener\">Zooy<\/a><\/strong> A Stars 30000 egy \u00e9lvonalbeli eldobhat\u00f3 vape, amelyet kiv\u00e9teles vaping \u00e9lm\u00e9nyre terveztek. A leny\u0171g\u00f6z\u0151, 30.000 puffol\u00e1sos kapacit\u00e1ssal ez a k\u00e9sz\u00fcl\u00e9k hossz\u00fa t\u00e1v\u00fa \u00e9lvezetet biztos\u00edt. Kett\u0151s h\u00e1l\u00f3s tekercset tartalmaz a fokozott \u00edz \u00e9s g\u0151ztermel\u00e9s \u00e9rdek\u00e9ben, valamint egy 3D \u00edvelt LED-k\u00e9perny\u0151t, amely val\u00f3s idej\u0171 akkumul\u00e1tor-\u00e9lettartamot \u00e9s haszn\u00e1lati inform\u00e1ci\u00f3kat mutat. Kompakt m\u00e9rete (29*53<em>*<\/em>92mm) hordozhat\u00f3v\u00e1 \u00e9s k\u00e9nyelmess\u00e9 teszi az \u00fatk\u00f6zbeni haszn\u00e1latot.<\/p>\n<p>A testreszab\u00e1si lehet\u0151s\u00e9gek sz\u00e9les sk\u00e1l\u00e1j\u00e1t k\u00edn\u00e1lja, bele\u00e9rtve 10 csod\u00e1latos \u00edzt, amelyek minden \u00edzl\u00e9snek megfelelnek. T\u00e1mogatja az \u00e1ll\u00edthat\u00f3 l\u00e9g\u00e1raml\u00e1st, \u00edgy a felhaszn\u00e1l\u00f3k a k\u00edv\u00e1nt intenzit\u00e1shoz igaz\u00edthatj\u00e1k a p\u00e1rol\u00e1si \u00e9lm\u00e9nyt. 20mg, 30mg \u00e9s 50mg k\u00f6z\u00f6tti nikotins\u00f3 opci\u00f3k, amelyek mind az \u00faj, mind a tapasztalt p\u00e1rol\u00f3knak kedveskednek. A kett\u0151s h\u00e1l\u00f3s tekercs technol\u00f3gi\u00e1ja biztos\u00edtja az egyenletes \u00e9s gazdag \u00edzadagol\u00e1st minden egyes sz\u00edv\u00e1sn\u00e1l.<\/p>\n<p>A C t\u00edpus\u00fa \u00fajrat\u00f6lthet\u0151 akkumul\u00e1torral felszerelt Zooy Star 30000 egyes\u00edti a fenntarthat\u00f3s\u00e1got a modern k\u00e9nyelemmel. A karcs\u00fa \u00e9s ergonomikus kialak\u00edt\u00e1s, p\u00e1rosulva az \u00e9l\u00e9nk 3D \u00edvelt LED k\u00e9perny\u0151vel, kifinomults\u00e1got k\u00f6lcs\u00f6n\u00f6z a k\u00e9sz\u00fcl\u00e9knek. Ak\u00e1r kezd\u0151, ak\u00e1r tapasztalt doh\u00e1nyos vagy, a Zooy Star 30000 p\u00e1ratlan teljes\u00edtm\u00e9nyt, st\u00edlust \u00e9s sokoldal\u00fas\u00e1got ny\u00fajt egy kompakt \u00e9s felhaszn\u00e1l\u00f3bar\u00e1t csomagban.<\/p>\n<h2><strong>Zooy Stars 30000 Puffs Eldobhat\u00f3 Vape f\u0151bb jellemz\u0151i<\/strong><\/h2>\n<ul>\n<li><strong>Ak\u00e1r 30,000 puff<\/strong>: Hossz\u00fa \u00e9lettartam\u00fa eldobhat\u00f3 vape a hosszabb haszn\u00e1lathoz.<\/li>\n<li><strong>K\u00f6nny\u0171szerkezetes kialak\u00edt\u00e1s<\/strong>: A k\u00f6nny\u0171 hordozhat\u00f3s\u00e1g \u00e9rdek\u00e9ben csak 130 g s\u00faly\u00fa.<\/li>\n<li><strong>Kompakt m\u00e9ret<\/strong>: M\u00e9retek 29*53<em>*<\/em>92mm, t\u00f6k\u00e9letes az \u00fatk\u00f6zbeni p\u00e1rologtat\u00e1shoz.<\/li>\n<li><strong>Kett\u0151s h\u00e1l\u00f3s tekercs<\/strong>: Fokozza az \u00edzt \u00e9s a g\u0151ztermel\u00e9st a kiv\u00e1l\u00f3 \u00e9lm\u00e9ny \u00e9rdek\u00e9ben.<\/li>\n<li><strong>Nikotin s\u00f3 lehet\u0151s\u00e9gek<\/strong>: Kaphat\u00f3 20mg, 30mg \u00e9s 50mg v\u00e1ltozatban, hogy megfeleljen a k\u00fcl\u00f6nb\u00f6z\u0151 preferenci\u00e1knak.<\/li>\n<li><strong>3D \u00edvelt LED k\u00e9perny\u0151<\/strong>: Val\u00f3s idej\u0171 akkumul\u00e1tor-\u00e9lettartam \u00e9s haszn\u00e1lati inform\u00e1ci\u00f3k megjelen\u00edt\u00e9se.<\/li>\n<li><strong>TYPE-C \u00fajrat\u00f6lthet\u0151<\/strong>: Gyors \u00e9s k\u00e9nyelmes t\u00f6lt\u00e9s a modern USB-C technol\u00f3gi\u00e1val.<\/li>\n<li><strong>\u00c1ll\u00edthat\u00f3 l\u00e9g\u00e1raml\u00e1s<\/strong>: Testre szabhatja a p\u00e1rolg\u00e1s intenzit\u00e1s\u00e1t a szem\u00e9lyre szabott \u00e9lm\u00e9ny \u00e9rdek\u00e9ben.<\/li>\n<\/ul>\n<h2><strong>El\u00e9rhet\u0151 \u00edzek<\/strong><\/h2>\n<ol>\n<li>Redbull energia<\/li>\n<li>K\u00e9k Razz j\u00e9g<\/li>\n<li>G\u00f6r\u00f6gdinnye j\u00e9g<\/li>\n<li>Eper g\u00f6r\u00f6gdinnye<\/li>\n<li>Barackl\u00e9<\/li>\n<li>Eper ban\u00e1n j\u00e9g<\/li>\n<li>\u00c1fonya j\u00e9g<\/li>\n<li>H\u00e1romszoros bogy\u00f3s j\u00e9g<\/li>\n<li>Eper Kiwi<\/li>\n<li>\u00c1fonya Cseresznye \u00c1fonya<\/li>\n<\/ol>\n<figure id=\"attachment_20695\" aria-describedby=\"caption-attachment-20695\" style=\"width: 800px\" class=\"wp-caption alignnone\"><img loading=\"lazy\" decoding=\"async\" class=\"size-full wp-image-20695\" title=\"ZOOY STARS 30000 Puffs Eldobhat\u00f3 Vape minden \u00edzben\" src=\"https:\/\/www.vape4wholesale.com\/wp-content\/uploads\/2025\/03\/ZOOY-STARS-30000-Puffs-Disposable-Vape-All-Flavors.webp\" alt=\"ZOOY STARS 30000 Puffs Eldobhat\u00f3 Vape minden \u00edzben\" width=\"800\" height=\"800\" srcset=\"https:\/\/www.vape4wholesale.com\/wp-content\/uploads\/2025\/03\/ZOOY-STARS-30000-Puffs-Disposable-Vape-All-Flavors.webp 800w, https:\/\/www.vape4wholesale.com\/wp-content\/uploads\/2025\/03\/ZOOY-STARS-30000-Puffs-Disposable-Vape-All-Flavors-247x247.webp 247w, https:\/\/www.vape4wholesale.com\/wp-content\/uploads\/2025\/03\/ZOOY-STARS-30000-Puffs-Disposable-Vape-All-Flavors-100x100.webp 100w, https:\/\/www.vape4wholesale.com\/wp-content\/uploads\/2025\/03\/ZOOY-STARS-30000-Puffs-Disposable-Vape-All-Flavors-510x510.webp 510w\" sizes=\"auto, (max-width: 800px) 100vw, 800px\" \/><figcaption id=\"caption-attachment-20695\" class=\"wp-caption-text\">ZOOY STARS 30000 Puffs Eldobhat\u00f3 Vape minden \u00edzben<\/figcaption><\/figure>\n<h2>MI\u00c9RT MI?<\/h2>\r\n<ul>\r\n<li>Val\u00f3di, megb\u00edzhat\u00f3 \u00e9s professzion\u00e1lis vape forr\u00e1s.<\/li>\r\n<li>100% Eredeti garancia: Csak eredeti \u00e9s val\u00f3di term\u00e9keket biztos\u00edtunk, elutas\u00edtjuk a hamis\u00edt\u00e1st.<\/li>\r\n<li>100% Sz\u00e1ll\u00edt\u00e1si garancia: A legjobb sz\u00e1ll\u00edt\u00e1si m\u00f3dszerrel biztos\u00edtjuk, hogy \u00d6n megkapja a 100% megrendel\u00e9st.<\/li>\r\n<li>A sz\u00e1ll\u00edt\u00e1s ut\u00e1n megadjuk \u00d6nnek a nyomon k\u00f6vet\u00e9si sz\u00e1mot \u00e9s a sz\u00e1ll\u00edt\u00e1si c\u00edmk\u00e9t, \u00e9s nyomon k\u00f6vetj\u00fck az \u00e1rut az \u00d6n sz\u00e1m\u00e1ra, am\u00edg al\u00e1 nem \u00edrja azt.<\/li>\r\n<li>Nincsenek v\u00e1mprobl\u00e9m\u00e1k, nincsenek v\u00e1mok<\/li>\r\n<\/ul>","protected":false},"excerpt":{"rendered":"<p><b><span style=\"color: #00a859;\">Free shipping<\/span>\u00a0from Europe warehouse, 7-15 working days delivery time.<\/b><\/p>\r\n<div class=\"wsppc_div_block woocommerce_before_add_to_cart_form\">\r\n<p><strong>Clear customs before delivery &amp; 100% Delivery Guarantee<\/strong><\/p>\r\n<\/div>","protected":false},"featured_media":20685,"comment_status":"open","ping_status":"closed","template":"","meta":[],"pwb-brand":[1273],"product_cat":[938],"product_tag":[22,24,850,1022,1024],"class_list":{"0":"post-20684","1":"product","2":"type-product","3":"status-publish","4":"has-post-thumbnail","6":"pwb-brand-zooy","7":"product_cat-europe-warehouse","8":"product_tag-disposable","9":"product_tag-wholesale","10":"product_tag-30000-puffs","11":"product_tag-zooy","12":"product_tag-30-ml","13":"product_shipping_class-eu-warehouse","14":"wcpa_has_options","16":"first","17":"instock","18":"featured","19":"shipping-taxable","20":"purchasable","21":"product-type-variable"},"aioseo_notices":[],"brands":[{"id":1273,"name":"Zooy","slug":"zooy"}],"_links":{"self":[{"href":"https:\/\/www.vape4wholesale.com\/hu\/wp-json\/wp\/v2\/product\/20684","targetHints":{"allow":["GET"]}}],"collection":[{"href":"https:\/\/www.vape4wholesale.com\/hu\/wp-json\/wp\/v2\/product"}],"about":[{"href":"https:\/\/www.vape4wholesale.com\/hu\/wp-json\/wp\/v2\/types\/product"}],"replies":[{"embeddable":true,"href":"https:\/\/www.vape4wholesale.com\/hu\/wp-json\/wp\/v2\/comments?post=20684"}],"wp:featuredmedia":[{"embeddable":true,"href":"https:\/\/www.vape4wholesale.com\/hu\/wp-json\/wp\/v2\/media\/20685"}],"wp:attachment":[{"href":"https:\/\/www.vape4wholesale.com\/hu\/wp-json\/wp\/v2\/media?parent=20684"}],"wp:term":[{"taxonomy":"pwb-brand","embeddable":true,"href":"https:\/\/www.vape4wholesale.com\/hu\/wp-json\/wp\/v2\/pwb-brand?post=20684"},{"taxonomy":"product_cat","embeddable":true,"href":"https:\/\/www.vape4wholesale.com\/hu\/wp-json\/wp\/v2\/product_cat?post=20684"},{"taxonomy":"product_tag","embeddable":true,"href":"https:\/\/www.vape4wholesale.com\/hu\/wp-json\/wp\/v2\/product_tag?post=20684"}],"curies":[{"name":"wp","href":"https:\/\/api.w.org\/{rel}","templated":true}]}}