{"id":20283,"date":"2025-02-26T13:55:39","date_gmt":"2025-02-26T05:55:39","guid":{"rendered":"https:\/\/www.vape4wholesale.com\/?post_type=product&#038;p=20283"},"modified":"2026-01-27T15:43:12","modified_gmt":"2026-01-27T15:43:12","slug":"uwin-crystal-twins-40k-eldobhato-vape-nagykereskedelem-2","status":"publish","type":"product","link":"https:\/\/www.vape4wholesale.com\/hu\/termek\/uwin-crystal-twins-40k-eldobhato-vape-nagykereskedelem-2","title":{"rendered":"Uwin Crystal Twins 40K eldobhat\u00f3 Vape nagykereskedelem"},"content":{"rendered":"<p>A\u00a0<a title=\"Uwin\" href=\"https:\/\/www.vape4wholesale.com\/hu\/product_brand\/uwin\/\" target=\"_blank\" rel=\"noopener\">Uwin<\/a> A Crystal Twins 40K \u00fajradefini\u00e1lja az eldobhat\u00f3 vape \u00e9lm\u00e9nyt az \u00fatt\u00f6r\u0151 forg\u00f3 sz\u00e1jr\u00e9sz\u00e9vel, amely lehet\u0151v\u00e9 teszi a felhaszn\u00e1l\u00f3k sz\u00e1m\u00e1ra, hogy z\u00f6kken\u0151mentesen v\u00e1ltsanak k\u00e9t k\u00fcl\u00f6nb\u00f6z\u0151 \u00edz k\u00f6z\u00f6tt egyetlen eszk\u00f6zben. Ez az innovat\u00edv kialak\u00edt\u00e1s nemcsak sokoldal\u00fas\u00e1got biztos\u00edt, hanem minden alkalommal friss \u00e9s izgalmas p\u00e1rologtat\u00e1si \u00e9lm\u00e9nyt is biztos\u00edt. Ak\u00e1r gy\u00fcm\u00f6lcs\u00f6s robban\u00e1sra, ak\u00e1r kr\u00e9mes \u00e9lvezetre v\u00e1gyik, ez a k\u00e9sz\u00fcl\u00e9k k\u00f6nnyed\u00e9n kiszolg\u00e1lja az \u00d6n preferenci\u00e1it. A massz\u00edv 40 000 puffol\u00e1ssal \u00e9s a nagyvonal\u00fa, 30 ml-es e-folyad\u00e9k kapacit\u00e1ssal \u00fagy k\u00e9sz\u00fclt, hogy kompromisszumok n\u00e9lk\u00fcl, hosszan tart\u00f3 el\u00e9gedetts\u00e9get ny\u00fajtson.<\/p>\n<p>A teljes\u00edtm\u00e9nyre \u00e9s k\u00e9nyelemre tervezett Uwin Crystal Twins 40K k\u00e9sz\u00fcl\u00e9ket egy 850mAh-s \u00fajrat\u00f6lthet\u0151 kobalt akkumul\u00e1tor t\u00e1pl\u00e1lja, amely Type-C porttal rendelkezik a gyors \u00e9s hat\u00e9kony t\u00f6lt\u00e9s \u00e9rdek\u00e9ben. Egy 0,6 ohm-os h\u00e1l\u00f3s tekerccsel p\u00e1ros\u00edtva garant\u00e1lja a sima, egyenletes g\u0151ztermel\u00e9st \u00e9s a gazdag \u00edzadagol\u00e1st. A 0%, 2%, 3% \u00e9s 5% nikotiner\u0151ss\u00e9gben kaphat\u00f3 k\u00e9sz\u00fcl\u00e9k a preferenci\u00e1k sz\u00e9les sk\u00e1l\u00e1j\u00e1t szolg\u00e1lja ki, \u00edgy ide\u00e1lis mind az alkalmi felhaszn\u00e1l\u00f3k, mind a tapasztalt vaperek sz\u00e1m\u00e1ra. R\u00e1ad\u00e1sul a 12 cs\u00e1b\u00edt\u00f3 \u00edz k\u00f6z\u00fcl v\u00e1laszthat, \u00edgy minden \u00edzl\u00e9snek tal\u00e1l valamit.<\/p>\n<p>Az Uwin Crystal Twins 40K t\u00f6k\u00e9letes a nagykeresked\u0151k sz\u00e1m\u00e1ra, \u00e9s praktikus csomagol\u00e1sban kaphat\u00f3, dobozonk\u00e9nt 10 darab, kartononk\u00e9nt 160 darab (18,5 kg kartononk\u00e9nt). Az innovat\u00edv design, a pr\u00e9mium teljes\u00edtm\u00e9ny \u00e9s a kiv\u00e9teles \u00e9rt\u00e9k kombin\u00e1ci\u00f3ja kiemelked\u0151 v\u00e1laszt\u00e1ss\u00e1 teszi a kiskeresked\u0151k \u00e9s a vaping rajong\u00f3k sz\u00e1m\u00e1ra egyar\u00e1nt. Emelje fel a vaping \u00e9lm\u00e9ny\u00e9t m\u00e9g ma az Uwin Crystal Twins 40K-val - ahol a kett\u0151s \u00edzek tal\u00e1lkoznak a p\u00e1ratlan k\u00e9nyelemmel.<\/p>\n<h2>Uwin Crystal Twins 40K Eldobhat\u00f3 Vape f\u0151bb jellemz\u0151i<\/h2>\n<ul>\n<li>Kett\u0151s \u00edzrendszer: A sz\u00e1jr\u00e9sz elforgat\u00e1s\u00e1val k\u00e9t k\u00fcl\u00f6nb\u00f6z\u0151 \u00edzt \u00e9lvezhet egy k\u00e9sz\u00fcl\u00e9kben.<\/li>\n<li>Massz\u00edv Puff sz\u00e1m: Ak\u00e1r 40.000 slukkot biztos\u00edt, hossz\u00fa ideig tart\u00f3 \u00e9lvezetet biztos\u00edtva.<\/li>\n<li>Nagyvonal\u00fa E-folyad\u00e9k kapacit\u00e1s: 30 ml e-folyad\u00e9k kapacit\u00e1ssal rendelkezik a hosszabb haszn\u00e1lathoz.<\/li>\n<li>\u00dajrat\u00f6lthet\u0151 akkumul\u00e1tor: C t\u00edpus\u00fa porttal a gyors \u00e9s k\u00e9nyelmes t\u00f6lt\u00e9shez.<\/li>\n<li>Fejlett h\u00e1l\u00f3s tekercs: 0,6 ohm-os h\u00e1l\u00f3s tekercs a sima, egyenletes g\u0151ztermel\u00e9s \u00e9rdek\u00e9ben.<\/li>\n<li>T\u00f6bbf\u00e9le nikotin opci\u00f3: Az \u00d6n preferenci\u00e1inak megfelel\u0151en 0%, 2%, 3% \u00e9s 5% nikotiner\u0151ss\u00e9gben kaphat\u00f3.<\/li>\n<li>Sz\u00e9les \u00edzv\u00e1laszt\u00e9k: V\u00e1lasszon 12 izgalmas \u00edz k\u00f6z\u00fcl, hogy megfeleljen \u00edzl\u00e9s\u00e9nek.<\/li>\n<\/ul>\n<h2>El\u00e9rhet\u0151 \u00edzek<\/h2>\n<ul>\n<li>1.Blueberry On Ice \/ Ny\u00e1ri barack j\u00e9gen<\/li>\n<li>2.Kiwi Passi\u00f3gy\u00fcm\u00f6lcs Guava\/ \u00c1fonya M\u00e1lna<\/li>\n<li>3.Strawberry Kiwi \/ Grape Ice<\/li>\n<li>4.Kiwi Passi\u00f3gy\u00fcm\u00f6lcs Guava \/ K\u00e9t alma<\/li>\n<li>5.Eper g\u00f6r\u00f6gdinnye\/ citromos lime<\/li>\n<li>6.Blueberry m\u00e1lna\/cseresznye j\u00e9g<\/li>\n<li>7.Strawberry m\u00e1lna cseresznye\/ Mr Blue<\/li>\n<li>8.Barack mang\u00f3 anan\u00e1sz\/ Red Bull<\/li>\n<li>9.G\u00f6r\u00f6gdinnye j\u00e9g\/ Vegyes bogy\u00f3s gy\u00fcm\u00f6lcs\u00f6k<\/li>\n<li>10.Eper ban\u00e1n\/ Szerelem 66\uff08Passion Fruit Dinnye j\u00e9g\uff09<\/li>\n<\/ul>\n<h2><strong>Csomagol\u00e1s r\u00e9szletei<\/strong><\/h2>\n<ol>\n<li>10 darab dobozonk\u00e9nt<\/li>\n<li>160 darab kartononk\u00e9nt<\/li>\n<li>Karton s\u00falya: 18.5kg<\/li>\n<\/ol>\n<figure id=\"attachment_20293\" aria-describedby=\"caption-attachment-20293\" style=\"width: 800px\" class=\"wp-caption alignnone\"><img loading=\"lazy\" decoding=\"async\" class=\"size-full wp-image-20293\" title=\"Uwin Crystal Twins 40K Eldobhat\u00f3 Vape eper kiwi sz\u0151l\u0151 j\u00e9g\" src=\"https:\/\/www.vape4wholesale.com\/wp-content\/uploads\/2025\/02\/Uwin-Crystal-Twins-40K-Disposable-Vape-Strawberry-Kiwi_Grape-Ice.webp\" alt=\"Uwin Crystal Twins 40K Eldobhat\u00f3 Vape eper kiwi sz\u0151l\u0151 j\u00e9g\" width=\"800\" height=\"800\" srcset=\"https:\/\/www.vape4wholesale.com\/wp-content\/uploads\/2025\/02\/Uwin-Crystal-Twins-40K-Disposable-Vape-Strawberry-Kiwi_Grape-Ice.webp 800w, https:\/\/www.vape4wholesale.com\/wp-content\/uploads\/2025\/02\/Uwin-Crystal-Twins-40K-Disposable-Vape-Strawberry-Kiwi_Grape-Ice-247x247.webp 247w, https:\/\/www.vape4wholesale.com\/wp-content\/uploads\/2025\/02\/Uwin-Crystal-Twins-40K-Disposable-Vape-Strawberry-Kiwi_Grape-Ice-100x100.webp 100w, https:\/\/www.vape4wholesale.com\/wp-content\/uploads\/2025\/02\/Uwin-Crystal-Twins-40K-Disposable-Vape-Strawberry-Kiwi_Grape-Ice-510x510.webp 510w, https:\/\/www.vape4wholesale.com\/wp-content\/uploads\/2025\/02\/Uwin-Crystal-Twins-40K-Disposable-Vape-Strawberry-Kiwi_Grape-Ice-64x64.webp 64w, https:\/\/www.vape4wholesale.com\/wp-content\/uploads\/2025\/02\/Uwin-Crystal-Twins-40K-Disposable-Vape-Strawberry-Kiwi_Grape-Ice-300x300.webp 300w, https:\/\/www.vape4wholesale.com\/wp-content\/uploads\/2025\/02\/Uwin-Crystal-Twins-40K-Disposable-Vape-Strawberry-Kiwi_Grape-Ice-150x150.webp 150w, https:\/\/www.vape4wholesale.com\/wp-content\/uploads\/2025\/02\/Uwin-Crystal-Twins-40K-Disposable-Vape-Strawberry-Kiwi_Grape-Ice-768x768.webp 768w, https:\/\/www.vape4wholesale.com\/wp-content\/uploads\/2025\/02\/Uwin-Crystal-Twins-40K-Disposable-Vape-Strawberry-Kiwi_Grape-Ice-12x12.webp 12w\" sizes=\"auto, (max-width: 800px) 100vw, 800px\" \/><figcaption id=\"caption-attachment-20293\" class=\"wp-caption-text\">Uwin Crystal Twins 40K eldobhat\u00f3 Vape nagykereskedelem<\/figcaption><\/figure>\n<figure id=\"attachment_20294\" aria-describedby=\"caption-attachment-20294\" style=\"width: 905px\" class=\"wp-caption alignnone\"><img loading=\"lazy\" decoding=\"async\" class=\"size-large wp-image-20294\" title=\"Uwin Crystal Twins 40K eldobhat\u00f3 Vape nagykereskedelem\" src=\"https:\/\/www.vape4wholesale.com\/wp-content\/uploads\/2025\/02\/Uwin-Crystal-Twins-40K-Disposable-Vape-Wholesale-905x1024.webp\" alt=\"Uwin Crystal Twins 40K eldobhat\u00f3 Vape nagykereskedelem\" width=\"905\" height=\"1024\" srcset=\"https:\/\/www.vape4wholesale.com\/wp-content\/uploads\/2025\/02\/Uwin-Crystal-Twins-40K-Disposable-Vape-Wholesale-905x1024.webp 905w, https:\/\/www.vape4wholesale.com\/wp-content\/uploads\/2025\/02\/Uwin-Crystal-Twins-40K-Disposable-Vape-Wholesale-510x577.webp 510w, https:\/\/www.vape4wholesale.com\/wp-content\/uploads\/2025\/02\/Uwin-Crystal-Twins-40K-Disposable-Vape-Wholesale-64x72.webp 64w, https:\/\/www.vape4wholesale.com\/wp-content\/uploads\/2025\/02\/Uwin-Crystal-Twins-40K-Disposable-Vape-Wholesale-265x300.webp 265w, https:\/\/www.vape4wholesale.com\/wp-content\/uploads\/2025\/02\/Uwin-Crystal-Twins-40K-Disposable-Vape-Wholesale-768x869.webp 768w, https:\/\/www.vape4wholesale.com\/wp-content\/uploads\/2025\/02\/Uwin-Crystal-Twins-40K-Disposable-Vape-Wholesale-11x12.webp 11w, https:\/\/www.vape4wholesale.com\/wp-content\/uploads\/2025\/02\/Uwin-Crystal-Twins-40K-Disposable-Vape-Wholesale.webp 1000w\" sizes=\"auto, (max-width: 905px) 100vw, 905px\" \/><figcaption id=\"caption-attachment-20294\" class=\"wp-caption-text\">Uwin Crystal Twins 40K eldobhat\u00f3 Vape nagykereskedelem<\/figcaption><\/figure>\n<h2>MI\u00c9RT MI?<\/h2>\r\n<ul>\r\n<li>Val\u00f3di, megb\u00edzhat\u00f3 \u00e9s professzion\u00e1lis vape forr\u00e1s.<\/li>\r\n<li>100% Eredeti garancia: Csak eredeti \u00e9s val\u00f3di term\u00e9keket biztos\u00edtunk, elutas\u00edtjuk a hamis\u00edt\u00e1st.<\/li>\r\n<li>100% Sz\u00e1ll\u00edt\u00e1si garancia: A legjobb sz\u00e1ll\u00edt\u00e1si m\u00f3dszerrel biztos\u00edtjuk, hogy \u00d6n megkapja a 100% megrendel\u00e9st.<\/li>\r\n<li>A sz\u00e1ll\u00edt\u00e1s ut\u00e1n megadjuk \u00d6nnek a nyomon k\u00f6vet\u00e9si sz\u00e1mot \u00e9s a sz\u00e1ll\u00edt\u00e1si c\u00edmk\u00e9t, \u00e9s nyomon k\u00f6vetj\u00fck az \u00e1rut az \u00d6n sz\u00e1m\u00e1ra, am\u00edg al\u00e1 nem \u00edrja azt.<\/li>\r\n<li>Nincsenek v\u00e1mprobl\u00e9m\u00e1k, nincsenek v\u00e1mok<\/li>\r\n<\/ul>","protected":false},"excerpt":{"rendered":"<div class=\"wsppc_div_block woocommerce_before_add_to_cart_form\">\r\n<p><strong><span style=\"color: #00a859;\">Clear customs<\/span> before delivery &amp; 100% Delivery Guarantee, Delivery in 19~25 days around.\u00a0<\/strong><\/p>\r\n<\/div>","protected":false},"featured_media":20288,"comment_status":"open","ping_status":"closed","template":"","meta":[],"pwb-brand":[1274],"product_cat":[873],"product_tag":[22,24,683,936,1016],"class_list":{"0":"post-20283","1":"product","2":"type-product","3":"status-publish","4":"has-post-thumbnail","6":"pwb-brand-uwin","7":"product_cat-above-20k-puffs","8":"product_tag-disposable","9":"product_tag-wholesale","10":"product_tag-30-0ml","11":"product_tag-uwin","12":"product_tag-40000-puffs","13":"wcpa_has_options","15":"first","16":"instock","17":"featured","18":"shipping-taxable","19":"purchasable","20":"product-type-variable"},"aioseo_notices":[],"brands":[{"id":1274,"name":"Uwin","slug":"uwin"}],"_links":{"self":[{"href":"https:\/\/www.vape4wholesale.com\/hu\/wp-json\/wp\/v2\/product\/20283","targetHints":{"allow":["GET"]}}],"collection":[{"href":"https:\/\/www.vape4wholesale.com\/hu\/wp-json\/wp\/v2\/product"}],"about":[{"href":"https:\/\/www.vape4wholesale.com\/hu\/wp-json\/wp\/v2\/types\/product"}],"replies":[{"embeddable":true,"href":"https:\/\/www.vape4wholesale.com\/hu\/wp-json\/wp\/v2\/comments?post=20283"}],"wp:featuredmedia":[{"embeddable":true,"href":"https:\/\/www.vape4wholesale.com\/hu\/wp-json\/wp\/v2\/media\/20288"}],"wp:attachment":[{"href":"https:\/\/www.vape4wholesale.com\/hu\/wp-json\/wp\/v2\/media?parent=20283"}],"wp:term":[{"taxonomy":"pwb-brand","embeddable":true,"href":"https:\/\/www.vape4wholesale.com\/hu\/wp-json\/wp\/v2\/pwb-brand?post=20283"},{"taxonomy":"product_cat","embeddable":true,"href":"https:\/\/www.vape4wholesale.com\/hu\/wp-json\/wp\/v2\/product_cat?post=20283"},{"taxonomy":"product_tag","embeddable":true,"href":"https:\/\/www.vape4wholesale.com\/hu\/wp-json\/wp\/v2\/product_tag?post=20283"}],"curies":[{"name":"wp","href":"https:\/\/api.w.org\/{rel}","templated":true}]}}