{"id":19758,"date":"2025-02-05T21:57:56","date_gmt":"2025-02-05T13:57:56","guid":{"rendered":"https:\/\/www.vape4wholesale.com\/?post_type=product&#038;p=19758"},"modified":"2026-03-30T11:13:42","modified_gmt":"2026-03-30T03:13:42","slug":"fumot-tornado-20000-eldobhato-vape-nagykereskedelem","status":"publish","type":"product","link":"https:\/\/www.vape4wholesale.com\/hu\/product\/fumot-tornado-20000-disposable-vape-wholesale","title":{"rendered":"Fumot Tornado 20000 eldobhat\u00f3 Vape nagykereskedelem"},"content":{"rendered":"<p><strong>Fumot Tornado 20000 Eldobhat\u00f3 Vape<\/strong>\u00a0egy eldobhat\u00f3 Dual Mesh Coil vape k\u00e9sz\u00fcl\u00e9k intelligens LED k\u00e9perny\u0151vel. A kett\u0151s h\u00e1l\u00f3s tekercsekkel gazdagabb, kiel\u00e9g\u00edt\u0151bb \u00edzre sz\u00e1m\u00edthat minden egyes slukkol\u00e1ssal. \u00e9s a LED-es intelligens kijelz\u0151 val\u00f3s idej\u0171 inform\u00e1ci\u00f3kat biztos\u00edt, \u00edgy a vaperek egy pillant\u00e1ssal megismerhetik a fontos r\u00e9szleteket, a kijelz\u0151 mutatja az akkumul\u00e1tor \u00e9lettartam\u00e1t \u00e9s az e-juice szintj\u00e9t. A k\u00e9sz\u00fcl\u00e9k 20 ml ejuice-szal van felt\u00f6ltve, \u00e9s ak\u00e1r 20 000 alkalommal is f\u00fajhat\u00f3. A Fumot Tornado 20000 5% t\u00edpus\u00fa, \u00e9s 20 \u00edz k\u00f6z\u00fcl v\u00e1laszthat. A Fumot Tornado 20000 egy 900mAh-s \u00fajrat\u00f6lthet\u0151 akkumul\u00e1torral rendelkezik. Ez a nagy teljes\u00edtm\u00e9ny\u0171 akkumul\u00e1tor biztos\u00edtja a hosszabb haszn\u00e1lati id\u0151t, \u00e9s k\u00f6nnyen felt\u00f6lthet\u0151 a Type-C porton kereszt\u00fcl. Mondjon b\u00facs\u00fat az eldobhat\u00f3 vap\u00e9knak, amelyek t\u00fal gyorsan lemer\u00fclnek!<\/p>\n<h2><strong>Fumot Tornado 20000 Gyors r\u00e9szletek<\/strong><\/h2>\n<ul>\n<li>T\u00edpus: 5% Nic<\/li>\n<li>Akkumul\u00e1tor: 900mah \u00fajrat\u00f6lthet\u0151 akkumul\u00e1tor<\/li>\n<li>Puffok:20000 puff<\/li>\n<li>Kapacit\u00e1s: 20ml<\/li>\n<li>Kijelz\u0151 olaj- \u00e9s akkumul\u00e1torjelz\u0151vel<\/li>\n<li>C t\u00edpus\u00fa port<\/li>\n<li>20 \u00edz<\/li>\n<li>Tekercs: H\u00e1l\u00f3s tekercs: Dual Mesh Coil<\/li>\n<\/ul>\n<h2><strong>El\u00e9rhet\u0151 \u00edzek<\/strong><\/h2>\n<p>1 \u00e1fony\u00e1s-m\u00e1ln\u00e1s kem\u00e9nycukorka<br \/>\n2 Blue Razz<br \/>\n3 Eper Kiwi<br \/>\n4 \u0151szibarack anan\u00e1sz narancs<br \/>\n5 g\u00f6rkorcsolya<br \/>\n6 \u0150szibarack Mang\u00f3 g\u00f6r\u00f6gdinnye<br \/>\n7 Eper fagylalt<br \/>\n8 k\u00f6rte j\u00e9g<br \/>\n9 vattacukor<br \/>\n10 Jelly Beans<br \/>\n11 Uborka limon\u00e1d\u00e9<br \/>\n12 Pina Colada<br \/>\n13 Huckleberry<br \/>\n14 g\u00f6r\u00f6gdinnye j\u00e9g<br \/>\n15 Eper g\u00f6r\u00f6gdinnye<br \/>\n16 Vegyes bogy\u00f3s gy\u00fcm\u00f6lcs<br \/>\n17 licsi Hami dinnye<br \/>\n18 cseresznye lime<br \/>\n19 Anan\u00e1sz citrom z\u00f6ld alma<br \/>\n20 Ban\u00e1n torta<br \/>\n21 Mr Blue<br \/>\n22 cseresznye<br \/>\n23 \u00c1fonya M\u00e1lna<br \/>\n24 Cherry Cola<br \/>\n25 Kiwi Passi\u00f3gy\u00fcm\u00f6lcs Guava<br \/>\n26 Eper j\u00e9g<br \/>\n27 Eper m\u00e1lna cseresznye j\u00e9g<br \/>\n28 cseresznye bogy\u00f3<br \/>\n29 \u00c1fonya Savany\u00fa m\u00e1lna<br \/>\n30 Barack bogy\u00f3s gy\u00fcm\u00f6lcs<br \/>\n31 K\u00e9k Razz gumimacik<br \/>\n32 h\u0171v\u00f6s menta<br \/>\n33 \u00c1fonya j\u00e9gen<br \/>\n34 Kaktusz j\u00e9g<br \/>\n35 V\u00f6r\u00f6s sz\u0151l\u0151 lime<br \/>\n36 Cola citrom<br \/>\n37 Fekete ribizli alma<br \/>\n38 Kaktusz Kiwi<br \/>\n39 Cola Ice<br \/>\n40 Mango Grape lce<br \/>\n41 \u00c1fonya kaktusz lce<br \/>\n42 Grape Kiwi<br \/>\n43 Alma Grapefruit<\/p>\n<figure id=\"attachment_26815\" aria-describedby=\"caption-attachment-26815\" style=\"width: 800px\" class=\"wp-caption alignnone\"><img loading=\"lazy\" decoding=\"async\" class=\"size-full wp-image-26815\" title=\"Fumot Tornado 20000 eldobhat\u00f3 Vape nagykereskedelem\" src=\"https:\/\/www.vape4wholesale.com\/wp-content\/uploads\/2025\/02\/Fumot-Tornado-20000-Disposable-Vape-Wholesale-1.jpg\" alt=\"Fumot Tornado 20000 eldobhat\u00f3 Vape nagykereskedelem\" width=\"800\" height=\"800\" srcset=\"https:\/\/www.vape4wholesale.com\/wp-content\/uploads\/2025\/02\/Fumot-Tornado-20000-Disposable-Vape-Wholesale-1.jpg 800w, https:\/\/www.vape4wholesale.com\/wp-content\/uploads\/2025\/02\/Fumot-Tornado-20000-Disposable-Vape-Wholesale-1-300x300.jpg 300w, https:\/\/www.vape4wholesale.com\/wp-content\/uploads\/2025\/02\/Fumot-Tornado-20000-Disposable-Vape-Wholesale-1-150x150.jpg 150w, https:\/\/www.vape4wholesale.com\/wp-content\/uploads\/2025\/02\/Fumot-Tornado-20000-Disposable-Vape-Wholesale-1-768x768.jpg 768w, https:\/\/www.vape4wholesale.com\/wp-content\/uploads\/2025\/02\/Fumot-Tornado-20000-Disposable-Vape-Wholesale-1-12x12.jpg 12w, https:\/\/www.vape4wholesale.com\/wp-content\/uploads\/2025\/02\/Fumot-Tornado-20000-Disposable-Vape-Wholesale-1-247x247.jpg 247w, https:\/\/www.vape4wholesale.com\/wp-content\/uploads\/2025\/02\/Fumot-Tornado-20000-Disposable-Vape-Wholesale-1-510x510.jpg 510w, https:\/\/www.vape4wholesale.com\/wp-content\/uploads\/2025\/02\/Fumot-Tornado-20000-Disposable-Vape-Wholesale-1-100x100.jpg 100w\" sizes=\"auto, (max-width: 800px) 100vw, 800px\" \/><figcaption id=\"caption-attachment-26815\" class=\"wp-caption-text\">Fumot Tornado 20000 eldobhat\u00f3 Vape nagykereskedelem<\/figcaption><\/figure>\n<h2>MI\u00c9RT MI?<\/h2>\r\n<ul>\r\n<li>Val\u00f3di, megb\u00edzhat\u00f3 \u00e9s professzion\u00e1lis vape forr\u00e1s.<\/li>\r\n<li>100% Eredeti garancia: Csak eredeti \u00e9s val\u00f3di term\u00e9keket biztos\u00edtunk, elutas\u00edtjuk a hamis\u00edt\u00e1st.<\/li>\r\n<li>100% Sz\u00e1ll\u00edt\u00e1si garancia: A legjobb sz\u00e1ll\u00edt\u00e1si m\u00f3dszerrel biztos\u00edtjuk, hogy \u00d6n megkapja a 100% megrendel\u00e9st.<\/li>\r\n<li>A sz\u00e1ll\u00edt\u00e1s ut\u00e1n megadjuk \u00d6nnek a nyomon k\u00f6vet\u00e9si sz\u00e1mot \u00e9s a sz\u00e1ll\u00edt\u00e1si c\u00edmk\u00e9t, \u00e9s nyomon k\u00f6vetj\u00fck az \u00e1rut az \u00d6n sz\u00e1m\u00e1ra, am\u00edg al\u00e1 nem \u00edrja azt.<\/li>\r\n<li>Nincsenek v\u00e1mprobl\u00e9m\u00e1k, nincsenek v\u00e1mok<\/li>\r\n<\/ul>","protected":false},"excerpt":{"rendered":"<div class=\"wsppc_div_block woocommerce_before_add_to_cart_form\">\r\n<p><strong><span style=\"color: #00a859;\">V\u00e1mvizsg\u00e1lat<\/span> sz\u00e1ll\u00edt\u00e1s el\u0151tt \u00e9s 100% Sz\u00e1ll\u00edt\u00e1si garancia, Sz\u00e1ll\u00edt\u00e1s kb. 19-25 napon bel\u00fcl.\u00a0<\/strong><\/p>\r\n<\/div>","protected":false},"featured_media":26815,"comment_status":"open","ping_status":"closed","template":"","meta":[],"pwb-brand":[1269],"product_cat":[873],"product_tag":[794,22,24,172,592],"class_list":{"0":"post-19758","1":"product","2":"type-product","3":"status-publish","4":"has-post-thumbnail","6":"pwb-brand-fumot","7":"product_cat-above-20k-puffs","8":"product_tag-20000-puffs","9":"product_tag-disposable","10":"product_tag-wholesale","11":"product_tag-20-0ml","12":"product_tag-fumot","13":"wcpa_has_options","15":"first","16":"instock","17":"featured","18":"shipping-taxable","19":"purchasable","20":"product-type-variable"},"aioseo_notices":[],"brands":[{"id":1269,"name":"Fumot","slug":"fumot"}],"_links":{"self":[{"href":"https:\/\/www.vape4wholesale.com\/hu\/wp-json\/wp\/v2\/product\/19758","targetHints":{"allow":["GET"]}}],"collection":[{"href":"https:\/\/www.vape4wholesale.com\/hu\/wp-json\/wp\/v2\/product"}],"about":[{"href":"https:\/\/www.vape4wholesale.com\/hu\/wp-json\/wp\/v2\/types\/product"}],"replies":[{"embeddable":true,"href":"https:\/\/www.vape4wholesale.com\/hu\/wp-json\/wp\/v2\/comments?post=19758"}],"wp:featuredmedia":[{"embeddable":true,"href":"https:\/\/www.vape4wholesale.com\/hu\/wp-json\/wp\/v2\/media\/26815"}],"wp:attachment":[{"href":"https:\/\/www.vape4wholesale.com\/hu\/wp-json\/wp\/v2\/media?parent=19758"}],"wp:term":[{"taxonomy":"pwb-brand","embeddable":true,"href":"https:\/\/www.vape4wholesale.com\/hu\/wp-json\/wp\/v2\/pwb-brand?post=19758"},{"taxonomy":"product_cat","embeddable":true,"href":"https:\/\/www.vape4wholesale.com\/hu\/wp-json\/wp\/v2\/product_cat?post=19758"},{"taxonomy":"product_tag","embeddable":true,"href":"https:\/\/www.vape4wholesale.com\/hu\/wp-json\/wp\/v2\/product_tag?post=19758"}],"curies":[{"name":"wp","href":"https:\/\/api.w.org\/{rel}","templated":true}]}}