{"id":18888,"date":"2025-01-07T12:11:21","date_gmt":"2025-01-07T04:11:21","guid":{"rendered":"https:\/\/www.vape4wholesale.com\/?post_type=product&#038;p=18888"},"modified":"2026-04-14T15:44:39","modified_gmt":"2026-04-14T07:44:39","slug":"happ-bar-ck36000-eldobhato-vape-nagykereskedelem","status":"publish","type":"product","link":"https:\/\/www.vape4wholesale.com\/hu\/product\/happ-bar-ck36000-disposable-vape-wholesale","title":{"rendered":"Happ Bar CK36000 eldobhat\u00f3 Vape nagykereskedelem"},"content":{"rendered":"<p>A <a title=\"Happ b\u00e1r\" href=\"https:\/\/www.vape4wholesale.com\/hu\/product_brand\/boldog-bar\/\">Happ b\u00e1r<\/a> A CK36000 egy eszt\u00e9tikailag kellemes, eldobhat\u00f3 vape, h\u00e1romsz\u00f6g alak\u00fa, fekete cs\u00edkkal, amely felfel\u00e9 \u00e9s lefel\u00e9 fut, a k\u00e9sz\u00fcl\u00e9k k\u00f6z\u00e9ps\u0151 r\u00e9sz\u00e9n rejtett kijelz\u0151vel, ami megk\u00fcl\u00f6nb\u00f6ztet\u0151 megjelen\u00e9st k\u00f6lcs\u00f6n\u00f6z neki.<\/p>\n<p>650mAh \u00fajrat\u00f6lthet\u0151 akkumul\u00e1torral \u00e9s egy t\u00falm\u00e9retezett 40ml-es poddal rendelkezik, amely lehet\u0151v\u00e9 teszi, hogy ez az eszk\u00f6z ak\u00e1r 36 000 puffot is t\u00e1mogasson.<\/p>\n<p>Nikotin 2% \u00e9s 5% er\u0151ss\u00e9gben kaphat\u00f3, \u00e9s 13 k\u00fcl\u00f6nb\u00f6z\u0151 \u00edz k\u00f6z\u00fcl v\u00e1laszthat.<\/p>\n<h2>Happ Bar CK36000 gyors r\u00e9szlet<\/h2>\n<ul>\n<li>Puff: 36,000-ig<\/li>\n<li>Nikotin er\u0151ss\u00e9ge: 2%, 5%<\/li>\n<li>Akkumul\u00e1tor kapacit\u00e1s: 650mAh<\/li>\n<li>T\u00f6lt\u0151port: Typpe C<\/li>\n<li>Ellen\u00e1ll\u00e1s: 1.0 ohm<\/li>\n<li>Eliquid Kapacit\u00e1s: 40ml<\/li>\n<\/ul>\n<h2>El\u00e9rhet\u0151 \u00edzek<\/h2>\n<ol>\n<li>Cherry Ice<\/li>\n<li>Cola Ice<\/li>\n<li>Citrom Lime<\/li>\n<li>Szerelem 66<\/li>\n<li>Mamba<\/li>\n<li>Mr Blue<\/li>\n<li>Barack j\u00e9g<\/li>\n<li>Savany\u00fa alma<\/li>\n<li>Eper ban\u00e1n<\/li>\n<li>Eper j\u00e9g<\/li>\n<li>Eper Kiwi<\/li>\n<li>Epres van\u00edli\u00e1s k\u00f3la<\/li>\n<li>G\u00f6r\u00f6gdinnye j\u00e9g<\/li>\n<li>Kiwi golgotavir\u00e1g<\/li>\n<li>\u00c1fonya ribizli<\/li>\n<li>Barack \u00e1fonya<\/li>\n<\/ol>\n<figure id=\"attachment_18791\" aria-describedby=\"caption-attachment-18791\" style=\"width: 800px\" class=\"wp-caption alignnone\"><img loading=\"lazy\" decoding=\"async\" class=\"wp-image-18791 size-full\" title=\"Happ Bar CK36000 eldobhat\u00f3 Vape nagykereskedelem\" src=\"https:\/\/www.vape4wholesale.com\/wp-content\/uploads\/2025\/01\/Happ-Bar-CK36000-Disposable-Vape-Wholesale.webp\" alt=\"Happ Bar CK36000 eldobhat\u00f3 Vape nagykereskedelem\" width=\"800\" height=\"800\" srcset=\"https:\/\/www.vape4wholesale.com\/wp-content\/uploads\/2025\/01\/Happ-Bar-CK36000-Disposable-Vape-Wholesale.webp 800w, https:\/\/www.vape4wholesale.com\/wp-content\/uploads\/2025\/01\/Happ-Bar-CK36000-Disposable-Vape-Wholesale-247x247.webp 247w, https:\/\/www.vape4wholesale.com\/wp-content\/uploads\/2025\/01\/Happ-Bar-CK36000-Disposable-Vape-Wholesale-100x100.webp 100w, https:\/\/www.vape4wholesale.com\/wp-content\/uploads\/2025\/01\/Happ-Bar-CK36000-Disposable-Vape-Wholesale-510x510.webp 510w, https:\/\/www.vape4wholesale.com\/wp-content\/uploads\/2025\/01\/Happ-Bar-CK36000-Disposable-Vape-Wholesale-64x64.webp 64w, https:\/\/www.vape4wholesale.com\/wp-content\/uploads\/2025\/01\/Happ-Bar-CK36000-Disposable-Vape-Wholesale-300x300.webp 300w, https:\/\/www.vape4wholesale.com\/wp-content\/uploads\/2025\/01\/Happ-Bar-CK36000-Disposable-Vape-Wholesale-150x150.webp 150w, https:\/\/www.vape4wholesale.com\/wp-content\/uploads\/2025\/01\/Happ-Bar-CK36000-Disposable-Vape-Wholesale-768x768.webp 768w, https:\/\/www.vape4wholesale.com\/wp-content\/uploads\/2025\/01\/Happ-Bar-CK36000-Disposable-Vape-Wholesale-12x12.webp 12w\" sizes=\"auto, (max-width: 800px) 100vw, 800px\" \/><figcaption id=\"caption-attachment-18791\" class=\"wp-caption-text\">Happ Bar CK36000 eldobhat\u00f3 Vape nagykereskedelem<\/figcaption><\/figure>\n<h2>MI\u00c9RT MI?<\/h2>\r\n<ul>\r\n<li>Val\u00f3di, megb\u00edzhat\u00f3 \u00e9s professzion\u00e1lis vape forr\u00e1s.<\/li>\r\n<li>100% Eredeti garancia: Csak eredeti \u00e9s val\u00f3di term\u00e9keket biztos\u00edtunk, elutas\u00edtjuk a hamis\u00edt\u00e1st.<\/li>\r\n<li>100% Sz\u00e1ll\u00edt\u00e1si garancia: A legjobb sz\u00e1ll\u00edt\u00e1si m\u00f3dszerrel biztos\u00edtjuk, hogy \u00d6n megkapja a 100% megrendel\u00e9st.<\/li>\r\n<li>A sz\u00e1ll\u00edt\u00e1s ut\u00e1n megadjuk \u00d6nnek a nyomon k\u00f6vet\u00e9si sz\u00e1mot \u00e9s a sz\u00e1ll\u00edt\u00e1si c\u00edmk\u00e9t, \u00e9s nyomon k\u00f6vetj\u00fck az \u00e1rut az \u00d6n sz\u00e1m\u00e1ra, am\u00edg al\u00e1 nem \u00edrja azt.<\/li>\r\n<li>Nincsenek v\u00e1mprobl\u00e9m\u00e1k, nincsenek v\u00e1mok<\/li>\r\n<\/ul>","protected":false},"excerpt":{"rendered":"<p><span style=\"color: #00a859;\"><strong>Ezt a term\u00e9ket 40K Puffs-ra friss\u00edtett\u00fck \u00e9s \u00e1tnevezt\u00fck CK40000-re. ha ezen a linken kereszt\u00fcl v\u00e1s\u00e1rol, akkor a leg\u00fajabb 40K verzi\u00f3t fogjuk sz\u00e1ll\u00edtani.<\/strong><\/span><\/p>\n<p><b><span style=\"color: #00a859;\">Ingyenes sz\u00e1ll\u00edt\u00e1s<\/span>\u00a0eur\u00f3pai rakt\u00e1rb\u00f3l, 7-15 munkanapos sz\u00e1ll\u00edt\u00e1si id\u0151vel.<\/b><\/p>\r\n<div class=\"wsppc_div_block woocommerce_before_add_to_cart_form\">\r\n<p><strong>Sz\u00e1ll\u00edt\u00e1s el\u0151tti v\u00e1mkezel\u00e9s &amp; 100% sz\u00e1ll\u00edt\u00e1si garancia<\/strong><\/p>\r\n<\/div>","protected":false},"featured_media":18796,"comment_status":"open","ping_status":"closed","template":"","meta":[],"pwb-brand":[1267],"product_cat":[938],"product_tag":[22,24,988,1026,1035],"class_list":{"0":"post-18888","1":"product","2":"type-product","3":"status-publish","4":"has-post-thumbnail","6":"pwb-brand-happ-bar","7":"product_cat-europe-warehouse","8":"product_tag-disposable","9":"product_tag-wholesale","10":"product_tag-36000-puffs","11":"product_tag-40-0ml","12":"product_tag-happ-bar","13":"product_shipping_class-eu-warehouse","14":"wcpa_has_options","16":"first","17":"instock","18":"featured","19":"shipping-taxable","20":"purchasable","21":"product-type-variable"},"aioseo_notices":[],"brands":[{"id":1267,"name":"Happ b\u00e1r","slug":"boldog-bar"}],"_links":{"self":[{"href":"https:\/\/www.vape4wholesale.com\/hu\/wp-json\/wp\/v2\/product\/18888","targetHints":{"allow":["GET"]}}],"collection":[{"href":"https:\/\/www.vape4wholesale.com\/hu\/wp-json\/wp\/v2\/product"}],"about":[{"href":"https:\/\/www.vape4wholesale.com\/hu\/wp-json\/wp\/v2\/types\/product"}],"replies":[{"embeddable":true,"href":"https:\/\/www.vape4wholesale.com\/hu\/wp-json\/wp\/v2\/comments?post=18888"}],"wp:featuredmedia":[{"embeddable":true,"href":"https:\/\/www.vape4wholesale.com\/hu\/wp-json\/wp\/v2\/media\/18796"}],"wp:attachment":[{"href":"https:\/\/www.vape4wholesale.com\/hu\/wp-json\/wp\/v2\/media?parent=18888"}],"wp:term":[{"taxonomy":"pwb-brand","embeddable":true,"href":"https:\/\/www.vape4wholesale.com\/hu\/wp-json\/wp\/v2\/pwb-brand?post=18888"},{"taxonomy":"product_cat","embeddable":true,"href":"https:\/\/www.vape4wholesale.com\/hu\/wp-json\/wp\/v2\/product_cat?post=18888"},{"taxonomy":"product_tag","embeddable":true,"href":"https:\/\/www.vape4wholesale.com\/hu\/wp-json\/wp\/v2\/product_tag?post=18888"}],"curies":[{"name":"wp","href":"https:\/\/api.w.org\/{rel}","templated":true}]}}