{"id":18876,"date":"2025-01-07T12:07:18","date_gmt":"2025-01-07T04:07:18","guid":{"rendered":"https:\/\/www.vape4wholesale.com\/?post_type=product&#038;p=18876"},"modified":"2026-01-27T13:47:37","modified_gmt":"2026-01-27T13:47:37","slug":"happ-bar-twin-pod-25000-puffs-eldobhato-vape-nagykereskedelem","status":"publish","type":"product","link":"https:\/\/www.vape4wholesale.com\/hu\/product\/happ-bar-twin-pod-25000-puffs-disposable-vape-wholesale","title":{"rendered":"Happ Bar Twin Pod 25000 Puffs eldobhat\u00f3 Vape nagykereskedelem"},"content":{"rendered":"<p>A <a title=\"Happ b\u00e1r\" href=\"https:\/\/www.vape4wholesale.com\/hu\/product_brand\/boldog-bar\/\">Happ b\u00e1r<\/a> A Twin Pod 25000 be\u00e9p\u00edtett dupla podokkal rendelkezik, \u00edgy egy k\u00e9sz\u00fcl\u00e9kben 2 \u00edzes\u00edt\u00e9s v\u00e1lik lehet\u0151v\u00e9. A k\u00fcl\u00f6nb\u00f6z\u0151 \u00edzek be\u00e1ll\u00edt\u00e1s\u00e1hoz egyszer\u0171en emelje fel a sz\u00e1jr\u00e9sz\u00e9t \u00e9s forgassa el.<\/p>\n<p>A kijelz\u0151 pontosan mutatja az aktu\u00e1lisan h\u00e1tral\u00e9v\u0151 akkumul\u00e1tort \u00e9s a folyad\u00e9kkapacit\u00e1st, a k\u00e9perny\u0151 pedig a test tetej\u00e9t\u0151l az alj\u00e1ig fut\u00f3 fekete cs\u00edkban helyezkedik el, \u00edgy az eg\u00e9sz diz\u00e1jn sz\u00e9pen illeszkedik.<\/p>\n<p>2 be\u00e9p\u00edtett 16 ml-es poddal rendelkezik, amelyek teljes kapacit\u00e1sa legfeljebb 32 ml Eliquid, ek\u00f6zben 2 h\u00e1l\u00f3s tekercs fokozza a k\u00e9sz\u00fcl\u00e9k teljes\u00edtm\u00e9ny\u00e9t \u00e9s a p\u00e1rologtat\u00e1s \u00e9lm\u00e9ny\u00e9t. Ak\u00e1r 25000 puffot is t\u00e1mogat.<\/p>\n<h2>Happ Bar Twin Pod 25000 Vape Quick Detail<\/h2>\n<ul>\n<li>Puff: 25,000-ig<\/li>\n<li>Nikotin er\u0151ss\u00e9ge: 2%, 5%<\/li>\n<li>Akkumul\u00e1tor kapacit\u00e1s: 650mAh<\/li>\n<li>T\u00f6lt\u0151port: Typpe C<\/li>\n<li>Ellen\u00e1ll\u00e1s: 1.0 ohm<\/li>\n<li>Eliquid kapacit\u00e1s: 16ml+16ml<\/li>\n<\/ul>\n<h2>El\u00e9rhet\u0151 \u00edzek<\/h2>\n<ol>\n<li>K\u00e9k Razz limon\u00e1d\u00e9 \u00e9s barack j\u00e9g<\/li>\n<li>\u00c1fonya Cherry Cranberry &amp; g\u00f6r\u00f6gdinnye r\u00e1g\u00f3gumi<\/li>\n<li>\u00c1fonya m\u00e1lna citrom \u00e9s cseresznye j\u00e9g<\/li>\n<li>\u0150szibarack mang\u00f3 anan\u00e1sz \u00e9s eper j\u00e9g<\/li>\n<li>Anan\u00e1sz-k\u00f3kusz \u00e9s \u00e1fonya j\u00e9g<\/li>\n<li>M\u00e1lna karamell \u00e9s dupla alma<\/li>\n<li>Red Bull Ice &amp; Hami dinnye<\/li>\n<li>Eper ban\u00e1n \u00e9s k\u00f3la j\u00e9g<\/li>\n<li>Eper-kiwi \u00e9s buja j\u00e9g<\/li>\n<li>Epres van\u00edliak\u00f3la \u00e9s vegyes bogy\u00f3s gy\u00fcm\u00f6lcs\u00f6k<\/li>\n<li>G\u00f6r\u00f6gdinnye j\u00e9g \u00e9s citromos lime<\/li>\n<\/ol>\n<figure id=\"attachment_18842\" aria-describedby=\"caption-attachment-18842\" style=\"width: 800px\" class=\"wp-caption alignnone\"><img loading=\"lazy\" decoding=\"async\" class=\"size-full wp-image-18842\" title=\"Happ Bar Twin Pod 25000 Puffs eldobhat\u00f3 Vape nagykereskedelem\" src=\"https:\/\/www.vape4wholesale.com\/wp-content\/uploads\/2025\/01\/Happ-Bar-Twin-Pod-25000-Puffs-Disposable-Vape-Wholesale.webp\" alt=\"Happ Bar Twin Pod 25000 Puffs eldobhat\u00f3 Vape nagykereskedelem\" width=\"800\" height=\"800\" srcset=\"https:\/\/www.vape4wholesale.com\/wp-content\/uploads\/2025\/01\/Happ-Bar-Twin-Pod-25000-Puffs-Disposable-Vape-Wholesale.webp 800w, https:\/\/www.vape4wholesale.com\/wp-content\/uploads\/2025\/01\/Happ-Bar-Twin-Pod-25000-Puffs-Disposable-Vape-Wholesale-247x247.webp 247w, https:\/\/www.vape4wholesale.com\/wp-content\/uploads\/2025\/01\/Happ-Bar-Twin-Pod-25000-Puffs-Disposable-Vape-Wholesale-100x100.webp 100w, https:\/\/www.vape4wholesale.com\/wp-content\/uploads\/2025\/01\/Happ-Bar-Twin-Pod-25000-Puffs-Disposable-Vape-Wholesale-510x510.webp 510w, https:\/\/www.vape4wholesale.com\/wp-content\/uploads\/2025\/01\/Happ-Bar-Twin-Pod-25000-Puffs-Disposable-Vape-Wholesale-64x64.webp 64w, https:\/\/www.vape4wholesale.com\/wp-content\/uploads\/2025\/01\/Happ-Bar-Twin-Pod-25000-Puffs-Disposable-Vape-Wholesale-300x300.webp 300w, https:\/\/www.vape4wholesale.com\/wp-content\/uploads\/2025\/01\/Happ-Bar-Twin-Pod-25000-Puffs-Disposable-Vape-Wholesale-150x150.webp 150w, https:\/\/www.vape4wholesale.com\/wp-content\/uploads\/2025\/01\/Happ-Bar-Twin-Pod-25000-Puffs-Disposable-Vape-Wholesale-768x768.webp 768w, https:\/\/www.vape4wholesale.com\/wp-content\/uploads\/2025\/01\/Happ-Bar-Twin-Pod-25000-Puffs-Disposable-Vape-Wholesale-12x12.webp 12w\" sizes=\"auto, (max-width: 800px) 100vw, 800px\" \/><figcaption id=\"caption-attachment-18842\" class=\"wp-caption-text\">Happ Bar Twin Pod 25000 Puffs eldobhat\u00f3 Vape nagykereskedelem<\/figcaption><\/figure>\n<h2>MI\u00c9RT MI?<\/h2>\r\n<ul>\r\n<li>Val\u00f3di, megb\u00edzhat\u00f3 \u00e9s professzion\u00e1lis vape forr\u00e1s.<\/li>\r\n<li>100% Eredeti garancia: Csak eredeti \u00e9s val\u00f3di term\u00e9keket biztos\u00edtunk, elutas\u00edtjuk a hamis\u00edt\u00e1st.<\/li>\r\n<li>100% Sz\u00e1ll\u00edt\u00e1si garancia: A legjobb sz\u00e1ll\u00edt\u00e1si m\u00f3dszerrel biztos\u00edtjuk, hogy \u00d6n megkapja a 100% megrendel\u00e9st.<\/li>\r\n<li>A sz\u00e1ll\u00edt\u00e1s ut\u00e1n megadjuk \u00d6nnek a nyomon k\u00f6vet\u00e9si sz\u00e1mot \u00e9s a sz\u00e1ll\u00edt\u00e1si c\u00edmk\u00e9t, \u00e9s nyomon k\u00f6vetj\u00fck az \u00e1rut az \u00d6n sz\u00e1m\u00e1ra, am\u00edg al\u00e1 nem \u00edrja azt.<\/li>\r\n<li>Nincsenek v\u00e1mprobl\u00e9m\u00e1k, nincsenek v\u00e1mok<\/li>\r\n<\/ul>\n<p>&nbsp;<\/p>","protected":false},"excerpt":{"rendered":"<p><span style=\"color: #0000ff;\"><strong>Ez a term\u00e9k m\u00e1r nem el\u00e9rhet\u0151, kattintson <span style=\"color: #ed1c24;\"><a style=\"color: #ed1c24;\" title=\"Happ Bar Twin Pod 35000 Vape\" href=\"https:\/\/www.vape4wholesale.com\/hu\/termek\/happ-bar-twin-pod-35000-eldobhato-vape\/\" target=\"_blank\" rel=\"noopener\">itt<\/a><\/span> a 35000 Twin Pod \u00faj verzi\u00f3j\u00e1nak term\u00e9klinkj\u00e9hez.<\/strong><\/span><\/p>","protected":false},"featured_media":18847,"comment_status":"open","ping_status":"closed","template":"","meta":[],"pwb-brand":[1267],"product_cat":[938],"product_tag":[22,24,915,1035,1047],"class_list":{"0":"post-18876","1":"product","2":"type-product","3":"status-publish","4":"has-post-thumbnail","6":"pwb-brand-happ-bar","7":"product_cat-europe-warehouse","8":"product_tag-disposable","9":"product_tag-wholesale","10":"product_tag-25000-puffs","11":"product_tag-happ-bar","12":"product_tag-32-0ml","13":"product_shipping_class-eu-warehouse","14":"wcpa_has_options","16":"first","17":"outofstock","18":"shipping-taxable","19":"purchasable","20":"product-type-variable"},"aioseo_notices":[],"brands":[{"id":1267,"name":"Happ b\u00e1r","slug":"boldog-bar"}],"_links":{"self":[{"href":"https:\/\/www.vape4wholesale.com\/hu\/wp-json\/wp\/v2\/product\/18876","targetHints":{"allow":["GET"]}}],"collection":[{"href":"https:\/\/www.vape4wholesale.com\/hu\/wp-json\/wp\/v2\/product"}],"about":[{"href":"https:\/\/www.vape4wholesale.com\/hu\/wp-json\/wp\/v2\/types\/product"}],"replies":[{"embeddable":true,"href":"https:\/\/www.vape4wholesale.com\/hu\/wp-json\/wp\/v2\/comments?post=18876"}],"wp:featuredmedia":[{"embeddable":true,"href":"https:\/\/www.vape4wholesale.com\/hu\/wp-json\/wp\/v2\/media\/18847"}],"wp:attachment":[{"href":"https:\/\/www.vape4wholesale.com\/hu\/wp-json\/wp\/v2\/media?parent=18876"}],"wp:term":[{"taxonomy":"pwb-brand","embeddable":true,"href":"https:\/\/www.vape4wholesale.com\/hu\/wp-json\/wp\/v2\/pwb-brand?post=18876"},{"taxonomy":"product_cat","embeddable":true,"href":"https:\/\/www.vape4wholesale.com\/hu\/wp-json\/wp\/v2\/product_cat?post=18876"},{"taxonomy":"product_tag","embeddable":true,"href":"https:\/\/www.vape4wholesale.com\/hu\/wp-json\/wp\/v2\/product_tag?post=18876"}],"curies":[{"name":"wp","href":"https:\/\/api.w.org\/{rel}","templated":true}]}}