{"id":18450,"date":"2024-12-22T12:10:02","date_gmt":"2024-12-22T04:10:02","guid":{"rendered":"https:\/\/www.vape4wholesale.com\/?post_type=product&#038;p=18450"},"modified":"2026-01-29T05:32:28","modified_gmt":"2026-01-29T05:32:28","slug":"waspe-aiviou-25000-puffs-eldobhato-vape-nagykereskedelmi","status":"publish","type":"product","link":"https:\/\/www.vape4wholesale.com\/hu\/product\/waspe-aiviou-25000-puffs-disposable-vape-wholesale","title":{"rendered":"WASPE Aiviou 25000 Puffs Eldobhat\u00f3 Vape nagykereskedelem"},"content":{"rendered":"<p>A <strong><a title=\"WASPE\" href=\"https:\/\/www.vape4wholesale.com\/hu\/product_brand\/waspe\/\">WASPE<\/a> Aiviou 25000 Eldobhat\u00f3 Vape<\/strong> 25 ml e-nedvvel el\u0151re felt\u00f6ltve, \u00e9s ak\u00e1r 25 000 slukkot is biztos\u00edt. A be\u00e9p\u00edtett klasszikus kijelz\u0151 k\u00e9perny\u0151 egyfunkci\u00f3s \u00e9s hasznos, eml\u00e9keztet arra, hogy sz\u00fcks\u00e9g eset\u00e9n t\u00f6ltse fel a vape-j\u00e9t. A kett\u0151s h\u00e1l\u00f3s tekercsek a modern technol\u00f3gi\u00e1t testes\u00edtik meg, \u00e9s term\u00e9szetesen ez a vape t\u00e1mogatja a n\u00e9pszer\u0171 Boost \u00fczemm\u00f3dot. A felel\u0151ss\u00e9gteljes haszn\u00e1lat \u00e9rdek\u00e9ben gyermekz\u00e1r is van a kiskor\u00faak haszn\u00e1lat\u00e1nak megakad\u00e1lyoz\u00e1s\u00e1ra, a WASPE 25000 pedig rengeteg sz\u00edv\u00f3er\u0151t \u00e9s j\u00f3 \u00edzt k\u00edn\u00e1l a sallangok n\u00e9lk\u00fcl.<\/p>\n<p>A WASPE Aiviou 25000 25K Puffs LCD kijelz\u0151s k\u00e9perny\u0151vel rendelkezik, amely egy fejlett vaping k\u00e9sz\u00fcl\u00e9k, amelyet a kiv\u00e1l\u00f3 teljes\u00edtm\u00e9ny \u00e9s k\u00e9nyelem \u00e9rdek\u00e9ben terveztek. Ez az eldobhat\u00f3 vape nagy, ak\u00e1r 25 000 puff kapacit\u00e1ssal rendelkezik, hogy hossz\u00fa t\u00e1v\u00fa haszn\u00e1latot \u00e9s el\u00e9gedetts\u00e9get biztos\u00edtson.<\/p>\n<p>A WASPE Aiviou 25000 nagy, 25 ml-es e-folyad\u00e9k kapacit\u00e1ssal rendelkezik, \u00e9s 0%, 2% \u00e9s 5% nikotin opci\u00f3val kaphat\u00f3, hogy megfeleljen a k\u00fcl\u00f6nb\u00f6z\u0151 preferenci\u00e1knak. A k\u00e9sz\u00fcl\u00e9k kett\u0151s h\u00e1l\u00f3s tekercsekkel van felszerelve, hogy fokozza a g\u0151ztermel\u00e9st \u00e9s az \u00edzek \u00e1tad\u00e1s\u00e1t a sima, \u00e9lvezetes p\u00e1rologtat\u00e1si \u00e9lm\u00e9ny \u00e9rdek\u00e9ben.<\/p>\n<p>A WASPE Aiviou 25000 k\u00e9sz\u00fcl\u00e9ket \u00fagy tervezt\u00e9k, hogy k\u00f6nnyen kezelhet\u0151 legyen, LCD kijelz\u0151je egy pillant\u00e1ssal r\u00e9szletes inform\u00e1ci\u00f3kat ny\u00fajt, C-t\u00edpus\u00fa t\u00f6lt\u0151portja pedig gyors \u00e9s hat\u00e9kony t\u00f6lt\u00e9st biztos\u00edt az \u00e1ll\u00e1sid\u0151 minimaliz\u00e1l\u00e1sa \u00e9rdek\u00e9ben. A 650mAh kapacit\u00e1s\u00fa akkumul\u00e1torral ez a modell megb\u00edzhat\u00f3 energi\u00e1t biztos\u00edt hossz\u00fa ideig tart\u00f3 haszn\u00e1lathoz.<\/p>\n<p>A WASPE Aiviou 25000 25K Puffs Original Edition LCD kijelz\u0151s eldobhat\u00f3 vape az innov\u00e1ci\u00f3 \u00e9s a min\u0151s\u00e9g t\u00f6k\u00e9letes kombin\u00e1ci\u00f3ja. Ak\u00e1r kezd\u0151, ak\u00e1r tapasztalt vaper, a WASPE garant\u00e1lja az \u00d6n elv\u00e1r\u00e1sainak megfelel\u0151 min\u0151s\u00e9gi vaping \u00e9lm\u00e9nyt.<\/p>\n<p>&nbsp;<\/p>\n<h2>WASPE Aiviou 25000 25K eldobhat\u00f3 Vape Gyors r\u00e9szletek<\/h2>\n<ul>\n<li>Be\u00e9p\u00edtett 650mAh \u00fajrat\u00f6lthet\u0151 akkumul\u00e1tor<\/li>\n<li>25ml e-lev\u00e9vel el\u0151re felt\u00f6ltve<\/li>\n<li>Kett\u0151s h\u00e1l\u00f3s tekercs kialak\u00edt\u00e1s 2 szaggat\u00e1si m\u00f3ddal: ECO\/Boost \u00fczemm\u00f3d<\/li>\n<li>A digit\u00e1lis kijelz\u0151 mutatja az \u00fczemm\u00f3dot, az akkumul\u00e1tor \u00e9lettartam\u00e1t \u00e9s az e-f\u0151zet mennyis\u00e9g\u00e9t.<\/li>\n<li>A Puffs t\u00e1mogatja. 25000 portok<\/li>\n<li>Gyermekz\u00e1r<\/li>\n<li>5% (50mg) nikotinkoncentr\u00e1ci\u00f3<\/li>\n<li>USB Type-C t\u00f6lt\u00e9s<\/li>\n<\/ul>\n<h2>El\u00e9rhet\u0151 \u00edzek<\/h2>\n<ul>\n<li>1. G\u00f6r\u00f6gdinnye j\u00e9g<\/li>\n<li>2. \u00c1fonya j\u00e9gen<\/li>\n<li>3. Epres g\u00f6r\u00f6gdinnye<\/li>\n<li>4. \u00c1fony\u00e1s m\u00e1ln\u00e1s limon\u00e1d\u00e9<\/li>\n<li>5. Cherry Ice<\/li>\n<li>6. Barack mang\u00f3 g\u00f6r\u00f6gdinnye<\/li>\n<li>7. Vegyes bogy\u00f3s gy\u00fcm\u00f6lcs\u00f6k<\/li>\n<li>8. Barack j\u00e9g<\/li>\n<li>9. Eper Kiwi<\/li>\n<li>10. Sz\u0151l\u0151 j\u00e9g<\/li>\n<\/ul>\n<h2>Csomagol\u00e1s r\u00e9szletei<\/h2>\n<ul>\n<li>1 db\/egy doboz<\/li>\n<li>10 db\/display box<\/li>\n<li>200db egy kartonban<\/li>\n<li>Kartondobozonk\u00e9nt 21 kg<\/li>\n<\/ul>\n<figure id=\"attachment_18476\" aria-describedby=\"caption-attachment-18476\" style=\"width: 800px\" class=\"wp-caption alignnone\"><img loading=\"lazy\" decoding=\"async\" class=\"wp-image-18476 size-full\" title=\"WASPE Aiviou 25000 Puffs Eldobhat\u00f3 Vape nagykereskedelem\" src=\"https:\/\/www.vape4wholesale.com\/wp-content\/uploads\/2024\/12\/WSAPE-Aiviou-25000-Puffs-Disposable-Vape-Wholesale.jpg\" alt=\"WASPE Aiviou 25000 Puffs Eldobhat\u00f3 Vape nagykereskedelem\" width=\"800\" height=\"800\" srcset=\"https:\/\/www.vape4wholesale.com\/wp-content\/uploads\/2024\/12\/WSAPE-Aiviou-25000-Puffs-Disposable-Vape-Wholesale.jpg 800w, https:\/\/www.vape4wholesale.com\/wp-content\/uploads\/2024\/12\/WSAPE-Aiviou-25000-Puffs-Disposable-Vape-Wholesale-247x247.jpg 247w, https:\/\/www.vape4wholesale.com\/wp-content\/uploads\/2024\/12\/WSAPE-Aiviou-25000-Puffs-Disposable-Vape-Wholesale-100x100.jpg 100w, https:\/\/www.vape4wholesale.com\/wp-content\/uploads\/2024\/12\/WSAPE-Aiviou-25000-Puffs-Disposable-Vape-Wholesale-510x510.jpg 510w, https:\/\/www.vape4wholesale.com\/wp-content\/uploads\/2024\/12\/WSAPE-Aiviou-25000-Puffs-Disposable-Vape-Wholesale-64x64.jpg 64w, https:\/\/www.vape4wholesale.com\/wp-content\/uploads\/2024\/12\/WSAPE-Aiviou-25000-Puffs-Disposable-Vape-Wholesale-300x300.jpg 300w, https:\/\/www.vape4wholesale.com\/wp-content\/uploads\/2024\/12\/WSAPE-Aiviou-25000-Puffs-Disposable-Vape-Wholesale-150x150.jpg 150w, https:\/\/www.vape4wholesale.com\/wp-content\/uploads\/2024\/12\/WSAPE-Aiviou-25000-Puffs-Disposable-Vape-Wholesale-768x768.jpg 768w, https:\/\/www.vape4wholesale.com\/wp-content\/uploads\/2024\/12\/WSAPE-Aiviou-25000-Puffs-Disposable-Vape-Wholesale-12x12.jpg 12w\" sizes=\"auto, (max-width: 800px) 100vw, 800px\" \/><figcaption id=\"caption-attachment-18476\" class=\"wp-caption-text\">WASPE Aiviou 25000 Puffs Eldobhat\u00f3 Vape nagykereskedelem<\/figcaption><\/figure>\n<h2>MI\u00c9RT MI?<\/h2>\r\n<ul>\r\n<li>Val\u00f3di, megb\u00edzhat\u00f3 \u00e9s professzion\u00e1lis vape forr\u00e1s.<\/li>\r\n<li>100% Eredeti garancia: Csak eredeti \u00e9s val\u00f3di term\u00e9keket biztos\u00edtunk, elutas\u00edtjuk a hamis\u00edt\u00e1st.<\/li>\r\n<li>100% Sz\u00e1ll\u00edt\u00e1si garancia: A legjobb sz\u00e1ll\u00edt\u00e1si m\u00f3dszerrel biztos\u00edtjuk, hogy \u00d6n megkapja a 100% megrendel\u00e9st.<\/li>\r\n<li>A sz\u00e1ll\u00edt\u00e1s ut\u00e1n megadjuk \u00d6nnek a nyomon k\u00f6vet\u00e9si sz\u00e1mot \u00e9s a sz\u00e1ll\u00edt\u00e1si c\u00edmk\u00e9t, \u00e9s nyomon k\u00f6vetj\u00fck az \u00e1rut az \u00d6n sz\u00e1m\u00e1ra, am\u00edg al\u00e1 nem \u00edrja azt.<\/li>\r\n<li>Nincsenek v\u00e1mprobl\u00e9m\u00e1k, nincsenek v\u00e1mok<\/li>\r\n<\/ul>","protected":false},"excerpt":{"rendered":"<div class=\"wsppc_div_block woocommerce_before_add_to_cart_form\">\r\n<p><strong><span style=\"color: #00a859;\">V\u00e1mvizsg\u00e1lat<\/span> sz\u00e1ll\u00edt\u00e1s el\u0151tt \u00e9s 100% Sz\u00e1ll\u00edt\u00e1si garancia, Sz\u00e1ll\u00edt\u00e1s kb. 19-25 napon bel\u00fcl.\u00a0<\/strong><\/p>\r\n<\/div>","protected":false},"featured_media":18476,"comment_status":"open","ping_status":"closed","template":"","meta":[],"pwb-brand":[1272],"product_cat":[873],"product_tag":[915,999,22,24,692],"class_list":{"0":"post-18450","1":"product","2":"type-product","3":"status-publish","4":"has-post-thumbnail","6":"pwb-brand-waspe","7":"product_cat-above-20k-puffs","8":"product_tag-25000-puffs","9":"product_tag-waspe","10":"product_tag-disposable","11":"product_tag-wholesale","12":"product_tag-25-0ml","13":"wcpa_has_options","15":"first","16":"outofstock","17":"shipping-taxable","18":"purchasable","19":"product-type-variable"},"aioseo_notices":[],"brands":[{"id":1272,"name":"Waspe","slug":"waspe"}],"_links":{"self":[{"href":"https:\/\/www.vape4wholesale.com\/hu\/wp-json\/wp\/v2\/product\/18450","targetHints":{"allow":["GET"]}}],"collection":[{"href":"https:\/\/www.vape4wholesale.com\/hu\/wp-json\/wp\/v2\/product"}],"about":[{"href":"https:\/\/www.vape4wholesale.com\/hu\/wp-json\/wp\/v2\/types\/product"}],"replies":[{"embeddable":true,"href":"https:\/\/www.vape4wholesale.com\/hu\/wp-json\/wp\/v2\/comments?post=18450"}],"wp:featuredmedia":[{"embeddable":true,"href":"https:\/\/www.vape4wholesale.com\/hu\/wp-json\/wp\/v2\/media\/18476"}],"wp:attachment":[{"href":"https:\/\/www.vape4wholesale.com\/hu\/wp-json\/wp\/v2\/media?parent=18450"}],"wp:term":[{"taxonomy":"pwb-brand","embeddable":true,"href":"https:\/\/www.vape4wholesale.com\/hu\/wp-json\/wp\/v2\/pwb-brand?post=18450"},{"taxonomy":"product_cat","embeddable":true,"href":"https:\/\/www.vape4wholesale.com\/hu\/wp-json\/wp\/v2\/product_cat?post=18450"},{"taxonomy":"product_tag","embeddable":true,"href":"https:\/\/www.vape4wholesale.com\/hu\/wp-json\/wp\/v2\/product_tag?post=18450"}],"curies":[{"name":"wp","href":"https:\/\/api.w.org\/{rel}","templated":true}]}}