{"id":18353,"date":"2024-12-19T14:43:33","date_gmt":"2024-12-19T06:43:33","guid":{"rendered":"https:\/\/www.vape4wholesale.com\/?post_type=product&#038;p=18353"},"modified":"2026-01-27T13:58:08","modified_gmt":"2026-01-27T13:58:08","slug":"bang-36000-puffok-intelligens-teljes-kepernyos-eldobhato-vape-nagykereskedelmi","status":"publish","type":"product","link":"https:\/\/www.vape4wholesale.com\/hu\/product\/bang-36000-puffs-smart-full-screen-disposable-vape-wholesale","title":{"rendered":"Bang 36000 Puffs Smart teljes k\u00e9perny\u0151s eldobhat\u00f3 vape nagykeresked\u00e9s"},"content":{"rendered":"<p><strong><a title=\"Bang\" href=\"https:\/\/www.vape4wholesale.com\/hu\/product_brand\/bang\/\">Bang<\/a> 36000 Puffs Smart Full Screen<\/strong> Az eldobhat\u00f3 Vape egy korszer\u0171 eszk\u00f6z, amelyet olyan vaperek sz\u00e1m\u00e1ra terveztek, akik \u00e9rt\u00e9kelik az innov\u00e1ci\u00f3t \u00e9s a kontrollt. Ez a fejlett vape ak\u00e1r 36000 puffot is biztos\u00edt, \u00edgy hossz\u00fa t\u00e1v\u00fa el\u00e9gedetts\u00e9get \u00e9s kiv\u00e1l\u00f3 teljes\u00edtm\u00e9nyt biztos\u00edt.<\/p>\n<p>Ez a k\u00e9sz\u00fcl\u00e9k verhetetlen p\u00e1rologtat\u00e1si \u00e9lm\u00e9nyt ny\u00fajt. a felhaszn\u00e1l\u00f3k sz\u00e9les k\u00f6r\u00e9t szolg\u00e1lja ki, mind a nikotinrajong\u00f3k, mind a nikotinmentes \u00e9lm\u00e9nyt keres\u0151k sz\u00e1m\u00e1ra lehet\u0151s\u00e9geket k\u00edn\u00e1l.<\/p>\n<p>A C-t\u00edpus\u00fa t\u00f6lt\u00e9ssel ell\u00e1tott 850mAh-s \u00fajrat\u00f6lthet\u0151 akkumul\u00e1torral m\u0171k\u00f6d\u0151 Bang 36000 megszak\u00edt\u00e1s n\u00e9lk\u00fcli g\u0151z\u00f6l\u00e9st biztos\u00edt. Ujjlenyomat-\u00e9rz\u00e9kel\u0151je biztons\u00e1got \u00e9s modern funkcionalit\u00e1st biztos\u00edt, \u00edgy egyszerre szem\u00e9lyre szabott \u00e9s felhaszn\u00e1l\u00f3bar\u00e1t.<\/p>\n<p>A 0%, 2%, 3% \u00e9s 5% nikotiner\u0151ss\u00e9gben kaphat\u00f3, \u00e9s 12 kellemes \u00edzt k\u00edn\u00e1l, ez a k\u00e9sz\u00fcl\u00e9k az \u00edzl\u00e9sek \u00e9s nikotinpreferenci\u00e1k sz\u00e9les sk\u00e1l\u00e1j\u00e1t szolg\u00e1lja ki.<\/p>\n<p>T\u00f6meges rendel\u00e9s a sz\u00e9les v\u00e1laszt\u00e9k 12 \u00edz\u0171 Bang 36000 Puffs eldobhat\u00f3 Vape a legjobb \u00e1ron \u00e9s gyors sz\u00e1ll\u00edt\u00e1ssal, n\u00e9zze meg a <a title=\"vide\u00f3 a Bang 36K-r\u00f3l\" href=\"https:\/\/youtu.be\/o42OkKkQv0o?si=_WOO-oAe1LgSc6AM\" target=\"_blank\" rel=\"noopener\">vide\u00f3 a Bang 36K-r\u00f3l<\/a><\/p>\n<h2>Bang 36000 Puffs Eldobhat\u00f3 Vape Gyors r\u00e9szletek<\/h2>\n<ul>\n<li>Nikotin er\u0151ss\u00e9ge: 0\/2\/3\/5%<\/li>\n<li>PUFFS: 36000-ig<\/li>\n<li>E-folyad\u00e9k kapacit\u00e1s : 36ml<\/li>\n<li>Kett\u0151s h\u00e1l\u00f3s tekercs<\/li>\n<li>LED kijelz\u0151 az akkumul\u00e1tor \u00e9s a folyad\u00e9k szintj\u00e9hez<\/li>\n<li>Ellen\u00e1ll\u00e1s: 1.0 ohm<\/li>\n<li>Akkumul\u00e1tor kapacit\u00e1s: 850mah \u00fajrat\u00f6lthet\u0151<\/li>\n<li>T\u00f6lt\u00e9s t\u00edpusa: t\u00edpus: C t\u00edpus<\/li>\n<li>Tests\u00faly: 124.6g<\/li>\n<\/ul>\n<h2>El\u00e9rhet\u0151 \u00edzek<\/h2>\n<ol>\n<li>Mix gy\u00fcm\u00f6lcs<\/li>\n<li>H\u00e1romszoros bogy\u00f3<\/li>\n<li>Barack mang\u00f3 g\u00f6r\u00f6gdinnye<\/li>\n<li>\u00c1fonya m\u00e1lna<\/li>\n<li>Fekete s\u00e1rk\u00e1ny j\u00e9g<\/li>\n<li>Sz\u0151l\u0151 j\u00e9g<\/li>\n<li>\u00c1fonya j\u00e9g<\/li>\n<li>Eper g\u00f6r\u00f6gdinnye<\/li>\n<li>Eper ban\u00e1n<\/li>\n<li>Eper Kiwi<\/li>\n<li>Eper mang\u00f3<\/li>\n<li>G\u00f6r\u00f6gdinnye j\u00e9g<\/li>\n<\/ol>\n<h2>Csomagol\u00e1si inform\u00e1ci\u00f3<\/h2>\n<ul>\n<li>124.6g\/ egy vape<\/li>\n<li>10 PCS\/ kijelz\u0151doboz<\/li>\n<li>160 db\/ karton<\/li>\n<li>S\u00faly: 21.38KG<\/li>\n<li>49.6*36*27.7CM<\/li>\n<\/ul>\n<figure id=\"attachment_20325\" aria-describedby=\"caption-attachment-20325\" style=\"width: 800px\" class=\"wp-caption alignnone\"><img loading=\"lazy\" decoding=\"async\" class=\"size-full wp-image-20325\" title=\"Bang 36000 Puffs Smart teljes k\u00e9perny\u0151s eldobhat\u00f3 vape nagykereskedelem eper kiwi\" src=\"https:\/\/www.vape4wholesale.com\/wp-content\/uploads\/2024\/12\/Bang-36000-Puffs-Smart-Full-Screen-Disposable-Vape-Wholesale-Strawberry-Kiwi-1.webp\" alt=\"Bang 36000 Puffs Smart teljes k\u00e9perny\u0151s eldobhat\u00f3 vape nagykereskedelem eper kiwi\" width=\"800\" height=\"800\" srcset=\"https:\/\/www.vape4wholesale.com\/wp-content\/uploads\/2024\/12\/Bang-36000-Puffs-Smart-Full-Screen-Disposable-Vape-Wholesale-Strawberry-Kiwi-1.webp 800w, https:\/\/www.vape4wholesale.com\/wp-content\/uploads\/2024\/12\/Bang-36000-Puffs-Smart-Full-Screen-Disposable-Vape-Wholesale-Strawberry-Kiwi-1-247x247.webp 247w, https:\/\/www.vape4wholesale.com\/wp-content\/uploads\/2024\/12\/Bang-36000-Puffs-Smart-Full-Screen-Disposable-Vape-Wholesale-Strawberry-Kiwi-1-100x100.webp 100w, https:\/\/www.vape4wholesale.com\/wp-content\/uploads\/2024\/12\/Bang-36000-Puffs-Smart-Full-Screen-Disposable-Vape-Wholesale-Strawberry-Kiwi-1-510x510.webp 510w, https:\/\/www.vape4wholesale.com\/wp-content\/uploads\/2024\/12\/Bang-36000-Puffs-Smart-Full-Screen-Disposable-Vape-Wholesale-Strawberry-Kiwi-1-64x64.webp 64w, https:\/\/www.vape4wholesale.com\/wp-content\/uploads\/2024\/12\/Bang-36000-Puffs-Smart-Full-Screen-Disposable-Vape-Wholesale-Strawberry-Kiwi-1-300x300.webp 300w, https:\/\/www.vape4wholesale.com\/wp-content\/uploads\/2024\/12\/Bang-36000-Puffs-Smart-Full-Screen-Disposable-Vape-Wholesale-Strawberry-Kiwi-1-150x150.webp 150w, https:\/\/www.vape4wholesale.com\/wp-content\/uploads\/2024\/12\/Bang-36000-Puffs-Smart-Full-Screen-Disposable-Vape-Wholesale-Strawberry-Kiwi-1-768x768.webp 768w, https:\/\/www.vape4wholesale.com\/wp-content\/uploads\/2024\/12\/Bang-36000-Puffs-Smart-Full-Screen-Disposable-Vape-Wholesale-Strawberry-Kiwi-1-12x12.webp 12w\" sizes=\"auto, (max-width: 800px) 100vw, 800px\" \/><figcaption id=\"caption-attachment-20325\" class=\"wp-caption-text\">Bang 36000 Puffs Smart teljes k\u00e9perny\u0151s eldobhat\u00f3 vape nagykeresked\u00e9s<\/figcaption><\/figure>\n<figure id=\"attachment_20330\" aria-describedby=\"caption-attachment-20330\" style=\"width: 1020px\" class=\"wp-caption alignnone\"><img loading=\"lazy\" decoding=\"async\" class=\"size-large wp-image-20330\" title=\"Bang 36000 Puffs Smart teljes k\u00e9perny\u0151s eldobhat\u00f3 vape csomag\" src=\"https:\/\/www.vape4wholesale.com\/wp-content\/uploads\/2024\/12\/Bang-36000-Puffs-Smart-Full-Screen-Disposable-Vape-Package-1024x479.webp\" alt=\"Bang 36000 Puffs Smart teljes k\u00e9perny\u0151s eldobhat\u00f3 vape csomag\" width=\"1020\" height=\"477\" srcset=\"https:\/\/www.vape4wholesale.com\/wp-content\/uploads\/2024\/12\/Bang-36000-Puffs-Smart-Full-Screen-Disposable-Vape-Package-1024x479.webp 1024w, https:\/\/www.vape4wholesale.com\/wp-content\/uploads\/2024\/12\/Bang-36000-Puffs-Smart-Full-Screen-Disposable-Vape-Package-510x238.webp 510w, https:\/\/www.vape4wholesale.com\/wp-content\/uploads\/2024\/12\/Bang-36000-Puffs-Smart-Full-Screen-Disposable-Vape-Package-64x30.webp 64w, https:\/\/www.vape4wholesale.com\/wp-content\/uploads\/2024\/12\/Bang-36000-Puffs-Smart-Full-Screen-Disposable-Vape-Package-300x140.webp 300w, https:\/\/www.vape4wholesale.com\/wp-content\/uploads\/2024\/12\/Bang-36000-Puffs-Smart-Full-Screen-Disposable-Vape-Package-768x359.webp 768w, https:\/\/www.vape4wholesale.com\/wp-content\/uploads\/2024\/12\/Bang-36000-Puffs-Smart-Full-Screen-Disposable-Vape-Package-18x8.webp 18w, https:\/\/www.vape4wholesale.com\/wp-content\/uploads\/2024\/12\/Bang-36000-Puffs-Smart-Full-Screen-Disposable-Vape-Package.webp 1200w\" sizes=\"auto, (max-width: 1020px) 100vw, 1020px\" \/><figcaption id=\"caption-attachment-20330\" class=\"wp-caption-text\">Bang 36000 Puffs Smart teljes k\u00e9perny\u0151s eldobhat\u00f3 vape csomag<\/figcaption><\/figure>\n<h2>MI\u00c9RT MI?<\/h2>\r\n<ul>\r\n<li>Val\u00f3di, megb\u00edzhat\u00f3 \u00e9s professzion\u00e1lis vape forr\u00e1s.<\/li>\r\n<li>100% Eredeti garancia: Csak eredeti \u00e9s val\u00f3di term\u00e9keket biztos\u00edtunk, elutas\u00edtjuk a hamis\u00edt\u00e1st.<\/li>\r\n<li>100% Sz\u00e1ll\u00edt\u00e1si garancia: A legjobb sz\u00e1ll\u00edt\u00e1si m\u00f3dszerrel biztos\u00edtjuk, hogy \u00d6n megkapja a 100% megrendel\u00e9st.<\/li>\r\n<li>A sz\u00e1ll\u00edt\u00e1s ut\u00e1n megadjuk \u00d6nnek a nyomon k\u00f6vet\u00e9si sz\u00e1mot \u00e9s a sz\u00e1ll\u00edt\u00e1si c\u00edmk\u00e9t, \u00e9s nyomon k\u00f6vetj\u00fck az \u00e1rut az \u00d6n sz\u00e1m\u00e1ra, am\u00edg al\u00e1 nem \u00edrja azt.<\/li>\r\n<li>Nincsenek v\u00e1mprobl\u00e9m\u00e1k, nincsenek v\u00e1mok<\/li>\r\n<\/ul>","protected":false},"excerpt":{"rendered":"<div class=\"wsppc_div_block woocommerce_before_add_to_cart_form\">\r\n<p><strong><span style=\"color: #00a859;\">V\u00e1mvizsg\u00e1lat<\/span> sz\u00e1ll\u00edt\u00e1s el\u0151tt \u00e9s 100% Sz\u00e1ll\u00edt\u00e1si garancia, Sz\u00e1ll\u00edt\u00e1s kb. 19-25 napon bel\u00fcl.\u00a0<\/strong><\/p>\r\n<\/div>","protected":false},"featured_media":18382,"comment_status":"open","ping_status":"closed","template":"","meta":[],"pwb-brand":[1275],"product_cat":[873],"product_tag":[22,24,249,849,988],"class_list":{"0":"post-18353","1":"product","2":"type-product","3":"status-publish","4":"has-post-thumbnail","6":"pwb-brand-bang","7":"product_cat-above-20k-puffs","8":"product_tag-disposable","9":"product_tag-wholesale","10":"product_tag-bang","11":"product_tag-36-0ml","12":"product_tag-36000-puffs","13":"wcpa_has_options","15":"first","16":"instock","17":"shipping-taxable","18":"purchasable","19":"product-type-variable"},"aioseo_notices":[],"brands":[{"id":1275,"name":"Bang","slug":"bang"}],"_links":{"self":[{"href":"https:\/\/www.vape4wholesale.com\/hu\/wp-json\/wp\/v2\/product\/18353","targetHints":{"allow":["GET"]}}],"collection":[{"href":"https:\/\/www.vape4wholesale.com\/hu\/wp-json\/wp\/v2\/product"}],"about":[{"href":"https:\/\/www.vape4wholesale.com\/hu\/wp-json\/wp\/v2\/types\/product"}],"replies":[{"embeddable":true,"href":"https:\/\/www.vape4wholesale.com\/hu\/wp-json\/wp\/v2\/comments?post=18353"}],"wp:featuredmedia":[{"embeddable":true,"href":"https:\/\/www.vape4wholesale.com\/hu\/wp-json\/wp\/v2\/media\/18382"}],"wp:attachment":[{"href":"https:\/\/www.vape4wholesale.com\/hu\/wp-json\/wp\/v2\/media?parent=18353"}],"wp:term":[{"taxonomy":"pwb-brand","embeddable":true,"href":"https:\/\/www.vape4wholesale.com\/hu\/wp-json\/wp\/v2\/pwb-brand?post=18353"},{"taxonomy":"product_cat","embeddable":true,"href":"https:\/\/www.vape4wholesale.com\/hu\/wp-json\/wp\/v2\/product_cat?post=18353"},{"taxonomy":"product_tag","embeddable":true,"href":"https:\/\/www.vape4wholesale.com\/hu\/wp-json\/wp\/v2\/product_tag?post=18353"}],"curies":[{"name":"wp","href":"https:\/\/api.w.org\/{rel}","templated":true}]}}