{"id":16608,"date":"2024-08-06T10:57:00","date_gmt":"2024-08-06T02:57:00","guid":{"rendered":"https:\/\/www.vape4wholesale.com\/?post_type=product&#038;p=16608"},"modified":"2026-01-26T13:40:16","modified_gmt":"2026-01-26T13:40:16","slug":"bang-king-coloor-20000-puff-dupla-kristaly-eldobhato-vape-nagykereskedes-2","status":"publish","type":"product","link":"https:\/\/www.vape4wholesale.com\/hu\/termek\/bang-king-coloor-20000-puff-dupla-kristaly-eldobhato-vape-nagykereskedes-2","title":{"rendered":"Bang King Coloor 20000 Puffs dupla krist\u00e1ly eldobhat\u00f3 Vape nagykereskedelem"},"content":{"rendered":"<p class=\"detail_name themes_products_title\">A Bang King Coloor 20000 Double Crystal Vape intelligens LED-k\u00e9perny\u0151 sz\u00e9p kialak\u00edt\u00e1ssal rendelkezik, 25 ml Eliquiddel \u00e9s 650mah \u00fajrat\u00f6lthet\u0151 akkumul\u00e1torral rendelkezik, amely ak\u00e1r 20 000 puffot is t\u00e1mogat.<\/p>\n<p>a LED-k\u00e9perny\u0151 kijelz\u0151 teljes\u00edtm\u00e9ny \u00e9s a folyad\u00e9kszint, 0% 2% 3% 5% nikotin a v\u00e1laszt\u00e1shoz.<\/p>\n<p>T\u00f6meges rendel\u00e9s a sz\u00e9les v\u00e1laszt\u00e9k 12 \u00edz\u0171 Bang King Coloor 20000 dupla krist\u00e1ly a legjobb \u00e1ron \u00e9s gyors sz\u00e1ll\u00edt\u00e1ssal.<\/p>\n<h2>Bang King Coloor 20000 puff dupla krist\u00e1ly gyors r\u00e9szletek<\/h2>\n<ul>\n<li>Nikotin:0% 2% 3% 5% 5%<\/li>\n<li>Puffok:20000<\/li>\n<li>Kapacit\u00e1s:25ml<\/li>\n<li>12 \u00edz el\u00e9rhet\u0151<\/li>\n<li>1.0ohm h\u00e1l\u00f3s tekercs<\/li>\n<li>650mah \u00fajrat\u00f6lthet\u0151<\/li>\n<li>Led k\u00e9perny\u0151 funkci\u00f3k: folyad\u00e9k kijelz\u0151 \u00e9s teljes\u00edtm\u00e9ny kijelz\u0151<\/li>\n<li>200db egy kartondobozban.<\/li>\n<\/ul>\n<h2>Kaphat\u00f3 \u00edzek<\/h2>\n<p>1.Sour Apple m\u00e1lna<br \/>\n2.Barack j\u00e9g<br \/>\n3.Mixed gy\u00fcm\u00f6lcs<br \/>\n4.Eper g\u00f6r\u00f6gdinnye<br \/>\n5.Watermelon Ice<br \/>\n6.Grape Ice<br \/>\n7.Blueberry Ice<br \/>\n8.Blue Razz<br \/>\n9.Eper mang\u00f3<br \/>\n10.Kiwi Passi\u00f3gy\u00fcm\u00f6lcs Guava<br \/>\n11.Energiaital<br \/>\n12.Eper Kiwi<\/p>\n<figure id=\"attachment_16614\" aria-describedby=\"caption-attachment-16614\" style=\"width: 800px\" class=\"wp-caption alignnone\"><img loading=\"lazy\" decoding=\"async\" class=\"wp-image-16614 size-full\" title=\"Bang King Coloor 20000 Puffs Dupla krist\u00e1ly eldobhat\u00f3 Vape nagykereskedelmi savany\u00fa alma m\u00e1lna\" src=\"https:\/\/www.vape4wholesale.com\/wp-content\/uploads\/2024\/08\/Bang-King-Coloor-20000-Puffs-Double-Crystal-Disposable-Vape-Wholesale-Sour-Apple-Raspberry.webp\" alt=\"Bang King Coloor 20000 Puffs Dupla krist\u00e1ly eldobhat\u00f3 Vape nagykereskedelmi savany\u00fa alma m\u00e1lna\" width=\"800\" height=\"800\" srcset=\"https:\/\/www.vape4wholesale.com\/wp-content\/uploads\/2024\/08\/Bang-King-Coloor-20000-Puffs-Double-Crystal-Disposable-Vape-Wholesale-Sour-Apple-Raspberry.webp 800w, https:\/\/www.vape4wholesale.com\/wp-content\/uploads\/2024\/08\/Bang-King-Coloor-20000-Puffs-Double-Crystal-Disposable-Vape-Wholesale-Sour-Apple-Raspberry-247x247.webp 247w, https:\/\/www.vape4wholesale.com\/wp-content\/uploads\/2024\/08\/Bang-King-Coloor-20000-Puffs-Double-Crystal-Disposable-Vape-Wholesale-Sour-Apple-Raspberry-100x100.webp 100w, https:\/\/www.vape4wholesale.com\/wp-content\/uploads\/2024\/08\/Bang-King-Coloor-20000-Puffs-Double-Crystal-Disposable-Vape-Wholesale-Sour-Apple-Raspberry-510x510.webp 510w, https:\/\/www.vape4wholesale.com\/wp-content\/uploads\/2024\/08\/Bang-King-Coloor-20000-Puffs-Double-Crystal-Disposable-Vape-Wholesale-Sour-Apple-Raspberry-64x64.webp 64w, https:\/\/www.vape4wholesale.com\/wp-content\/uploads\/2024\/08\/Bang-King-Coloor-20000-Puffs-Double-Crystal-Disposable-Vape-Wholesale-Sour-Apple-Raspberry-300x300.webp 300w, https:\/\/www.vape4wholesale.com\/wp-content\/uploads\/2024\/08\/Bang-King-Coloor-20000-Puffs-Double-Crystal-Disposable-Vape-Wholesale-Sour-Apple-Raspberry-150x150.webp 150w, https:\/\/www.vape4wholesale.com\/wp-content\/uploads\/2024\/08\/Bang-King-Coloor-20000-Puffs-Double-Crystal-Disposable-Vape-Wholesale-Sour-Apple-Raspberry-768x768.webp 768w, https:\/\/www.vape4wholesale.com\/wp-content\/uploads\/2024\/08\/Bang-King-Coloor-20000-Puffs-Double-Crystal-Disposable-Vape-Wholesale-Sour-Apple-Raspberry-12x12.webp 12w\" sizes=\"auto, (max-width: 800px) 100vw, 800px\" \/><figcaption id=\"caption-attachment-16614\" class=\"wp-caption-text\">Bang King Coloor 20000 Puffs dupla krist\u00e1ly eldobhat\u00f3 Vape nagykereskedelem<\/figcaption><\/figure>\n<figure id=\"attachment_16615\" aria-describedby=\"caption-attachment-16615\" style=\"width: 800px\" class=\"wp-caption alignnone\"><img loading=\"lazy\" decoding=\"async\" class=\"wp-image-16615 size-full\" title=\"Bang King Coloor 20000 Puffs dupla krist\u00e1ly eldobhat\u00f3 Vape nagykereskedelmi csomagol\u00e1s dobozban\" src=\"https:\/\/www.vape4wholesale.com\/wp-content\/uploads\/2024\/08\/Bang-King-Coloor-20000-Puffs-Double-Crystal-Disposable-Vape-Wholesale-Packing-box.webp\" alt=\"Bang King Coloor 20000 Puffs dupla krist\u00e1ly eldobhat\u00f3 Vape nagykereskedelmi csomagol\u00e1s dobozban\" width=\"800\" height=\"800\" srcset=\"https:\/\/www.vape4wholesale.com\/wp-content\/uploads\/2024\/08\/Bang-King-Coloor-20000-Puffs-Double-Crystal-Disposable-Vape-Wholesale-Packing-box.webp 800w, https:\/\/www.vape4wholesale.com\/wp-content\/uploads\/2024\/08\/Bang-King-Coloor-20000-Puffs-Double-Crystal-Disposable-Vape-Wholesale-Packing-box-247x247.webp 247w, https:\/\/www.vape4wholesale.com\/wp-content\/uploads\/2024\/08\/Bang-King-Coloor-20000-Puffs-Double-Crystal-Disposable-Vape-Wholesale-Packing-box-100x100.webp 100w, https:\/\/www.vape4wholesale.com\/wp-content\/uploads\/2024\/08\/Bang-King-Coloor-20000-Puffs-Double-Crystal-Disposable-Vape-Wholesale-Packing-box-510x510.webp 510w\" sizes=\"auto, (max-width: 800px) 100vw, 800px\" \/><figcaption id=\"caption-attachment-16615\" class=\"wp-caption-text\">Bang King Coloor 20000 Puffs Dupla krist\u00e1ly eldobhat\u00f3 vape csomagol\u00f3 doboz<\/figcaption><\/figure>\n<h2>MI\u00c9RT MI?<\/h2>\r\n<ul>\r\n<li>Val\u00f3di, megb\u00edzhat\u00f3 \u00e9s professzion\u00e1lis vape forr\u00e1s.<\/li>\r\n<li>100% Eredeti garancia: Csak eredeti \u00e9s val\u00f3di term\u00e9keket biztos\u00edtunk, elutas\u00edtjuk a hamis\u00edt\u00e1st.<\/li>\r\n<li>100% Sz\u00e1ll\u00edt\u00e1si garancia: A legjobb sz\u00e1ll\u00edt\u00e1si m\u00f3dszerrel biztos\u00edtjuk, hogy \u00d6n megkapja a 100% megrendel\u00e9st.<\/li>\r\n<li>A sz\u00e1ll\u00edt\u00e1s ut\u00e1n megadjuk \u00d6nnek a nyomon k\u00f6vet\u00e9si sz\u00e1mot \u00e9s a sz\u00e1ll\u00edt\u00e1si c\u00edmk\u00e9t, \u00e9s nyomon k\u00f6vetj\u00fck az \u00e1rut az \u00d6n sz\u00e1m\u00e1ra, am\u00edg al\u00e1 nem \u00edrja azt.<\/li>\r\n<li>Nincsenek v\u00e1mprobl\u00e9m\u00e1k, nincsenek v\u00e1mok<\/li>\r\n<\/ul>","protected":false},"excerpt":{"rendered":"<div class=\"wsppc_div_block woocommerce_before_add_to_cart_form\">\r\n<p><strong><span style=\"color: #00a859;\">Clear customs<\/span> before delivery &amp; 100% Delivery Guarantee, Delivery in 19~25 days around.\u00a0<\/strong><\/p>\r\n<\/div>","protected":false},"featured_media":16618,"comment_status":"open","ping_status":"closed","template":"","meta":[],"pwb-brand":[1275],"product_cat":[873],"product_tag":[692,794,22,24,249],"class_list":{"0":"post-16608","1":"product","2":"type-product","3":"status-publish","4":"has-post-thumbnail","6":"pwb-brand-bang","7":"product_cat-above-20k-puffs","8":"product_tag-25-0ml","9":"product_tag-20000-puffs","10":"product_tag-disposable","11":"product_tag-wholesale","12":"product_tag-bang","13":"wcpa_has_options","15":"first","16":"instock","17":"shipping-taxable","18":"purchasable","19":"product-type-variable"},"aioseo_notices":[],"brands":[{"id":1275,"name":"Bang","slug":"bang"}],"_links":{"self":[{"href":"https:\/\/www.vape4wholesale.com\/hu\/wp-json\/wp\/v2\/product\/16608","targetHints":{"allow":["GET"]}}],"collection":[{"href":"https:\/\/www.vape4wholesale.com\/hu\/wp-json\/wp\/v2\/product"}],"about":[{"href":"https:\/\/www.vape4wholesale.com\/hu\/wp-json\/wp\/v2\/types\/product"}],"replies":[{"embeddable":true,"href":"https:\/\/www.vape4wholesale.com\/hu\/wp-json\/wp\/v2\/comments?post=16608"}],"wp:featuredmedia":[{"embeddable":true,"href":"https:\/\/www.vape4wholesale.com\/hu\/wp-json\/wp\/v2\/media\/16618"}],"wp:attachment":[{"href":"https:\/\/www.vape4wholesale.com\/hu\/wp-json\/wp\/v2\/media?parent=16608"}],"wp:term":[{"taxonomy":"pwb-brand","embeddable":true,"href":"https:\/\/www.vape4wholesale.com\/hu\/wp-json\/wp\/v2\/pwb-brand?post=16608"},{"taxonomy":"product_cat","embeddable":true,"href":"https:\/\/www.vape4wholesale.com\/hu\/wp-json\/wp\/v2\/product_cat?post=16608"},{"taxonomy":"product_tag","embeddable":true,"href":"https:\/\/www.vape4wholesale.com\/hu\/wp-json\/wp\/v2\/product_tag?post=16608"}],"curies":[{"name":"wp","href":"https:\/\/api.w.org\/{rel}","templated":true}]}}