{"id":16512,"date":"2024-07-31T23:32:00","date_gmt":"2024-07-31T15:32:00","guid":{"rendered":"https:\/\/www.vape4wholesale.com\/?post_type=product&#038;p=16512"},"modified":"2026-01-26T13:40:20","modified_gmt":"2026-01-26T13:40:20","slug":"bang-king-coloor-30000-puffs-eldobhato-vape-nagykereskedelem","status":"publish","type":"product","link":"https:\/\/www.vape4wholesale.com\/hu\/product\/bang-king-coloor-30000-puffs-disposable-vape-wholesale","title":{"rendered":"Bang King Coloor 30000 Puffs Eldobhat\u00f3 Vape nagykereskedelem"},"content":{"rendered":"<p>A Bang King Coloor 30000 Puffs dupla \u00edzzel rendelkezik, amelynek c\u00e9lja a kiv\u00e9teles p\u00e1rologtat\u00e1si \u00e9lm\u00e9ny, 1,0ohm h\u00e1l\u00f3s tekerccsel van felszerelve \u00e9s 36ml e-folyad\u00e9kot tartalmaz.<\/p>\n<p>0%, 2%, 3% \u00e9s 5% nikotiner\u0151ss\u00e9gben kaphat\u00f3, k\u00fcl\u00f6nb\u00f6z\u0151 preferenci\u00e1k \u00e9s ig\u00e9nyek kiel\u00e9g\u00edt\u00e9s\u00e9re. A C-t\u00edpus\u00fa t\u00f6lt\u00e9st t\u00e1mogat\u00f3, \u00fajrat\u00f6lthet\u0151 550mAh-s akkumul\u00e1tor biztos\u00edtja, hogy gyorsan \u00e9s hat\u00e9konyan t\u00f6lthesse fel a vape-t, \u00edgy az mindig haszn\u00e1latra k\u00e9szen \u00e1ll.<\/p>\n<p>A TheBang 30000 Puffs a kezd\u0151k \u00e9s a tapasztalt vaperek sz\u00e1m\u00e1ra egyar\u00e1nt k\u00e9sz\u00fclt, a nagy kapacit\u00e1s, az egyszer\u0171 haszn\u00e1lat \u00e9s a fejlett technol\u00f3gia kombin\u00e1l\u00e1s\u00e1val. Kiv\u00e9teles \u00edzkiszolg\u00e1l\u00e1sa \u00e9s felhaszn\u00e1l\u00f3bar\u00e1t kialak\u00edt\u00e1sa pr\u00e9mium v\u00e1laszt\u00e1ss\u00e1 teszi a vaping piacon. a legjobb nagykereskedelmi \u00e1rat \u00e9s gyors sz\u00e1ll\u00edt\u00e1st a Vape4Wholesale-t\u0151l kapja meg<\/p>\n<h2><strong>Bang King Coloor 30000 Puffs Jellemz\u0151k<\/strong><\/h2>\n<ul>\n<li>Puff: 30000 puffan\u00e1sig<\/li>\n<li>Mag: 1.0ohm<\/li>\n<li>E-folyad\u00e9k: 36ml<\/li>\n<li>Nikotin: 0%\/ 2%\/ 3%\/ 5%<\/li>\n<li>Akkumul\u00e1tor: 550mAh<\/li>\n<li>\u00dajrat\u00f6lthet\u0151: .<\/li>\n<li>LCD digit\u00e1lis kijelz\u0151<\/li>\n<li>Dupla \u00edz<\/li>\n<li>Bang 30000 Puffs<\/li>\n<\/ul>\n<h2><strong>\u00cdzek list\u00e1ja<\/strong><\/h2>\n<ul>\n<li>G\u00f6r\u00f6gdinnye j\u00e9g \u00e9s \u00e1fonya menta<\/li>\n<li>G\u00f6r\u00f6gdinnye j\u00e9g &amp; eper \u00e9s mang\u00f3<\/li>\n<li>Eper g\u00f6r\u00f6gdinnye \u00e9s kiwi golgotavir\u00e1g gu\u00e1va<\/li>\n<li>Eper \u00e9s g\u00f6r\u00f6gdinnye \u00e9s sz\u0151l\u0151 j\u00e9g<\/li>\n<li>\u00c1fonya j\u00e9g \u00e9s fekete s\u00e1rk\u00e1ny j\u00e9g<\/li>\n<li>\u00c1fony\u00e1s j\u00e9g &amp; eper \u00e9s ban\u00e1n<\/li>\n<li>Red Bull &amp; \u00e1fony\u00e1s g\u00f6r\u00f6gdinnye<\/li>\n<li>Red Bull &amp; g\u00f6r\u00f6gdinnye bubor\u00e9kos cukorka<\/li>\n<li>\u00c1fonya M\u00e1lna \u00e9s barack Mang\u00f3 g\u00f6r\u00f6gdinnye<\/li>\n<li>\u00c1fonya m\u00e1lna \u00e9s vegyes pen\u00e9szes gy\u00fcm\u00f6lcs<\/li>\n<li>Eper-kiwi \u00e9s barack j\u00e9g<\/li>\n<li>Eper Kiwi &amp; savany\u00fa alma m\u00e1lna<\/li>\n<\/ul>\n<figure id=\"attachment_16526\" aria-describedby=\"caption-attachment-16526\" style=\"width: 800px\" class=\"wp-caption alignnone\"><img loading=\"lazy\" decoding=\"async\" class=\"wp-image-16526 size-full\" title=\"Bang King Coloor 30000 Puffs Eldobhat\u00f3 Vape nagykereskedelem (2)\" src=\"https:\/\/www.vape4wholesale.com\/wp-content\/uploads\/2024\/07\/Bang-King-Coloor-30000-Puffs-Disposable-Vape-Wholesale-2.jpg\" alt=\"Bang King Coloor 30000 Puffs Eldobhat\u00f3 Vape nagykereskedelem (2)\" width=\"800\" height=\"800\" srcset=\"https:\/\/www.vape4wholesale.com\/wp-content\/uploads\/2024\/07\/Bang-King-Coloor-30000-Puffs-Disposable-Vape-Wholesale-2.jpg 800w, https:\/\/www.vape4wholesale.com\/wp-content\/uploads\/2024\/07\/Bang-King-Coloor-30000-Puffs-Disposable-Vape-Wholesale-2-247x247.jpg 247w, https:\/\/www.vape4wholesale.com\/wp-content\/uploads\/2024\/07\/Bang-King-Coloor-30000-Puffs-Disposable-Vape-Wholesale-2-100x100.jpg 100w, https:\/\/www.vape4wholesale.com\/wp-content\/uploads\/2024\/07\/Bang-King-Coloor-30000-Puffs-Disposable-Vape-Wholesale-2-510x510.jpg 510w\" sizes=\"auto, (max-width: 800px) 100vw, 800px\" \/><figcaption id=\"caption-attachment-16526\" class=\"wp-caption-text\">Bang King Coloor 30000 Puffs Eldobhat\u00f3 Vape nagykereskedelem<\/figcaption><\/figure>\n<p><img loading=\"lazy\" decoding=\"async\" class=\"alignnone size-full wp-image-16527\" title=\"Bang King Coloor 30000 Puffs Eldobhat\u00f3 Vape nagykereskedelem (3)\" src=\"https:\/\/www.vape4wholesale.com\/wp-content\/uploads\/2024\/07\/Bang-King-Coloor-30000-Puffs-Disposable-Vape-Wholesale-3.jpg\" alt=\"Bang King Coloor 30000 Puffs Eldobhat\u00f3 Vape nagykereskedelem (3)\" width=\"800\" height=\"800\" srcset=\"https:\/\/www.vape4wholesale.com\/wp-content\/uploads\/2024\/07\/Bang-King-Coloor-30000-Puffs-Disposable-Vape-Wholesale-3.jpg 800w, https:\/\/www.vape4wholesale.com\/wp-content\/uploads\/2024\/07\/Bang-King-Coloor-30000-Puffs-Disposable-Vape-Wholesale-3-247x247.jpg 247w, https:\/\/www.vape4wholesale.com\/wp-content\/uploads\/2024\/07\/Bang-King-Coloor-30000-Puffs-Disposable-Vape-Wholesale-3-100x100.jpg 100w, https:\/\/www.vape4wholesale.com\/wp-content\/uploads\/2024\/07\/Bang-King-Coloor-30000-Puffs-Disposable-Vape-Wholesale-3-510x510.jpg 510w\" sizes=\"auto, (max-width: 800px) 100vw, 800px\" \/><\/p>\n<h2>MI\u00c9RT MI?<\/h2>\r\n<ul>\r\n<li>Val\u00f3di, megb\u00edzhat\u00f3 \u00e9s professzion\u00e1lis vape forr\u00e1s.<\/li>\r\n<li>100% Eredeti garancia: Csak eredeti \u00e9s val\u00f3di term\u00e9keket biztos\u00edtunk, elutas\u00edtjuk a hamis\u00edt\u00e1st.<\/li>\r\n<li>100% Sz\u00e1ll\u00edt\u00e1si garancia: A legjobb sz\u00e1ll\u00edt\u00e1si m\u00f3dszerrel biztos\u00edtjuk, hogy \u00d6n megkapja a 100% megrendel\u00e9st.<\/li>\r\n<li>A sz\u00e1ll\u00edt\u00e1s ut\u00e1n megadjuk \u00d6nnek a nyomon k\u00f6vet\u00e9si sz\u00e1mot \u00e9s a sz\u00e1ll\u00edt\u00e1si c\u00edmk\u00e9t, \u00e9s nyomon k\u00f6vetj\u00fck az \u00e1rut az \u00d6n sz\u00e1m\u00e1ra, am\u00edg al\u00e1 nem \u00edrja azt.<\/li>\r\n<li>Nincsenek v\u00e1mprobl\u00e9m\u00e1k, nincsenek v\u00e1mok<\/li>\r\n<\/ul>","protected":false},"excerpt":{"rendered":"<div class=\"wsppc_div_block woocommerce_before_add_to_cart_form\">\r\n<p><strong><span style=\"color: #00a859;\">Clear customs<\/span> before delivery &amp; 100% Delivery Guarantee, Delivery in 19~25 days around.\u00a0<\/strong><\/p>\r\n<\/div>","protected":false},"featured_media":16537,"comment_status":"open","ping_status":"closed","template":"","meta":[],"pwb-brand":[1275],"product_cat":[873],"product_tag":[850,22,24,249,849],"class_list":{"0":"post-16512","1":"product","2":"type-product","3":"status-publish","4":"has-post-thumbnail","6":"pwb-brand-bang","7":"product_cat-above-20k-puffs","8":"product_tag-30000-puffs","9":"product_tag-disposable","10":"product_tag-wholesale","11":"product_tag-bang","12":"product_tag-36-0ml","13":"wcpa_has_options","15":"first","16":"instock","17":"shipping-taxable","18":"purchasable","19":"product-type-variable"},"aioseo_notices":[],"brands":[{"id":1275,"name":"Bang","slug":"bang"}],"_links":{"self":[{"href":"https:\/\/www.vape4wholesale.com\/hu\/wp-json\/wp\/v2\/product\/16512","targetHints":{"allow":["GET"]}}],"collection":[{"href":"https:\/\/www.vape4wholesale.com\/hu\/wp-json\/wp\/v2\/product"}],"about":[{"href":"https:\/\/www.vape4wholesale.com\/hu\/wp-json\/wp\/v2\/types\/product"}],"replies":[{"embeddable":true,"href":"https:\/\/www.vape4wholesale.com\/hu\/wp-json\/wp\/v2\/comments?post=16512"}],"wp:featuredmedia":[{"embeddable":true,"href":"https:\/\/www.vape4wholesale.com\/hu\/wp-json\/wp\/v2\/media\/16537"}],"wp:attachment":[{"href":"https:\/\/www.vape4wholesale.com\/hu\/wp-json\/wp\/v2\/media?parent=16512"}],"wp:term":[{"taxonomy":"pwb-brand","embeddable":true,"href":"https:\/\/www.vape4wholesale.com\/hu\/wp-json\/wp\/v2\/pwb-brand?post=16512"},{"taxonomy":"product_cat","embeddable":true,"href":"https:\/\/www.vape4wholesale.com\/hu\/wp-json\/wp\/v2\/product_cat?post=16512"},{"taxonomy":"product_tag","embeddable":true,"href":"https:\/\/www.vape4wholesale.com\/hu\/wp-json\/wp\/v2\/product_tag?post=16512"}],"curies":[{"name":"wp","href":"https:\/\/api.w.org\/{rel}","templated":true}]}}