{"id":16414,"date":"2024-07-23T14:13:00","date_gmt":"2024-07-23T06:13:00","guid":{"rendered":"https:\/\/www.vape4wholesale.com\/?post_type=product&#038;p=16414"},"modified":"2026-02-02T07:02:18","modified_gmt":"2026-02-02T07:02:18","slug":"vapsolo-viking-12000-puffs-eldobhato-vape-nagykereskedelem-2","status":"publish","type":"product","link":"https:\/\/www.vape4wholesale.com\/hu\/termek\/vapsolo-viking-12000-puffs-eldobhato-vape-nagykereskedelem-2","title":{"rendered":"Vapsolo Viking 12000 Puffs Eldobhat\u00f3 Vape nagykereskedelem"},"content":{"rendered":"<p>A <a href=\"\/hu\/product_brand\/vapsolo\/\">VapSolo<\/a> A Viking 12000 egy egyedi tervez\u00e9s\u0171 eldobhat\u00f3 vape, amely h\u00e1l\u00f3s tekerccsel, el\u0151re t\u00f6lt\u00f6tt 22ml e-folyad\u00e9kkal \u00e9s 650mAh C t\u00edpus\u00fa \u00fajrat\u00f6lthet\u0151 akkumul\u00e1torral rendelkezik. A 4 fokozat\u00fa l\u00e9g\u00e1raml\u00e1s-szab\u00e1lyoz\u00e1ssal \u00e9s az LCD kijelz\u0151n l\u00e1thatja az akkumul\u00e1tor \u00e9s a marad\u00e9k folyad\u00e9k kapacit\u00e1st.<\/p>\n<p>T\u00f6meges rendel\u00e9s a Vapsolo Viking 12000 eldobhat\u00f3 vape 15 \u00edzb\u0151l \u00e1ll\u00f3 sz\u00e9les v\u00e1laszt\u00e9k\u00e1b\u00f3l a legjobb \u00e1ron \u00e9s gyors sz\u00e1ll\u00edt\u00e1ssal.<\/p>\n<div>\n<h2>Vapsolo Viking 12000 Puffs eldobhat\u00f3 Vape gyors r\u00e9szletez\u00e9s<\/h2>\n<ul>\n<li>Puff: 12000 f\u00faj\u00e1sig<\/li>\n<li>Folyad\u00e9k: 22 ml El\u0151re t\u00f6lt\u00f6tt<\/li>\n<li>Nikotin: 2%\/5%<\/li>\n<li>Akkumul\u00e1tor: 650mAh \u00fajrat\u00f6lthet\u0151<\/li>\n<li>Mag: \u03a9<\/li>\n<li>El\u0151re t\u00f6lt\u00f6tt + h\u00e1l\u00f3s tekercs*2<\/li>\n<li>\u00dajrat\u00f6lthet\u0151, C t\u00edpus\u00fa t\u00f6lt\u0151port<\/li>\n<li>L\u00e9g\u00e1raml\u00e1s-szab\u00e1lyoz\u00e1s: 4 szint<\/li>\n<li>Teljes\u00edtm\u00e9ny \u00e9s e-nedv kijelz\u0151<\/li>\n<\/ul>\n<\/div>\n<div>\n<div class=\"wmkc-template-12\">\n<h2 class=\"wmkc-white\">El\u00e9rhet\u0151 \u00edzek<\/h2>\n<\/div>\n<ol>\n<li>\u00c1fonya m\u00e1lna<\/li>\n<li>\u00c1fonya<\/li>\n<li>Fizzy Cherry<\/li>\n<li>G\u00f6r\u00f6gdinnye j\u00e9g<\/li>\n<li>Eper Kiwi<\/li>\n<li>Eper g\u00f6r\u00f6gdinnye<\/li>\n<li>Ny\u00e1ri \u00e1lom<\/li>\n<li>\u00c1fonya Cseresznye \u00c1fonya<\/li>\n<li>Citrom Lime<\/li>\n<li>Gumimaci<\/li>\n<li>Eper ban\u00e1n<\/li>\n<li>Friss menta<\/li>\n<li>Eper m\u00e1lna j\u00e9g<\/li>\n<li>Citrom barack<\/li>\n<li>Red Apple Ice<\/li>\n<\/ol>\n<\/div>\n<h2>Csomagol\u00e1si r\u00e9szletek:<\/h2>\n<ul>\n<li>200db\/ctn;10cs\/doboz<\/li>\n<li>S\u00faly: 85g\/db<\/li>\n<li>18.6kg\/ctn<\/li>\n<li>Karton m\u00e9rete: 44*43*26.5CM<\/li>\n<\/ul>\n<figure id=\"attachment_16422\" aria-describedby=\"caption-attachment-16422\" style=\"width: 800px\" class=\"wp-caption alignnone\"><img loading=\"lazy\" decoding=\"async\" class=\"size-full wp-image-16422\" title=\"Vapsolo Viking 12000 Puffs Eldobhat\u00f3 Vape Nagykeresked\u00e9s Citrom Barack\" src=\"https:\/\/www.vape4wholesale.com\/wp-content\/uploads\/2024\/07\/Vapsolo-Viking-12000-Puffs-Disposable-Vape-Wholesale-Lemon-Peach.jpg\" alt=\"Vapsolo Viking 12000 Puffs Eldobhat\u00f3 Vape Nagykeresked\u00e9s Citrom Barack\" width=\"800\" height=\"800\" srcset=\"https:\/\/www.vape4wholesale.com\/wp-content\/uploads\/2024\/07\/Vapsolo-Viking-12000-Puffs-Disposable-Vape-Wholesale-Lemon-Peach.jpg 800w, https:\/\/www.vape4wholesale.com\/wp-content\/uploads\/2024\/07\/Vapsolo-Viking-12000-Puffs-Disposable-Vape-Wholesale-Lemon-Peach-247x247.jpg 247w, https:\/\/www.vape4wholesale.com\/wp-content\/uploads\/2024\/07\/Vapsolo-Viking-12000-Puffs-Disposable-Vape-Wholesale-Lemon-Peach-100x100.jpg 100w, https:\/\/www.vape4wholesale.com\/wp-content\/uploads\/2024\/07\/Vapsolo-Viking-12000-Puffs-Disposable-Vape-Wholesale-Lemon-Peach-510x510.jpg 510w, https:\/\/www.vape4wholesale.com\/wp-content\/uploads\/2024\/07\/Vapsolo-Viking-12000-Puffs-Disposable-Vape-Wholesale-Lemon-Peach-64x64.jpg 64w, https:\/\/www.vape4wholesale.com\/wp-content\/uploads\/2024\/07\/Vapsolo-Viking-12000-Puffs-Disposable-Vape-Wholesale-Lemon-Peach-300x300.jpg 300w, https:\/\/www.vape4wholesale.com\/wp-content\/uploads\/2024\/07\/Vapsolo-Viking-12000-Puffs-Disposable-Vape-Wholesale-Lemon-Peach-150x150.jpg 150w, https:\/\/www.vape4wholesale.com\/wp-content\/uploads\/2024\/07\/Vapsolo-Viking-12000-Puffs-Disposable-Vape-Wholesale-Lemon-Peach-768x768.jpg 768w, https:\/\/www.vape4wholesale.com\/wp-content\/uploads\/2024\/07\/Vapsolo-Viking-12000-Puffs-Disposable-Vape-Wholesale-Lemon-Peach-12x12.jpg 12w\" sizes=\"auto, (max-width: 800px) 100vw, 800px\" \/><figcaption id=\"caption-attachment-16422\" class=\"wp-caption-text\">Vapsolo Viking 12000 Puffs Eldobhat\u00f3 Vape nagykereskedelem<\/figcaption><\/figure>\n<h2>MI\u00c9RT MI?<\/h2>\r\n<ul>\r\n<li>Val\u00f3di, megb\u00edzhat\u00f3 \u00e9s professzion\u00e1lis vape forr\u00e1s.<\/li>\r\n<li>100% Eredeti garancia: Csak eredeti \u00e9s val\u00f3di term\u00e9keket biztos\u00edtunk, elutas\u00edtjuk a hamis\u00edt\u00e1st.<\/li>\r\n<li>100% Sz\u00e1ll\u00edt\u00e1si garancia: A legjobb sz\u00e1ll\u00edt\u00e1si m\u00f3dszerrel biztos\u00edtjuk, hogy \u00d6n megkapja a 100% megrendel\u00e9st.<\/li>\r\n<li>A sz\u00e1ll\u00edt\u00e1s ut\u00e1n megadjuk \u00d6nnek a nyomon k\u00f6vet\u00e9si sz\u00e1mot \u00e9s a sz\u00e1ll\u00edt\u00e1si c\u00edmk\u00e9t, \u00e9s nyomon k\u00f6vetj\u00fck az \u00e1rut az \u00d6n sz\u00e1m\u00e1ra, am\u00edg al\u00e1 nem \u00edrja azt.<\/li>\r\n<li>Nincsenek v\u00e1mprobl\u00e9m\u00e1k, nincsenek v\u00e1mok<\/li>\r\n<\/ul>","protected":false},"excerpt":{"rendered":"<p><b><span style=\"color: #00a859;\">Free shipping<\/span>\u00a0from Europe warehouse, 7-15 working days delivery time.<\/b><\/p>\r\n<div class=\"wsppc_div_block woocommerce_before_add_to_cart_form\">\r\n<p><strong>Clear customs before delivery &amp; 100% Delivery Guarantee<\/strong><\/p>\r\n<\/div>","protected":false},"featured_media":16419,"comment_status":"open","ping_status":"closed","template":"","meta":[],"pwb-brand":[1271],"product_cat":[871],"product_tag":[22,24,556,877,899],"class_list":{"0":"post-16414","1":"product","2":"type-product","3":"status-publish","4":"has-post-thumbnail","6":"pwb-brand-vapsolo","7":"product_cat-10-15k-puffs","8":"product_tag-disposable","9":"product_tag-wholesale","10":"product_tag-12000-puffs","11":"product_tag-22-0ml","12":"product_tag-vapsolo","13":"product_shipping_class-vapsolo-cn-eu","14":"wcpa_has_options","16":"first","17":"outofstock","18":"shipping-taxable","19":"purchasable","20":"product-type-variable"},"aioseo_notices":[],"brands":[{"id":1271,"name":"Vapsolo","slug":"vapsolo"}],"_links":{"self":[{"href":"https:\/\/www.vape4wholesale.com\/hu\/wp-json\/wp\/v2\/product\/16414","targetHints":{"allow":["GET"]}}],"collection":[{"href":"https:\/\/www.vape4wholesale.com\/hu\/wp-json\/wp\/v2\/product"}],"about":[{"href":"https:\/\/www.vape4wholesale.com\/hu\/wp-json\/wp\/v2\/types\/product"}],"replies":[{"embeddable":true,"href":"https:\/\/www.vape4wholesale.com\/hu\/wp-json\/wp\/v2\/comments?post=16414"}],"wp:featuredmedia":[{"embeddable":true,"href":"https:\/\/www.vape4wholesale.com\/hu\/wp-json\/wp\/v2\/media\/16419"}],"wp:attachment":[{"href":"https:\/\/www.vape4wholesale.com\/hu\/wp-json\/wp\/v2\/media?parent=16414"}],"wp:term":[{"taxonomy":"pwb-brand","embeddable":true,"href":"https:\/\/www.vape4wholesale.com\/hu\/wp-json\/wp\/v2\/pwb-brand?post=16414"},{"taxonomy":"product_cat","embeddable":true,"href":"https:\/\/www.vape4wholesale.com\/hu\/wp-json\/wp\/v2\/product_cat?post=16414"},{"taxonomy":"product_tag","embeddable":true,"href":"https:\/\/www.vape4wholesale.com\/hu\/wp-json\/wp\/v2\/product_tag?post=16414"}],"curies":[{"name":"wp","href":"https:\/\/api.w.org\/{rel}","templated":true}]}}