{"id":16238,"date":"2024-07-19T21:24:00","date_gmt":"2024-07-19T13:24:00","guid":{"rendered":"https:\/\/www.vape4wholesale.com\/?post_type=product&#038;p=16238"},"modified":"2026-01-27T14:50:06","modified_gmt":"2026-01-27T14:50:06","slug":"bang-mechanikus-fogaskerek-20000-puffs-eldobhato-vape-nagykereskedelmi","status":"publish","type":"product","link":"https:\/\/www.vape4wholesale.com\/hu\/product\/bang-mechanical-gear-20000-puffs-disposable-vape-wholesale","title":{"rendered":"Bang mechanikus fogasker\u00e9k 20000 Puffs eldobhat\u00f3 Vape nagykereskedelem"},"content":{"rendered":"<p>a Bang Mechanical Gear 20000 h\u0171v\u00f6s desgined eldobhat\u00f3 Vape mechanikus fogasker\u00e9kkel, amely a p\u00e1rolg\u00e1s sor\u00e1n elfordul, 25ml eliquid \u00e9s 550mAh \u00fajrat\u00f6lthet\u0151 akkumul\u00e1torral \u00e9p\u00fcl, amely ak\u00e1r 20000 Puffs-ot is t\u00e1mogat.<\/p>\n<p>T\u00f6meges rendel\u00e9s a sz\u00e9les v\u00e1laszt\u00e9k 16 \u00edz Bang Mechanical Gear vape 0%, 2%, 3%, 5% nikotin a legjobb \u00e1ron \u00e9s gyors sz\u00e1ll\u00edt\u00e1ssal.<\/p>\n<h2><strong>Bang Mechanical Gear 20000 Vape jellemz\u0151k<\/strong><\/h2>\n<ul>\n<li>Puff: 20000 puffan\u00e1sig<\/li>\n<li>eLiquid: 25 ml el\u0151re t\u00f6lt\u00f6tt e-liquid<\/li>\n<li>Nikotin: Nikotin s\u00f3: 0%\/ 2%\/ 3%\/ 5%\/ 5%Nikotin s\u00f3<\/li>\n<li>T\u00edpusok: eldobhat\u00f3<\/li>\n<li>500mAh akkumul\u00e1tor<\/li>\n<li>LED k\u00e9perny\u0151<\/li>\n<li>C t\u00edpus\u00fa \u00fajrat\u00f6lthet\u0151<\/li>\n<li>12 \u00edz el\u00e9rhet\u0151<\/li>\n<\/ul>\n<p>&nbsp;<\/p>\n<h2><strong>\u00cdzek list\u00e1ja<\/strong><\/h2>\n<p>1.Eper mang\u00f3<br \/>\n2.Energy Drink<br \/>\n3.Blueberry cseresznye limon\u00e1d\u00e9<br \/>\n4.Black s\u00e1rk\u00e1ny j\u00e9g<br \/>\n5.Peach j\u00e9g<br \/>\n6.Eper ban\u00e1n<br \/>\n7.Mix gy\u00fcm\u00f6lcs<br \/>\n8.Blueberry Ice<br \/>\n9.Watermelon Ice<br \/>\n10.Eper Kiwi<br \/>\n11.Bleueberry m\u00e1lna<br \/>\n12.Eper g\u00f6r\u00f6gdinnye<\/p>\n<figure id=\"attachment_16239\" aria-describedby=\"caption-attachment-16239\" style=\"width: 800px\" class=\"wp-caption alignnone\"><img loading=\"lazy\" decoding=\"async\" class=\"size-full wp-image-16239\" title=\"Bang Mechanical Gear 20000 Puffs eldobhat\u00f3 Vape nagykereskedelem (5)\" src=\"https:\/\/www.vape4wholesale.com\/wp-content\/uploads\/2024\/07\/Bang-Mechanical-Gear-20000-Puffs-Disposable-Vape-Wholesale-5.jpg\" alt=\"Bang Mechanical Gear 20000 Puffs eldobhat\u00f3 Vape nagykereskedelem (5)\" width=\"800\" height=\"800\" srcset=\"https:\/\/www.vape4wholesale.com\/wp-content\/uploads\/2024\/07\/Bang-Mechanical-Gear-20000-Puffs-Disposable-Vape-Wholesale-5.jpg 800w, https:\/\/www.vape4wholesale.com\/wp-content\/uploads\/2024\/07\/Bang-Mechanical-Gear-20000-Puffs-Disposable-Vape-Wholesale-5-247x247.jpg 247w, https:\/\/www.vape4wholesale.com\/wp-content\/uploads\/2024\/07\/Bang-Mechanical-Gear-20000-Puffs-Disposable-Vape-Wholesale-5-100x100.jpg 100w, https:\/\/www.vape4wholesale.com\/wp-content\/uploads\/2024\/07\/Bang-Mechanical-Gear-20000-Puffs-Disposable-Vape-Wholesale-5-510x510.jpg 510w, https:\/\/www.vape4wholesale.com\/wp-content\/uploads\/2024\/07\/Bang-Mechanical-Gear-20000-Puffs-Disposable-Vape-Wholesale-5-64x64.jpg 64w, https:\/\/www.vape4wholesale.com\/wp-content\/uploads\/2024\/07\/Bang-Mechanical-Gear-20000-Puffs-Disposable-Vape-Wholesale-5-300x300.jpg 300w, https:\/\/www.vape4wholesale.com\/wp-content\/uploads\/2024\/07\/Bang-Mechanical-Gear-20000-Puffs-Disposable-Vape-Wholesale-5-150x150.jpg 150w, https:\/\/www.vape4wholesale.com\/wp-content\/uploads\/2024\/07\/Bang-Mechanical-Gear-20000-Puffs-Disposable-Vape-Wholesale-5-768x768.jpg 768w\" sizes=\"auto, (max-width: 800px) 100vw, 800px\" \/><figcaption id=\"caption-attachment-16239\" class=\"wp-caption-text\">Bang mechanikus fogasker\u00e9k 20000 Puffs eldobhat\u00f3 Vape nagykereskedelem<\/figcaption><\/figure>\n<h2>MI\u00c9RT MI?<\/h2>\r\n<ul>\r\n<li>Val\u00f3di, megb\u00edzhat\u00f3 \u00e9s professzion\u00e1lis vape forr\u00e1s.<\/li>\r\n<li>100% Eredeti garancia: Csak eredeti \u00e9s val\u00f3di term\u00e9keket biztos\u00edtunk, elutas\u00edtjuk a hamis\u00edt\u00e1st.<\/li>\r\n<li>100% Sz\u00e1ll\u00edt\u00e1si garancia: A legjobb sz\u00e1ll\u00edt\u00e1si m\u00f3dszerrel biztos\u00edtjuk, hogy \u00d6n megkapja a 100% megrendel\u00e9st.<\/li>\r\n<li>A sz\u00e1ll\u00edt\u00e1s ut\u00e1n megadjuk \u00d6nnek a nyomon k\u00f6vet\u00e9si sz\u00e1mot \u00e9s a sz\u00e1ll\u00edt\u00e1si c\u00edmk\u00e9t, \u00e9s nyomon k\u00f6vetj\u00fck az \u00e1rut az \u00d6n sz\u00e1m\u00e1ra, am\u00edg al\u00e1 nem \u00edrja azt.<\/li>\r\n<li>Nincsenek v\u00e1mprobl\u00e9m\u00e1k, nincsenek v\u00e1mok<\/li>\r\n<\/ul>","protected":false},"excerpt":{"rendered":"<div class=\"wsppc_div_block woocommerce_before_add_to_cart_form\">\r\n<p><strong><span style=\"color: #00a859;\">V\u00e1mvizsg\u00e1lat<\/span> sz\u00e1ll\u00edt\u00e1s el\u0151tt \u00e9s 100% Sz\u00e1ll\u00edt\u00e1si garancia, Sz\u00e1ll\u00edt\u00e1s kb. 19-25 napon bel\u00fcl.\u00a0<\/strong><\/p>\r\n<\/div>","protected":false},"featured_media":16244,"comment_status":"open","ping_status":"closed","template":"","meta":[],"pwb-brand":[1275],"product_cat":[873],"product_tag":[22,24,249,692,794],"class_list":{"0":"post-16238","1":"product","2":"type-product","3":"status-publish","4":"has-post-thumbnail","6":"pwb-brand-bang","7":"product_cat-above-20k-puffs","8":"product_tag-disposable","9":"product_tag-wholesale","10":"product_tag-bang","11":"product_tag-25-0ml","12":"product_tag-20000-puffs","13":"wcpa_has_options","15":"first","16":"outofstock","17":"shipping-taxable","18":"purchasable","19":"product-type-variable"},"aioseo_notices":[],"brands":[{"id":1275,"name":"Bang","slug":"bang"}],"_links":{"self":[{"href":"https:\/\/www.vape4wholesale.com\/hu\/wp-json\/wp\/v2\/product\/16238","targetHints":{"allow":["GET"]}}],"collection":[{"href":"https:\/\/www.vape4wholesale.com\/hu\/wp-json\/wp\/v2\/product"}],"about":[{"href":"https:\/\/www.vape4wholesale.com\/hu\/wp-json\/wp\/v2\/types\/product"}],"replies":[{"embeddable":true,"href":"https:\/\/www.vape4wholesale.com\/hu\/wp-json\/wp\/v2\/comments?post=16238"}],"wp:featuredmedia":[{"embeddable":true,"href":"https:\/\/www.vape4wholesale.com\/hu\/wp-json\/wp\/v2\/media\/16244"}],"wp:attachment":[{"href":"https:\/\/www.vape4wholesale.com\/hu\/wp-json\/wp\/v2\/media?parent=16238"}],"wp:term":[{"taxonomy":"pwb-brand","embeddable":true,"href":"https:\/\/www.vape4wholesale.com\/hu\/wp-json\/wp\/v2\/pwb-brand?post=16238"},{"taxonomy":"product_cat","embeddable":true,"href":"https:\/\/www.vape4wholesale.com\/hu\/wp-json\/wp\/v2\/product_cat?post=16238"},{"taxonomy":"product_tag","embeddable":true,"href":"https:\/\/www.vape4wholesale.com\/hu\/wp-json\/wp\/v2\/product_tag?post=16238"}],"curies":[{"name":"wp","href":"https:\/\/api.w.org\/{rel}","templated":true}]}}