{"id":16121,"date":"2024-07-02T15:07:00","date_gmt":"2024-07-02T07:07:00","guid":{"rendered":"https:\/\/www.vape4wholesale.com\/?post_type=product&#038;p=16121"},"modified":"2026-01-27T14:55:36","modified_gmt":"2026-01-27T14:55:36","slug":"fihp-monster-shisha-12000-puff-eldobhato-vape-nagykereskedes","status":"publish","type":"product","link":"https:\/\/www.vape4wholesale.com\/hu\/termek\/fihp-monster-shisha-12000-puff-eldobhato-vape-nagykereskedes","title":{"rendered":"FIHP Monster Shisha 12000 Puffs Eldobhat\u00f3 Vape nagykereskedelem"},"content":{"rendered":"<p>A FIHP Monster egy sz\u00e9p kialak\u00edt\u00e1s\u00fa Shisha Hookah eldobhat\u00f3 vape, sz\u00ednes b\u0151rbe csomagolt k\u00fcls\u0151vel \u00e9s led k\u00e9perny\u0151vel. 650mah \u00fajrat\u00f6lthet\u0151 akkumul\u00e1torral \u00e9s 20ml eliquiddel \u00e9p\u00fcl, amely t\u00e1mogatja a max 12000 puffot.<\/p>\n<p>T\u00f6meges rendel\u00e9s a 10 \u00edz\u0171 FIHP Monster a legjobb \u00e1ron \u00e9s gyors sz\u00e1ll\u00edt\u00e1ssal.<\/p>\n<h2><strong>FIHP Monster Shisha 12000 Puffs Term\u00e9kjellemz\u0151k<\/strong><\/h2>\n<ul>\n<li><strong>Puffok<\/strong>: \u00c9lvezze a k\u00e9sz\u00fcl\u00e9kenk\u00e9nti ak\u00e1r 12000 slukkot, biztos\u00edtva a tart\u00f3s el\u00e9gedetts\u00e9get.<\/li>\n<li><strong>Core<\/strong>: A legmodernebb 0,6ohm-os h\u00e1l\u00f3s tekerccsel felszerelve a sima, egyenletes g\u0151ztermel\u00e9s \u00e9rdek\u00e9ben.<\/li>\n<li><strong>E-folyad\u00e9k<\/strong>: Nagyvonal\u00fa 22 ml e-folyad\u00e9kot tartalmaz k\u00e9sz\u00fcl\u00e9kenk\u00e9nt, amely gazdag \u00edzvil\u00e1got \u00e9s hosszan tart\u00f3 \u00e9lvezetet biztos\u00edt.<\/li>\n<li><strong>Nikotin<\/strong>: Alacsony nikotintartalom 6 mg, ide\u00e1lis azok sz\u00e1m\u00e1ra, akik enyh\u00e9bb p\u00e1rologtat\u00e1si \u00e9lm\u00e9nyt keresnek.<\/li>\n<li><strong>Akkumul\u00e1tor<\/strong>: Robusztus 650mAh-s akkumul\u00e1torral m\u0171k\u00f6dik, amely biztos\u00edtja a megb\u00edzhat\u00f3s\u00e1got \u00e9s a hosszabb haszn\u00e1latot.<\/li>\n<li><strong>\u00dajrat\u00f6lthet\u0151<\/strong>: C-t\u00edpus\u00fa gyorst\u00f6lt\u00e9si k\u00e9pess\u00e9ggel a k\u00e9nyelmes \u00e9s gyors \u00fajrat\u00f6lt\u00e9s \u00e9rdek\u00e9ben.<\/li>\n<li><strong>LED kijelz\u0151<\/strong>: Intuit\u00edv LED-kijelz\u0151vel rendelkezik, amely j\u00f3l l\u00e1that\u00f3v\u00e1 teszi az akkumul\u00e1tor \u00e9lettartam\u00e1t \u00e9s a haszn\u00e1lati statisztik\u00e1kat.<\/li>\n<\/ul>\n<h2><strong>\u00cdzek list\u00e1ja<\/strong><\/h2>\n<ol>\n<li><strong>G\u00f6r\u00f6gdinnye j\u00e9g<\/strong>: Ropog\u00f3s g\u00f6r\u00f6gdinnye friss\u00edt\u0151 jeges befejez\u00e9ssel, t\u00f6k\u00e9letes a forr\u00f3 napokon.<\/li>\n<li><strong>Sz\u0151l\u0151 j\u00e9g<\/strong>: L\u00e9d\u00fas sz\u0151l\u0151, h\u0171s\u00edt\u0151 mentolos csavarral kombin\u00e1lva, egy kellemes eg\u00e9sz napos vape.<\/li>\n<li><strong>\u00c1fonya m\u00e1lna<\/strong>: Az \u00e9des \u00e1fonya \u00e9s a fanyar m\u00e1lna harmonikus kever\u00e9ke, egy gy\u00fcm\u00f6lcs\u00f6s robban\u00e1s.<\/li>\n<li><strong>Eper Kiwi<\/strong>: \u00c9rett eper \u00e9s fanyar kivi, egy klasszikus kombin\u00e1ci\u00f3.<\/li>\n<li><strong>Vegyes bogy\u00f3s gy\u00fcm\u00f6lcs\u00f6k<\/strong>: Term\u00e9szetes \u00e9dess\u00e9ggel teli v\u00e1logatott bogy\u00f3s gy\u00fcm\u00f6lcs\u00f6k, a bogy\u00f3s gy\u00fcm\u00f6lcs\u00f6k szerelmeseinek \u00e1lma.<\/li>\n<li><strong>Eper g\u00f6r\u00f6gdinnye<\/strong>: \u00c9des eper l\u00e9d\u00fas g\u00f6r\u00f6gdinny\u00e9vel keverve, a ny\u00e1r kedvence.<\/li>\n<li><strong>G\u00f6r\u00f6gdinnye Bubblegum<\/strong>: L\u00e9d\u00fas g\u00f6r\u00f6gdinnye nosztalgikus r\u00e1g\u00f3gumi \u00edzzel \u00e1titatva, j\u00e1t\u00e9kos \u00e9lvezet.<\/li>\n<li><strong>Barackos mang\u00f3 anan\u00e1sz<\/strong>: Tr\u00f3pusi paradicsom \u00e9rett mang\u00f3val, zamatos \u0151szibarackkal \u00e9s fanyar anan\u00e1sszal.<\/li>\n<li><strong>Kiwi Golgotavir\u00e1g Guava<\/strong>: A kiwi, a maracuja \u00e9s a guava egzotikus kever\u00e9ke a tr\u00f3pusi menek\u00fcl\u00e9shez.<\/li>\n<li><strong>Eper m\u00e1lna cseresznye<\/strong>: Eper, m\u00e1lna \u00e9s cseresznye vibr\u00e1l\u00f3 kever\u00e9ke, amely tele van gy\u00fcm\u00f6lcs\u00f6s finoms\u00e1ggal.<\/li>\n<\/ol>\n<figure id=\"attachment_16133\" aria-describedby=\"caption-attachment-16133\" style=\"width: 800px\" class=\"wp-caption alignnone\"><img loading=\"lazy\" decoding=\"async\" class=\"wp-image-16133 size-full\" title=\"FIHP Monster Shisha 12000 Puffs Eldobhat\u00f3 Vape nagykereskedelem (12)\" src=\"https:\/\/www.vape4wholesale.com\/wp-content\/uploads\/2024\/07\/FIHP-Monster-Shisha-12000-Puffs-Disposable-Vape-Wholesale-12.webp\" alt=\"FIHP Monster Shisha 12000 Puffs Eldobhat\u00f3 Vape nagykereskedelem (12)\" width=\"800\" height=\"800\" srcset=\"https:\/\/www.vape4wholesale.com\/wp-content\/uploads\/2024\/07\/FIHP-Monster-Shisha-12000-Puffs-Disposable-Vape-Wholesale-12.webp 800w, https:\/\/www.vape4wholesale.com\/wp-content\/uploads\/2024\/07\/FIHP-Monster-Shisha-12000-Puffs-Disposable-Vape-Wholesale-12-247x247.webp 247w, https:\/\/www.vape4wholesale.com\/wp-content\/uploads\/2024\/07\/FIHP-Monster-Shisha-12000-Puffs-Disposable-Vape-Wholesale-12-100x100.webp 100w, https:\/\/www.vape4wholesale.com\/wp-content\/uploads\/2024\/07\/FIHP-Monster-Shisha-12000-Puffs-Disposable-Vape-Wholesale-12-510x510.webp 510w, https:\/\/www.vape4wholesale.com\/wp-content\/uploads\/2024\/07\/FIHP-Monster-Shisha-12000-Puffs-Disposable-Vape-Wholesale-12-64x64.webp 64w, https:\/\/www.vape4wholesale.com\/wp-content\/uploads\/2024\/07\/FIHP-Monster-Shisha-12000-Puffs-Disposable-Vape-Wholesale-12-300x300.webp 300w, https:\/\/www.vape4wholesale.com\/wp-content\/uploads\/2024\/07\/FIHP-Monster-Shisha-12000-Puffs-Disposable-Vape-Wholesale-12-150x150.webp 150w, https:\/\/www.vape4wholesale.com\/wp-content\/uploads\/2024\/07\/FIHP-Monster-Shisha-12000-Puffs-Disposable-Vape-Wholesale-12-768x768.webp 768w\" sizes=\"auto, (max-width: 800px) 100vw, 800px\" \/><figcaption id=\"caption-attachment-16133\" class=\"wp-caption-text\">FIHP Monster Shisha 12000 Puffs Eldobhat\u00f3 Vape nagykereskedelem<\/figcaption><\/figure>\n<p><img loading=\"lazy\" decoding=\"async\" class=\"alignnone size-full wp-image-16135\" title=\"FIHP Monster Shisha 12000 Puffs Eldobhat\u00f3 Vape nagykereskedelem\" src=\"https:\/\/www.vape4wholesale.com\/wp-content\/uploads\/2024\/07\/FIHP-Monster-Shisha-12000-Puffs-Disposable-Vape-Wholesale.webp\" alt=\"FIHP Monster Shisha 12000 Puffs Eldobhat\u00f3 Vape nagykereskedelem\" width=\"800\" height=\"800\" srcset=\"https:\/\/www.vape4wholesale.com\/wp-content\/uploads\/2024\/07\/FIHP-Monster-Shisha-12000-Puffs-Disposable-Vape-Wholesale.webp 800w, https:\/\/www.vape4wholesale.com\/wp-content\/uploads\/2024\/07\/FIHP-Monster-Shisha-12000-Puffs-Disposable-Vape-Wholesale-247x247.webp 247w, https:\/\/www.vape4wholesale.com\/wp-content\/uploads\/2024\/07\/FIHP-Monster-Shisha-12000-Puffs-Disposable-Vape-Wholesale-100x100.webp 100w, https:\/\/www.vape4wholesale.com\/wp-content\/uploads\/2024\/07\/FIHP-Monster-Shisha-12000-Puffs-Disposable-Vape-Wholesale-510x510.webp 510w, https:\/\/www.vape4wholesale.com\/wp-content\/uploads\/2024\/07\/FIHP-Monster-Shisha-12000-Puffs-Disposable-Vape-Wholesale-64x64.webp 64w, https:\/\/www.vape4wholesale.com\/wp-content\/uploads\/2024\/07\/FIHP-Monster-Shisha-12000-Puffs-Disposable-Vape-Wholesale-300x300.webp 300w, https:\/\/www.vape4wholesale.com\/wp-content\/uploads\/2024\/07\/FIHP-Monster-Shisha-12000-Puffs-Disposable-Vape-Wholesale-150x150.webp 150w, https:\/\/www.vape4wholesale.com\/wp-content\/uploads\/2024\/07\/FIHP-Monster-Shisha-12000-Puffs-Disposable-Vape-Wholesale-768x768.webp 768w\" sizes=\"auto, (max-width: 800px) 100vw, 800px\" \/> <img loading=\"lazy\" decoding=\"async\" class=\"alignnone size-full wp-image-16134\" title=\"FIHP Monster Shisha 12000 Puffs Eldobhat\u00f3 Vape nagykereskedelem (13)\" src=\"https:\/\/www.vape4wholesale.com\/wp-content\/uploads\/2024\/07\/FIHP-Monster-Shisha-12000-Puffs-Disposable-Vape-Wholesale-13.webp\" alt=\"FIHP Monster Shisha 12000 Puffs Eldobhat\u00f3 Vape nagykereskedelem (13)\" width=\"800\" height=\"800\" srcset=\"https:\/\/www.vape4wholesale.com\/wp-content\/uploads\/2024\/07\/FIHP-Monster-Shisha-12000-Puffs-Disposable-Vape-Wholesale-13.webp 800w, https:\/\/www.vape4wholesale.com\/wp-content\/uploads\/2024\/07\/FIHP-Monster-Shisha-12000-Puffs-Disposable-Vape-Wholesale-13-247x247.webp 247w, https:\/\/www.vape4wholesale.com\/wp-content\/uploads\/2024\/07\/FIHP-Monster-Shisha-12000-Puffs-Disposable-Vape-Wholesale-13-100x100.webp 100w, https:\/\/www.vape4wholesale.com\/wp-content\/uploads\/2024\/07\/FIHP-Monster-Shisha-12000-Puffs-Disposable-Vape-Wholesale-13-510x510.webp 510w, https:\/\/www.vape4wholesale.com\/wp-content\/uploads\/2024\/07\/FIHP-Monster-Shisha-12000-Puffs-Disposable-Vape-Wholesale-13-64x64.webp 64w, https:\/\/www.vape4wholesale.com\/wp-content\/uploads\/2024\/07\/FIHP-Monster-Shisha-12000-Puffs-Disposable-Vape-Wholesale-13-300x300.webp 300w, https:\/\/www.vape4wholesale.com\/wp-content\/uploads\/2024\/07\/FIHP-Monster-Shisha-12000-Puffs-Disposable-Vape-Wholesale-13-150x150.webp 150w, https:\/\/www.vape4wholesale.com\/wp-content\/uploads\/2024\/07\/FIHP-Monster-Shisha-12000-Puffs-Disposable-Vape-Wholesale-13-768x768.webp 768w\" sizes=\"auto, (max-width: 800px) 100vw, 800px\" \/><\/p>\n<h2>MI\u00c9RT MI?<\/h2>\r\n<ul>\r\n<li>Val\u00f3di, megb\u00edzhat\u00f3 \u00e9s professzion\u00e1lis vape forr\u00e1s.<\/li>\r\n<li>100% Eredeti garancia: Csak eredeti \u00e9s val\u00f3di term\u00e9keket biztos\u00edtunk, elutas\u00edtjuk a hamis\u00edt\u00e1st.<\/li>\r\n<li>100% Sz\u00e1ll\u00edt\u00e1si garancia: A legjobb sz\u00e1ll\u00edt\u00e1si m\u00f3dszerrel biztos\u00edtjuk, hogy \u00d6n megkapja a 100% megrendel\u00e9st.<\/li>\r\n<li>A sz\u00e1ll\u00edt\u00e1s ut\u00e1n megadjuk \u00d6nnek a nyomon k\u00f6vet\u00e9si sz\u00e1mot \u00e9s a sz\u00e1ll\u00edt\u00e1si c\u00edmk\u00e9t, \u00e9s nyomon k\u00f6vetj\u00fck az \u00e1rut az \u00d6n sz\u00e1m\u00e1ra, am\u00edg al\u00e1 nem \u00edrja azt.<\/li>\r\n<li>Nincsenek v\u00e1mprobl\u00e9m\u00e1k, nincsenek v\u00e1mok<\/li>\r\n<\/ul>","protected":false},"excerpt":{"rendered":"<div class=\"wsppc_div_block woocommerce_before_add_to_cart_form\">\r\n<p><strong><span style=\"color: #00a859;\">Clear customs<\/span> before delivery &amp; 100% Delivery Guarantee, Delivery in 19~25 days around.\u00a0<\/strong><\/p>\r\n<\/div>","protected":false},"featured_media":16124,"comment_status":"open","ping_status":"closed","template":"","meta":[],"pwb-brand":[1279],"product_cat":[871],"product_tag":[22,24,556,877,878],"class_list":{"0":"post-16121","1":"product","2":"type-product","3":"status-publish","4":"has-post-thumbnail","6":"pwb-brand-fihp","7":"product_cat-10-15k-puffs","8":"product_tag-disposable","9":"product_tag-wholesale","10":"product_tag-12000-puffs","11":"product_tag-22-0ml","12":"product_tag-fihp","14":"first","15":"instock","16":"shipping-taxable","17":"purchasable","18":"product-type-variable"},"aioseo_notices":[],"brands":[{"id":1279,"name":"FIHP","slug":"fihp"}],"_links":{"self":[{"href":"https:\/\/www.vape4wholesale.com\/hu\/wp-json\/wp\/v2\/product\/16121","targetHints":{"allow":["GET"]}}],"collection":[{"href":"https:\/\/www.vape4wholesale.com\/hu\/wp-json\/wp\/v2\/product"}],"about":[{"href":"https:\/\/www.vape4wholesale.com\/hu\/wp-json\/wp\/v2\/types\/product"}],"replies":[{"embeddable":true,"href":"https:\/\/www.vape4wholesale.com\/hu\/wp-json\/wp\/v2\/comments?post=16121"}],"wp:featuredmedia":[{"embeddable":true,"href":"https:\/\/www.vape4wholesale.com\/hu\/wp-json\/wp\/v2\/media\/16124"}],"wp:attachment":[{"href":"https:\/\/www.vape4wholesale.com\/hu\/wp-json\/wp\/v2\/media?parent=16121"}],"wp:term":[{"taxonomy":"pwb-brand","embeddable":true,"href":"https:\/\/www.vape4wholesale.com\/hu\/wp-json\/wp\/v2\/pwb-brand?post=16121"},{"taxonomy":"product_cat","embeddable":true,"href":"https:\/\/www.vape4wholesale.com\/hu\/wp-json\/wp\/v2\/product_cat?post=16121"},{"taxonomy":"product_tag","embeddable":true,"href":"https:\/\/www.vape4wholesale.com\/hu\/wp-json\/wp\/v2\/product_tag?post=16121"}],"curies":[{"name":"wp","href":"https:\/\/api.w.org\/{rel}","templated":true}]}}