{"id":1604,"date":"2021-12-15T12:57:31","date_gmt":"2021-12-15T04:57:31","guid":{"rendered":"https:\/\/www.vape4wholesale.com\/?post_type=product&#038;p=1604"},"modified":"2026-01-26T13:43:50","modified_gmt":"2026-01-26T13:43:50","slug":"lavie-bar-2-nikotinmentes-eldobhato-vape-800-puff-nagykereskedelem","status":"publish","type":"product","link":"https:\/\/www.vape4wholesale.com\/hu\/product\/lavie-bar-2-nicotine-free-disposable-vape-800-puffs-wholesale","title":{"rendered":"Lavie Bar 2% \/ nikotinmentes eldobhat\u00f3 Vape (800 Puffs) Nagykereskedelem"},"content":{"rendered":"<p>A <a href=\"https:\/\/www.vape4wholesale.com\/hu\/product_brand\/lavie\/\">Lavie<\/a> A 2% \/ nikotinmentes v\u00e1ltozat megfelel a legt\u00f6bb EU orsz\u00e1g k\u00f6vetelm\u00e9nyeinek, valamint azoknak, akiknek k\u00f6nnyebb \u00edz\u0171 p\u00e1rologtat\u00f3kra van sz\u00fcks\u00e9g\u00fck, 450mah akkumul\u00e1torral rendelkezik, amely 800 puffot b\u00edr ki, az e-folyad\u00e9k 3,2ml 2% vagy 0% nikotin er\u0151ss\u00e9ggel.<\/p>\n<p><strong>\u00cdZEK:<\/strong><\/p>\n<p>Kokt\u00e9l, Cool menta, k\u00f3la, \u00e1fonya, mix bogy\u00f3, sz\u0151l\u0151 j\u00e9g,<br \/>\nDinny\u00e9s k\u00f3kusz, Barackos j\u00e9g, R\u00f3zsasz\u00edn limon\u00e1d\u00e9, G\u00f6r\u00f6gdinnye-eper.<\/p>\n<p><strong>Csomagol\u00e1s:<\/strong><\/p>\n<p>egyenk\u00e9nt kis csomagol\u00e1sban, 10 db k\u00f6zepes dobozban.<br \/>\n300 db \/ mester karton, 11.5KG<\/p>\n<p><img loading=\"lazy\" decoding=\"async\" class=\"alignnone size-full wp-image-13436\" title=\"Lavie Bar 2 eldobhat\u00f3 Vape 800 Puffs nagykereskedelmi r\u00e9szlet 2\" src=\"https:\/\/www.vape4wholesale.com\/wp-content\/uploads\/2021\/12\/Lavie-Bar-2-Disposable-Vape-800-Puffs-Wholesale_Detail_2.jpg\" alt=\"Lavie Bar 2 eldobhat\u00f3 Vape 800 Puffs nagykereskedelmi r\u00e9szlet 2\" width=\"800\" height=\"1076\" srcset=\"https:\/\/www.vape4wholesale.com\/wp-content\/uploads\/2021\/12\/Lavie-Bar-2-Disposable-Vape-800-Puffs-Wholesale_Detail_2.jpg 800w, https:\/\/www.vape4wholesale.com\/wp-content\/uploads\/2021\/12\/Lavie-Bar-2-Disposable-Vape-800-Puffs-Wholesale_Detail_2-510x686.jpg 510w, https:\/\/www.vape4wholesale.com\/wp-content\/uploads\/2021\/12\/Lavie-Bar-2-Disposable-Vape-800-Puffs-Wholesale_Detail_2-64x86.jpg 64w, https:\/\/www.vape4wholesale.com\/wp-content\/uploads\/2021\/12\/Lavie-Bar-2-Disposable-Vape-800-Puffs-Wholesale_Detail_2-223x300.jpg 223w, https:\/\/www.vape4wholesale.com\/wp-content\/uploads\/2021\/12\/Lavie-Bar-2-Disposable-Vape-800-Puffs-Wholesale_Detail_2-761x1024.jpg 761w, https:\/\/www.vape4wholesale.com\/wp-content\/uploads\/2021\/12\/Lavie-Bar-2-Disposable-Vape-800-Puffs-Wholesale_Detail_2-768x1033.jpg 768w\" sizes=\"auto, (max-width: 800px) 100vw, 800px\" \/> \u00a0 \u00a0\u00a0<img loading=\"lazy\" decoding=\"async\" class=\"alignnone size-full wp-image-13450\" title=\"Lavie Bar 2 eldobhat\u00f3 Vape 800 Puffs nagykereskedelem\" src=\"https:\/\/www.vape4wholesale.com\/wp-content\/uploads\/2021\/12\/Lavie-Bar-2-Disposable-Vape-800-Puffs-Wholesale.jpg\" alt=\"Lavie Bar 2 eldobhat\u00f3 Vape 800 Puffs nagykereskedelem\" width=\"1000\" height=\"1000\" srcset=\"https:\/\/www.vape4wholesale.com\/wp-content\/uploads\/2021\/12\/Lavie-Bar-2-Disposable-Vape-800-Puffs-Wholesale.jpg 1000w, https:\/\/www.vape4wholesale.com\/wp-content\/uploads\/2021\/12\/Lavie-Bar-2-Disposable-Vape-800-Puffs-Wholesale-247x247.jpg 247w, https:\/\/www.vape4wholesale.com\/wp-content\/uploads\/2021\/12\/Lavie-Bar-2-Disposable-Vape-800-Puffs-Wholesale-100x100.jpg 100w, https:\/\/www.vape4wholesale.com\/wp-content\/uploads\/2021\/12\/Lavie-Bar-2-Disposable-Vape-800-Puffs-Wholesale-510x510.jpg 510w, https:\/\/www.vape4wholesale.com\/wp-content\/uploads\/2021\/12\/Lavie-Bar-2-Disposable-Vape-800-Puffs-Wholesale-64x64.jpg 64w, https:\/\/www.vape4wholesale.com\/wp-content\/uploads\/2021\/12\/Lavie-Bar-2-Disposable-Vape-800-Puffs-Wholesale-300x300.jpg 300w, https:\/\/www.vape4wholesale.com\/wp-content\/uploads\/2021\/12\/Lavie-Bar-2-Disposable-Vape-800-Puffs-Wholesale-150x150.jpg 150w, https:\/\/www.vape4wholesale.com\/wp-content\/uploads\/2021\/12\/Lavie-Bar-2-Disposable-Vape-800-Puffs-Wholesale-768x768.jpg 768w\" sizes=\"auto, (max-width: 1000px) 100vw, 1000px\" \/> \u00a0<img loading=\"lazy\" decoding=\"async\" class=\"alignnone size-full wp-image-13452\" title=\"Lavie Bar 2 eldobhat\u00f3 Vape 800 Puffs nagykereskedelmi r\u00e9szlet 1\" src=\"https:\/\/www.vape4wholesale.com\/wp-content\/uploads\/2021\/12\/Lavie-Bar-2-Disposable-Vape-800-Puffs-Wholesale_Detail_1.jpg\" alt=\"Lavie Bar 2 eldobhat\u00f3 Vape 800 Puffs nagykereskedelmi r\u00e9szlet 1\" width=\"800\" height=\"643\" srcset=\"https:\/\/www.vape4wholesale.com\/wp-content\/uploads\/2021\/12\/Lavie-Bar-2-Disposable-Vape-800-Puffs-Wholesale_Detail_1.jpg 800w, https:\/\/www.vape4wholesale.com\/wp-content\/uploads\/2021\/12\/Lavie-Bar-2-Disposable-Vape-800-Puffs-Wholesale_Detail_1-510x410.jpg 510w, https:\/\/www.vape4wholesale.com\/wp-content\/uploads\/2021\/12\/Lavie-Bar-2-Disposable-Vape-800-Puffs-Wholesale_Detail_1-64x51.jpg 64w, https:\/\/www.vape4wholesale.com\/wp-content\/uploads\/2021\/12\/Lavie-Bar-2-Disposable-Vape-800-Puffs-Wholesale_Detail_1-300x241.jpg 300w, https:\/\/www.vape4wholesale.com\/wp-content\/uploads\/2021\/12\/Lavie-Bar-2-Disposable-Vape-800-Puffs-Wholesale_Detail_1-768x617.jpg 768w\" sizes=\"auto, (max-width: 800px) 100vw, 800px\" \/><\/p>\n<h2>MI\u00c9RT MI?<\/h2>\r\n<ul>\r\n<li>Val\u00f3di, megb\u00edzhat\u00f3 \u00e9s professzion\u00e1lis vape forr\u00e1s.<\/li>\r\n<li>100% Eredeti garancia: Csak eredeti \u00e9s val\u00f3di term\u00e9keket biztos\u00edtunk, elutas\u00edtjuk a hamis\u00edt\u00e1st.<\/li>\r\n<li>100% Sz\u00e1ll\u00edt\u00e1si garancia: A legjobb sz\u00e1ll\u00edt\u00e1si m\u00f3dszerrel biztos\u00edtjuk, hogy \u00d6n megkapja a 100% megrendel\u00e9st.<\/li>\r\n<li>A sz\u00e1ll\u00edt\u00e1s ut\u00e1n megadjuk \u00d6nnek a nyomon k\u00f6vet\u00e9si sz\u00e1mot \u00e9s a sz\u00e1ll\u00edt\u00e1si c\u00edmk\u00e9t, \u00e9s nyomon k\u00f6vetj\u00fck az \u00e1rut az \u00d6n sz\u00e1m\u00e1ra, am\u00edg al\u00e1 nem \u00edrja azt.<\/li>\r\n<li>Nincsenek v\u00e1mprobl\u00e9m\u00e1k, nincsenek v\u00e1mok<\/li>\r\n<\/ul>","protected":false},"excerpt":{"rendered":"<div class=\"wsppc_div_block woocommerce_before_add_to_cart_form\">\r\n<p><strong><span style=\"color: #00a859;\">V\u00e1mvizsg\u00e1lat<\/span> sz\u00e1ll\u00edt\u00e1s el\u0151tt \u00e9s 100% Sz\u00e1ll\u00edt\u00e1si garancia, Sz\u00e1ll\u00edt\u00e1s kb. 19-25 napon bel\u00fcl.\u00a0<\/strong><\/p>\r\n<\/div>","protected":false},"featured_media":13439,"comment_status":"open","ping_status":"closed","template":"","meta":[],"pwb-brand":[1277],"product_cat":[48],"product_tag":[90,22,24,37,87],"class_list":{"0":"post-1604","1":"product","2":"type-product","3":"status-publish","4":"has-post-thumbnail","6":"pwb-brand-lavie","7":"product_cat-below-2000-puffs","8":"product_tag-800-puffs","9":"product_tag-disposable","10":"product_tag-wholesale","11":"product_tag-lavie","12":"product_tag-3-2ml","13":"wcpa_has_options","15":"first","16":"instock","17":"shipping-taxable","18":"purchasable","19":"product-type-variable"},"aioseo_notices":[],"brands":[{"id":1277,"name":"Lavie","slug":"lavie"}],"_links":{"self":[{"href":"https:\/\/www.vape4wholesale.com\/hu\/wp-json\/wp\/v2\/product\/1604","targetHints":{"allow":["GET"]}}],"collection":[{"href":"https:\/\/www.vape4wholesale.com\/hu\/wp-json\/wp\/v2\/product"}],"about":[{"href":"https:\/\/www.vape4wholesale.com\/hu\/wp-json\/wp\/v2\/types\/product"}],"replies":[{"embeddable":true,"href":"https:\/\/www.vape4wholesale.com\/hu\/wp-json\/wp\/v2\/comments?post=1604"}],"wp:featuredmedia":[{"embeddable":true,"href":"https:\/\/www.vape4wholesale.com\/hu\/wp-json\/wp\/v2\/media\/13439"}],"wp:attachment":[{"href":"https:\/\/www.vape4wholesale.com\/hu\/wp-json\/wp\/v2\/media?parent=1604"}],"wp:term":[{"taxonomy":"pwb-brand","embeddable":true,"href":"https:\/\/www.vape4wholesale.com\/hu\/wp-json\/wp\/v2\/pwb-brand?post=1604"},{"taxonomy":"product_cat","embeddable":true,"href":"https:\/\/www.vape4wholesale.com\/hu\/wp-json\/wp\/v2\/product_cat?post=1604"},{"taxonomy":"product_tag","embeddable":true,"href":"https:\/\/www.vape4wholesale.com\/hu\/wp-json\/wp\/v2\/product_tag?post=1604"}],"curies":[{"name":"wp","href":"https:\/\/api.w.org\/{rel}","templated":true}]}}