{"id":15929,"date":"2025-07-14T23:55:00","date_gmt":"2025-07-14T23:55:00","guid":{"rendered":"https:\/\/www.vape4wholesale.com\/?post_type=product&#038;p=15929"},"modified":"2026-03-15T22:36:40","modified_gmt":"2026-03-15T14:36:40","slug":"randm-tornado-15000-eldobhato-vape-nagykereskedelem","status":"publish","type":"product","link":"https:\/\/www.vape4wholesale.com\/hu\/product\/randm-tornado-15000-disposable-vape-wholesale","title":{"rendered":"Randm Tornado 15000 Eldobhat\u00f3 Vape nagykereskedelem"},"content":{"rendered":"<p>A RandM Tornado 15000 egy \u00fajrat\u00f6lthet\u0151 eldobhat\u00f3 vape k\u00e9sz\u00fcl\u00e9k, amely akkumul\u00e1torral \u00e9s ejuice szint kijelz\u0151vel rendelkezik. Tartalmaz 25ml 0\/2\/3\/5% nikotinos s\u00f3 e-nedvet \u00e9s ak\u00e1r 15000 puffot is sz\u00edvhat. \u00d6sszesen 41 \u00edz k\u00f6z\u00fcl v\u00e1laszthatsz. A k\u00e9sz\u00fcl\u00e9k alj\u00e1n tal\u00e1lhat\u00f3 \u00fajrat\u00f6lthet\u0151 port garant\u00e1lja, hogy mindig befejezze az utols\u00f3 csepp e juice-t a tart\u00e1lyban.<\/p>\n<h2 class=\"p\">RandM Tornado 15000 eldobhat\u00f3 k\u00e9sz\u00fcl\u00e9k jellemz\u0151i:<\/h2>\n<p class=\"p\">0\/2\/3\/5% Nikotin s\u00f3.<br data-filtered=\"filtered\" \/>25ML E-folyad\u00e9k.<br data-filtered=\"filtered\" \/>H\u00e1l\u00f3 tekercs<br data-filtered=\"filtered\" \/>Akkumul\u00e1tor t\u00f6lthet\u0151<br data-filtered=\"filtered\" \/>Integr\u00e1lt 850mAh akkumul\u00e1tor.<br data-filtered=\"filtered\" \/>41 el\u00e9rhet\u0151 \u00edzes\u00edt\u00e9s.<br data-filtered=\"filtered\" \/>10db bemutat\u00f3 dobozban.<br data-filtered=\"filtered\" \/>160db egy kartondobozban.<\/p>\n<h2 class=\"p\">Kaphat\u00f3 \u00edzek:<\/h2>\n<p class=\"p\">01# K\u00e9k Razz limon\u00e1d\u00e9<br \/>\n02# Barack j\u00e9g<br \/>\n03# Savany\u00fa alma<br \/>\n04# G\u00f6r\u00f6gdinnye j\u00e9g<br \/>\n05# \u00c1fonya j\u00e9gen<br \/>\n06# \u00c1fonya m\u00e1lna<br \/>\n07# Anan\u00e1szos j\u00e9g<br \/>\n08# cseresznye<br \/>\n09# Eper j\u00e9g<br \/>\n10# Vimto<br \/>\n11# Grape Ice<br \/>\n12# Cola Ice<br \/>\n13# Eper g\u00f6r\u00f6gdinnye<br \/>\n14# R\u00f3zsasz\u00edn limon\u00e1d\u00e9<br \/>\n15# Vegyes bogy\u00f3s gy\u00fcm\u00f6lcs<br \/>\n16# Barack mang\u00f3<br \/>\n17# S\u00e1rk\u00e1nygy\u00fcm\u00f6lcs<br \/>\n18# Eper-sz\u0151l\u0151<br \/>\n19# Mr Blue<br \/>\n20# Lush Ice<br \/>\n21# Ice Pop<br \/>\n22# Eper Kiwi<br \/>\n23# Kiwi Passi\u00f3gy\u00fcm\u00f6lcs Guava<br \/>\n24# H\u00e1romszoros bogy\u00f3s gy\u00fcm\u00f6lcs<br \/>\n25# Ban\u00e1n j\u00e9g<br \/>\n26# Barackos \u00e1fony\u00e1s cukorka<br \/>\n27# alma barack k\u00f6rte<br \/>\n28# Bogy\u00f3s limon\u00e1d\u00e9<br \/>\n29# K\u00e9k Razz cseresznye<br \/>\n30# \u00c1fonya r\u00e1g\u00f3gumi<br \/>\n31# \u00c1fonya Cseresznye \u00c1fonya<br \/>\n32# \u00c1fonya gr\u00e1n\u00e1talma<br \/>\n33# k\u00e9kesz\u00f6ld m\u00e1lna<br \/>\n34# Cherry Cola<br \/>\n35# Gumimaci<br \/>\n36# Citrom \u00e9s lime<br \/>\n37# Mang\u00f3 j\u00e9gen<br \/>\n38# Red Energy Ice<br \/>\n39# Eper ban\u00e1n<br \/>\n40# Epres Red Bull<br \/>\n41# Eper g\u00f6r\u00f6gdinnye limon\u00e1d\u00e9<br \/>\n42# Jeges tea citromos j\u00e9g<br \/>\n43# J\u00e9gtea Barack j\u00e9g<br \/>\n44# Fizzy Cherry<br \/>\n45# Skittles<br \/>\n46# h\u0171v\u00f6s menta<br \/>\n47# Pina Colada<br \/>\n48# Huckleberry<br \/>\n49# \u00c1fony\u00e1s barack j\u00e9g<br \/>\n50# sz\u0151l\u0151 citrom<br \/>\n51# Fanta<br \/>\n52# Friss mentolos Mojito<br \/>\n53# Aloe citrom bogy\u00f3k<br \/>\n54# Z\u00f6ld alma Citrus Mentol<br \/>\n55# Z\u00f6ld sz\u0151l\u0151 dinnye<br \/>\n56# Kaktusz Kiwi<br \/>\n57# Cola citrom<br \/>\n58# Kaktusz j\u00e9g<br \/>\n59# K\u00e9k Razz gumimack\u00f3<\/p>\n<figure id=\"attachment_15975\" aria-describedby=\"caption-attachment-15975\" style=\"width: 640px\" class=\"wp-caption alignnone\"><img loading=\"lazy\" decoding=\"async\" class=\"size-full wp-image-15975\" title=\"Randm Tornado 15000 eldobhat\u00f3 vape nagykereskedelem (6)\" src=\"https:\/\/www.vape4wholesale.com\/wp-content\/uploads\/2024\/06\/Randm-Tornado-15000-Disposable-Vape-Wholesale-6.webp\" alt=\"Randm Tornado 15000 eldobhat\u00f3 vape nagykereskedelem (6)\" width=\"640\" height=\"640\" srcset=\"https:\/\/www.vape4wholesale.com\/wp-content\/uploads\/2024\/06\/Randm-Tornado-15000-Disposable-Vape-Wholesale-6.webp 640w, https:\/\/www.vape4wholesale.com\/wp-content\/uploads\/2024\/06\/Randm-Tornado-15000-Disposable-Vape-Wholesale-6-247x247.webp 247w, https:\/\/www.vape4wholesale.com\/wp-content\/uploads\/2024\/06\/Randm-Tornado-15000-Disposable-Vape-Wholesale-6-100x100.webp 100w, https:\/\/www.vape4wholesale.com\/wp-content\/uploads\/2024\/06\/Randm-Tornado-15000-Disposable-Vape-Wholesale-6-510x510.webp 510w\" sizes=\"auto, (max-width: 640px) 100vw, 640px\" \/><figcaption id=\"caption-attachment-15975\" class=\"wp-caption-text\">Randm Tornado 15000 Eldobhat\u00f3 Vape nagykereskedelem<\/figcaption><\/figure>\n<h2>MI\u00c9RT MI?<\/h2>\r\n<ul>\r\n<li>Val\u00f3di, megb\u00edzhat\u00f3 \u00e9s professzion\u00e1lis vape forr\u00e1s.<\/li>\r\n<li>100% Eredeti garancia: Csak eredeti \u00e9s val\u00f3di term\u00e9keket biztos\u00edtunk, elutas\u00edtjuk a hamis\u00edt\u00e1st.<\/li>\r\n<li>100% Sz\u00e1ll\u00edt\u00e1si garancia: A legjobb sz\u00e1ll\u00edt\u00e1si m\u00f3dszerrel biztos\u00edtjuk, hogy \u00d6n megkapja a 100% megrendel\u00e9st.<\/li>\r\n<li>A sz\u00e1ll\u00edt\u00e1s ut\u00e1n megadjuk \u00d6nnek a nyomon k\u00f6vet\u00e9si sz\u00e1mot \u00e9s a sz\u00e1ll\u00edt\u00e1si c\u00edmk\u00e9t, \u00e9s nyomon k\u00f6vetj\u00fck az \u00e1rut az \u00d6n sz\u00e1m\u00e1ra, am\u00edg al\u00e1 nem \u00edrja azt.<\/li>\r\n<li>Nincsenek v\u00e1mprobl\u00e9m\u00e1k, nincsenek v\u00e1mok<\/li>\r\n<\/ul>\n<p>&nbsp;<\/p>","protected":false},"excerpt":{"rendered":"<div class=\"wsppc_div_block woocommerce_before_add_to_cart_form\">\r\n<p><strong><span style=\"color: #00a859;\">Clear customs<\/span> before delivery &amp; 100% Delivery Guarantee, Delivery in 19~25 days around.\u00a0<\/strong><\/p>\r\n<\/div>","protected":false},"featured_media":15975,"comment_status":"open","ping_status":"closed","template":"","meta":[],"pwb-brand":[1269],"product_cat":[872],"product_tag":[22,24,180,684,692],"class_list":{"0":"post-15929","1":"product","2":"type-product","3":"status-publish","4":"has-post-thumbnail","6":"pwb-brand-fumot","7":"product_cat-15k-20k-puffs","8":"product_tag-disposable","9":"product_tag-wholesale","10":"product_tag-randm-tornado","11":"product_tag-15000-puffs","12":"product_tag-25-0ml","13":"wcpa_has_options","15":"first","16":"instock","17":"featured","18":"shipping-taxable","19":"purchasable","20":"product-type-variable"},"aioseo_notices":[],"brands":[{"id":1269,"name":"Fumot","slug":"fumot"}],"_links":{"self":[{"href":"https:\/\/www.vape4wholesale.com\/hu\/wp-json\/wp\/v2\/product\/15929","targetHints":{"allow":["GET"]}}],"collection":[{"href":"https:\/\/www.vape4wholesale.com\/hu\/wp-json\/wp\/v2\/product"}],"about":[{"href":"https:\/\/www.vape4wholesale.com\/hu\/wp-json\/wp\/v2\/types\/product"}],"replies":[{"embeddable":true,"href":"https:\/\/www.vape4wholesale.com\/hu\/wp-json\/wp\/v2\/comments?post=15929"}],"wp:featuredmedia":[{"embeddable":true,"href":"https:\/\/www.vape4wholesale.com\/hu\/wp-json\/wp\/v2\/media\/15975"}],"wp:attachment":[{"href":"https:\/\/www.vape4wholesale.com\/hu\/wp-json\/wp\/v2\/media?parent=15929"}],"wp:term":[{"taxonomy":"pwb-brand","embeddable":true,"href":"https:\/\/www.vape4wholesale.com\/hu\/wp-json\/wp\/v2\/pwb-brand?post=15929"},{"taxonomy":"product_cat","embeddable":true,"href":"https:\/\/www.vape4wholesale.com\/hu\/wp-json\/wp\/v2\/product_cat?post=15929"},{"taxonomy":"product_tag","embeddable":true,"href":"https:\/\/www.vape4wholesale.com\/hu\/wp-json\/wp\/v2\/product_tag?post=15929"}],"curies":[{"name":"wp","href":"https:\/\/api.w.org\/{rel}","templated":true}]}}