{"id":15878,"date":"2025-10-29T16:52:00","date_gmt":"2025-10-29T08:52:00","guid":{"rendered":"https:\/\/www.vape4wholesale.com\/?post_type=product&#038;p=15878"},"modified":"2026-03-30T11:12:14","modified_gmt":"2026-03-30T03:12:14","slug":"elf-bar-raya-d3-25000-puffs-eldobhato-vape-nagykereskedelem","status":"publish","type":"product","link":"https:\/\/www.vape4wholesale.com\/hu\/termek\/elf-bar-raya-d3-25000-puffs-eldobhato-vape-nagykereskedelem","title":{"rendered":"Elf Bar Raya D3 25000 Puffs eldobhat\u00f3 Vape nagykereskedelem"},"content":{"rendered":"<p>Az Elf Bar Raya D3 eldobhat\u00f3 vape p\u00e1ratlan p\u00e1rologtat\u00e1si \u00e9lm\u00e9nyt ny\u00fajt \u00fatt\u00f6r\u0151 25K puff kapacit\u00e1s\u00e1val \u00e9s integr\u00e1lt leveg\u0151- \u00e9s nyom\u00e1sszab\u00e1lyoz\u00f3 rendszer\u00e9vel. Ez az \u00fajrat\u00f6lthet\u0151 k\u00e9sz\u00fcl\u00e9k nagym\u00e9ret\u0171 digit\u00e1lis cs\u00f6ves oldals\u00f3 k\u00e9perny\u0151vel \u00e9s mag\u00e1val ragad\u00f3 monokr\u00f3m k\u00e9k k\u00fcls\u0151 gy\u0171r\u0171sf\u00e9nnyel b\u00fcszk\u00e9lkedhet, \u00faj m\u00e9rc\u00e9t \u00e1ll\u00edtva az eldobhat\u00f3 vap\u00e9k k\u00f6z\u00f6tt.<\/p>\n<p>3 \u00fczemm\u00f3ddal rendelkezik: \u00cdgy t\u00f6bb puffot vagy er\u0151sebb felh\u0151ket kaphat, ahogyan szeretn\u00e9, k\u00f6nnyed\u00e9n v\u00e1lthat a 3 \u00fczemm\u00f3d k\u00f6z\u00f6tt.<\/p>\n<h2><strong>Elf Bar Raya D3 term\u00e9kinform\u00e1ci\u00f3k:<\/strong><\/h2>\n<ul>\n<li>Hatalmas Vape Juice kapacit\u00e1s: Jelent\u0151s, 23 ml-es e-folyad\u00e9k kapacit\u00e1ssal rendelkezik.<\/li>\n<li>H\u00e1romszoros h\u00e1l\u00f3s tekercsrendszer: Kiv\u00e1l\u00f3 \u00edzt \u00e9s g\u0151ztermel\u00e9st biztos\u00edt.<\/li>\n<li>V\u00e1ltoz\u00f3 puff be\u00e1ll\u00edt\u00e1sok: H\u00e1rom fokozatbe\u00e1ll\u00edt\u00e1s a puffsz\u00e1m be\u00e1ll\u00edt\u00e1s\u00e1hoz - 25K, 20K \u00e9s 15K.<\/li>\n<li>Nagy kapacit\u00e1s\u00fa akkumul\u00e1tor: C-t\u00edpus\u00fa t\u00f6lt\u00e9ssel \u00e9s 850mAh kapacit\u00e1s\u00fa akkumul\u00e1torral.<\/li>\n<li>Kifinomult oldals\u00f3 k\u00e9perny\u0151: Nagym\u00e9ret\u0171 digit\u00e1lis cs\u0151kijelz\u0151 a k\u00f6nny\u0171 fel\u00fcgyelet \u00e9rdek\u00e9ben.<\/li>\n<li>L\u00e9g\u00e1raml\u00e1s \u00e9s nyom\u00e1s testreszab\u00e1sa: Integr\u00e1lt rendszer, amely lehet\u0151v\u00e9 teszi a szem\u00e9lyre szabott p\u00e1rologtat\u00e1si \u00e9lm\u00e9nyt.<\/li>\n<li>St\u00edlusos kialak\u00edt\u00e1s: A k\u00fcls\u0151 gy\u0171r\u0171 egysz\u00edn\u0171 k\u00e9k f\u00e9nyt tartalmaz.<\/li>\n<li>Kiterjedt \u00edzv\u00e1laszt\u00e9k: V\u00e1lasszon 15 kiv\u00e1l\u00f3 \u00edz k\u00f6z\u00fcl.<\/li>\n<\/ul>\n<h2><strong>\u00cdzek:<\/strong><\/h2>\n<p>VMT<br \/>\nDupla mang\u00f3<br \/>\nBarack j\u00e9g<br \/>\nMango barack<br \/>\nMang\u00f3 barack g\u00f6r\u00f6gdinnye<br \/>\nKiwi Golgotavir\u00e1g Guava<br \/>\nSz\u0151l\u0151 j\u00e9g<br \/>\nBarack bogy\u00f3<br \/>\nG\u00f6r\u00f6gdinnye r\u00e1g\u00f3gumi<br \/>\n\u00c1fonya j\u00e9g<br \/>\nDupla alma<br \/>\nDoh\u00e1ny<br \/>\nMango<br \/>\n\u00c1fonya m\u00e1lna<br \/>\nG\u00f6r\u00f6gdinnye j\u00e9g<br \/>\nAlpesi menta<br \/>\nArabica k\u00e1v\u00e9<br \/>\nG\u00f6r\u00f6gdinnye citrom<br \/>\nEper sz\u0151l\u0151<br \/>\nKiwi anan\u00e1sz j\u00e9g<br \/>\nSz\u0151l\u0151 cseresznye<\/p>\n<h2><strong>Csomagol\u00e1s r\u00e9szletei<\/strong><\/h2>\n<p>1db\/csomag<br data-filtered=\"filtered\" \/>10db\/doboz<br data-filtered=\"filtered\" \/>200 db\/karton<\/p>\n<p><strong>M\u00e9ret:<\/strong><br \/>\n65*35*27cm<br \/>\n21KGS\/karton<\/p>\n<p><img loading=\"lazy\" decoding=\"async\" class=\"alignnone size-full wp-image-26772\" title=\"Elf bar RAYA D3\" src=\"https:\/\/www.vape4wholesale.com\/wp-content\/uploads\/2025\/10\/Elf-bar-RAYA-D3.webp\" alt=\"Elf bar RAYA D3\" width=\"800\" height=\"800\" srcset=\"https:\/\/www.vape4wholesale.com\/wp-content\/uploads\/2025\/10\/Elf-bar-RAYA-D3.webp 800w, https:\/\/www.vape4wholesale.com\/wp-content\/uploads\/2025\/10\/Elf-bar-RAYA-D3-247x247.webp 247w, https:\/\/www.vape4wholesale.com\/wp-content\/uploads\/2025\/10\/Elf-bar-RAYA-D3-100x100.webp 100w, https:\/\/www.vape4wholesale.com\/wp-content\/uploads\/2025\/10\/Elf-bar-RAYA-D3-510x510.webp 510w, https:\/\/www.vape4wholesale.com\/wp-content\/uploads\/2025\/10\/Elf-bar-RAYA-D3-300x300.webp 300w, https:\/\/www.vape4wholesale.com\/wp-content\/uploads\/2025\/10\/Elf-bar-RAYA-D3-150x150.webp 150w, https:\/\/www.vape4wholesale.com\/wp-content\/uploads\/2025\/10\/Elf-bar-RAYA-D3-768x768.webp 768w, https:\/\/www.vape4wholesale.com\/wp-content\/uploads\/2025\/10\/Elf-bar-RAYA-D3-12x12.webp 12w\" sizes=\"auto, (max-width: 800px) 100vw, 800px\" \/><\/p>\n<h2>MI\u00c9RT MI?<\/h2>\r\n<ul>\r\n<li>Val\u00f3di, megb\u00edzhat\u00f3 \u00e9s professzion\u00e1lis vape forr\u00e1s.<\/li>\r\n<li>100% Eredeti garancia: Csak eredeti \u00e9s val\u00f3di term\u00e9keket biztos\u00edtunk, elutas\u00edtjuk a hamis\u00edt\u00e1st.<\/li>\r\n<li>100% Sz\u00e1ll\u00edt\u00e1si garancia: A legjobb sz\u00e1ll\u00edt\u00e1si m\u00f3dszerrel biztos\u00edtjuk, hogy \u00d6n megkapja a 100% megrendel\u00e9st.<\/li>\r\n<li>A sz\u00e1ll\u00edt\u00e1s ut\u00e1n megadjuk \u00d6nnek a nyomon k\u00f6vet\u00e9si sz\u00e1mot \u00e9s a sz\u00e1ll\u00edt\u00e1si c\u00edmk\u00e9t, \u00e9s nyomon k\u00f6vetj\u00fck az \u00e1rut az \u00d6n sz\u00e1m\u00e1ra, am\u00edg al\u00e1 nem \u00edrja azt.<\/li>\r\n<li>Nincsenek v\u00e1mprobl\u00e9m\u00e1k, nincsenek v\u00e1mok<\/li>\r\n<\/ul>","protected":false},"excerpt":{"rendered":"<p><b><span style=\"color: #00a859;\">Free shipping<\/span>\u00a0from Europe warehouse, 7-15 working days delivery time.<\/b><\/p>\r\n<div class=\"wsppc_div_block woocommerce_before_add_to_cart_form\">\r\n<p><strong>Clear customs before delivery &amp; 100% Delivery Guarantee<\/strong><\/p>\r\n<\/div>","protected":false},"featured_media":26772,"comment_status":"open","ping_status":"closed","template":"","meta":[],"pwb-brand":[1278],"product_cat":[938],"product_tag":[22,24,60,557,780,828],"class_list":{"0":"post-15878","1":"product","2":"type-product","3":"status-publish","4":"has-post-thumbnail","6":"pwb-brand-elf-bar","7":"product_cat-europe-warehouse","8":"product_tag-disposable","9":"product_tag-wholesale","10":"product_tag-elf-bar","11":"product_tag-23-0ml","12":"product_tag-23000-puffs","13":"product_tag-raya-d3","14":"product_shipping_class-eu-warehouse","16":"first","17":"instock","18":"featured","19":"shipping-taxable","20":"purchasable","21":"product-type-variable"},"aioseo_notices":[],"brands":[{"id":1278,"name":"Man\u00f3 b\u00e1r","slug":"elf-bar"}],"_links":{"self":[{"href":"https:\/\/www.vape4wholesale.com\/hu\/wp-json\/wp\/v2\/product\/15878","targetHints":{"allow":["GET"]}}],"collection":[{"href":"https:\/\/www.vape4wholesale.com\/hu\/wp-json\/wp\/v2\/product"}],"about":[{"href":"https:\/\/www.vape4wholesale.com\/hu\/wp-json\/wp\/v2\/types\/product"}],"replies":[{"embeddable":true,"href":"https:\/\/www.vape4wholesale.com\/hu\/wp-json\/wp\/v2\/comments?post=15878"}],"wp:featuredmedia":[{"embeddable":true,"href":"https:\/\/www.vape4wholesale.com\/hu\/wp-json\/wp\/v2\/media\/26772"}],"wp:attachment":[{"href":"https:\/\/www.vape4wholesale.com\/hu\/wp-json\/wp\/v2\/media?parent=15878"}],"wp:term":[{"taxonomy":"pwb-brand","embeddable":true,"href":"https:\/\/www.vape4wholesale.com\/hu\/wp-json\/wp\/v2\/pwb-brand?post=15878"},{"taxonomy":"product_cat","embeddable":true,"href":"https:\/\/www.vape4wholesale.com\/hu\/wp-json\/wp\/v2\/product_cat?post=15878"},{"taxonomy":"product_tag","embeddable":true,"href":"https:\/\/www.vape4wholesale.com\/hu\/wp-json\/wp\/v2\/product_tag?post=15878"}],"curies":[{"name":"wp","href":"https:\/\/api.w.org\/{rel}","templated":true}]}}