{"id":15476,"date":"2024-04-11T12:20:52","date_gmt":"2024-04-11T04:20:52","guid":{"rendered":"https:\/\/www.vape4wholesale.com\/?post_type=product&#038;p=15476"},"modified":"2026-01-26T13:41:14","modified_gmt":"2026-01-26T13:41:14","slug":"elf-bar-bc15000-eldobhato-vape-nagykereskedelem","status":"publish","type":"product","link":"https:\/\/www.vape4wholesale.com\/hu\/product\/elf-bar-bc15000-disposable-vape-wholesale","title":{"rendered":"Elf Bar BC15000 eldobhat\u00f3 Vape nagykereskedelem"},"content":{"rendered":"<p>Az Elf bar BC15000 egy \u00e9lvonalbeli eldobhat\u00f3 vape 650mAh \u00fajrat\u00f6lthet\u0151 akkumul\u00e1torral \u00e9s egy el\u0151re felt\u00f6lt\u00f6tt 23ml-es e-folyad\u00e9k tart\u00e1llyal, amely ak\u00e1r 15.000 slukkot is biztos\u00edt. Az innovat\u00edv teljes\u00edtm\u00e9nykijelz\u0151 progressz\u00edv s\u00e1vja val\u00f3s idej\u0171 visszajelz\u00e9st ad a felhaszn\u00e1l\u00f3knak az energiafelhaszn\u00e1l\u00e1sr\u00f3l.<\/p>\n<p>Az Elfbar BC15000 k\u00e9t k\u00fcl\u00f6nb\u00f6z\u0151 \u00fczemm\u00f3dot k\u00edn\u00e1l - \"Sima\" a kiel\u00e9g\u00edt\u0151 h\u00faz\u00e1shoz \u00e9s \"Turbo\" a s\u0171r\u0171 g\u0151ztermel\u00e9shez. Kompakt, m\u00e9gis er\u0151teljes kialak\u00edt\u00e1sa k\u00e9nyelmes, pr\u00e9mium min\u0151s\u00e9g\u0171 g\u0151z\u00f6l\u00e9si \u00e9lm\u00e9nyt biztos\u00edt.<br \/>\nRendelje meg nagy t\u00e9telben 15 exkluz\u00edv Elf Bar BC15000 \u00edz\u00fcnket verhetetlen nagykereskedelmi \u00e1ron, gyors sz\u00e1ll\u00edt\u00e1ssal.<\/p>\n<h2><strong>Elf Bar BC15000 Eldobhat\u00f3 Vape Jellemz\u0151k:<\/strong><\/h2>\n<ul>\n<li>M\u00e1rka: Elf Bar<\/li>\n<li>T\u00edpus: BC15000<\/li>\n<li>Puffok: 15000 Puffok<\/li>\n<li>Nikotin: 5%<\/li>\n<li>E-juice Kapacit\u00e1s: 23 ML<\/li>\n<li>Akkumul\u00e1tor kapacit\u00e1s: 650mAh ( \u00fajrat\u00f6lthet\u0151 )<\/li>\n<li>T\u00f6lt\u0151port: C t\u00edpus<\/li>\n<\/ul>\n<h2><strong>El\u00e9rhet\u0151 \u00edzek\uff1a<\/strong><\/h2>\n<ol>\n<li>Szeder cseresznye<\/li>\n<li>K\u00e9k Razz j\u00e9g<\/li>\n<li>Cherry Lime<\/li>\n<li>Sz\u0151l\u0151 \u00e1fonya<\/li>\n<li>Sz\u0151l\u0151 j\u00e9g<\/li>\n<li>Kiwi Golgotavir\u00e1g Guava<\/li>\n<li>Barack mang\u00f3 g\u00f6r\u00f6gdinnye<\/li>\n<li>Anan\u00e1sz S\u00e1rk\u00e1nygy\u00fcm\u00f6lcs Grapefruit<\/li>\n<li>Savany\u00fa alma<\/li>\n<li>Eper ban\u00e1n<\/li>\n<li>Eper Kiwi<\/li>\n<li>Borsmenta<\/li>\n<li>G\u00f6r\u00f6gdinnye j\u00e9g<\/li>\n<li>Kiwi anan\u00e1sz barack<\/li>\n<li>Grapefruit golgotavir\u00e1g<\/li>\n<\/ol>\n<h2><strong>Csomagol\u00e1s r\u00e9szletei<\/strong><\/h2>\n<p>1db\/csomag<br data-filtered=\"filtered\" \/>10db\/doboz<br data-filtered=\"filtered\" \/>200 db\/karton<\/p>\n<p><strong>M\u00e9ret:<\/strong><br data-filtered=\"filtered\" \/>55.5*29.5*27.5cm<br data-filtered=\"filtered\" \/>26KGS\/karton<\/p>\n<figure id=\"attachment_15493\" aria-describedby=\"caption-attachment-15493\" style=\"width: 800px\" class=\"wp-caption alignnone\"><img loading=\"lazy\" decoding=\"async\" class=\"wp-image-15493 size-full\" title=\"Elf Bar BC15000 eldobhat\u00f3 vape nagykereskedelmi savany\u00fa alma 15000 puffs\" src=\"https:\/\/www.vape4wholesale.com\/wp-content\/uploads\/2024\/04\/Elf-Bar-BC15000-Disposable-Vape-Wholesale-Sour-Apple-15000-Puffs.webp\" alt=\"Elf Bar BC15000 eldobhat\u00f3 vape nagykereskedelmi savany\u00fa alma 15000 puffs\" width=\"800\" height=\"800\" srcset=\"https:\/\/www.vape4wholesale.com\/wp-content\/uploads\/2024\/04\/Elf-Bar-BC15000-Disposable-Vape-Wholesale-Sour-Apple-15000-Puffs.webp 800w, https:\/\/www.vape4wholesale.com\/wp-content\/uploads\/2024\/04\/Elf-Bar-BC15000-Disposable-Vape-Wholesale-Sour-Apple-15000-Puffs-247x247.webp 247w, https:\/\/www.vape4wholesale.com\/wp-content\/uploads\/2024\/04\/Elf-Bar-BC15000-Disposable-Vape-Wholesale-Sour-Apple-15000-Puffs-100x100.webp 100w, https:\/\/www.vape4wholesale.com\/wp-content\/uploads\/2024\/04\/Elf-Bar-BC15000-Disposable-Vape-Wholesale-Sour-Apple-15000-Puffs-510x510.webp 510w, https:\/\/www.vape4wholesale.com\/wp-content\/uploads\/2024\/04\/Elf-Bar-BC15000-Disposable-Vape-Wholesale-Sour-Apple-15000-Puffs-64x64.webp 64w, https:\/\/www.vape4wholesale.com\/wp-content\/uploads\/2024\/04\/Elf-Bar-BC15000-Disposable-Vape-Wholesale-Sour-Apple-15000-Puffs-300x300.webp 300w, https:\/\/www.vape4wholesale.com\/wp-content\/uploads\/2024\/04\/Elf-Bar-BC15000-Disposable-Vape-Wholesale-Sour-Apple-15000-Puffs-150x150.webp 150w, https:\/\/www.vape4wholesale.com\/wp-content\/uploads\/2024\/04\/Elf-Bar-BC15000-Disposable-Vape-Wholesale-Sour-Apple-15000-Puffs-768x768.webp 768w\" sizes=\"auto, (max-width: 800px) 100vw, 800px\" \/><figcaption id=\"caption-attachment-15493\" class=\"wp-caption-text\">Elf Bar BC15000 eldobhat\u00f3 Vape nagykereskedelem<\/figcaption><\/figure>\n<h2>MI\u00c9RT MI?<\/h2>\r\n<ul>\r\n<li>Val\u00f3di, megb\u00edzhat\u00f3 \u00e9s professzion\u00e1lis vape forr\u00e1s.<\/li>\r\n<li>100% Eredeti garancia: Csak eredeti \u00e9s val\u00f3di term\u00e9keket biztos\u00edtunk, elutas\u00edtjuk a hamis\u00edt\u00e1st.<\/li>\r\n<li>100% Sz\u00e1ll\u00edt\u00e1si garancia: A legjobb sz\u00e1ll\u00edt\u00e1si m\u00f3dszerrel biztos\u00edtjuk, hogy \u00d6n megkapja a 100% megrendel\u00e9st.<\/li>\r\n<li>A sz\u00e1ll\u00edt\u00e1s ut\u00e1n megadjuk \u00d6nnek a nyomon k\u00f6vet\u00e9si sz\u00e1mot \u00e9s a sz\u00e1ll\u00edt\u00e1si c\u00edmk\u00e9t, \u00e9s nyomon k\u00f6vetj\u00fck az \u00e1rut az \u00d6n sz\u00e1m\u00e1ra, am\u00edg al\u00e1 nem \u00edrja azt.<\/li>\r\n<li>Nincsenek v\u00e1mprobl\u00e9m\u00e1k, nincsenek v\u00e1mok<\/li>\r\n<\/ul>","protected":false},"excerpt":{"rendered":"<div class=\"wsppc_div_block woocommerce_before_add_to_cart_form\">\r\n<p><strong><span style=\"color: #00a859;\">V\u00e1mvizsg\u00e1lat<\/span> sz\u00e1ll\u00edt\u00e1s el\u0151tt \u00e9s 100% Sz\u00e1ll\u00edt\u00e1si garancia, Sz\u00e1ll\u00edt\u00e1s kb. 19-25 napon bel\u00fcl.\u00a0<\/strong><\/p>\r\n<\/div>\n<p><strong>A term\u00e9kk\u00e9szlet, a minim\u00e1lis rendel\u00e9si mennyis\u00e9g \u00e9s az \u00e1r gyakori v\u00e1ltoz\u00e1sa miatt k\u00e9rj\u00fck, a megrendel\u00e9s lead\u00e1sa el\u0151tt vegye fel vel\u00fcnk a kapcsolatot.<\/strong><\/p>","protected":false},"featured_media":15493,"comment_status":"open","ping_status":"closed","template":"","meta":[],"pwb-brand":[1278],"product_cat":[872],"product_tag":[24,60,557,684,22],"class_list":{"0":"post-15476","1":"product","2":"type-product","3":"status-publish","4":"has-post-thumbnail","6":"pwb-brand-elf-bar","7":"product_cat-15k-20k-puffs","8":"product_tag-wholesale","9":"product_tag-elf-bar","10":"product_tag-23-0ml","11":"product_tag-15000-puffs","12":"product_tag-disposable","14":"first","15":"instock","16":"shipping-taxable","17":"purchasable","18":"product-type-variable"},"aioseo_notices":[],"brands":[{"id":1278,"name":"Man\u00f3 b\u00e1r","slug":"elf-bar"}],"_links":{"self":[{"href":"https:\/\/www.vape4wholesale.com\/hu\/wp-json\/wp\/v2\/product\/15476","targetHints":{"allow":["GET"]}}],"collection":[{"href":"https:\/\/www.vape4wholesale.com\/hu\/wp-json\/wp\/v2\/product"}],"about":[{"href":"https:\/\/www.vape4wholesale.com\/hu\/wp-json\/wp\/v2\/types\/product"}],"replies":[{"embeddable":true,"href":"https:\/\/www.vape4wholesale.com\/hu\/wp-json\/wp\/v2\/comments?post=15476"}],"wp:featuredmedia":[{"embeddable":true,"href":"https:\/\/www.vape4wholesale.com\/hu\/wp-json\/wp\/v2\/media\/15493"}],"wp:attachment":[{"href":"https:\/\/www.vape4wholesale.com\/hu\/wp-json\/wp\/v2\/media?parent=15476"}],"wp:term":[{"taxonomy":"pwb-brand","embeddable":true,"href":"https:\/\/www.vape4wholesale.com\/hu\/wp-json\/wp\/v2\/pwb-brand?post=15476"},{"taxonomy":"product_cat","embeddable":true,"href":"https:\/\/www.vape4wholesale.com\/hu\/wp-json\/wp\/v2\/product_cat?post=15476"},{"taxonomy":"product_tag","embeddable":true,"href":"https:\/\/www.vape4wholesale.com\/hu\/wp-json\/wp\/v2\/product_tag?post=15476"}],"curies":[{"name":"wp","href":"https:\/\/api.w.org\/{rel}","templated":true}]}}