{"id":15236,"date":"2024-02-29T22:53:23","date_gmt":"2024-02-29T14:53:23","guid":{"rendered":"https:\/\/www.vape4wholesale.com\/?post_type=product&#038;p=15236"},"modified":"2026-01-26T13:41:21","modified_gmt":"2026-01-26T13:41:21","slug":"elf-bar-raya-d1-13000-puffs-eldobhato-vape-nagykereskedelem","status":"publish","type":"product","link":"https:\/\/www.vape4wholesale.com\/hu\/product\/elf-bar-raya-d1-13000-puffs-disposable-vape-wholesale","title":{"rendered":"Elf Bar Raya D1 13000 Puffs Eldobhat\u00f3 Vape nagykereskedelem"},"content":{"rendered":"<p>Az Elfbar Raya D1 13 000 puffot tartalmaz, amely egy \u00e9lvonalbeli eldobhat\u00f3 pod k\u00e9sz\u00fcl\u00e9k, amelyet a hosszabb \u00e9s kiel\u00e9g\u00edt\u0151 p\u00e1rologtat\u00e1si \u00e9lm\u00e9nyhez terveztek. A leny\u0171g\u00f6z\u0151 puff-kapacit\u00e1ssal b\u00fcszk\u00e9lked\u0151 k\u00e9sz\u00fcl\u00e9k hosszan tart\u00f3 \u00e9s \u00edzgazdag utaz\u00e1st biztos\u00edt. Az Elfbar innovat\u00edv technol\u00f3gi\u00e1j\u00e1val gondtalan \u00e9s k\u00e9nyelmes p\u00e1rologtat\u00e1si megold\u00e1st biztos\u00edt. A Raya D1 v\u00e1ltozat a g\u00f6r\u00f6gdinnye \u00e9s a m\u00e9zharmat \u00edzek kellemes kever\u00e9k\u00e9t k\u00edn\u00e1lja, friss\u00edt\u0151 \u00e9s \u00e9lvezetes \u00edzprofilt biztos\u00edtva. Az Elfbar Raya D1 ide\u00e1lis a nagy puffan\u00e1st ig\u00e9nyl\u0151 eldobhat\u00f3 opci\u00f3t keres\u0151 felhaszn\u00e1l\u00f3k sz\u00e1m\u00e1ra, \u00e9s minden egyes h\u00faz\u00e1ssal mag\u00e1val ragad\u00f3 p\u00e1rologtat\u00e1st \u00edg\u00e9r.<\/p>\n<p>50mg nikotinnal j\u00f6n a v\u00e1laszt\u00e1s, T\u00f6meges rendel\u00e9s a mi sz\u00e9les 23 Elf Bar Raya D1 13000 \u00edzek sz\u00e9les v\u00e1laszt\u00e9k\u00e1t a legjobb nagykereskedelmi \u00e1r \u00e9s gyors sz\u00e1ll\u00edt\u00e1s!<\/p>\n<h2><strong>Elf Bar Raya D1 13000 Gyors r\u00e9szletez\u00e9s<\/strong><\/h2>\n<ul>\n<li>E-folyad\u00e9k Kapacit\u00e1s: 18ml<\/li>\n<li>Akkumul\u00e1tor kapacit\u00e1s: 650mAh<\/li>\n<li>Puff: 13000<\/li>\n<li>Nikotin er\u0151ss\u00e9g: 50mg\/ml<\/li>\n<li>Led k\u00e9perny\u0151 kijelz\u0151: Teljes\u00edtm\u00e9ny \u00e9s Eliquid<\/li>\n<li>C t\u00edpus\u00fa \u00fajrat\u00f6lthet\u0151<\/li>\n<\/ul>\n<h2><strong>Elf Bar Raya D1 el\u00e9rhet\u0151 \u00edzek<\/strong><\/h2>\n<p>1.Americano Ice<br \/>\n2.Apple Ice<br \/>\n3.Blueberry Gami<br \/>\n4.Blueberry Ice<br \/>\n5.Grape Ice<br \/>\n6.Miami menta<br \/>\n7.Barack j\u00e9g<br \/>\n8.Anan\u00e1sz j\u00e9g<br \/>\n9.Eper j\u00e9g<br \/>\n10.Tobacco<br \/>\n11.G\u00f6r\u00f6gdinnye j\u00e9g<br \/>\n12.Blackberry \u00c1fonya<br \/>\n13.Blue Razz Ice<br \/>\n14.Blueberry menta<br \/>\n15.Cherry g\u00f6r\u00f6gdinnye<br \/>\n16.Dupla mang\u00f3<br \/>\n17.Grape Cherry<br \/>\n18.Lemon Lime<br \/>\n19.Barack Mango<br \/>\n20.anan\u00e1sz eper ban\u00e1n<br \/>\n21.Red Berry cseresznye<br \/>\n22.Eper ban\u00e1n<br \/>\n23.Eper Kiwi j\u00e9g<\/p>\n<h2><strong>Csomagol\u00e1s r\u00e9szletesen<\/strong><\/h2>\n<p>1db\/csomag<br \/>\n10db\/doboz<br \/>\n200 db\/karton<\/p>\n<p>M\u00e9ret: 56*28*24cm<br \/>\n26KGS\/karton<\/p>\n<figure id=\"attachment_15240\" aria-describedby=\"caption-attachment-15240\" style=\"width: 600px\" class=\"wp-caption alignnone\"><img loading=\"lazy\" decoding=\"async\" class=\"wp-image-15240 size-full\" title=\"Elf Bar Raya D1 13000 Puffs Eldobhat\u00f3 Vape nagykereskedelem\" src=\"https:\/\/www.vape4wholesale.com\/wp-content\/uploads\/2024\/02\/Elf-Bar-Raya-D1-13000-Disposable-Vape-Wholesale-2.png\" alt=\"Elf Bar Raya D1 13000 Puffs Eldobhat\u00f3 Vape nagykereskedelem\" width=\"600\" height=\"600\" srcset=\"https:\/\/www.vape4wholesale.com\/wp-content\/uploads\/2024\/02\/Elf-Bar-Raya-D1-13000-Disposable-Vape-Wholesale-2.png 600w, https:\/\/www.vape4wholesale.com\/wp-content\/uploads\/2024\/02\/Elf-Bar-Raya-D1-13000-Disposable-Vape-Wholesale-2-247x247.png 247w, https:\/\/www.vape4wholesale.com\/wp-content\/uploads\/2024\/02\/Elf-Bar-Raya-D1-13000-Disposable-Vape-Wholesale-2-100x100.png 100w, https:\/\/www.vape4wholesale.com\/wp-content\/uploads\/2024\/02\/Elf-Bar-Raya-D1-13000-Disposable-Vape-Wholesale-2-510x510.png 510w, https:\/\/www.vape4wholesale.com\/wp-content\/uploads\/2024\/02\/Elf-Bar-Raya-D1-13000-Disposable-Vape-Wholesale-2-64x64.png 64w, https:\/\/www.vape4wholesale.com\/wp-content\/uploads\/2024\/02\/Elf-Bar-Raya-D1-13000-Disposable-Vape-Wholesale-2-300x300.png 300w, https:\/\/www.vape4wholesale.com\/wp-content\/uploads\/2024\/02\/Elf-Bar-Raya-D1-13000-Disposable-Vape-Wholesale-2-150x150.png 150w\" sizes=\"auto, (max-width: 600px) 100vw, 600px\" \/><figcaption id=\"caption-attachment-15240\" class=\"wp-caption-text\">Elf Bar Raya D1 13000 Puffs Eldobhat\u00f3 Vape nagykereskedelem<\/figcaption><\/figure>\n<h2>MI\u00c9RT MI?<\/h2>\r\n<ul>\r\n<li>Val\u00f3di, megb\u00edzhat\u00f3 \u00e9s professzion\u00e1lis vape forr\u00e1s.<\/li>\r\n<li>100% Eredeti garancia: Csak eredeti \u00e9s val\u00f3di term\u00e9keket biztos\u00edtunk, elutas\u00edtjuk a hamis\u00edt\u00e1st.<\/li>\r\n<li>100% Sz\u00e1ll\u00edt\u00e1si garancia: A legjobb sz\u00e1ll\u00edt\u00e1si m\u00f3dszerrel biztos\u00edtjuk, hogy \u00d6n megkapja a 100% megrendel\u00e9st.<\/li>\r\n<li>A sz\u00e1ll\u00edt\u00e1s ut\u00e1n megadjuk \u00d6nnek a nyomon k\u00f6vet\u00e9si sz\u00e1mot \u00e9s a sz\u00e1ll\u00edt\u00e1si c\u00edmk\u00e9t, \u00e9s nyomon k\u00f6vetj\u00fck az \u00e1rut az \u00d6n sz\u00e1m\u00e1ra, am\u00edg al\u00e1 nem \u00edrja azt.<\/li>\r\n<li>Nincsenek v\u00e1mprobl\u00e9m\u00e1k, nincsenek v\u00e1mok<\/li>\r\n<\/ul>","protected":false},"excerpt":{"rendered":"<div class=\"wsppc_div_block woocommerce_before_add_to_cart_form\">\r\n<p><strong><span style=\"color: #00a859;\">V\u00e1mvizsg\u00e1lat<\/span> sz\u00e1ll\u00edt\u00e1s el\u0151tt \u00e9s 100% Sz\u00e1ll\u00edt\u00e1si garancia, Sz\u00e1ll\u00edt\u00e1s kb. 19-25 napon bel\u00fcl.\u00a0<\/strong><\/p>\r\n<\/div>\n<p><strong>A term\u00e9kk\u00e9szlet, a minim\u00e1lis rendel\u00e9si mennyis\u00e9g \u00e9s az \u00e1r gyakori v\u00e1ltoz\u00e1sa miatt k\u00e9rj\u00fck, a megrendel\u00e9s lead\u00e1sa el\u0151tt vegye fel vel\u00fcnk a kapcsolatot.<\/strong><\/p>","protected":false},"featured_media":15241,"comment_status":"open","ping_status":"closed","template":"","meta":[],"pwb-brand":[1278],"product_cat":[871],"product_tag":[244,737,22,24,60],"class_list":{"0":"post-15236","1":"product","2":"type-product","3":"status-publish","4":"has-post-thumbnail","6":"pwb-brand-elf-bar","7":"product_cat-10-15k-puffs","8":"product_tag-18-0ml","9":"product_tag-13000-puffs","10":"product_tag-disposable","11":"product_tag-wholesale","12":"product_tag-elf-bar","14":"first","15":"instock","16":"shipping-taxable","17":"purchasable","18":"product-type-variable"},"aioseo_notices":[],"brands":[{"id":1278,"name":"Man\u00f3 b\u00e1r","slug":"elf-bar"}],"_links":{"self":[{"href":"https:\/\/www.vape4wholesale.com\/hu\/wp-json\/wp\/v2\/product\/15236","targetHints":{"allow":["GET"]}}],"collection":[{"href":"https:\/\/www.vape4wholesale.com\/hu\/wp-json\/wp\/v2\/product"}],"about":[{"href":"https:\/\/www.vape4wholesale.com\/hu\/wp-json\/wp\/v2\/types\/product"}],"replies":[{"embeddable":true,"href":"https:\/\/www.vape4wholesale.com\/hu\/wp-json\/wp\/v2\/comments?post=15236"}],"wp:featuredmedia":[{"embeddable":true,"href":"https:\/\/www.vape4wholesale.com\/hu\/wp-json\/wp\/v2\/media\/15241"}],"wp:attachment":[{"href":"https:\/\/www.vape4wholesale.com\/hu\/wp-json\/wp\/v2\/media?parent=15236"}],"wp:term":[{"taxonomy":"pwb-brand","embeddable":true,"href":"https:\/\/www.vape4wholesale.com\/hu\/wp-json\/wp\/v2\/pwb-brand?post=15236"},{"taxonomy":"product_cat","embeddable":true,"href":"https:\/\/www.vape4wholesale.com\/hu\/wp-json\/wp\/v2\/product_cat?post=15236"},{"taxonomy":"product_tag","embeddable":true,"href":"https:\/\/www.vape4wholesale.com\/hu\/wp-json\/wp\/v2\/product_tag?post=15236"}],"curies":[{"name":"wp","href":"https:\/\/api.w.org\/{rel}","templated":true}]}}