{"id":15211,"date":"2024-02-29T22:03:31","date_gmt":"2024-02-29T14:03:31","guid":{"rendered":"https:\/\/www.vape4wholesale.com\/?post_type=product&#038;p=15211"},"modified":"2026-01-26T13:41:23","modified_gmt":"2026-01-26T13:41:23","slug":"elf-bar-bc18000-eldobhato-vape-nagykereskedelem","status":"publish","type":"product","link":"https:\/\/www.vape4wholesale.com\/hu\/product\/elf-bar-bc18000-disposable-vape-wholesale","title":{"rendered":"Elf Bar BC18000 eldobhat\u00f3 Vape nagykereskedelem"},"content":{"rendered":"<p>Az Elf Bar BC18000 az Elf Bar egyik leg\u00fajabb modellje, amely ak\u00e1r 18.000 puffot is biztos\u00edt a felhaszn\u00e1l\u00f3k sz\u00e1m\u00e1ra. k\u00e9t k\u00fcl\u00f6nb\u00f6z\u0151 \u00fczemm\u00f3ddal b\u00fcszk\u00e9lkedhet - a \"Smooth\" \u00fczemm\u00f3d a maxim\u00e1lis sz\u00e1m\u00fa puffot biztos\u00edtja, m\u00edg a \"Turbo\" \u00fczemm\u00f3d intenz\u00edvebb tal\u00e1latot biztos\u00edt nagyobb g\u0151zfelh\u0151kkel, de kevesebb puffol\u00e1ssal.<\/p>\n<p>50mg nikotinnal \u00e9rkezik a v\u00e1laszt\u00e1shoz, T\u00f6meges rendel\u00e9s a sz\u00e9les 15 Elf Bar BC18000 \u00edzek sz\u00e9les v\u00e1laszt\u00e9k\u00e1b\u00f3l a legjobb nagykereskedelmi \u00e1ron \u00e9s gyors sz\u00e1ll\u00edt\u00e1ssal!<\/p>\n<h2><strong>Elf Bar BC18000 gyors r\u00e9szlet<\/strong><\/h2>\n<p>E-folyad\u00e9k Kapacit\u00e1s: 25ml<br \/>\nAkkumul\u00e1tor kapacit\u00e1s: 650mAh<br \/>\nPuff: 18000<br \/>\nNikotin er\u0151ss\u00e9g: 50mg\/ml<\/p>\n<h2><strong>El\u00e9rhet\u0151 \u00edzek<\/strong><\/h2>\n<p>1.Blackberry Cherry<br \/>\n2.Blue Razz Ice<br \/>\n3.Cherry Lime<br \/>\n4.Grape \u00c1fonya<br \/>\n5.Grape Ice<br \/>\n6.Kiwi Golgotavir\u00e1g Guava<br \/>\n7.Barack Mang\u00f3 g\u00f6r\u00f6gdinnye<br \/>\n8.Anan\u00e1sz S\u00e1rk\u00e1nygy\u00fcm\u00f6lcs Grapefruit<br \/>\n9.Savany\u00fa alma<br \/>\n10.Eper ban\u00e1n<br \/>\n11.Eper Kiwi<br \/>\n12.Bors Menta<br \/>\n13.G\u00f6r\u00f6gdinnye j\u00e9g<br \/>\n14.Kiwi Anan\u00e1sz Barack<br \/>\n15.Grapefruit golgotavir\u00e1g<\/p>\n<h2><strong>Csomagol\u00e1s r\u00e9szletei<\/strong><\/h2>\n<p>1db\/csomag<br \/>\n10db\/doboz<br \/>\n200 db\/karton<\/p>\n<p><strong>M\u00e9ret:<\/strong><br \/>\n55.5*29.5*27.5cm<br \/>\n26KGS\/karton<\/p>\n<figure id=\"attachment_15212\" aria-describedby=\"caption-attachment-15212\" style=\"width: 650px\" class=\"wp-caption alignnone\"><img loading=\"lazy\" decoding=\"async\" class=\"size-full wp-image-15212\" title=\"Elf Bar BC18000 eldobhat\u00f3 Vape nagykereskedelem\" src=\"https:\/\/www.vape4wholesale.com\/wp-content\/uploads\/2024\/02\/Elf-Bar-BC18000-Disposable-Vape-Wholesale.jpg\" alt=\"Elf Bar BC18000 eldobhat\u00f3 Vape nagykereskedelem\" width=\"650\" height=\"650\" srcset=\"https:\/\/www.vape4wholesale.com\/wp-content\/uploads\/2024\/02\/Elf-Bar-BC18000-Disposable-Vape-Wholesale.jpg 650w, https:\/\/www.vape4wholesale.com\/wp-content\/uploads\/2024\/02\/Elf-Bar-BC18000-Disposable-Vape-Wholesale-247x247.jpg 247w, https:\/\/www.vape4wholesale.com\/wp-content\/uploads\/2024\/02\/Elf-Bar-BC18000-Disposable-Vape-Wholesale-100x100.jpg 100w, https:\/\/www.vape4wholesale.com\/wp-content\/uploads\/2024\/02\/Elf-Bar-BC18000-Disposable-Vape-Wholesale-510x510.jpg 510w, https:\/\/www.vape4wholesale.com\/wp-content\/uploads\/2024\/02\/Elf-Bar-BC18000-Disposable-Vape-Wholesale-64x64.jpg 64w, https:\/\/www.vape4wholesale.com\/wp-content\/uploads\/2024\/02\/Elf-Bar-BC18000-Disposable-Vape-Wholesale-300x300.jpg 300w, https:\/\/www.vape4wholesale.com\/wp-content\/uploads\/2024\/02\/Elf-Bar-BC18000-Disposable-Vape-Wholesale-150x150.jpg 150w\" sizes=\"auto, (max-width: 650px) 100vw, 650px\" \/><figcaption id=\"caption-attachment-15212\" class=\"wp-caption-text\">Elf Bar BC18000 eldobhat\u00f3 Vape nagykereskedelem<\/figcaption><\/figure>\n<h2>MI\u00c9RT MI?<\/h2>\r\n<ul>\r\n<li>Val\u00f3di, megb\u00edzhat\u00f3 \u00e9s professzion\u00e1lis vape forr\u00e1s.<\/li>\r\n<li>100% Eredeti garancia: Csak eredeti \u00e9s val\u00f3di term\u00e9keket biztos\u00edtunk, elutas\u00edtjuk a hamis\u00edt\u00e1st.<\/li>\r\n<li>100% Sz\u00e1ll\u00edt\u00e1si garancia: A legjobb sz\u00e1ll\u00edt\u00e1si m\u00f3dszerrel biztos\u00edtjuk, hogy \u00d6n megkapja a 100% megrendel\u00e9st.<\/li>\r\n<li>A sz\u00e1ll\u00edt\u00e1s ut\u00e1n megadjuk \u00d6nnek a nyomon k\u00f6vet\u00e9si sz\u00e1mot \u00e9s a sz\u00e1ll\u00edt\u00e1si c\u00edmk\u00e9t, \u00e9s nyomon k\u00f6vetj\u00fck az \u00e1rut az \u00d6n sz\u00e1m\u00e1ra, am\u00edg al\u00e1 nem \u00edrja azt.<\/li>\r\n<li>Nincsenek v\u00e1mprobl\u00e9m\u00e1k, nincsenek v\u00e1mok<\/li>\r\n<\/ul>","protected":false},"excerpt":{"rendered":"<div class=\"wsppc_div_block woocommerce_before_add_to_cart_form\">\r\n<p><strong><span style=\"color: #00a859;\">V\u00e1mvizsg\u00e1lat<\/span> sz\u00e1ll\u00edt\u00e1s el\u0151tt \u00e9s 100% Sz\u00e1ll\u00edt\u00e1si garancia, Sz\u00e1ll\u00edt\u00e1s kb. 19-25 napon bel\u00fcl.\u00a0<\/strong><\/p>\r\n<\/div>\n<p><strong>A term\u00e9kk\u00e9szlet, a minim\u00e1lis rendel\u00e9si mennyis\u00e9g \u00e9s az \u00e1r gyakori v\u00e1ltoz\u00e1sa miatt k\u00e9rj\u00fck, a megrendel\u00e9s lead\u00e1sa el\u0151tt vegye fel vel\u00fcnk a kapcsolatot.<\/strong><\/p>","protected":false},"featured_media":15212,"comment_status":"open","ping_status":"closed","template":"","meta":[],"pwb-brand":[1278],"product_cat":[872],"product_tag":[22,24,60,692,719],"class_list":{"0":"post-15211","1":"product","2":"type-product","3":"status-publish","4":"has-post-thumbnail","6":"pwb-brand-elf-bar","7":"product_cat-15k-20k-puffs","8":"product_tag-disposable","9":"product_tag-wholesale","10":"product_tag-elf-bar","11":"product_tag-25-0ml","12":"product_tag-18000-puffs","14":"first","15":"instock","16":"shipping-taxable","17":"purchasable","18":"product-type-variable"},"aioseo_notices":[],"brands":[{"id":1278,"name":"Man\u00f3 b\u00e1r","slug":"elf-bar"}],"_links":{"self":[{"href":"https:\/\/www.vape4wholesale.com\/hu\/wp-json\/wp\/v2\/product\/15211","targetHints":{"allow":["GET"]}}],"collection":[{"href":"https:\/\/www.vape4wholesale.com\/hu\/wp-json\/wp\/v2\/product"}],"about":[{"href":"https:\/\/www.vape4wholesale.com\/hu\/wp-json\/wp\/v2\/types\/product"}],"replies":[{"embeddable":true,"href":"https:\/\/www.vape4wholesale.com\/hu\/wp-json\/wp\/v2\/comments?post=15211"}],"wp:featuredmedia":[{"embeddable":true,"href":"https:\/\/www.vape4wholesale.com\/hu\/wp-json\/wp\/v2\/media\/15212"}],"wp:attachment":[{"href":"https:\/\/www.vape4wholesale.com\/hu\/wp-json\/wp\/v2\/media?parent=15211"}],"wp:term":[{"taxonomy":"pwb-brand","embeddable":true,"href":"https:\/\/www.vape4wholesale.com\/hu\/wp-json\/wp\/v2\/pwb-brand?post=15211"},{"taxonomy":"product_cat","embeddable":true,"href":"https:\/\/www.vape4wholesale.com\/hu\/wp-json\/wp\/v2\/product_cat?post=15211"},{"taxonomy":"product_tag","embeddable":true,"href":"https:\/\/www.vape4wholesale.com\/hu\/wp-json\/wp\/v2\/product_tag?post=15211"}],"curies":[{"name":"wp","href":"https:\/\/api.w.org\/{rel}","templated":true}]}}