{"id":15179,"date":"2024-02-28T21:21:34","date_gmt":"2024-02-28T13:21:34","guid":{"rendered":"https:\/\/www.vape4wholesale.com\/?post_type=product&#038;p=15179"},"modified":"2026-01-26T13:41:25","modified_gmt":"2026-01-26T13:41:25","slug":"bang-tornado-12000-puff-eldobhato-vape-nagykereskedes","status":"publish","type":"product","link":"https:\/\/www.vape4wholesale.com\/hu\/product\/bang-tornado-12000-puffs-disposable-vape-wholesale","title":{"rendered":"Bang Tornado 12000 Puffs Eldobhat\u00f3 Vape nagykereskedelem"},"content":{"rendered":"<p>A Bang Tornado 12000 egy sz\u00e9p kialak\u00edt\u00e1s\u00fa eldobhat\u00f3 vape, h\u0171v\u00f6s matric\u00e1kkal \u00e9s szuper hossz\u00fa \u00e9lettartam\u00fa, 23ml eliquidet tartalmaz 650mah \u00fajrat\u00f6lthet\u0151 akkumul\u00e1torral, ak\u00e1r 12000 puffot is t\u00e1mogat.<\/p>\n<p>0mg \/ 20mg \/ 30mg \/ 50mg nikotin a v\u00e1laszt\u00e1s, T\u00f6meges rendel\u00e9s a sz\u00e9les 12 v\u00e1laszt\u00e9ka Bang Tornado 12000 Puffs \u00edzek a legjobb nagykereskedelmi \u00e1ron \u00e9s gyors sz\u00e1ll\u00edt\u00e1s!<\/p>\n<h2><strong>Bang Tornado 12000 Eldobhat\u00f3 Vape Gyors r\u00e9szletek:<\/strong><\/h2>\n<ul>\n<li>M\u00e1rka \u00e9s modell: Bang Tornado<\/li>\n<li>Puffok: 12000 Puffok<\/li>\n<li>Nikotin: 0, 2%, 3%, 5%<\/li>\n<li>E-juice Kapacit\u00e1s: 23 ML<\/li>\n<li>Akkumul\u00e1tor: 650mAh (\u00fajrat\u00f6lthet\u0151)<\/li>\n<li>T\u00f6lt\u0151port: C t\u00edpus<\/li>\n<\/ul>\n<p>&nbsp;<\/p>\n<h2><strong>El\u00e9rhet\u0151 \u00edzek\uff1a<\/strong><\/h2>\n<ul>\n<li>\u00c1fonya j\u00e9g<\/li>\n<li>G\u00f6r\u00f6gdinnye Bubblegum<\/li>\n<li>K\u00e9k Razz j\u00e9g<\/li>\n<li>Eper fagylalt<\/li>\n<li>Americano<\/li>\n<li>Kir\u00e1lyi sz\u0151l\u0151<\/li>\n<li>Watermlon j\u00e9g<\/li>\n<li>Savany\u00fa alma m\u00e1lna<\/li>\n<li>Barack mang\u00f3 g\u00f6r\u00f6gdinnye<\/li>\n<li>Eper Kiwi<\/li>\n<li>Kiwi Golgotavir\u00e1g Guava<\/li>\n<li>Eper g\u00f6r\u00f6gdinnye<\/li>\n<\/ul>\n<h2><strong>Csomagol\u00e1s Tartalom:<\/strong><\/h2>\n<ul>\n<li>Egyetlen kis csomaggal<\/li>\n<li>10 db k\u00f6zepes dobozban.<\/li>\n<li>200 db kartondobozonk\u00e9nt, 22kg\/doboz<\/li>\n<\/ul>\n<figure id=\"attachment_15616\" aria-describedby=\"caption-attachment-15616\" style=\"width: 800px\" class=\"wp-caption alignnone\"><img loading=\"lazy\" decoding=\"async\" class=\"size-full wp-image-15616\" title=\"Bang Tornado 12000 Puffs Eldobhat\u00f3 Vape nagykereskedelem (12)\" src=\"https:\/\/www.vape4wholesale.com\/wp-content\/uploads\/2024\/04\/Bang-Tornado-12000-Puffs-Disposable-Vape-Wholesale-12.webp\" alt=\"Bang Tornado 12000 Puffs Eldobhat\u00f3 Vape nagykereskedelem (12)\" width=\"800\" height=\"800\" srcset=\"https:\/\/www.vape4wholesale.com\/wp-content\/uploads\/2024\/04\/Bang-Tornado-12000-Puffs-Disposable-Vape-Wholesale-12.webp 800w, https:\/\/www.vape4wholesale.com\/wp-content\/uploads\/2024\/04\/Bang-Tornado-12000-Puffs-Disposable-Vape-Wholesale-12-247x247.webp 247w, https:\/\/www.vape4wholesale.com\/wp-content\/uploads\/2024\/04\/Bang-Tornado-12000-Puffs-Disposable-Vape-Wholesale-12-100x100.webp 100w, https:\/\/www.vape4wholesale.com\/wp-content\/uploads\/2024\/04\/Bang-Tornado-12000-Puffs-Disposable-Vape-Wholesale-12-510x510.webp 510w, https:\/\/www.vape4wholesale.com\/wp-content\/uploads\/2024\/04\/Bang-Tornado-12000-Puffs-Disposable-Vape-Wholesale-12-64x64.webp 64w, https:\/\/www.vape4wholesale.com\/wp-content\/uploads\/2024\/04\/Bang-Tornado-12000-Puffs-Disposable-Vape-Wholesale-12-300x300.webp 300w, https:\/\/www.vape4wholesale.com\/wp-content\/uploads\/2024\/04\/Bang-Tornado-12000-Puffs-Disposable-Vape-Wholesale-12-150x150.webp 150w, https:\/\/www.vape4wholesale.com\/wp-content\/uploads\/2024\/04\/Bang-Tornado-12000-Puffs-Disposable-Vape-Wholesale-12-768x768.webp 768w\" sizes=\"auto, (max-width: 800px) 100vw, 800px\" \/><figcaption id=\"caption-attachment-15616\" class=\"wp-caption-text\">Bang Tornado 12000 Puffs Eldobhat\u00f3 Vape nagykereskedelem<\/figcaption><\/figure>\n<h2>MI\u00c9RT MI?<\/h2>\r\n<ul>\r\n<li>Val\u00f3di, megb\u00edzhat\u00f3 \u00e9s professzion\u00e1lis vape forr\u00e1s.<\/li>\r\n<li>100% Eredeti garancia: Csak eredeti \u00e9s val\u00f3di term\u00e9keket biztos\u00edtunk, elutas\u00edtjuk a hamis\u00edt\u00e1st.<\/li>\r\n<li>100% Sz\u00e1ll\u00edt\u00e1si garancia: A legjobb sz\u00e1ll\u00edt\u00e1si m\u00f3dszerrel biztos\u00edtjuk, hogy \u00d6n megkapja a 100% megrendel\u00e9st.<\/li>\r\n<li>A sz\u00e1ll\u00edt\u00e1s ut\u00e1n megadjuk \u00d6nnek a nyomon k\u00f6vet\u00e9si sz\u00e1mot \u00e9s a sz\u00e1ll\u00edt\u00e1si c\u00edmk\u00e9t, \u00e9s nyomon k\u00f6vetj\u00fck az \u00e1rut az \u00d6n sz\u00e1m\u00e1ra, am\u00edg al\u00e1 nem \u00edrja azt.<\/li>\r\n<li>Nincsenek v\u00e1mprobl\u00e9m\u00e1k, nincsenek v\u00e1mok<\/li>\r\n<\/ul>","protected":false},"excerpt":{"rendered":"<div class=\"wsppc_div_block woocommerce_before_add_to_cart_form\">\r\n<p><strong><span style=\"color: #00a859;\">V\u00e1mvizsg\u00e1lat<\/span> sz\u00e1ll\u00edt\u00e1s el\u0151tt \u00e9s 100% Sz\u00e1ll\u00edt\u00e1si garancia, Sz\u00e1ll\u00edt\u00e1s kb. 19-25 napon bel\u00fcl.\u00a0<\/strong><\/p>\r\n<\/div>","protected":false},"featured_media":15607,"comment_status":"open","ping_status":"closed","template":"","meta":[],"pwb-brand":[1275],"product_cat":[871],"product_tag":[22,24,249,556,557],"class_list":{"0":"post-15179","1":"product","2":"type-product","3":"status-publish","4":"has-post-thumbnail","6":"pwb-brand-bang","7":"product_cat-10-15k-puffs","8":"product_tag-disposable","9":"product_tag-wholesale","10":"product_tag-bang","11":"product_tag-12000-puffs","12":"product_tag-23-0ml","13":"wcpa_has_options","15":"first","16":"instock","17":"shipping-taxable","18":"purchasable","19":"product-type-variable"},"aioseo_notices":[],"brands":[{"id":1275,"name":"Bang","slug":"bang"}],"_links":{"self":[{"href":"https:\/\/www.vape4wholesale.com\/hu\/wp-json\/wp\/v2\/product\/15179","targetHints":{"allow":["GET"]}}],"collection":[{"href":"https:\/\/www.vape4wholesale.com\/hu\/wp-json\/wp\/v2\/product"}],"about":[{"href":"https:\/\/www.vape4wholesale.com\/hu\/wp-json\/wp\/v2\/types\/product"}],"replies":[{"embeddable":true,"href":"https:\/\/www.vape4wholesale.com\/hu\/wp-json\/wp\/v2\/comments?post=15179"}],"wp:featuredmedia":[{"embeddable":true,"href":"https:\/\/www.vape4wholesale.com\/hu\/wp-json\/wp\/v2\/media\/15607"}],"wp:attachment":[{"href":"https:\/\/www.vape4wholesale.com\/hu\/wp-json\/wp\/v2\/media?parent=15179"}],"wp:term":[{"taxonomy":"pwb-brand","embeddable":true,"href":"https:\/\/www.vape4wholesale.com\/hu\/wp-json\/wp\/v2\/pwb-brand?post=15179"},{"taxonomy":"product_cat","embeddable":true,"href":"https:\/\/www.vape4wholesale.com\/hu\/wp-json\/wp\/v2\/product_cat?post=15179"},{"taxonomy":"product_tag","embeddable":true,"href":"https:\/\/www.vape4wholesale.com\/hu\/wp-json\/wp\/v2\/product_tag?post=15179"}],"curies":[{"name":"wp","href":"https:\/\/api.w.org\/{rel}","templated":true}]}}