{"id":15101,"date":"2024-02-27T22:21:07","date_gmt":"2024-02-27T14:21:07","guid":{"rendered":"https:\/\/www.vape4wholesale.com\/?post_type=product&#038;p=15101"},"modified":"2026-01-26T13:41:31","modified_gmt":"2026-01-26T13:41:31","slug":"bang-15000-puff-eldobhato-vape-nagykereskedelem","status":"publish","type":"product","link":"https:\/\/www.vape4wholesale.com\/hu\/product\/bang-15000-puffs-disposable-vape-wholesale","title":{"rendered":"Bang 15000 Puffs Eldobhat\u00f3 Vape nagykereskedelem"},"content":{"rendered":"<p>a Bang 15000 Puffs Eldobhat\u00f3 Vape sz\u00e9p kialak\u00edt\u00e1s\u00fa led k\u00e9perny\u0151vel rendelkezik, amely megjelen\u00edti a fennmarad\u00f3 energi\u00e1t. \u00e9s 15ml Eliquid, (nikotin 0\/20\/50mg) 500mAh \u00fajrat\u00f6lthet\u0151 akkumul\u00e1torral \u00e9s 1.0ohm h\u00e1l\u00f3s tekerccsel is tartalmaz, T\u00f6meges rendel\u00e9s a Bang 15000 Puffs \u00edzek sz\u00e9les 12 v\u00e1laszt\u00e9k\u00e1b\u00f3l a legjobb nagykereskedelmi \u00e1ron \u00e9s gyors sz\u00e1ll\u00edt\u00e1ssal!<\/p>\n<h2><strong>Bang 15000 Puffs Eldobhat\u00f3 Vape Gyors r\u00e9szletek<\/strong><\/h2>\n<ul>\n<li>Puffok: 15000<\/li>\n<li>Akkumul\u00e1tor kapacit\u00e1s: 500mAh<\/li>\n<li>E-folyad\u00e9k t\u00e9rfogata: 15ml<\/li>\n<li>Nikotin tartalom: 0\/20\/50mg<\/li>\n<li>Csomagol\u00e1s: 10 darab 1 dobozban<\/li>\n<li>Led k\u00e9perny\u0151 kijelz\u0151<\/li>\n<\/ul>\n<h2><strong>El\u00e9rhet\u0151 \u00edzek<\/strong><\/h2>\n<ol>\n<li>Berry Blast<\/li>\n<li>\u00c1fonya cseresznye citrom<\/li>\n<li>\u00c1fonya fagyaszt\u00e1s<\/li>\n<li>Cool Mint<\/li>\n<li>Sz\u0151l\u0151 fagyaszt\u00e1s<\/li>\n<li>Barack bogy\u00f3<\/li>\n<li>Barack fagyaszt\u00e1s<\/li>\n<li>Savany\u00fa alma \u00e1fonya<\/li>\n<li>Eper licsi<\/li>\n<li>Eper g\u00f6r\u00f6gdinnye<\/li>\n<li>Tr\u00f3pusi gy\u00fcm\u00f6lcs\u00f6k<\/li>\n<li>G\u00f6r\u00f6gdinnye j\u00e9g<\/li>\n<\/ol>\n<h2><strong>Csomagol\u00e1s Tartalom<\/strong><\/h2>\n<ul>\n<li>10 db \/k\u00f6zepes doboz.<\/li>\n<li>200 db\/karton<\/li>\n<li>23kg\/ karton<\/li>\n<\/ul>\n<figure id=\"attachment_15103\" aria-describedby=\"caption-attachment-15103\" style=\"width: 800px\" class=\"wp-caption alignnone\"><img loading=\"lazy\" decoding=\"async\" class=\"wp-image-15103 size-full\" title=\"Bang 15000 Puffs Eldobhat\u00f3 Vape nagykereskedelem\" src=\"https:\/\/www.vape4wholesale.com\/wp-content\/uploads\/2024\/02\/Bang-15000-Disposable-Vape-Wholesale-1.jpg\" alt=\"Bang 15000 Puffs Eldobhat\u00f3 Vape nagykereskedelem\" width=\"800\" height=\"800\" srcset=\"https:\/\/www.vape4wholesale.com\/wp-content\/uploads\/2024\/02\/Bang-15000-Disposable-Vape-Wholesale-1.jpg 800w, https:\/\/www.vape4wholesale.com\/wp-content\/uploads\/2024\/02\/Bang-15000-Disposable-Vape-Wholesale-1-247x247.jpg 247w, https:\/\/www.vape4wholesale.com\/wp-content\/uploads\/2024\/02\/Bang-15000-Disposable-Vape-Wholesale-1-100x100.jpg 100w, https:\/\/www.vape4wholesale.com\/wp-content\/uploads\/2024\/02\/Bang-15000-Disposable-Vape-Wholesale-1-510x510.jpg 510w\" sizes=\"auto, (max-width: 800px) 100vw, 800px\" \/><figcaption id=\"caption-attachment-15103\" class=\"wp-caption-text\">Bang 15000 Puffs Eldobhat\u00f3 Vape nagykereskedelem<\/figcaption><\/figure>\n<h2>MI\u00c9RT MI?<\/h2>\r\n<ul>\r\n<li>Val\u00f3di, megb\u00edzhat\u00f3 \u00e9s professzion\u00e1lis vape forr\u00e1s.<\/li>\r\n<li>100% Eredeti garancia: Csak eredeti \u00e9s val\u00f3di term\u00e9keket biztos\u00edtunk, elutas\u00edtjuk a hamis\u00edt\u00e1st.<\/li>\r\n<li>100% Sz\u00e1ll\u00edt\u00e1si garancia: A legjobb sz\u00e1ll\u00edt\u00e1si m\u00f3dszerrel biztos\u00edtjuk, hogy \u00d6n megkapja a 100% megrendel\u00e9st.<\/li>\r\n<li>A sz\u00e1ll\u00edt\u00e1s ut\u00e1n megadjuk \u00d6nnek a nyomon k\u00f6vet\u00e9si sz\u00e1mot \u00e9s a sz\u00e1ll\u00edt\u00e1si c\u00edmk\u00e9t, \u00e9s nyomon k\u00f6vetj\u00fck az \u00e1rut az \u00d6n sz\u00e1m\u00e1ra, am\u00edg al\u00e1 nem \u00edrja azt.<\/li>\r\n<li>Nincsenek v\u00e1mprobl\u00e9m\u00e1k, nincsenek v\u00e1mok<\/li>\r\n<\/ul>","protected":false},"excerpt":{"rendered":"<div class=\"wsppc_div_block woocommerce_before_add_to_cart_form\">\r\n<p><strong><span style=\"color: #00a859;\">V\u00e1mvizsg\u00e1lat<\/span> sz\u00e1ll\u00edt\u00e1s el\u0151tt \u00e9s 100% Sz\u00e1ll\u00edt\u00e1si garancia, Sz\u00e1ll\u00edt\u00e1s kb. 19-25 napon bel\u00fcl.\u00a0<\/strong><\/p>\r\n<\/div>","protected":false},"featured_media":15110,"comment_status":"open","ping_status":"closed","template":"","meta":[],"pwb-brand":[1275],"product_cat":[872],"product_tag":[22,24,233,249,684],"class_list":{"0":"post-15101","1":"product","2":"type-product","3":"status-publish","4":"has-post-thumbnail","6":"pwb-brand-bang","7":"product_cat-15k-20k-puffs","8":"product_tag-disposable","9":"product_tag-wholesale","10":"product_tag-15-0ml","11":"product_tag-bang","12":"product_tag-15000-puffs","13":"wcpa_has_options","15":"first","16":"instock","17":"shipping-taxable","18":"purchasable","19":"product-type-variable"},"aioseo_notices":[],"brands":[{"id":1275,"name":"Bang","slug":"bang"}],"_links":{"self":[{"href":"https:\/\/www.vape4wholesale.com\/hu\/wp-json\/wp\/v2\/product\/15101","targetHints":{"allow":["GET"]}}],"collection":[{"href":"https:\/\/www.vape4wholesale.com\/hu\/wp-json\/wp\/v2\/product"}],"about":[{"href":"https:\/\/www.vape4wholesale.com\/hu\/wp-json\/wp\/v2\/types\/product"}],"replies":[{"embeddable":true,"href":"https:\/\/www.vape4wholesale.com\/hu\/wp-json\/wp\/v2\/comments?post=15101"}],"wp:featuredmedia":[{"embeddable":true,"href":"https:\/\/www.vape4wholesale.com\/hu\/wp-json\/wp\/v2\/media\/15110"}],"wp:attachment":[{"href":"https:\/\/www.vape4wholesale.com\/hu\/wp-json\/wp\/v2\/media?parent=15101"}],"wp:term":[{"taxonomy":"pwb-brand","embeddable":true,"href":"https:\/\/www.vape4wholesale.com\/hu\/wp-json\/wp\/v2\/pwb-brand?post=15101"},{"taxonomy":"product_cat","embeddable":true,"href":"https:\/\/www.vape4wholesale.com\/hu\/wp-json\/wp\/v2\/product_cat?post=15101"},{"taxonomy":"product_tag","embeddable":true,"href":"https:\/\/www.vape4wholesale.com\/hu\/wp-json\/wp\/v2\/product_tag?post=15101"}],"curies":[{"name":"wp","href":"https:\/\/api.w.org\/{rel}","templated":true}]}}