{"id":15054,"date":"2024-01-25T20:11:59","date_gmt":"2024-01-25T12:11:59","guid":{"rendered":"https:\/\/www.vape4wholesale.com\/?post_type=product&#038;p=15054"},"modified":"2026-01-26T13:41:33","modified_gmt":"2026-01-26T13:41:33","slug":"oco-so-nikotin-nikotin-folyadek-nagykereskedelem","status":"publish","type":"product","link":"https:\/\/www.vape4wholesale.com\/hu\/product\/oco-salt-nicotine-eliquid-wholesale","title":{"rendered":"OCO s\u00f3 nikotin Eliquid nagykereskedelem"},"content":{"rendered":"<p>az OCO Salt Nicotine Eliquid a Lavie vape \u00e1ltal hajtott, ezek gondosan megfogalmazott, kellemes \u00edz\u0171 Eliquidek, 30 ml-es \u00fcvegenk\u00e9nt.<\/p>\n<p>30mg\/50mg nikotin a v\u00e1laszt\u00e1s, T\u00f6meges rendel\u00e9s a sz\u00e9les 12 v\u00e1laszt\u00e9k OCO s\u00f3 nikotin Eliquid \u00edzek a legjobb nagykereskedelmi \u00e1ron \u00e9s gyors sz\u00e1ll\u00edt\u00e1s!<\/p>\n<p>&nbsp;<\/p>\n<h2>Kaphat\u00f3 \u00edzek:<\/h2>\n<ol>\n<li>G\u00f6r\u00f6gdinnye j\u00e9g<\/li>\n<li>Sz\u0151l\u0151 j\u00e9g<\/li>\n<li>Mang\u00f3 j\u00e9g<\/li>\n<li>Eper g\u00f6r\u00f6gdinnye<\/li>\n<li>\u00c1fonya j\u00e9g<\/li>\n<li>Barack j\u00e9g<\/li>\n<li>Eper mang\u00f3<\/li>\n<li>Menta<\/li>\n<li>Fekete ribizli j\u00e9g<\/li>\n<li>Citromos k\u00f3la j\u00e9g<\/li>\n<li>J\u00e1zmin tea<\/li>\n<li>Guava j\u00e9g<\/li>\n<\/ol>\n<p>&nbsp;<\/p>\n<p><span style=\"font-size: 150%\"><strong>Csomagol\u00e1si r\u00e9szletek:<\/strong><\/span><\/p>\n<p class=\"mceTemp\">M\u00c9RETEK: 300x324x346mm<br \/>\n200db\/karton<br \/>\nGW:12KG<\/p>\n<figure id=\"attachment_15070\" aria-describedby=\"caption-attachment-15070\" style=\"width: 800px\" class=\"wp-caption alignnone\"><img loading=\"lazy\" decoding=\"async\" class=\"size-full wp-image-15070\" title=\"OCO s\u00f3 nikotin Eliquid nagykereskedelem (4)\" src=\"https:\/\/www.vape4wholesale.com\/wp-content\/uploads\/2024\/01\/OCO-Salt-Nicotine-Eliquid-Wholesale-4.jpg\" alt=\"OCO s\u00f3 nikotin Eliquid nagykereskedelem (4)\" width=\"800\" height=\"800\" srcset=\"https:\/\/www.vape4wholesale.com\/wp-content\/uploads\/2024\/01\/OCO-Salt-Nicotine-Eliquid-Wholesale-4.jpg 800w, https:\/\/www.vape4wholesale.com\/wp-content\/uploads\/2024\/01\/OCO-Salt-Nicotine-Eliquid-Wholesale-4-247x247.jpg 247w, https:\/\/www.vape4wholesale.com\/wp-content\/uploads\/2024\/01\/OCO-Salt-Nicotine-Eliquid-Wholesale-4-100x100.jpg 100w, https:\/\/www.vape4wholesale.com\/wp-content\/uploads\/2024\/01\/OCO-Salt-Nicotine-Eliquid-Wholesale-4-510x510.jpg 510w, https:\/\/www.vape4wholesale.com\/wp-content\/uploads\/2024\/01\/OCO-Salt-Nicotine-Eliquid-Wholesale-4-64x64.jpg 64w, https:\/\/www.vape4wholesale.com\/wp-content\/uploads\/2024\/01\/OCO-Salt-Nicotine-Eliquid-Wholesale-4-300x300.jpg 300w, https:\/\/www.vape4wholesale.com\/wp-content\/uploads\/2024\/01\/OCO-Salt-Nicotine-Eliquid-Wholesale-4-150x150.jpg 150w, https:\/\/www.vape4wholesale.com\/wp-content\/uploads\/2024\/01\/OCO-Salt-Nicotine-Eliquid-Wholesale-4-768x768.jpg 768w\" sizes=\"auto, (max-width: 800px) 100vw, 800px\" \/><figcaption id=\"caption-attachment-15070\" class=\"wp-caption-text\">OCO s\u00f3 nikotin Eliquid nagykereskedelem<\/figcaption><\/figure>","protected":false},"excerpt":{"rendered":"<p>Nagy mennyis\u00e9g\u0171 nagykereskedelmi vagy OEM \u00fczlet eset\u00e9n k\u00e9rj\u00fck, l\u00e9pjen kapcsolatba vel\u00fcnk!<\/p>","protected":false},"featured_media":15070,"comment_status":"open","ping_status":"closed","template":"","meta":[],"pwb-brand":[1289],"product_cat":[15],"product_tag":[708,709,710],"class_list":{"0":"post-15054","1":"product","2":"type-product","3":"status-publish","4":"has-post-thumbnail","6":"pwb-brand-others","7":"product_cat-others","8":"product_tag-oco-eliquid","9":"product_tag-salt-nicotine","10":"product_tag-eliquid","11":"wcpa_has_options","13":"first","14":"outofstock","15":"shipping-taxable","16":"purchasable","17":"product-type-variable"},"aioseo_notices":[],"brands":[{"id":1289,"name":"Egy\u00e9b","slug":"masok"}],"_links":{"self":[{"href":"https:\/\/www.vape4wholesale.com\/hu\/wp-json\/wp\/v2\/product\/15054","targetHints":{"allow":["GET"]}}],"collection":[{"href":"https:\/\/www.vape4wholesale.com\/hu\/wp-json\/wp\/v2\/product"}],"about":[{"href":"https:\/\/www.vape4wholesale.com\/hu\/wp-json\/wp\/v2\/types\/product"}],"replies":[{"embeddable":true,"href":"https:\/\/www.vape4wholesale.com\/hu\/wp-json\/wp\/v2\/comments?post=15054"}],"wp:featuredmedia":[{"embeddable":true,"href":"https:\/\/www.vape4wholesale.com\/hu\/wp-json\/wp\/v2\/media\/15070"}],"wp:attachment":[{"href":"https:\/\/www.vape4wholesale.com\/hu\/wp-json\/wp\/v2\/media?parent=15054"}],"wp:term":[{"taxonomy":"pwb-brand","embeddable":true,"href":"https:\/\/www.vape4wholesale.com\/hu\/wp-json\/wp\/v2\/pwb-brand?post=15054"},{"taxonomy":"product_cat","embeddable":true,"href":"https:\/\/www.vape4wholesale.com\/hu\/wp-json\/wp\/v2\/product_cat?post=15054"},{"taxonomy":"product_tag","embeddable":true,"href":"https:\/\/www.vape4wholesale.com\/hu\/wp-json\/wp\/v2\/product_tag?post=15054"}],"curies":[{"name":"wp","href":"https:\/\/api.w.org\/{rel}","templated":true}]}}