{"id":14819,"date":"2023-12-29T10:12:43","date_gmt":"2023-12-29T02:12:43","guid":{"rendered":"https:\/\/www.vape4wholesale.com\/?post_type=product&#038;p=14819"},"modified":"2026-01-26T13:41:47","modified_gmt":"2026-01-26T13:41:47","slug":"bang-tn12000-eldobhato-vape-nagykereskedelem","status":"publish","type":"product","link":"https:\/\/www.vape4wholesale.com\/hu\/product\/bang-tn12000-disposable-vape-wholesale","title":{"rendered":"Bang TN12000 Eldobhat\u00f3 Vape nagykereskedelem"},"content":{"rendered":"<p>a Bang TN12000 egy egyedi kialak\u00edt\u00e1s\u00fa eldobhat\u00f3 vape, \u00dagy n\u00e9z ki, mint egy sport vizes palack visel egy horgot, \u00e9s j\u00f6n 10 mes\u00e9s \u00edzek! 600mah \u00fajrat\u00f6lthet\u0151 akkumul\u00e1torral \u00e9s 25ml eliquid, t\u00e1mogatja ak\u00e1r 12000 puffs.<\/p>\n<h2>Bang TE12000 Vape specifik\u00e1ci\u00f3k:<\/h2>\n<p>Puff: 12000<br \/>\nKapacit\u00e1s: 25 ml<br \/>\nNikotin: 0% \/2% \/3% \/ 5%<br \/>\nAkkumul\u00e1tor: 600mah \u00fajrat\u00f6lthet\u0151 akkumul\u00e1tor<br \/>\nS\u00faly: 100g\/PCS<br \/>\nMennyis\u00e9g\/karton: 200 db\/doboz<br \/>\nBrutt\u00f3 s\u00faly: 20 KG\/doboz<\/p>\n<h2>\u00cdzek:<\/h2>\n<p>\u00c1fonya m\u00e1lna j\u00e9g<br \/>\nEper mang\u00f3<br \/>\nEper ban\u00e1n<br \/>\nG\u00f6r\u00f6gdinnye j\u00e9g<br \/>\nMr Blue<br \/>\nSz\u0151l\u0151 j\u00e9g<br \/>\nCool Mint<br \/>\nVegyes gy\u00fcm\u00f6lcs<br \/>\nEper licsi<br \/>\nEper j\u00e9g<br \/>\nBarack j\u00e9g<br \/>\ng\u00f6r\u00f6gdinnye eper<\/p>\n<p><img loading=\"lazy\" decoding=\"async\" class=\"alignnone size-full wp-image-14840\" title=\"Bang TN12000 Eldobhat\u00f3 Vape\" src=\"https:\/\/www.vape4wholesale.com\/wp-content\/uploads\/2023\/12\/Bang-TN12000-Disposable-Vape.jpg\" alt=\"Bang TN12000 Eldobhat\u00f3 Vape\" width=\"800\" height=\"574\" srcset=\"https:\/\/www.vape4wholesale.com\/wp-content\/uploads\/2023\/12\/Bang-TN12000-Disposable-Vape.jpg 800w, https:\/\/www.vape4wholesale.com\/wp-content\/uploads\/2023\/12\/Bang-TN12000-Disposable-Vape-510x366.jpg 510w, https:\/\/www.vape4wholesale.com\/wp-content\/uploads\/2023\/12\/Bang-TN12000-Disposable-Vape-64x46.jpg 64w, https:\/\/www.vape4wholesale.com\/wp-content\/uploads\/2023\/12\/Bang-TN12000-Disposable-Vape-300x215.jpg 300w, https:\/\/www.vape4wholesale.com\/wp-content\/uploads\/2023\/12\/Bang-TN12000-Disposable-Vape-768x551.jpg 768w\" sizes=\"auto, (max-width: 800px) 100vw, 800px\" \/><\/p>\n<h2>MI\u00c9RT MI?<\/h2>\r\n<ul>\r\n<li>Val\u00f3di, megb\u00edzhat\u00f3 \u00e9s professzion\u00e1lis vape forr\u00e1s.<\/li>\r\n<li>100% Eredeti garancia: Csak eredeti \u00e9s val\u00f3di term\u00e9keket biztos\u00edtunk, elutas\u00edtjuk a hamis\u00edt\u00e1st.<\/li>\r\n<li>100% Sz\u00e1ll\u00edt\u00e1si garancia: A legjobb sz\u00e1ll\u00edt\u00e1si m\u00f3dszerrel biztos\u00edtjuk, hogy \u00d6n megkapja a 100% megrendel\u00e9st.<\/li>\r\n<li>A sz\u00e1ll\u00edt\u00e1s ut\u00e1n megadjuk \u00d6nnek a nyomon k\u00f6vet\u00e9si sz\u00e1mot \u00e9s a sz\u00e1ll\u00edt\u00e1si c\u00edmk\u00e9t, \u00e9s nyomon k\u00f6vetj\u00fck az \u00e1rut az \u00d6n sz\u00e1m\u00e1ra, am\u00edg al\u00e1 nem \u00edrja azt.<\/li>\r\n<li>Nincsenek v\u00e1mprobl\u00e9m\u00e1k, nincsenek v\u00e1mok<\/li>\r\n<\/ul>\n<p>&nbsp;<\/p>","protected":false},"excerpt":{"rendered":"<div class=\"wsppc_div_block woocommerce_before_add_to_cart_form\">\r\n<p><strong><span style=\"color: #00a859;\">V\u00e1mvizsg\u00e1lat<\/span> sz\u00e1ll\u00edt\u00e1s el\u0151tt \u00e9s 100% Sz\u00e1ll\u00edt\u00e1si garancia, Sz\u00e1ll\u00edt\u00e1s kb. 19-25 napon bel\u00fcl.\u00a0<\/strong><\/p>\r\n<\/div>","protected":false},"featured_media":14838,"comment_status":"open","ping_status":"closed","template":"","meta":[],"pwb-brand":[1275],"product_cat":[871],"product_tag":[24,249,556,692,22],"class_list":{"0":"post-14819","1":"product","2":"type-product","3":"status-publish","4":"has-post-thumbnail","6":"pwb-brand-bang","7":"product_cat-10-15k-puffs","8":"product_tag-wholesale","9":"product_tag-bang","10":"product_tag-12000-puffs","11":"product_tag-25-0ml","12":"product_tag-disposable","13":"wcpa_has_options","15":"first","16":"outofstock","17":"shipping-taxable","18":"purchasable","19":"product-type-variable"},"aioseo_notices":[],"brands":[{"id":1275,"name":"Bang","slug":"bang"}],"_links":{"self":[{"href":"https:\/\/www.vape4wholesale.com\/hu\/wp-json\/wp\/v2\/product\/14819","targetHints":{"allow":["GET"]}}],"collection":[{"href":"https:\/\/www.vape4wholesale.com\/hu\/wp-json\/wp\/v2\/product"}],"about":[{"href":"https:\/\/www.vape4wholesale.com\/hu\/wp-json\/wp\/v2\/types\/product"}],"replies":[{"embeddable":true,"href":"https:\/\/www.vape4wholesale.com\/hu\/wp-json\/wp\/v2\/comments?post=14819"}],"wp:featuredmedia":[{"embeddable":true,"href":"https:\/\/www.vape4wholesale.com\/hu\/wp-json\/wp\/v2\/media\/14838"}],"wp:attachment":[{"href":"https:\/\/www.vape4wholesale.com\/hu\/wp-json\/wp\/v2\/media?parent=14819"}],"wp:term":[{"taxonomy":"pwb-brand","embeddable":true,"href":"https:\/\/www.vape4wholesale.com\/hu\/wp-json\/wp\/v2\/pwb-brand?post=14819"},{"taxonomy":"product_cat","embeddable":true,"href":"https:\/\/www.vape4wholesale.com\/hu\/wp-json\/wp\/v2\/product_cat?post=14819"},{"taxonomy":"product_tag","embeddable":true,"href":"https:\/\/www.vape4wholesale.com\/hu\/wp-json\/wp\/v2\/product_tag?post=14819"}],"curies":[{"name":"wp","href":"https:\/\/api.w.org\/{rel}","templated":true}]}}