{"id":14666,"date":"2023-11-16T22:35:59","date_gmt":"2023-11-16T14:35:59","guid":{"rendered":"https:\/\/www.vape4wholesale.com\/?post_type=product&#038;p=14666"},"modified":"2026-01-26T13:41:51","modified_gmt":"2026-01-26T13:41:51","slug":"elf-bar-bc10000-eldobhato-vape-nagykereskedelem","status":"publish","type":"product","link":"https:\/\/www.vape4wholesale.com\/hu\/product\/elf-bar-bc10000-disposable-vape-wholesale","title":{"rendered":"Elf Bar BC10000 eldobhat\u00f3 Vape nagykereskedelem"},"content":{"rendered":"<p>Az ELF BAR BC10000 egy sz\u00e9pen kialak\u00edtott, er\u0151s vape Eliquid \u00e9s teljes\u00edtm\u00e9ny kijelz\u0151 funkci\u00f3val, 18ml 5% nikotin s\u00f3 Eliquid, 650mAh \u00fajrat\u00f6lthet\u0151 akkumul\u00e1torral \u00e9s h\u00e1l\u00f3s tekerccsel \u00e9p\u00edtett.<\/p>\n<p>Megv\u00e1ltoztatja az eldobhat\u00f3 p\u00e1rologtat\u00f3k vil\u00e1g\u00e1t, \u00e9s elk\u00e9peszt\u0151 10000 puffot k\u00edn\u00e1l a hosszabb \u00e9s kiel\u00e9g\u00edt\u0151 p\u00e1rologtat\u00e1si \u00e9lm\u00e9ny \u00e9rdek\u00e9ben. A nagyvonal\u00fa 18ML e-folyad\u00e9k t\u00e9rfogat\u00e1nak k\u00f6sz\u00f6nhet\u0151en a folyamatos ut\u00e1nt\u00f6lt\u00e9s gondja n\u00e9lk\u00fcl \u00e9lvezheti kedvenc \u00edzeit. Az \u00fajrat\u00f6lthet\u0151 C t\u00edpus\u00fa port gyors \u00e9s k\u00e9nyelmes t\u00f6lt\u00e9st biztos\u00edt, A 15-20 perces gyorst\u00f6lt\u00e9si k\u00e9pess\u00e9g\u00e9nek k\u00f6sz\u00f6nhet\u0151en az \u00e1ll\u00e1sid\u0151 minim\u00e1lisra cs\u00f6kken, \u00edgy \u00d6n pillanatok alatt visszat\u00e9rhet a p\u00e1rol\u00e1shoz. Robusztus 620mAh kapacit\u00e1s\u00fa akkumul\u00e1torral m\u0171k\u00f6dik.<\/p>\n<p>A BC10000 tart\u00f3san k\u00e9sz\u00fclt, \u00edgy a megb\u00edzhat\u00f3 \u00e9s funkci\u00f3gazdag eldobhat\u00f3 vape-t keres\u0151 vaperek sz\u00e1m\u00e1ra a legjobb v\u00e1laszt\u00e1s.Garant\u00e1lja, hogy mindig k\u00e9szen \u00e1ll az \u00d6n \u00e1ltal prefer\u00e1lt 50MG nikotin er\u0151ss\u00e9get \u00e9lvezni. A nagy teljes\u00edtm\u00e9ny\u0171 h\u00e1l\u00f3s tekercs be\u00e9p\u00edt\u00e9se teljesen \u00faj szintre emeli az \u00edztermel\u00e9st, gazdag \u00e9s mag\u00e1val ragad\u00f3 \u00edzt biztos\u00edtva minden egyes bel\u00e9gz\u00e9sn\u00e9l. Az \u00faj, \u00e9lvonalbeli diz\u00e1jnja most m\u00e9g vonz\u00f3bb, mint kor\u00e1bban.<\/p>\n<p>Ami a BC10000-at megk\u00fcl\u00f6nb\u00f6zteti a t\u00f6bbit\u0151l, az az intelligens LED kijelz\u0151, amely nemcsak az akkumul\u00e1tor t\u00f6lt\u00f6tts\u00e9g\u00e9t jelzi, hanem az e-folyad\u00e9k szintj\u00e9t is \u00e9rz\u00e9keli, biztos\u00edtva, hogy mindk\u00e9t l\u00e9tfontoss\u00e1g\u00fa szempontot ismerje a megszak\u00edt\u00e1s n\u00e9lk\u00fcli g\u0151z\u00f6l\u00e9s \u00f6r\u00f6m\u00e9hez. Ak\u00e1r tapasztalt doh\u00e1nyos vagy, ak\u00e1r csak most kezded, az ELF BAR BC10000 kiv\u00e9teles \u00e9s probl\u00e9mamentes g\u0151z\u00f6l\u00e9si \u00e9lm\u00e9nyt \u00edg\u00e9r. Emelje fel a vaping utaz\u00e1s\u00e1t ezzel a figyelemre m\u00e9lt\u00f3 k\u00e9sz\u00fcl\u00e9kkel, amely az innov\u00e1ci\u00f3t, a st\u00edlust \u00e9s a teljes\u00edtm\u00e9nyt egyetlen kompakt csomagban egyes\u00edti. Tapasztalja meg az eldobhat\u00f3 p\u00e1rologtat\u00f3k j\u00f6v\u0151j\u00e9t az ELFBAR BC10000 seg\u00edts\u00e9g\u00e9vel.<\/p>\n<h2><strong>Elf Bar BC10000 Jellemz\u0151k:<\/strong><\/h2>\n<ul>\n<li>Puffok: 10000 Puffok<\/li>\n<li>E-folyad\u00e9k t\u00e9rfogata: 18ML<\/li>\n<li>Akkumul\u00e1tor: 650mAh \u00fajrat\u00f6lthet\u0151 C t\u00edpus\u00fa akkumul\u00e1torral<\/li>\n<li>Nikotin er\u0151ss\u00e9g: 50MG<\/li>\n<li>Tekercs: Mesh Coil<\/li>\n<li>Gyorst\u00f6lt\u00e9s: 15-20 perc<\/li>\n<li>Led kijelz\u0151 az akkumul\u00e1tor sz\u00e1zal\u00e9k\u00e1nak \u00e9s az E-folyad\u00e9knak a megjelen\u00edt\u00e9s\u00e9hez<\/li>\n<li>M\u00e1rka: ELF BAR<\/li>\n<\/ul>\n<h2><strong>Kaphat\u00f3 \u00edzek:<\/strong><\/h2>\n<ol>\n<li>Aloe sz\u0151l\u0151<\/li>\n<li>Ban\u00e1n fagylalt<\/li>\n<li>K\u00e9k vattacukor<\/li>\n<li>K\u00e9k m\u00e1lna j\u00e9g<\/li>\n<li>\u00c1fonya menta<\/li>\n<li>Sz\u0151l\u0151 j\u00e9g<\/li>\n<li>Z\u00f6ld alma<\/li>\n<li>Jeges menta<\/li>\n<li>Mentol<\/li>\n<li>Vegyes gy\u00fcm\u00f6lcs\u00f6k<\/li>\n<li>G\u00f6r\u00f6gdinnye Barack Mang\u00f3<\/li>\n<li>Barack m\u00e1lna<\/li>\n<li>Ban\u00e1n eper<\/li>\n<li>\u00a0Kiwi eper<\/li>\n<li>mang\u00f3 Eper<\/li>\n<li>Epres g\u00f6r\u00f6gdinnye<\/li>\n<li>G\u00f6r\u00f6gdinnye r\u00e1g\u00f3gumi<\/li>\n<li>G\u00f6r\u00f6gdinnye j\u00e9g<\/li>\n<li>Eper j\u00e9g<\/li>\n<li>Barack mang\u00f3<\/li>\n<li>Dupla mang\u00f3<\/li>\n<\/ol>\n<h2>Csomagol\u00e1s \u00e9s s\u00faly<\/h2>\n<p>200db\/ karton\/ 23kg<\/p>\n<p><img loading=\"lazy\" decoding=\"async\" class=\"alignnone size-full wp-image-14690\" title=\"Elf Bar BC10000 eldobhat\u00f3 Vape nagykereskedelem\" src=\"https:\/\/www.vape4wholesale.com\/wp-content\/uploads\/2023\/11\/Elf-Bar-BC10000-Disposable-Vape-Wholesale.jpg\" alt=\"Elf Bar BC10000 eldobhat\u00f3 Vape nagykereskedelem\" width=\"800\" height=\"800\" srcset=\"https:\/\/www.vape4wholesale.com\/wp-content\/uploads\/2023\/11\/Elf-Bar-BC10000-Disposable-Vape-Wholesale.jpg 800w, https:\/\/www.vape4wholesale.com\/wp-content\/uploads\/2023\/11\/Elf-Bar-BC10000-Disposable-Vape-Wholesale-247x247.jpg 247w, https:\/\/www.vape4wholesale.com\/wp-content\/uploads\/2023\/11\/Elf-Bar-BC10000-Disposable-Vape-Wholesale-100x100.jpg 100w, https:\/\/www.vape4wholesale.com\/wp-content\/uploads\/2023\/11\/Elf-Bar-BC10000-Disposable-Vape-Wholesale-510x510.jpg 510w, https:\/\/www.vape4wholesale.com\/wp-content\/uploads\/2023\/11\/Elf-Bar-BC10000-Disposable-Vape-Wholesale-64x64.jpg 64w, https:\/\/www.vape4wholesale.com\/wp-content\/uploads\/2023\/11\/Elf-Bar-BC10000-Disposable-Vape-Wholesale-300x300.jpg 300w, https:\/\/www.vape4wholesale.com\/wp-content\/uploads\/2023\/11\/Elf-Bar-BC10000-Disposable-Vape-Wholesale-150x150.jpg 150w, https:\/\/www.vape4wholesale.com\/wp-content\/uploads\/2023\/11\/Elf-Bar-BC10000-Disposable-Vape-Wholesale-768x768.jpg 768w\" sizes=\"auto, (max-width: 800px) 100vw, 800px\" \/><\/p>","protected":false},"excerpt":{"rendered":"[scf-template id=&#8217;11434&#8242;]\n<p><strong>Due to frequent changes in Product inventory, Minimum Order Quantity and Price, please contact us before placing the order.<\/strong><\/p>\n","protected":false},"featured_media":14690,"comment_status":"open","ping_status":"closed","template":"","meta":[],"pwb-brand":[1278],"product_cat":[871],"product_tag":[22,24,60,244,324],"class_list":{"0":"post-14666","1":"product","2":"type-product","3":"status-publish","4":"has-post-thumbnail","6":"pwb-brand-elf-bar","7":"product_cat-10-15k-puffs","8":"product_tag-disposable","9":"product_tag-wholesale","10":"product_tag-elf-bar","11":"product_tag-18-0ml","12":"product_tag-10000-puffs","14":"first","15":"outofstock","16":"shipping-taxable","17":"purchasable","18":"product-type-variable"},"aioseo_notices":[],"brands":[{"id":1278,"name":"Man\u00f3 b\u00e1r","slug":"elf-bar"}],"_links":{"self":[{"href":"https:\/\/www.vape4wholesale.com\/hu\/wp-json\/wp\/v2\/product\/14666","targetHints":{"allow":["GET"]}}],"collection":[{"href":"https:\/\/www.vape4wholesale.com\/hu\/wp-json\/wp\/v2\/product"}],"about":[{"href":"https:\/\/www.vape4wholesale.com\/hu\/wp-json\/wp\/v2\/types\/product"}],"replies":[{"embeddable":true,"href":"https:\/\/www.vape4wholesale.com\/hu\/wp-json\/wp\/v2\/comments?post=14666"}],"wp:featuredmedia":[{"embeddable":true,"href":"https:\/\/www.vape4wholesale.com\/hu\/wp-json\/wp\/v2\/media\/14690"}],"wp:attachment":[{"href":"https:\/\/www.vape4wholesale.com\/hu\/wp-json\/wp\/v2\/media?parent=14666"}],"wp:term":[{"taxonomy":"pwb-brand","embeddable":true,"href":"https:\/\/www.vape4wholesale.com\/hu\/wp-json\/wp\/v2\/pwb-brand?post=14666"},{"taxonomy":"product_cat","embeddable":true,"href":"https:\/\/www.vape4wholesale.com\/hu\/wp-json\/wp\/v2\/product_cat?post=14666"},{"taxonomy":"product_tag","embeddable":true,"href":"https:\/\/www.vape4wholesale.com\/hu\/wp-json\/wp\/v2\/product_tag?post=14666"}],"curies":[{"name":"wp","href":"https:\/\/api.w.org\/{rel}","templated":true}]}}