{"id":14557,"date":"2023-11-12T09:24:14","date_gmt":"2023-11-12T01:24:14","guid":{"rendered":"https:\/\/www.vape4wholesale.com\/?post_type=product&#038;p=14557"},"modified":"2026-01-26T13:42:00","modified_gmt":"2026-01-26T13:42:00","slug":"funky-lands-republic-ti7000-eldobhato-vape-nagykereskedelem","status":"publish","type":"product","link":"https:\/\/www.vape4wholesale.com\/hu\/product\/funky-lands-republic-ti7000-disposable-vape-wholesale","title":{"rendered":"Funky Lands (Republic) Ti7000 eldobhat\u00f3 vape nagykereskedelem"},"content":{"rendered":"<p>Funky lands (Republic) Ti7000 egy alm\u00e1rka term\u00e9k alatt elf bar, amely t\u00e1mogatja ak\u00e1r 7000 puffs, j\u00f6n 17ml eliquid \u00e9s 5% nikotin. 600mah \u00fajrat\u00f6lthet\u0151 akkumul\u00e1torral.<\/p>\n<p>Bemutatjuk a Funky Lands Ti7000 by Elf Bar Eldobhat\u00f3 Vape-t - a p\u00e1rologtat\u00e1s cs\u00facs\u00e1t, amely minden Elf Bar rajong\u00f3nak k\u00e9sz\u00fclt! Ez az \u00fatt\u00f6r\u0151 k\u00e9sz\u00fcl\u00e9k z\u00f6kken\u0151mentesen \u00f6tv\u00f6zi az avantg\u00e1rd technol\u00f3gi\u00e1t a k\u00fcl\u00f6nleges \u00edzpalett\u00e1val, egy p\u00e1ratlan p\u00e1rologtat\u00f3 od\u00fcsszei\u00e1t alkotva. A Funky Lands hatalmas, 7000 bel\u00e9gz\u00e9ssel b\u00fcszk\u00e9lked\u0151 k\u00e9sz\u00fcl\u00e9k \u00f3r\u00e1kig tart\u00f3 megszak\u00edt\u00e1s n\u00e9lk\u00fcli p\u00e1rologtat\u00e1st \u00edg\u00e9r, an\u00e9lk\u00fcl, hogy az akkumul\u00e1tor lemer\u00fcl\u00e9se miatt agg\u00f3dna. Az intelligens energiavizualiz\u00e1ci\u00f3s panel \u00e1tl\u00e1that\u00f3an t\u00fckr\u00f6zi az akkumul\u00e1tor \u00e1llapot\u00e1t, biztos\u00edtva, hogy \u00d6n tudat\u00e1ban \u00e9s felhatalmazva maradjon. Elm\u00faltak a v\u00e1ratlan energiacs\u00f6kken\u00e9sek napjai!<\/p>\n<p>Mindig k\u00f6vesse az intuit\u00edv akkumul\u00e1tor \u00e1llapotjelz\u0151t, amely lehet\u0151v\u00e9 teszi az akkumul\u00e1tor \u00e1llapot\u00e1nak gyors ellen\u0151rz\u00e9s\u00e9t. A mell\u00e9kelt E-folyad\u00e9k-m\u00e9r\u0151 biztos\u00edtja, hogy a szeretett vape juice mindig jelen legyen, folyamatos g\u0151z\u00f6l\u00e9si euf\u00f3ri\u00e1t biztos\u00edtva.<\/p>\n<p>A Quaq Tech Mesh \u00e1ramk\u00f6r\u00f6kkel felszerelt Funky Lands selymes \u00e9s arom\u00e1s sz\u00edv\u00e1sok\u00e9rt felel, gazdag\u00edtva minden egyes vaping pillanatot. A pehelyk\u00f6nny\u0171 l\u00e1bnyom \u00e9s a mozg\u00e9kony kialak\u00edt\u00e1s garant\u00e1lja a mobilit\u00e1st, lehet\u0151v\u00e9 t\u00e9ve, hogy a k\u00e9sz\u00fcl\u00e9ket b\u00e1rmilyen c\u00e9l\u00e1llom\u00e1sra eljuttassa, k\u00e9szen \u00e1llva az \u00edzgazdag menek\u00fcl\u00e9sre.<\/p>\n<div class=\"pf-c\">\n<div class=\"sc-eMHfQD cdieWn rid-1\" data-pf-type=\"ContentListItem\">\n<div class=\"sc-kfPuZi ihOOoE rid-2 pf-r pf-c-lm pf-r-eh\" data-pf-type=\"Row\">\n<div class=\"pf-c\">\n<div class=\"sc-fXEqDS hwCMhq rid-6\" data-pf-type=\"Column\">\n<h2 class=\"sc-gIDmLj eMdhGW rid-7\" data-pf-type=\"Paragraph3\"><strong>Funky Lands (Republic) Ti7000 eldobhat\u00f3 jellemz\u0151k<\/strong><\/h2>\n<p>&nbsp;<\/p>\n<ol>\n<li>Maxim\u00e1lis puffan\u00e1s: 7000<\/li>\n<li>Nikotin er\u0151ss\u00e9g: 50mg (5%)<\/li>\n<li>El\u0151re felt\u00f6lt\u00f6tt kapacit\u00e1s: 12.8mL<\/li>\n<li>Akkumul\u00e1tor kapacit\u00e1s: 600mAh<\/li>\n<li>T\u00f6lt\u0151port: C t\u00edpus\u00fa USB<\/li>\n<li>M\u0171velet: Draw-Activation<\/li>\n<li>K\u00e9perny\u0151<\/li>\n<li>Quaq technol\u00f3gia<\/li>\n<\/ol>\n<\/div>\n<\/div>\n<\/div>\n<\/div>\n<\/div>\n<h2><strong>Kaphat\u00f3 \u00edzek<\/strong><\/h2>\n<p>Blossom menta<br \/>\nK\u00e9k Piros Menta<br \/>\nK\u00e9k Razz j\u00e9g<br \/>\nKaliforniai cseresznye<br \/>\nCantaloupe alma<br \/>\nMango Kiss<br \/>\nDinnye bogy\u00f3 bomba lce<br \/>\nVegyes gy\u00fcm\u00f6lcs<br \/>\nOSK Ice<br \/>\nGolgotavir\u00e1g Kiwi Lime<br \/>\nBarack mang\u00f3 g\u00f6r\u00f6gdinnye<br \/>\nBarackos pite<br \/>\nAnan\u00e1szos k\u00f3kuszos j\u00e9g<br \/>\nR\u00f3zsasz\u00edn bomba<br \/>\nPomelo Pearl sz\u0151l\u0151<br \/>\nRainbow Cloudz<br \/>\nEper ban\u00e1n<br \/>\nBerry Mix<br \/>\nTr\u00f3pusi sziget<br \/>\nTr\u00f3pusi sziv\u00e1rv\u00e1ny robban\u00e1s<br \/>\nG\u00f6r\u00f6gdinnye j\u00e9g<br \/>\nG\u00f6r\u00f6gdinnye Nana Duo lce (Frozen Edition)<br \/>\nBlueberry Duo ice (fagyasztott kiad\u00e1s)<br \/>\nIce Mint (fagyasztott kiad\u00e1s)<br \/>\nStrawberry Duo lce (fagyasztott kiad\u00e1s)<\/p>\n<p><img loading=\"lazy\" decoding=\"async\" class=\"alignnone size-full wp-image-14577\" title=\"Funky Lands TI7000 eldobhat\u00f3 vape nagykereskedelem (3)\" src=\"https:\/\/www.vape4wholesale.com\/wp-content\/uploads\/2023\/11\/Funky-Lands-TI7000-Disposable-Vape-Wholesale-3.jpg\" alt=\"Funky Lands TI7000 eldobhat\u00f3 vape nagykereskedelem (3)\" width=\"1280\" height=\"1280\" srcset=\"https:\/\/www.vape4wholesale.com\/wp-content\/uploads\/2023\/11\/Funky-Lands-TI7000-Disposable-Vape-Wholesale-3.jpg 1280w, https:\/\/www.vape4wholesale.com\/wp-content\/uploads\/2023\/11\/Funky-Lands-TI7000-Disposable-Vape-Wholesale-3-247x247.jpg 247w, https:\/\/www.vape4wholesale.com\/wp-content\/uploads\/2023\/11\/Funky-Lands-TI7000-Disposable-Vape-Wholesale-3-100x100.jpg 100w, https:\/\/www.vape4wholesale.com\/wp-content\/uploads\/2023\/11\/Funky-Lands-TI7000-Disposable-Vape-Wholesale-3-510x510.jpg 510w, https:\/\/www.vape4wholesale.com\/wp-content\/uploads\/2023\/11\/Funky-Lands-TI7000-Disposable-Vape-Wholesale-3-64x64.jpg 64w, https:\/\/www.vape4wholesale.com\/wp-content\/uploads\/2023\/11\/Funky-Lands-TI7000-Disposable-Vape-Wholesale-3-300x300.jpg 300w, https:\/\/www.vape4wholesale.com\/wp-content\/uploads\/2023\/11\/Funky-Lands-TI7000-Disposable-Vape-Wholesale-3-1024x1024.jpg 1024w, https:\/\/www.vape4wholesale.com\/wp-content\/uploads\/2023\/11\/Funky-Lands-TI7000-Disposable-Vape-Wholesale-3-150x150.jpg 150w, https:\/\/www.vape4wholesale.com\/wp-content\/uploads\/2023\/11\/Funky-Lands-TI7000-Disposable-Vape-Wholesale-3-768x768.jpg 768w\" sizes=\"auto, (max-width: 1280px) 100vw, 1280px\" \/><\/p>\n<p>&nbsp;<\/p>","protected":false},"excerpt":{"rendered":"[scf-template id=&#8217;11434&#8242;]\n","protected":false},"featured_media":14576,"comment_status":"open","ping_status":"closed","template":"","meta":[],"pwb-brand":[1289],"product_cat":[869],"product_tag":[651,652,22,24,178,387],"class_list":{"0":"post-14557","1":"product","2":"type-product","3":"status-publish","4":"has-post-thumbnail","6":"pwb-brand-others","7":"product_cat-5000-8000-puffs","8":"product_tag-funky-lands","9":"product_tag-funcy-republic","10":"product_tag-disposable","11":"product_tag-wholesale","12":"product_tag-7000-puffs","13":"product_tag-17-0ml","15":"first","16":"outofstock","17":"shipping-taxable","18":"purchasable","19":"product-type-variable"},"aioseo_notices":[],"brands":[{"id":1289,"name":"Egy\u00e9b","slug":"masok"}],"_links":{"self":[{"href":"https:\/\/www.vape4wholesale.com\/hu\/wp-json\/wp\/v2\/product\/14557","targetHints":{"allow":["GET"]}}],"collection":[{"href":"https:\/\/www.vape4wholesale.com\/hu\/wp-json\/wp\/v2\/product"}],"about":[{"href":"https:\/\/www.vape4wholesale.com\/hu\/wp-json\/wp\/v2\/types\/product"}],"replies":[{"embeddable":true,"href":"https:\/\/www.vape4wholesale.com\/hu\/wp-json\/wp\/v2\/comments?post=14557"}],"wp:featuredmedia":[{"embeddable":true,"href":"https:\/\/www.vape4wholesale.com\/hu\/wp-json\/wp\/v2\/media\/14576"}],"wp:attachment":[{"href":"https:\/\/www.vape4wholesale.com\/hu\/wp-json\/wp\/v2\/media?parent=14557"}],"wp:term":[{"taxonomy":"pwb-brand","embeddable":true,"href":"https:\/\/www.vape4wholesale.com\/hu\/wp-json\/wp\/v2\/pwb-brand?post=14557"},{"taxonomy":"product_cat","embeddable":true,"href":"https:\/\/www.vape4wholesale.com\/hu\/wp-json\/wp\/v2\/product_cat?post=14557"},{"taxonomy":"product_tag","embeddable":true,"href":"https:\/\/www.vape4wholesale.com\/hu\/wp-json\/wp\/v2\/product_tag?post=14557"}],"curies":[{"name":"wp","href":"https:\/\/api.w.org\/{rel}","templated":true}]}}