{"id":14494,"date":"2023-10-15T14:29:35","date_gmt":"2023-10-15T06:29:35","guid":{"rendered":"https:\/\/www.vape4wholesale.com\/?post_type=product&#038;p=14494"},"modified":"2026-01-26T13:42:02","modified_gmt":"2026-01-26T13:42:02","slug":"geek-bar-df8000-eldobhato-vape-nagykereskedelem","status":"publish","type":"product","link":"https:\/\/www.vape4wholesale.com\/hu\/product\/geek-bar-df8000-disposable-vape-wholesale","title":{"rendered":"Geek Bar DF8000 eldobhat\u00f3 Vape nagykereskedelem"},"content":{"rendered":"<p>A Geek Bar DF8000 Eldobhat\u00f3 Vape egy \u00fajrat\u00f6lthet\u0151 k\u00e9sz\u00fcl\u00e9k, amely 12 gy\u00fcm\u00f6lcs \u00edz\u0171, ak\u00e1r 8000 puffot is k\u00edn\u00e1l!<\/p>\n<p>Nagy, 600mAh kapacit\u00e1s\u00fa akkumul\u00e1tort \u00e9s 14ml e-folyad\u00e9k kapacit\u00e1st k\u00edn\u00e1l, az akkumul\u00e1tor \u00e9s az e-folyad\u00e9k szintj\u00e9nek tiszt\u00e1z\u00e1s\u00e1ra szolg\u00e1l\u00f3 jelz\u0151f\u00e9nyekkel.<\/p>\n<p>Ez a k\u00e9sz\u00fcl\u00e9k be\u00e9p\u00edtett kett\u0151s h\u00e1l\u00f3s tekercs technol\u00f3gi\u00e1val rendelkezik, amely biztos\u00edtja a finom e-folyad\u00e9k adagol\u00e1s\u00e1t.<\/p>\n<p>&nbsp;<\/p>\n<h2>Geek Bar DF8000 Eldobhat\u00f3 Vape Jellemz\u0151k:<\/h2>\n<ul>\n<li>Puff: Puffok: 8000 puffig<\/li>\n<li>Akkumul\u00e1tor: 600mAh be\u00e9p\u00edtett<\/li>\n<li>T\u00f6lt\u0151port: C-t\u00edpus\u00fa<\/li>\n<li>E-folyad\u00e9k kapacit\u00e1s: 14mL<\/li>\n<li>Tekercs: Be\u00e9p\u00edtett tekercs: Kett\u0151s h\u00e1l\u00f3s tekercs - Be\u00e9p\u00edtett<\/li>\n<li>Mutat\u00f3k: E-folyad\u00e9k<\/li>\n<\/ul>\n<h2>\u00cdzek<\/h2>\n<ol>\n<li>K\u00e9k vattacukor<\/li>\n<li>Fekete j\u00e9g<\/li>\n<li>K\u00e9k Razz j\u00e9g<\/li>\n<li>Blue Razz limon\u00e1d\u00e9<\/li>\n<li>buja j\u00e9g<\/li>\n<li>Miami Mint<\/li>\n<li>Barack bogy\u00f3<\/li>\n<li>Anan\u00e1szos k\u00f3kuszos j\u00e9g<\/li>\n<li>Sakura sz\u0151l\u0151<\/li>\n<li>Savany\u00fa alma j\u00e9g<\/li>\n<li>Eper Kiwi<\/li>\n<li>Eper g\u00f6r\u00f6gdinnye<\/li>\n<li>Tripple Berry lce<\/li>\n<li>Tr\u00f3pusi sziv\u00e1rv\u00e1ny robban\u00e1s<\/li>\n<li>G\u00f6r\u00f6gdinnye r\u00e1g\u00f3gumi<\/li>\n<\/ol>\n<p><img loading=\"lazy\" decoding=\"async\" class=\"alignnone size-full wp-image-14502\" title=\"Geek Bar DF8000 Eldobhat\u00f3 Vape nagykereskedelem xxx\" src=\"https:\/\/www.vape4wholesale.com\/wp-content\/uploads\/2023\/10\/Geek-Bar-DF8000-Disposable-Vape-Wholesale-xxx.jpg\" alt=\"Geek Bar DF8000 Eldobhat\u00f3 Vape nagykereskedelem xxx\" width=\"1686\" height=\"1686\" srcset=\"https:\/\/www.vape4wholesale.com\/wp-content\/uploads\/2023\/10\/Geek-Bar-DF8000-Disposable-Vape-Wholesale-xxx.jpg 1686w, https:\/\/www.vape4wholesale.com\/wp-content\/uploads\/2023\/10\/Geek-Bar-DF8000-Disposable-Vape-Wholesale-xxx-247x247.jpg 247w, https:\/\/www.vape4wholesale.com\/wp-content\/uploads\/2023\/10\/Geek-Bar-DF8000-Disposable-Vape-Wholesale-xxx-100x100.jpg 100w, https:\/\/www.vape4wholesale.com\/wp-content\/uploads\/2023\/10\/Geek-Bar-DF8000-Disposable-Vape-Wholesale-xxx-510x510.jpg 510w, https:\/\/www.vape4wholesale.com\/wp-content\/uploads\/2023\/10\/Geek-Bar-DF8000-Disposable-Vape-Wholesale-xxx-64x64.jpg 64w, https:\/\/www.vape4wholesale.com\/wp-content\/uploads\/2023\/10\/Geek-Bar-DF8000-Disposable-Vape-Wholesale-xxx-300x300.jpg 300w, https:\/\/www.vape4wholesale.com\/wp-content\/uploads\/2023\/10\/Geek-Bar-DF8000-Disposable-Vape-Wholesale-xxx-1024x1024.jpg 1024w, https:\/\/www.vape4wholesale.com\/wp-content\/uploads\/2023\/10\/Geek-Bar-DF8000-Disposable-Vape-Wholesale-xxx-150x150.jpg 150w, https:\/\/www.vape4wholesale.com\/wp-content\/uploads\/2023\/10\/Geek-Bar-DF8000-Disposable-Vape-Wholesale-xxx-768x768.jpg 768w, https:\/\/www.vape4wholesale.com\/wp-content\/uploads\/2023\/10\/Geek-Bar-DF8000-Disposable-Vape-Wholesale-xxx-1536x1536.jpg 1536w\" sizes=\"auto, (max-width: 1686px) 100vw, 1686px\" \/><\/p>","protected":false},"excerpt":{"rendered":"[scf-template id=&#8217;11434&#8242;]\n","protected":false},"featured_media":14502,"comment_status":"open","ping_status":"closed","template":"","meta":[],"pwb-brand":[1282],"product_cat":[870],"product_tag":[68,177,343,22,24],"class_list":{"0":"post-14494","1":"product","2":"type-product","3":"status-publish","4":"has-post-thumbnail","6":"pwb-brand-geekbar","7":"product_cat-8000-10000-puffs","8":"product_tag-geek-bar","9":"product_tag-14-0ml","10":"product_tag-8000-puffs","11":"product_tag-disposable","12":"product_tag-wholesale","13":"wcpa_has_options","15":"first","16":"outofstock","17":"shipping-taxable","18":"purchasable","19":"product-type-variable"},"aioseo_notices":[],"brands":[{"id":1282,"name":"Geekbar","slug":"geekbar"}],"_links":{"self":[{"href":"https:\/\/www.vape4wholesale.com\/hu\/wp-json\/wp\/v2\/product\/14494","targetHints":{"allow":["GET"]}}],"collection":[{"href":"https:\/\/www.vape4wholesale.com\/hu\/wp-json\/wp\/v2\/product"}],"about":[{"href":"https:\/\/www.vape4wholesale.com\/hu\/wp-json\/wp\/v2\/types\/product"}],"replies":[{"embeddable":true,"href":"https:\/\/www.vape4wholesale.com\/hu\/wp-json\/wp\/v2\/comments?post=14494"}],"wp:featuredmedia":[{"embeddable":true,"href":"https:\/\/www.vape4wholesale.com\/hu\/wp-json\/wp\/v2\/media\/14502"}],"wp:attachment":[{"href":"https:\/\/www.vape4wholesale.com\/hu\/wp-json\/wp\/v2\/media?parent=14494"}],"wp:term":[{"taxonomy":"pwb-brand","embeddable":true,"href":"https:\/\/www.vape4wholesale.com\/hu\/wp-json\/wp\/v2\/pwb-brand?post=14494"},{"taxonomy":"product_cat","embeddable":true,"href":"https:\/\/www.vape4wholesale.com\/hu\/wp-json\/wp\/v2\/product_cat?post=14494"},{"taxonomy":"product_tag","embeddable":true,"href":"https:\/\/www.vape4wholesale.com\/hu\/wp-json\/wp\/v2\/product_tag?post=14494"}],"curies":[{"name":"wp","href":"https:\/\/api.w.org\/{rel}","templated":true}]}}