{"id":14427,"date":"2023-10-15T12:59:45","date_gmt":"2023-10-15T04:59:45","guid":{"rendered":"https:\/\/www.vape4wholesale.com\/?post_type=product&#038;p=14427"},"modified":"2026-01-26T13:42:05","modified_gmt":"2026-01-26T13:42:05","slug":"geek-bar-meloso-max-9000-eldobhato-vape-nagykereskedelem","status":"publish","type":"product","link":"https:\/\/www.vape4wholesale.com\/hu\/product\/geek-bar-meloso-max-9000-disposable-vape-wholesale","title":{"rendered":"Geek Bar Meloso Max 9000 eldobhat\u00f3 vape nagykereskedelem"},"content":{"rendered":"<p><span style=\"font-weight: 400\">A Geek Bar Meloso Max egy Dual mesh tekercses, 9000 puffra tervezett eldobhat\u00f3 vape, amely a felhaszn\u00e1l\u00f3knak puha, l\u00e1gy \u00e9s selymesen sima g\u0151z\u00f6l\u00e9si \u00e9lm\u00e9nyt ny\u00fajt, amely \u00fajrat\u00f6lthet\u0151 \u00e9s 9000 puffig tart. Az alj\u00e1n tal\u00e1lhat\u00f3 egy \u00e1ll\u00edthat\u00f3 l\u00e9g\u00e1raml\u00e1si kar \u00e9s k\u00e9t LED l\u00e1mpa, amelyek az akkumul\u00e1tor \u00e9lettartam\u00e1t \u00e9s az e-folyad\u00e9k szintj\u00e9t jelzik.<br \/>\n<\/span><\/p>\n<h2>Geek Bar Meloso Max 9000 jellemz\u0151k<\/h2>\n<ul>\n<li>5% nikotin t\u00f6megsz\u00e1zal\u00e9kban (50mg\/ml)<\/li>\n<li>9000 puff<\/li>\n<li>S\u00f3s nikkel e-levekkel k\u00e9sz\u00fclt<\/li>\n<li>El\u0151re felt\u00f6lt\u00f6tt \u00e9s el\u0151re felt\u00f6lt\u00f6tt<\/li>\n<li>Made in China<\/li>\n<li>Kett\u0151s h\u00e1l\u00f3s tekercs<\/li>\n<li>\u00c1ll\u00edthat\u00f3 als\u00f3 l\u00e9g\u00e1raml\u00e1s<\/li>\n<li>E-folyad\u00e9k jelz\u0151: S\u00e1rga 15-50%, Z\u00f6ld 50-100%.<\/li>\n<li>Akkumul\u00e1tor-jelz\u0151: Piros &lt;20%, k\u00e9k 20-50%, z\u00f6ld 50-100%<\/li>\n<\/ul>\n<h2>Flaovrs<\/h2>\n<ol>\n<li>Apple Sunrise<\/li>\n<li>Berry Trio lce<\/li>\n<li>Tiszta<\/li>\n<li>K\u00f3kuszos turmix<\/li>\n<li>Kolumbiai k\u00e1v\u00e9 j\u00e9g<\/li>\n<li>Cool Mint<\/li>\n<li>Fuji dinnye j\u00e9g<\/li>\n<li>Gy\u00f6mb\u00e9rs\u00f6r<\/li>\n<li>Z\u00f6ld sz\u00f6rny<\/li>\n<li>Meta Moon<\/li>\n<li>Mexik\u00f3 Mango<\/li>\n<li>Nektarin<\/li>\n<li>Barack j\u00e9g<\/li>\n<li>Purple Haze<\/li>\n<li>Savany\u00fa alma j\u00e9g<\/li>\n<li>Stone Freeze<\/li>\n<li>Eper j\u00e9g<\/li>\n<li>Eper mang\u00f3<\/li>\n<li>Eper g\u00f6r\u00f6gdinnye<\/li>\n<li>Tr\u00f3pusi sziv\u00e1rv\u00e1ny robban\u00e1s<\/li>\n<li>G\u00f6r\u00f6gdinnye j\u00e9g<\/li>\n<\/ol>\n<p><img loading=\"lazy\" decoding=\"async\" class=\"alignnone size-full wp-image-14437\" title=\"Geek Bar Meloso Max Eldobhat\u00f3 Vape \u00e1ttekint\u00e9s\" src=\"https:\/\/www.vape4wholesale.com\/wp-content\/uploads\/2023\/10\/Geek-Bar-Meloso-Max-Disposable-Vape-overview.jpg\" alt=\"Geek Bar Meloso Max Eldobhat\u00f3 Vape \u00e1ttekint\u00e9s\" width=\"800\" height=\"800\" srcset=\"https:\/\/www.vape4wholesale.com\/wp-content\/uploads\/2023\/10\/Geek-Bar-Meloso-Max-Disposable-Vape-overview.jpg 800w, https:\/\/www.vape4wholesale.com\/wp-content\/uploads\/2023\/10\/Geek-Bar-Meloso-Max-Disposable-Vape-overview-247x247.jpg 247w, https:\/\/www.vape4wholesale.com\/wp-content\/uploads\/2023\/10\/Geek-Bar-Meloso-Max-Disposable-Vape-overview-100x100.jpg 100w, https:\/\/www.vape4wholesale.com\/wp-content\/uploads\/2023\/10\/Geek-Bar-Meloso-Max-Disposable-Vape-overview-510x510.jpg 510w, https:\/\/www.vape4wholesale.com\/wp-content\/uploads\/2023\/10\/Geek-Bar-Meloso-Max-Disposable-Vape-overview-64x64.jpg 64w, https:\/\/www.vape4wholesale.com\/wp-content\/uploads\/2023\/10\/Geek-Bar-Meloso-Max-Disposable-Vape-overview-300x300.jpg 300w, https:\/\/www.vape4wholesale.com\/wp-content\/uploads\/2023\/10\/Geek-Bar-Meloso-Max-Disposable-Vape-overview-150x150.jpg 150w, https:\/\/www.vape4wholesale.com\/wp-content\/uploads\/2023\/10\/Geek-Bar-Meloso-Max-Disposable-Vape-overview-768x768.jpg 768w\" sizes=\"auto, (max-width: 800px) 100vw, 800px\" \/><\/p>","protected":false},"excerpt":{"rendered":"[scf-template id=&#8217;11434&#8242;]\n","protected":false},"featured_media":14437,"comment_status":"open","ping_status":"closed","template":"","meta":[],"pwb-brand":[1282],"product_cat":[870],"product_tag":[22,24,68,177,336],"class_list":{"0":"post-14427","1":"product","2":"type-product","3":"status-publish","4":"has-post-thumbnail","6":"pwb-brand-geekbar","7":"product_cat-8000-10000-puffs","8":"product_tag-disposable","9":"product_tag-wholesale","10":"product_tag-geek-bar","11":"product_tag-14-0ml","12":"product_tag-9000-puffs","14":"first","15":"outofstock","16":"shipping-taxable","17":"purchasable","18":"product-type-variable"},"aioseo_notices":[],"brands":[{"id":1282,"name":"Geekbar","slug":"geekbar"}],"_links":{"self":[{"href":"https:\/\/www.vape4wholesale.com\/hu\/wp-json\/wp\/v2\/product\/14427","targetHints":{"allow":["GET"]}}],"collection":[{"href":"https:\/\/www.vape4wholesale.com\/hu\/wp-json\/wp\/v2\/product"}],"about":[{"href":"https:\/\/www.vape4wholesale.com\/hu\/wp-json\/wp\/v2\/types\/product"}],"replies":[{"embeddable":true,"href":"https:\/\/www.vape4wholesale.com\/hu\/wp-json\/wp\/v2\/comments?post=14427"}],"wp:featuredmedia":[{"embeddable":true,"href":"https:\/\/www.vape4wholesale.com\/hu\/wp-json\/wp\/v2\/media\/14437"}],"wp:attachment":[{"href":"https:\/\/www.vape4wholesale.com\/hu\/wp-json\/wp\/v2\/media?parent=14427"}],"wp:term":[{"taxonomy":"pwb-brand","embeddable":true,"href":"https:\/\/www.vape4wholesale.com\/hu\/wp-json\/wp\/v2\/pwb-brand?post=14427"},{"taxonomy":"product_cat","embeddable":true,"href":"https:\/\/www.vape4wholesale.com\/hu\/wp-json\/wp\/v2\/product_cat?post=14427"},{"taxonomy":"product_tag","embeddable":true,"href":"https:\/\/www.vape4wholesale.com\/hu\/wp-json\/wp\/v2\/product_tag?post=14427"}],"curies":[{"name":"wp","href":"https:\/\/api.w.org\/{rel}","templated":true}]}}